{"id":12595,"date":"2023-10-19T01:19:58","date_gmt":"2023-10-19T01:19:58","guid":{"rendered":"https:\/\/icwpredflag.org\/wp\/wordpress\/?page_id=12595"},"modified":"2023-10-19T01:23:22","modified_gmt":"2023-10-19T01:23:22","slug":"in-french-repondre-a-limperialisme-au-nationalisme-et-au-genocide-en-israel-palestine","status":"publish","type":"page","link":"https:\/\/icwpredflag.org\/wp\/wordpress\/pamphlets-and-article-series\/in-french-repondre-a-limperialisme-au-nationalisme-et-au-genocide-en-israel-palestine\/","title":{"rendered":"In French: R\u00e9pondre \u00e0 l&#8217;imp\u00e9rialisme, au nationalisme et au g\u00e9nocide en Isra\u00ebl\/Palestine"},"content":{"rendered":"<h4 style=\"text-align: center;\"><span style=\"color: #ff0000;\"><strong>S&#8217;organiser internationalement pour une r\u00e9volution communiste<\/strong><\/span><\/h4>\n<p style=\"text-align: justify;\">11 octobre &#8211; &#8220;Ici, en Isra\u00ebl\/Palestine, nous avons l&#8217;horrible prix du nationalisme et son incapacit\u00e9 \u00e0 offrir quoi que ce soit de positif aux travailleurs&#8221;, a d\u00e9clar\u00e9 un camarade en Isra\u00ebl.\u00a0 Quatre de ses proches sont morts dans l&#8217;assaut du Hamas. &#8220;Le nationalisme m\u00e8ne au massacre&#8221;, a-t-il conclu.<\/p>\n<p style=\"text-align: justify;\">L&#8217;attaque bien coordonn\u00e9e du Hamas contre douze villages isra\u00e9liens a pris de court les services de renseignement isra\u00e9liens.\u00a0 Les soldats du Hamas se sont empar\u00e9s de chars sophistiqu\u00e9s et ont paralys\u00e9 l&#8217;arm\u00e9e isra\u00e9lienne paniqu\u00e9e. La plupart des forces du Hamas ont battu en retraite avec des otages en vue de n\u00e9gociations.<\/p>\n<p style=\"text-align: justify;\">Le Hamas n&#8217;est l&#8217;ami d&#8217;aucun travailleur. L&#8217;Iran, la Turquie et le Qatar financent sa milice, qui terrorise la classe ouvri\u00e8re de Gaza. Seule une petite partie de l&#8217;argent va aux travailleurs les plus pauvres de Gaza.<\/p>\n<p style=\"text-align: justify;\">Le Hamas a invit\u00e9 le gouvernement fasciste isra\u00e9lien \u00e0 exercer des repr\u00e9sailles massives et il l&#8217;a fait. L&#8217;arm\u00e9e de l&#8217;air isra\u00e9lienne a perp\u00e9tr\u00e9 un g\u00e9nocide, bombardant des b\u00e2timents en ruines et tuant des adultes et des enfants terrifi\u00e9s.\u00a0\u00a0 Les h\u00f4pitaux n&#8217;ont pas \u00e9t\u00e9 \u00e9pargn\u00e9s. La nourriture, l&#8217;\u00e9lectricit\u00e9 et l&#8217;eau ont \u00e9t\u00e9 compl\u00e8tement coup\u00e9es. Les survivants n&#8217;ont nulle part o\u00f9 aller. Il s&#8217;agit d&#8217;un crime de guerre !<\/p>\n<p style=\"text-align: justify;\">Le Hamas est pr\u00eat \u00e0 sacrifier deux millions de travailleurs de Gaza pour entra\u00eener l&#8217;arm\u00e9e isra\u00e9lienne, d\u00e9j\u00e0 d\u00e9moralis\u00e9e, dans une guerre urbaine sanglante. Il veut entra\u00eener la Syrie, la Jordanie, l&#8217;\u00c9gypte et le Hezbollah au Liban dans une guerre contre Isra\u00ebl. Son principal objectif est de neutraliser l&#8217;influence am\u00e9ricaine et d&#8217;affaiblir l&#8217;arm\u00e9e isra\u00e9lienne qui sert de force de police am\u00e9ricaine dans la r\u00e9gion.<\/p>\n<p style=\"text-align: justify;\"><strong>L&#8217;Iran, la Chine et la Russie :\u00a0 B\u00e9n\u00e9ficiaires d&#8217;une guerre g\u00e9nocidaire<\/strong><strong>\u00a0<\/strong><\/p>\n<p style=\"text-align: justify;\">L&#8217;Arabie saoudite a r\u00e9cemment rejoint le bloc BRICS dirig\u00e9 par la Chine, un autre signe de l&#8217;affaiblissement du r\u00f4le des \u00c9tats-Unis.\u00a0 Les \u00c9tats-Unis ont propos\u00e9 de construire un syst\u00e8me ferroviaire reliant l&#8217;Europe \u00e0 l&#8217;Inde via Isra\u00ebl et l&#8217;Arabie saoudite. Ce syst\u00e8me \u00e9tait cens\u00e9 \u00eatre une alternative \u00e0 l&#8217;initiative chinoise &#8220;Belt and Road&#8221;. Le Hamas a d\u00e9truit ce r\u00eave. Entre-temps, l&#8217;Iran a sign\u00e9 un \u00e9norme accord p\u00e9trolier avec la Chine.\u00a0 Le Qatar a conclu un accord lucratif sur le gaz naturel avec la Chine.<\/p>\n<p style=\"text-align: justify;\">&#8220;J&#8217;esp\u00e8re que ce n&#8217;est pas le d\u00e9but de la Troisi\u00e8me Guerre mondiale&#8221;, a d\u00e9clar\u00e9 un militant isra\u00e9lien dans le New Jersey.\u00a0 Cela pourrait bien \u00eatre le cas.<\/p>\n<p style=\"text-align: justify;\">Les imp\u00e9rialistes am\u00e9ricains combattent la Russie, la Chine et leurs mandataires sur de nombreux fronts. Ils utilisent l&#8217;Ukraine en Europe de l&#8217;Est comme ils utilisent les dirigeants isra\u00e9liens au Moyen-Orient. La formidable arm\u00e9e chinoise les d\u00e9fie \u00e0 Ta\u00efwan.<\/p>\n<p style=\"text-align: justify;\">L&#8217;essentiel de la classe dirigeante am\u00e9ricaine souhaite renforcer son soutien \u00e0 ses clients isra\u00e9liens et ukrainiens.\u00a0 Elle est cependant limit\u00e9e par son d\u00e9sarroi politique sans pr\u00e9c\u00e9dent.\u00a0 Pendant ce temps, les milliards de dollars d\u00e9pens\u00e9s pour des guerres de plus en plus nombreuses frappent les travailleurs am\u00e9ricains, alors que l&#8217;inflation augmente rapidement dans ce pays comme en Isra\u00ebl.<\/p>\n<p style=\"text-align: justify;\">Les imp\u00e9rialistes am\u00e9ricains, d\u00e9sesp\u00e9r\u00e9s et isol\u00e9s, sont aussi meurtriers que les capitalistes isra\u00e9liens.\u00a0 Ils ne renoncent pas \u00e0 retrouver leur ancienne domination mondiale. De l&#8217;Ukraine \u00e0 Isra\u00ebl, en passant par le Sahel en Afrique, Ta\u00efwan et au-del\u00e0, tous les imp\u00e9rialistes massacreront sans fin pour le profit.<\/p>\n<p style=\"text-align: justify;\">\u00a0<strong>&#8220;Le communisme tout de suite&#8221;<\/strong><\/p>\n<p style=\"text-align: justify;\">L&#8217;alternative est de transformer les guerres des patrons contre les travailleurs du monde entier en r\u00e9volution communiste pour mettre fin au syst\u00e8me de profit.\u00a0 Le Parti communiste ouvrier international est au d\u00e9but du long processus de recrutement des masses, en particulier des travailleurs industriels et des soldats, pour ce combat.<\/p>\n<p style=\"text-align: justify;\">&#8220;Il y a des centaines de milliers de personnes affam\u00e9es de l&#8217;autre c\u00f4t\u00e9 de la fronti\u00e8re de Gaza&#8221;, a d\u00e9clar\u00e9 un camarade en \u00c9gypte.\u00a0 &#8220;Ils sont pr\u00eats \u00e0 se battre. Nous devons transformer leur col\u00e8re en guerre de classe pour mettre fin au capitalisme.<\/p>\n<p style=\"text-align: justify;\">\u00a0&#8220;Les gens en ont assez de ce nationalisme&#8221;, a d\u00e9clar\u00e9 un camarade au Pakistan.\u00a0 &#8220;Ce dont nous avons besoin, c&#8217;est du communisme.<\/p>\n<p style=\"text-align: justify;\">&#8220;Personne ne fait confiance \u00e0 l&#8217;arm\u00e9e isra\u00e9lienne, dit un camarade l\u00e0-bas.\u00a0 &#8220;C&#8217;est pourquoi de nombreux groupes d&#8217;autod\u00e9fense ont \u00e9t\u00e9 cr\u00e9\u00e9s. C&#8217;\u00e9tait \u00e9vident quand des milliers de r\u00e9servistes ont refus\u00e9 le service. Ces groupes doivent apprendre \u00e0 d\u00e9fendre la classe ouvri\u00e8re internationale en luttant pour le communisme.<\/p>\n<p style=\"text-align: justify;\">Les camarades iraniens veulent que nous produisions Drapeau Rouge en farsi.<\/p>\n<p style=\"text-align: justify;\">Ces camarades lisent et discutent du Drapeau Rouge depuis des ann\u00e9es.\u00a0 D&#8217;autres camarades ont patiemment lutt\u00e9 pour les aider \u00e0 surmonter leur ancienne vision nationaliste. Nous devons \u00e9tablir des relations communistes plus nombreuses et plus solides au niveau international. Nous devons r\u00e9pondre au choc et \u00e0 l&#8217;effroi du g\u00e9nocide par l&#8217;engagement et l&#8217;espoir communistes.<\/p>\n<p style=\"text-align: justify;\"><strong>Le communisme :\u00a0 Pas de fronti\u00e8res, pas de nations, pas de guerres imp\u00e9rialistes.<\/strong><\/p>\n<p style=\"text-align: justify;\">Pas d&#8217;esclavage salari\u00e9, pas d&#8217;argent, pas de profits pour les patrons.\u00a0 Des travailleurs partout dans le monde produisant et distribuant ce dont les masses ont besoin pour cr\u00e9er une base durable pour l&#8217;unit\u00e9.<\/p>\n<p style=\"text-align: justify;\">Les camarades d&#8217;Afrique du Sud transforment leur indignation face \u00e0 ce qui se passe en Palestine en un recrutement plus \u00e9nergique de l&#8217;ICWP. Nous devons faire de m\u00eame partout.<\/p>\n","protected":false},"excerpt":{"rendered":"<p>S&#8217;organiser internationalement pour une r\u00e9volution communiste 11 octobre &#8211; &#8220;Ici, en Isra\u00ebl\/Palestine, nous avons l&#8217;horrible prix du nationalisme et son incapacit\u00e9 \u00e0 offrir quoi que ce soit de positif aux travailleurs&#8221;, a d\u00e9clar\u00e9 un camarade en Isra\u00ebl.\u00a0 Quatre de ses proches sont morts dans l&#8217;assaut du Hamas. &#8220;Le nationalisme m\u00e8ne au massacre&#8221;, a-t-il conclu. L&#8217;attaque &hellip; <a href=\"https:\/\/icwpredflag.org\/wp\/wordpress\/pamphlets-and-article-series\/in-french-repondre-a-limperialisme-au-nationalisme-et-au-genocide-en-israel-palestine\/\" class=\"more-link\">Continue reading <span class=\"screen-reader-text\">In French: R\u00e9pondre \u00e0 l&#8217;imp\u00e9rialisme, au nationalisme et au g\u00e9nocide en Isra\u00ebl\/Palestine<\/span><\/a><\/p>\n","protected":false},"author":1,"featured_media":6495,"parent":137,"menu_order":0,"comment_status":"closed","ping_status":"closed","template":"","meta":{"footnotes":""},"class_list":["post-12595","page","type-page","status-publish","has-post-thumbnail","hentry"],"_links":{"self":[{"href":"https:\/\/icwpredflag.org\/wp\/wordpress\/wp-json\/wp\/v2\/pages\/12595","targetHints":{"allow":["GET"]}}],"collection":[{"href":"https:\/\/icwpredflag.org\/wp\/wordpress\/wp-json\/wp\/v2\/pages"}],"about":[{"href":"https:\/\/icwpredflag.org\/wp\/wordpress\/wp-json\/wp\/v2\/types\/page"}],"author":[{"embeddable":true,"href":"https:\/\/icwpredflag.org\/wp\/wordpress\/wp-json\/wp\/v2\/users\/1"}],"replies":[{"embeddable":true,"href":"https:\/\/icwpredflag.org\/wp\/wordpress\/wp-json\/wp\/v2\/comments?post=12595"}],"version-history":[{"count":3,"href":"https:\/\/icwpredflag.org\/wp\/wordpress\/wp-json\/wp\/v2\/pages\/12595\/revisions"}],"predecessor-version":[{"id":12598,"href":"https:\/\/icwpredflag.org\/wp\/wordpress\/wp-json\/wp\/v2\/pages\/12595\/revisions\/12598"}],"up":[{"embeddable":true,"href":"https:\/\/icwpredflag.org\/wp\/wordpress\/wp-json\/wp\/v2\/pages\/137"}],"wp:featuredmedia":[{"embeddable":true,"href":"https:\/\/icwpredflag.org\/wp\/wordpress\/wp-json\/wp\/v2\/media\/6495"}],"wp:attachment":[{"href":"https:\/\/icwpredflag.org\/wp\/wordpress\/wp-json\/wp\/v2\/media?parent=12595"}],"curies":[{"name":"wp","href":"https:\/\/api.w.org\/{rel}","templated":true}]}}