{"id":3869,"date":"2018-11-29T06:12:30","date_gmt":"2018-11-29T06:12:30","guid":{"rendered":"http:\/\/icwpredflag.org\/wp\/wordpress\/?page_id=3869"},"modified":"2018-11-29T06:13:43","modified_gmt":"2018-11-29T06:13:43","slug":"mobilisierung-der-massen-fur-den-kommunismus-kurze-zusammenfassung","status":"publish","type":"page","link":"https:\/\/icwpredflag.org\/wp\/wordpress\/materials-in-other-languages\/mobilisierung-der-massen-fur-den-kommunismus-kurze-zusammenfassung\/","title":{"rendered":"Mobilisierung der Massen f\u00fcr den Kommunismus, kurze Zusammenfassung"},"content":{"rendered":"<p style=\"text-align: justify;\">Die Internationale Kommunistische Arbeiterpartei (ICWP auf Englisch) ruft die internationale Arbeiterklasse auf, sich uns bei der Mobilisierung der Massen f\u00fcr den Kommunismus anzuschlie\u00dfen. Das ist das Prinzip, nach dem wir uns organisieren, um den Kapitalismus zu st\u00fcrzen, und das Prinzip, nach dem wir den Kommunismus aufbauen werden. Wir k\u00e4mpfen f\u00fcr den Kommunismus, weil nur der Kommunismus uns von dem befreien kann, was Lenin den &#8220;Horror ohne Ende&#8221; des Kapitalismus nannte. Unter dem Kommunismus wird die Partei die Massen mobilisieren, um allen Menschen Nahrung, Unterkunft, Gesundheitsversorgung und alle anderen Bed\u00fcrfnisse kostenlos zur Verf\u00fcgung zu stellen.<\/p>\n<p style=\"text-align: justify;\">Wir k\u00e4mpfen f\u00fcr den Kommunismus, nicht f\u00fcr &#8220;Demokratie&#8221;, nicht f\u00fcr &#8220;nationale Befreiung&#8221;, nicht f\u00fcr &#8220;progressiven&#8221; Kapitalismus. Und vor allem nicht f\u00fcr den Sozialismus. Die Geschichte zeigt, dass der Sozialismus direkt auf den Kapitalismus zur\u00fcckgeht. Tats\u00e4chlich ist der Sozialismus bereits eine Form des Kapitalismus &#8211; des Staatskapitalismus. Die Kommunisten, die den Sozialismus verwalteten (z.B. in Russland und China), wurden schlie\u00dflich zu Revisionisten &#8211; als Kommunisten getarnte Kapitalisten.<\/p>\n<p style=\"text-align: justify;\">Eine kommunistische Revolution muss das Werk von Millionen von kommunistischen Arbeitern sein. Aus diesem Grund ist die ICWP eine Massenpartei, offen f\u00fcr alle, die der Meinung sind, dass eine kommunistische Revolution die einzige L\u00f6sung ist.<\/p>\n<p style=\"text-align: justify;\">Sobald wir die Macht \u00fcbernehmen, werden wir die Massen mobilisieren, um den Kommunismus aufzubauen. Das bedeutet zun\u00e4chst die sofortige Abschaffung des Geldes, die Warenproduktion (Produktion von Waren f\u00fcr einen Markt), das Lohnsystem und jede Art von Privilegien. Die Arbeitnehmer werden nicht durch die Aussicht auf individuellen Gewinn motiviert, sondern durch die M\u00f6glichkeit &#8211; und zunehmend durch die Erfahrung -, in einer kommunistischen Gesellschaft zu leben. Wir werden alle Aspekte der Gesellschaft, einschlie\u00dflich Bildung, Gesundheitswesen, Wohnen und Verkehr, grundlegend neu organisieren.<\/p>\n<p style=\"text-align: justify;\">Von hoher Priorit\u00e4t ist die Bek\u00e4mpfung von Rassismus, Sexismus und allen anderen Formen der Diskriminierung. Offener Rassismus oder Sexismus, ob in Wort oder Tat, wird nicht toleriert. Aber wir m\u00fcssen noch weiter gehen und die materielle Grundlage von Rassismus und Sexismus ausrotten. Die Abschaffung des Geldes selbst wird ein starker Schlag sein. Wenn es keine L\u00f6hne gibt, kann es keine rassistischen oder sexistischen Lohnunterschiede geben, die den Kapitalisten derzeit einen gro\u00dfen wirtschaftlichen Anreiz geben, diese Art von Diskriminierung aufrechtzuerhalten. Bei der Zuweisung von Nahrungsmitteln und Unterk\u00fcnften muss die Vertragspartei sicherstellen, dass keine Gruppe weniger als einen angemessenen Anteil erh\u00e4lt. Schlie\u00dflich werden wir die Segregation (f\u00fcr Beruf, Wohnung und Ausbildung) beenden.<\/p>\n<p style=\"text-align: justify;\">In der Vergangenheit mobilisierten sich kommunistische Parteien oft um Reformk\u00e4mpfe. Die Theorie war, dass in der Hitze des Kampfes um Reformen das Bewusstsein der Arbeiter spontan in kommunistisches Bewusstsein umgewandelt w\u00fcrde. Diese Theorie hat nie funktioniert.<\/p>\n<p style=\"text-align: justify;\">Arbeiter f\u00fcr den Kommunismus zu mobilisieren bedeutet zun\u00e4chst, sie in die kommunistische Partei &#8211; die ICWP &#8211; aufzunehmen. Wir messen den Sieg zum Teil daran, wie viele wir mobilisiert haben, um f\u00fcr Red Flag zu lesen, zu verkaufen und zu schreiben. Wir bilden arbeitsbezogene Arbeitsgruppen, Kasernen und Klassenzimmer, um kommunistische Ideen zu diskutieren und im Klassenkampf umzusetzen. Wir bauen und beteiligen uns an jedem echten R\u00fcckschlag mit dem Ziel, die Massen f\u00fcr den Kommunismus zu mobilisieren.<\/p>\n<p style=\"text-align: justify;\">Die anhaltende Krise der \u00dcberproduktion und die anhaltende finanzielle Instabilit\u00e4t haben Millionen Menschen erkennen lassen, dass der Kapitalismus nicht einmal Lebensmittel auf dem Tisch und ein Dach \u00fcber dem Kopf garantieren kann. Und schlie\u00dflich machen die unaufh\u00f6rlich blutigen &#8220;kleinen&#8221; Kriege und die offensichtlichen Vorbereitungen auf viel gr\u00f6\u00dfere &#8211; bis hin zu Weltkriegen &#8211; deutlich, dass die Arbeiter durch die Zerst\u00f6rung des Kapitalismus wenig zu verlieren haben.<\/p>\n<p style=\"text-align: justify;\">Schlie\u00dft euch uns an, um die Massen f\u00fcr den Kommunismus zu mobilisieren. Wir haben eine Welt zu gewinnen.<\/p>\n<p style=\"text-align: justify;\">\u00dcbersetzt mit www.DeepL.com\/Translator<\/p>\n","protected":false},"excerpt":{"rendered":"<p>Die Internationale Kommunistische Arbeiterpartei (ICWP auf Englisch) ruft die internationale Arbeiterklasse auf, sich uns bei der Mobilisierung der Massen f\u00fcr den Kommunismus anzuschlie\u00dfen. Das ist das Prinzip, nach dem wir uns organisieren, um den Kapitalismus zu st\u00fcrzen, und das Prinzip, nach dem wir den Kommunismus aufbauen werden. Wir k\u00e4mpfen f\u00fcr den Kommunismus, weil nur der &hellip; <a href=\"https:\/\/icwpredflag.org\/wp\/wordpress\/materials-in-other-languages\/mobilisierung-der-massen-fur-den-kommunismus-kurze-zusammenfassung\/\" class=\"more-link\">Continue reading <span class=\"screen-reader-text\">Mobilisierung der Massen f\u00fcr den Kommunismus, kurze Zusammenfassung<\/span><\/a><\/p>\n","protected":false},"author":1,"featured_media":2286,"parent":143,"menu_order":0,"comment_status":"closed","ping_status":"closed","template":"","meta":{"footnotes":""},"class_list":["post-3869","page","type-page","status-publish","has-post-thumbnail","hentry"],"_links":{"self":[{"href":"https:\/\/icwpredflag.org\/wp\/wordpress\/wp-json\/wp\/v2\/pages\/3869","targetHints":{"allow":["GET"]}}],"collection":[{"href":"https:\/\/icwpredflag.org\/wp\/wordpress\/wp-json\/wp\/v2\/pages"}],"about":[{"href":"https:\/\/icwpredflag.org\/wp\/wordpress\/wp-json\/wp\/v2\/types\/page"}],"author":[{"embeddable":true,"href":"https:\/\/icwpredflag.org\/wp\/wordpress\/wp-json\/wp\/v2\/users\/1"}],"replies":[{"embeddable":true,"href":"https:\/\/icwpredflag.org\/wp\/wordpress\/wp-json\/wp\/v2\/comments?post=3869"}],"version-history":[{"count":3,"href":"https:\/\/icwpredflag.org\/wp\/wordpress\/wp-json\/wp\/v2\/pages\/3869\/revisions"}],"predecessor-version":[{"id":3872,"href":"https:\/\/icwpredflag.org\/wp\/wordpress\/wp-json\/wp\/v2\/pages\/3869\/revisions\/3872"}],"up":[{"embeddable":true,"href":"https:\/\/icwpredflag.org\/wp\/wordpress\/wp-json\/wp\/v2\/pages\/143"}],"wp:featuredmedia":[{"embeddable":true,"href":"https:\/\/icwpredflag.org\/wp\/wordpress\/wp-json\/wp\/v2\/media\/2286"}],"wp:attachment":[{"href":"https:\/\/icwpredflag.org\/wp\/wordpress\/wp-json\/wp\/v2\/media?parent=3869"}],"curies":[{"name":"wp","href":"https:\/\/api.w.org\/{rel}","templated":true}]}}