{"id":5077,"date":"2019-08-08T23:43:48","date_gmt":"2019-08-08T23:43:48","guid":{"rendered":"https:\/\/icwpredflag.org\/wp\/wordpress\/?page_id=5077"},"modified":"2019-08-08T23:46:17","modified_gmt":"2019-08-08T23:46:17","slug":"standing-up-to-racist-state-terror","status":"publish","type":"page","link":"https:\/\/icwpredflag.org\/wp\/wordpress\/volume-10-number-10\/standing-up-to-racist-state-terror\/","title":{"rendered":"Standing Up to Racist State Terror"},"content":{"rendered":"<p>Last week a comrade witnessed seven Immigration and Customs Enforcement (ICE) agents right outside the door of his apartment. \u201c\u00a1No abran la puerta! \u00a1Inmigraci\u00f3n est\u00e1 aqu\u00ed!\u201d (Don\u2019t open the door! Immigration is here!) he yelled at the top of his lungs.<\/p>\n<p>Instead of watching immigration agents remove his neighbors from their home, he saw them leave empty-handed. Nobody opened the door.<\/p>\n<p>Right after the incident, the comrade posted a warning on Facebook that ICE is in south Los Angeles where he shared his experience.<\/p>\n<p>I saw it right away and called him.<\/p>\n<p>\u201cAre you ok, Pablo?\u201d I asked.<\/p>\n<p>\u201cYeah, but I\u2019m just shaking with adrenaline because I\u2019m the most non-confrontational person I know. But I just couldn\u2019t help but build up the courage in that moment to help my neighbors out,\u201d he explained.<\/p>\n<p>\u201cI\u2019m really proud of you, comrade,\u201d I said. .<\/p>\n<p><strong>Workers defending their neighbors<\/strong><\/p>\n<p>ICE raids have been scheduled to happen all across the US, as Trump tweeted out, which has brought workers together to battle these attacks. On July 22 in Tennessee, neighbors\u2014black, white and Hispanic\u2014formed a human chain around a family that was in danger of being deported. As ICE agents attempted to deport them, neighbors made sure they were able to safely leave.<\/p>\n<p>\u201cWe stuck together like neighbors are supposed to do,\u201d Felishadae Young told the local news channel.<\/p>\n<p>Often times under this capitalist system we are taught individualistic ideas. Other minorities such as the black community are led to believe migrants are taking jobs and they should be for the removal of undocumented workers. In Tennessee and around the country we see that workers, sometimes led by church groups and immigrant rights groups and sometimes spontaneously, are standing up to these attacks.<\/p>\n<p>This resistance meant that ICE couldn\u2019t deport all the workers they had targeted. Instead of the 2000 workers they threatened to take into custody over the weekend of July 20-21, they only got 35 people.<\/p>\n<p>This modest victory shows the potential of organizing those who are willing to defend their neighbors into a force capable of destroying all borders and creating a world where no one is illegal.<\/p>\n<p>As Pablo and I talked more, we knew that this was the right thing to do. But we also often find it hard to know how to start or what to do next after an event like this. As young comrades working alone where we don\u2019t have a concentration, we need to make a plan for what to do next to build the party into the revolutionary army that we need. We\u2019ll be working on that in the days and weeks to come.<\/p>\n<p>\u2014Young comrade in South Los Angeles, USA<\/p>\n<p><img loading=\"lazy\" decoding=\"async\" class=\"wp-image-5054 aligncenter\" src=\"https:\/\/icwpredflag.org\/wp\/wordpress\/wp-content\/uploads\/2019\/08\/tennessee.jpg\" alt=\"\" width=\"602\" height=\"304\" \/><\/p>\n<p style=\"text-align: center;\"><strong>Workers Defending Immigrant Neighbors in Tennessee<\/strong><\/p>\n<h4><a href=\"https:\/\/icwpredflag.org\/wp\/wordpress\/volume-10-number-10\/\">Front page of this issue<\/a><\/h4>\n","protected":false},"excerpt":{"rendered":"<p>Last week a comrade witnessed seven Immigration and Customs Enforcement (ICE) agents right outside the door of his apartment. \u201c\u00a1No abran la puerta! \u00a1Inmigraci\u00f3n est\u00e1 aqu\u00ed!\u201d (Don\u2019t open the door! Immigration is here!) he yelled at the top of his lungs. Instead of watching immigration agents remove his neighbors from their home, he saw them &hellip; <a href=\"https:\/\/icwpredflag.org\/wp\/wordpress\/volume-10-number-10\/standing-up-to-racist-state-terror\/\" class=\"more-link\">Continue reading <span class=\"screen-reader-text\">Standing Up to Racist State Terror<\/span><\/a><\/p>\n","protected":false},"author":1,"featured_media":4193,"parent":5058,"menu_order":0,"comment_status":"closed","ping_status":"closed","template":"","meta":{"footnotes":""},"class_list":["post-5077","page","type-page","status-publish","has-post-thumbnail","hentry"],"_links":{"self":[{"href":"https:\/\/icwpredflag.org\/wp\/wordpress\/wp-json\/wp\/v2\/pages\/5077","targetHints":{"allow":["GET"]}}],"collection":[{"href":"https:\/\/icwpredflag.org\/wp\/wordpress\/wp-json\/wp\/v2\/pages"}],"about":[{"href":"https:\/\/icwpredflag.org\/wp\/wordpress\/wp-json\/wp\/v2\/types\/page"}],"author":[{"embeddable":true,"href":"https:\/\/icwpredflag.org\/wp\/wordpress\/wp-json\/wp\/v2\/users\/1"}],"replies":[{"embeddable":true,"href":"https:\/\/icwpredflag.org\/wp\/wordpress\/wp-json\/wp\/v2\/comments?post=5077"}],"version-history":[{"count":3,"href":"https:\/\/icwpredflag.org\/wp\/wordpress\/wp-json\/wp\/v2\/pages\/5077\/revisions"}],"predecessor-version":[{"id":5080,"href":"https:\/\/icwpredflag.org\/wp\/wordpress\/wp-json\/wp\/v2\/pages\/5077\/revisions\/5080"}],"up":[{"embeddable":true,"href":"https:\/\/icwpredflag.org\/wp\/wordpress\/wp-json\/wp\/v2\/pages\/5058"}],"wp:featuredmedia":[{"embeddable":true,"href":"https:\/\/icwpredflag.org\/wp\/wordpress\/wp-json\/wp\/v2\/media\/4193"}],"wp:attachment":[{"href":"https:\/\/icwpredflag.org\/wp\/wordpress\/wp-json\/wp\/v2\/media?parent=5077"}],"curies":[{"name":"wp","href":"https:\/\/api.w.org\/{rel}","templated":true}]}}