{"id":5714,"date":"2019-12-17T03:07:33","date_gmt":"2019-12-17T03:07:33","guid":{"rendered":"https:\/\/icwpredflag.org\/wp\/wordpress\/?page_id=5714"},"modified":"2019-12-17T03:10:52","modified_gmt":"2019-12-17T03:10:52","slug":"em-portugues-estudantes-protestam-contra-as-leis-fascistas-da-cidadania","status":"publish","type":"page","link":"https:\/\/icwpredflag.org\/wp\/wordpress\/volume-10-number-16\/em-portugues-estudantes-protestam-contra-as-leis-fascistas-da-cidadania\/","title":{"rendered":"Em portugu\u00eas: Estudantes protestam contra as leis fascistas da cidadania"},"content":{"rendered":"<p style=\"text-align: justify;\">O governo fascista na \u00cdndia aprovou recentemente duas leis que essencialmente declaram mais de 210 milh\u00f5es de mu\u00e7ulmanos na \u00cdndia como inimigos internos.<\/p>\n<p style=\"text-align: justify;\">Jamia Milia \u00e9 uma universidade predominantemente mu\u00e7ulmana em Nova Deli, \u00cdndia. Em resposta a essas leis fascistas os estudantes organizaram uma sa\u00edda paralisante de Nova Deli. \u00c0 noite, sob a cobertura da escurid\u00e3o, a pol\u00edcia cortou a eletricidade e os servi\u00e7os de internet.\u00a0\u00a0 Centenas de policiais entraram em albergues de estudantes, bibliotecas e espancaram impiedosamente estudantes, homens e mulheres.<\/p>\n<p style=\"text-align: justify;\">Imagens de brutalidade b\u00e1rbara na m\u00eddia de massa indignaram massas em toda a \u00cdndia.\u00a0\u00a0 Estudantes do JNU, DU, IITs, IIMs, TISR e muitas outras universidades de prest\u00edgio, onde tinham sonhos de se tornar futuros l\u00edderes no sistema capitalista, est\u00e3o atacando o pr\u00f3prio sistema capitalista. Muitos trabalhadores se juntaram aos protestos.<\/p>\n<p style=\"text-align: justify;\">As tentativas do governo fascista Modi de dividir hindus e mu\u00e7ulmanos se transformaram em seu oposto.<\/p>\n<p style=\"text-align: justify;\">Teremos artigos detalhados, mas reconhecemos que esta \u00e9 uma enorme oportunidade de oferecer nossa alternativa comunista em todos os lugares entre trabalhadores, estudantes e soldados. As massas est\u00e3o em movimento. Aqueles que pensavam e acreditavam no sistema capitalista est\u00e3o determinados a destru\u00ed-lo. Vamos usar esta situa\u00e7\u00e3o explosiva para construir a ICWP agora.<\/p>\n<p style=\"text-align: justify;\">Twitter e outras plataformas de m\u00eddia social est\u00e3o em chamas sob #JamiaMilia.<\/p>\n<h4><a href=\"https:\/\/icwpredflag.org\/wp\/wordpress\/\">Primeira p\u00e1gina desta edi\u00e7\u00e3o<\/a><\/h4>\n<p style=\"text-align: justify;\">\n","protected":false},"excerpt":{"rendered":"<p>O governo fascista na \u00cdndia aprovou recentemente duas leis que essencialmente declaram mais de 210 milh\u00f5es de mu\u00e7ulmanos na \u00cdndia como inimigos internos. Jamia Milia \u00e9 uma universidade predominantemente mu\u00e7ulmana em Nova Deli, \u00cdndia. Em resposta a essas leis fascistas os estudantes organizaram uma sa\u00edda paralisante de Nova Deli. \u00c0 noite, sob a cobertura da &hellip; <a href=\"https:\/\/icwpredflag.org\/wp\/wordpress\/volume-10-number-16\/em-portugues-estudantes-protestam-contra-as-leis-fascistas-da-cidadania\/\" class=\"more-link\">Continue reading <span class=\"screen-reader-text\">Em portugu\u00eas: Estudantes protestam contra as leis fascistas da cidadania<\/span><\/a><\/p>\n","protected":false},"author":1,"featured_media":4193,"parent":5627,"menu_order":0,"comment_status":"closed","ping_status":"closed","template":"","meta":{"footnotes":""},"class_list":["post-5714","page","type-page","status-publish","has-post-thumbnail","hentry"],"_links":{"self":[{"href":"https:\/\/icwpredflag.org\/wp\/wordpress\/wp-json\/wp\/v2\/pages\/5714","targetHints":{"allow":["GET"]}}],"collection":[{"href":"https:\/\/icwpredflag.org\/wp\/wordpress\/wp-json\/wp\/v2\/pages"}],"about":[{"href":"https:\/\/icwpredflag.org\/wp\/wordpress\/wp-json\/wp\/v2\/types\/page"}],"author":[{"embeddable":true,"href":"https:\/\/icwpredflag.org\/wp\/wordpress\/wp-json\/wp\/v2\/users\/1"}],"replies":[{"embeddable":true,"href":"https:\/\/icwpredflag.org\/wp\/wordpress\/wp-json\/wp\/v2\/comments?post=5714"}],"version-history":[{"count":4,"href":"https:\/\/icwpredflag.org\/wp\/wordpress\/wp-json\/wp\/v2\/pages\/5714\/revisions"}],"predecessor-version":[{"id":5718,"href":"https:\/\/icwpredflag.org\/wp\/wordpress\/wp-json\/wp\/v2\/pages\/5714\/revisions\/5718"}],"up":[{"embeddable":true,"href":"https:\/\/icwpredflag.org\/wp\/wordpress\/wp-json\/wp\/v2\/pages\/5627"}],"wp:featuredmedia":[{"embeddable":true,"href":"https:\/\/icwpredflag.org\/wp\/wordpress\/wp-json\/wp\/v2\/media\/4193"}],"wp:attachment":[{"href":"https:\/\/icwpredflag.org\/wp\/wordpress\/wp-json\/wp\/v2\/media?parent=5714"}],"curies":[{"name":"wp","href":"https:\/\/api.w.org\/{rel}","templated":true}]}}