{"id":7529,"date":"2020-09-06T22:31:16","date_gmt":"2020-09-06T22:31:16","guid":{"rendered":"https:\/\/icwpredflag.org\/wp\/wordpress\/?page_id=7529"},"modified":"2020-09-06T22:39:04","modified_gmt":"2020-09-06T22:39:04","slug":"mobilitare-le-masse-per-il-comunismo","status":"publish","type":"page","link":"https:\/\/icwpredflag.org\/wp\/wordpress\/summaries-of-mobilize-the-masses-for-communism\/mobilitare-le-masse-per-il-comunismo\/","title":{"rendered":"Mobilitare Le Masse Per Il Comunismo"},"content":{"rendered":"<h3 style=\"text-align: center;\"><span style=\"color: #ff0000;\"><strong>Il Partito Comunista Internazionale dei Lavoratori<\/strong><\/span><\/h3>\n<p style=\"text-align: justify;\">The International Communist Workers Party (ICWP) calls on the international working class to join us in mobilizing the masses for communism. This is the principle by which we are organizing to overthrow capitalism, and the principle by which we will build communism. We fight for communism because only communism can free us from what Lenin called capitalism\u2019s \u201chorror without end\u201d. Under communism the party will mobilize the masses to provide everyone\u2019s food, shelter, healthcare and all other needs, for free.<\/p>\n<p style=\"text-align: justify;\">Il Partito Comunista Internazionale dei Lavoratori (ICWP) invita la classe operaia internazionale ad unirsi a noi nel mobilitare le masse per il comunismo. Questo \u00e8 il principio con cui ci stiamo organizzando per rovesciare il capitalismo, e il principio con cui costruiremo il comunismo. Combattiamo per il comunismo perch\u00e9 solo il comunismo pu\u00f2 liberarci da quello che Lenin chiamava l'&#8221;orrore senza fine&#8221; del capitalismo. Sotto il comunismo il partito mobiliter\u00e0 le masse per fornire gratuitamente a tutti il cibo, l&#8217;alloggio, l&#8217;assistenza sanitaria e tutti gli altri bisogni.<\/p>\n<p style=\"text-align: justify;\">We fight for communism, not for \u201cdemocracy\u201d, not for &#8220;national liberation\u201d, not for \u201cprogressive\u201d capitalism. And, most importantly, not for socialism. History shows that socialism leads directly back to capitalism. In fact, socialism is already a form of capitalism &#8211; state capitalism. The communists who managed socialism (e.g. in Russia and China) eventually became revisionists &#8211; capitalists disguised as communists.<\/p>\n<p style=\"text-align: justify;\">Combattiamo per il comunismo, non per la &#8220;democrazia&#8221;, non per la &#8220;liberazione nazionale&#8221;, non per il capitalismo &#8220;progressista&#8221;. E, soprattutto, non per il socialismo. La storia mostra che il socialismo riconduce direttamente al capitalismo. In realt\u00e0, il socialismo \u00e8 gi\u00e0 una forma di capitalismo &#8211; il capitalismo di stato. I comunisti che hanno gestito il socialismo (ad esempio in Russia e in Cina) alla fine sono diventati revisionisti &#8211; capitalisti mascherati da comunisti.<\/p>\n<p style=\"text-align: justify;\">A communist revolution must be the work of millions of communist workers. For this reason ICWP is a mass party, open to all who agree that a communist revolution is the only solution.<\/p>\n<p style=\"text-align: justify;\">Una rivoluzione comunista deve essere opera di milioni di lavoratori comunisti. Per questo motivo ICWP \u00e8 un partito di massa, aperto a tutti coloro che concordano sul fatto che una rivoluzione comunista \u00e8 l&#8217;unica soluzione.<\/p>\n<p style=\"text-align: justify;\">As soon as we take power we will mobilize the masses to build communism. This means first of all the immediate abolition of money, commodity production (producing goods for a market) the wage system and any kind of privileges. Workers will be motivated not by the prospect of individual gain, but by the possibility &#8211; and, increasingly, the experience &#8211; of living in a communist society. We will thoroughly reorganize all aspects of society, including education, health care, housing and transportation.<\/p>\n<p style=\"text-align: justify;\">Non appena prenderemo il potere, mobiliteremo le masse per costruire il comunismo. Questo significa prima di tutto l&#8217;immediata abolizione del denaro, la produzione di merci (produzione di beni per un mercato), il sistema salariale e qualsiasi tipo di privilegi. I lavoratori saranno motivati non dalla prospettiva di guadagno individuale, ma dalla possibilit\u00e0 &#8211; e, sempre pi\u00f9 spesso, dall&#8217;esperienza &#8211; di vivere in una societ\u00e0 comunista. Riorganizzeremo a fondo tutti gli aspetti della societ\u00e0, compresi l&#8217;istruzione, l&#8217;assistenza sanitaria, l&#8217;alloggio e i trasporti.<\/p>\n<p style=\"text-align: justify;\">Of high priority is smashing racism, sexism and all other forms of discrimination. Open racism or sexism, whether in word or deed, will not be tolerated. But we must go even further, and root out the material basis of racism and sexism. The abolition of money will itself be a powerful blow. When there are no wages, there can be no racist or sexist wage differentials, which currently give the capitalists a huge economic incentive to maintain these kinds of discrimination. In allocating food and shelter, the Party must ensure that no group receives less than a fair share. Finally, we will end segregation (for vocations, housing, and education).<\/p>\n<p style=\"text-align: justify;\">La priorit\u00e0 assoluta \u00e8 la repressione del razzismo, del sessismo e di tutte le altre forme di discriminazione. Il razzismo aperto o il sessismo, sia nelle parole che nei fatti, non sar\u00e0 tollerato. Ma dobbiamo andare ancora oltre e sradicare le basi materiali del razzismo e del sessismo. L&#8217;abolizione del denaro sar\u00e0 di per s\u00e9 un duro colpo. Quando non ci sono salari, non ci possono essere differenze salariali razziste o sessiste, che attualmente danno ai capitalisti un enorme incentivo economico per mantenere questo tipo di discriminazione. Nell&#8217;assegnazione di vitto e alloggio, il Partito deve garantire che nessun gruppo riceva meno di una quota equa. Infine, porremo fine alla segregazione (per le vocazioni, gli alloggi e l&#8217;istruzione).<\/p>\n<p style=\"text-align: justify;\">In the past communist parties often mobilized around reform struggles. The theory was that in the heat of the struggle for reforms, workers\u2019 consciousness would be spontaneously transformed into communist consciousness. This theory never worked.<\/p>\n<p style=\"text-align: justify;\">In passato i partiti comunisti si mobilitavano spesso intorno a lotte di riforma. La teoria era che nella foga della lotta per le riforme, la coscienza operaia si sarebbe spontaneamente trasformata in coscienza comunista. Questa teoria non ha mai funzionato.<\/p>\n<p style=\"text-align: justify;\">Mobilizing workers for communism means first of all, having them join the communist party &#8211; the ICWP. We measure victory, in part, by how many we have mobilized to read, sell and write for Red Flag. We build study\/action groups centered on the job, barracks and classrooms to debate communist ideas and put them into practice in the class struggle. We build and participate in every genuine fight-back with the aim of mobilizing the masses for communism.<\/p>\n<p style=\"text-align: justify;\">Mobilitare i lavoratori per il comunismo significa prima di tutto persuaderli ad aderire al partito comunista &#8211; il ICWP. Misuriamo la vittoria, in parte, in base a quanti ci siamo mobilitati per leggere, vendere e scrivere per la Bandiera Rossa. Costruiamo gruppi di studio\/azione incentrati sul lavoro, caserme e aule per discutere le idee comuniste e metterle in pratica nella lotta di classe. Costruiamo e partecipiamo ad ogni vera e propria lotta al fine di mobilitare le masse per il comunismo.<\/p>\n<p style=\"text-align: justify;\">The continuing crisis of overproduction and the continuing financial instability have made millions realize that capitalism cannot even guarantee food on the table and a roof over their heads. And finally, the ceaseless bloody \u201csmall\u201d wars and the obvious preparations for much larger ones &#8211; up to and including world wars &#8211; make it clear that workers have little to lose by smashing capitalism.<\/p>\n<p style=\"text-align: justify;\">La perdurante crisi di sovrapproduzione e la continua instabilit\u00e0 finanziaria hanno fatto capire a milioni che il capitalismo non pu\u00f2 nemmeno garantire cibo sul tavolo e un tetto sopra le loro teste. E infine, le innumerevoli sanguinose &#8220;piccole&#8221; guerre e gli ovvi preparativi per guerre molto pi\u00f9 grandi &#8211; fino alle guerre mondiali comprese &#8211; rendono chiaro che i lavoratori hanno poco da perdere distruggendo il capitalismo.<\/p>\n<p style=\"text-align: justify;\">Join us in mobilizing the masses for communism. We have a world to win.<\/p>\n<p style=\"text-align: justify;\">Unisciti a noi per mobilitare le masse per il comunismo. Abbiamo un mondo da vincere.<\/p>\n<h4 style=\"text-align: justify;\"><a href=\"https:\/\/icwpredflag.org\/wp\/wordpress\/summaries-of-mobilize-the-masses-for-communism\/\">Back<\/a><\/h4>\n","protected":false},"excerpt":{"rendered":"<p>Il Partito Comunista Internazionale dei Lavoratori The International Communist Workers Party (ICWP) calls on the international working class to join us in mobilizing the masses for communism. This is the principle by which we are organizing to overthrow capitalism, and the principle by which we will build communism. We fight for communism because only communism &hellip; <a href=\"https:\/\/icwpredflag.org\/wp\/wordpress\/summaries-of-mobilize-the-masses-for-communism\/mobilitare-le-masse-per-il-comunismo\/\" class=\"more-link\">Continue reading <span class=\"screen-reader-text\">Mobilitare Le Masse Per Il Comunismo<\/span><\/a><\/p>\n","protected":false},"author":1,"featured_media":6495,"parent":7527,"menu_order":0,"comment_status":"closed","ping_status":"closed","template":"","meta":{"footnotes":""},"class_list":["post-7529","page","type-page","status-publish","has-post-thumbnail","hentry"],"_links":{"self":[{"href":"https:\/\/icwpredflag.org\/wp\/wordpress\/wp-json\/wp\/v2\/pages\/7529","targetHints":{"allow":["GET"]}}],"collection":[{"href":"https:\/\/icwpredflag.org\/wp\/wordpress\/wp-json\/wp\/v2\/pages"}],"about":[{"href":"https:\/\/icwpredflag.org\/wp\/wordpress\/wp-json\/wp\/v2\/types\/page"}],"author":[{"embeddable":true,"href":"https:\/\/icwpredflag.org\/wp\/wordpress\/wp-json\/wp\/v2\/users\/1"}],"replies":[{"embeddable":true,"href":"https:\/\/icwpredflag.org\/wp\/wordpress\/wp-json\/wp\/v2\/comments?post=7529"}],"version-history":[{"count":4,"href":"https:\/\/icwpredflag.org\/wp\/wordpress\/wp-json\/wp\/v2\/pages\/7529\/revisions"}],"predecessor-version":[{"id":7533,"href":"https:\/\/icwpredflag.org\/wp\/wordpress\/wp-json\/wp\/v2\/pages\/7529\/revisions\/7533"}],"up":[{"embeddable":true,"href":"https:\/\/icwpredflag.org\/wp\/wordpress\/wp-json\/wp\/v2\/pages\/7527"}],"wp:featuredmedia":[{"embeddable":true,"href":"https:\/\/icwpredflag.org\/wp\/wordpress\/wp-json\/wp\/v2\/media\/6495"}],"wp:attachment":[{"href":"https:\/\/icwpredflag.org\/wp\/wordpress\/wp-json\/wp\/v2\/media?parent=7529"}],"curies":[{"name":"wp","href":"https:\/\/api.w.org\/{rel}","templated":true}]}}