{"id":8077,"date":"2021-01-07T23:33:32","date_gmt":"2021-01-07T23:33:32","guid":{"rendered":"https:\/\/icwpredflag.org\/wp\/wordpress\/?page_id=8077"},"modified":"2021-01-15T01:53:14","modified_gmt":"2021-01-15T01:53:14","slug":"volume-11-number-17","status":"publish","type":"page","link":"https:\/\/icwpredflag.org\/wp\/wordpress\/volume-11-number-17\/","title":{"rendered":"Volume 11, Number 17"},"content":{"rendered":"<p style=\"text-align: center;\">(Sitio en Espa\u00f1ol <a class=\"icwp-emph\" href=\"https:\/\/icwpredflag.org\/wp\/wordpress\/wps\">aqu\u00ed<\/a>)<\/p>\n<p style=\"text-align: center;\"><img loading=\"lazy\" decoding=\"async\" class=\"alignnone wp-image-8090\" src=\"https:\/\/icwpredflag.org\/wp\/wordpress\/wp-content\/uploads\/2021\/01\/India10-300x148.jpg\" alt=\"\" width=\"646\" height=\"319\" srcset=\"https:\/\/icwpredflag.org\/wp\/wordpress\/wp-content\/uploads\/2021\/01\/India10-300x148.jpg 300w, https:\/\/icwpredflag.org\/wp\/wordpress\/wp-content\/uploads\/2021\/01\/India10-768x378.jpg 768w, https:\/\/icwpredflag.org\/wp\/wordpress\/wp-content\/uploads\/2021\/01\/India10.jpg 878w\" sizes=\"auto, (max-width: 646px) 100vw, 646px\" \/><\/p>\n<p style=\"text-align: center;\"><strong>Massive Farmer &#8211; Worker &#8211; Student &#8211; Soldier Protests in India<\/strong><\/p>\n<p style=\"text-align: center;\">\n<!-- Page-list plugin v.5.22 wordpress.org\/plugins\/page-list\/ -->\n<div class=\"page-list page-list-ext \">\n<div class=\"page-list-ext-item\"><div class=\"page-list-ext-image\"><a href=\"https:\/\/icwpredflag.org\/wp\/wordpress\/volume-11-number-17\/india-farmers-protests-create-fertile-ground-for-revolution\/\" title=\"India: Farmers\u2019 Protests Create Fertile Ground for Revolution\"><img decoding=\"async\" src=\"https:\/\/icwpredflag.org\/wp\/wordpress\/wp-content\/uploads\/2021\/01\/indiaprot-300x169.jpg\" width=\"150\" alt=\"India: Farmers\u2019 Protests Create Fertile Ground for Revolution\" \/><\/a><\/div> <strong class=\"page-list-ext-title\"><a class=\"icwp-emph\" href=\"https:\/\/icwpredflag.org\/wp\/wordpress\/volume-11-number-17\/india-farmers-protests-create-fertile-ground-for-revolution\/\" title=\"India: Farmers\u2019 Protests Create Fertile Ground for Revolution\">India: Farmers\u2019 Protests Create Fertile Ground for Revolution<\/a><\/strong><div class=\"page-list-ext-item-content\">Farmers, Workers, Students, Soldiers:  Earth-shaking Protests in India Create Possibility of Mass Communist Party   \r\n  \r\nDELHI (India), December 28 \u2014 \u201cI will never forget the last wee...<\/div><\/div>\n<div class=\"page-list-ext-item\"><div class=\"page-list-ext-image\"><a href=\"https:\/\/icwpredflag.org\/wp\/wordpress\/volume-11-number-17\/maquila-worker-confronts-supervisor-and-union-leaders\/\" title=\"Maquila Worker Confronts Supervisor and Union Leaders\"><img decoding=\"async\" src=\"https:\/\/icwpredflag.org\/wp\/wordpress\/wp-content\/uploads\/2021\/01\/Maquilasbetter-300x289.jpg\" width=\"150\" alt=\"Maquila Worker Confronts Supervisor and Union Leaders\" \/><\/a><\/div> <strong class=\"page-list-ext-title\"><a class=\"icwp-emph\" href=\"https:\/\/icwpredflag.org\/wp\/wordpress\/volume-11-number-17\/maquila-worker-confronts-supervisor-and-union-leaders\/\" title=\"Maquila Worker Confronts Supervisor and Union Leaders\">Maquila Worker Confronts Supervisor and Union Leaders<\/a><\/strong><div class=\"page-list-ext-item-content\">Communist Maquila Worker Defies Boss and Union Leaders   \r\n\r\nEL SALVADOR, January 5\u2014 \u201cI went on a political outing with the Red Flag  comrades,\u201d said MC. \u201cThe atmosphere of comrade...<\/div><\/div>\n<div class=\"page-list-ext-item\"><div class=\"page-list-ext-image\"><a href=\"https:\/\/icwpredflag.org\/wp\/wordpress\/volume-11-number-17\/communism-not-democracy-will-defeat-fascism-worldwide\/\" title=\"Communism, Not Democracy, Will Defeat Fascism Worldwide\"><img decoding=\"async\" src=\"https:\/\/icwpredflag.org\/wp\/wordpress\/wp-content\/uploads\/2021\/01\/LA-2018-defeat-fascism-communist-world-232x300.jpg\" width=\"150\" alt=\"Communism, Not Democracy, Will Defeat Fascism Worldwide\" \/><\/a><\/div> <strong class=\"page-list-ext-title\"><a class=\"icwp-emph\" href=\"https:\/\/icwpredflag.org\/wp\/wordpress\/volume-11-number-17\/communism-not-democracy-will-defeat-fascism-worldwide\/\" title=\"Communism, Not Democracy, Will Defeat Fascism Worldwide\">Communism, Not Democracy, Will Defeat Fascism Worldwide<\/a><\/strong><div class=\"page-list-ext-item-content\">US democracy in Crisis: Answer is Communist Revolution   \r\n\r\nUSA, January 6\u2014Fascist Trump supporters fought cops, besieged the nation\u2019s capital and stormed the Capitol Building tod...<\/div><\/div>\n<div class=\"page-list-ext-item\"><div class=\"page-list-ext-image\"><a href=\"https:\/\/icwpredflag.org\/wp\/wordpress\/volume-11-number-17\/seattle-teachers-fight-capitalists-unsafe-school-re-openings\/\" title=\"Seattle Teachers Fight Capitalists\u2019 Unsafe School Re-openings\"><img decoding=\"async\" src=\"https:\/\/icwpredflag.org\/wp\/wordpress\/wp-content\/uploads\/2021\/01\/Seattle-sch-strike-2015-300x175.jpeg\" width=\"150\" alt=\"Seattle Teachers Fight Capitalists\u2019 Unsafe School Re-openings\" \/><\/a><\/div> <strong class=\"page-list-ext-title\"><a class=\"icwp-emph\" href=\"https:\/\/icwpredflag.org\/wp\/wordpress\/volume-11-number-17\/seattle-teachers-fight-capitalists-unsafe-school-re-openings\/\" title=\"Seattle Teachers Fight Capitalists\u2019 Unsafe School Re-openings\">Seattle Teachers Fight Capitalists\u2019 Unsafe School Re-openings<\/a><\/strong><div class=\"page-list-ext-item-content\">Need for communist education\u00a0\u2666   Who will control education? \u2666   \r\nWe Stand with Teachers Who Want to Strike for Safety:  Justification for Reopening Schools Exposes Need...<\/div><\/div>\n<div class=\"page-list-ext-item\"><div class=\"page-list-ext-image\"><a href=\"https:\/\/icwpredflag.org\/wp\/wordpress\/volume-11-number-17\/us-china-conflict-sharpens-us-rulers-prepare-for-war\/\" title=\"US-China Conflict Sharpens: US Rulers Prepare for War\"><img decoding=\"async\" src=\"https:\/\/icwpredflag.org\/wp\/wordpress\/wp-content\/uploads\/2021\/01\/destruir-imperialismo-in-march-300x276.jpg\" width=\"150\" alt=\"US-China Conflict Sharpens: US Rulers Prepare for War\" \/><\/a><\/div> <strong class=\"page-list-ext-title\"><a class=\"icwp-emph\" href=\"https:\/\/icwpredflag.org\/wp\/wordpress\/volume-11-number-17\/us-china-conflict-sharpens-us-rulers-prepare-for-war\/\" title=\"US-China Conflict Sharpens: US Rulers Prepare for War\">US-China Conflict Sharpens: US Rulers Prepare for War<\/a><\/strong><div class=\"page-list-ext-item-content\">Serve the Working class, Not the Nation \u2666  Only Communist Revolution Can Stop WW III \u2666  Why US-China Conflict is Sharpening Now \u2666  \r\n\r\n\r\nServe the International Worki...<\/div><\/div>\n<div class=\"page-list-ext-item\"><div class=\"page-list-ext-image\"><a href=\"https:\/\/icwpredflag.org\/wp\/wordpress\/volume-11-number-17\/covid-vaccine-science-and-politics\/\" title=\"COVID vaccine: science and politics\"><img decoding=\"async\" src=\"https:\/\/icwpredflag.org\/wp\/wordpress\/wp-content\/uploads\/2021\/01\/waiting-for-covid-vax-Fla-1-300x165.jpeg\" width=\"150\" alt=\"COVID vaccine: science and politics\" \/><\/a><\/div> <strong class=\"page-list-ext-title\"><a class=\"icwp-emph\" href=\"https:\/\/icwpredflag.org\/wp\/wordpress\/volume-11-number-17\/covid-vaccine-science-and-politics\/\" title=\"COVID vaccine: science and politics\">COVID vaccine: science and politics<\/a><\/strong><div class=\"page-list-ext-item-content\">Communism will resolve difference between Science and Politics \u2666  Communists fight for the Collective Good \u2666  Discussion About COVID Vaccine \u2666  \r\n\r\n\r\nFlorida, USA\u2014Waiting in line...<\/div><\/div>\n<div class=\"page-list-ext-item\"><div class=\"page-list-ext-image\"><a href=\"https:\/\/icwpredflag.org\/wp\/wordpress\/volume-11-number-17\/south-africa-communist-collectives-grow-despite-pandemic-and-gang-violence\/\" title=\"South Africa: Communist Collectives Grow Despite Pandemic and Gang Violence\"><img decoding=\"async\" src=\"https:\/\/icwpredflag.org\/wp\/wordpress\/wp-content\/uploads\/2021\/01\/icwp-cmds-explaini-c-300x202.jpg\" width=\"150\" alt=\"South Africa: Communist Collectives Grow Despite Pandemic and Gang Violence\" \/><\/a><\/div> <strong class=\"page-list-ext-title\"><a class=\"icwp-emph\" href=\"https:\/\/icwpredflag.org\/wp\/wordpress\/volume-11-number-17\/south-africa-communist-collectives-grow-despite-pandemic-and-gang-violence\/\" title=\"South Africa: Communist Collectives Grow Despite Pandemic and Gang Violence\">South Africa: Communist Collectives Grow Despite Pandemic and Gang Violence<\/a><\/strong><div class=\"page-list-ext-item-content\">New Leaders, New Collectives \u2666  Covid Pandemic: Capitalists Attack Workers \u2666  Fight Gang Violence with Communist Class Consciousness \u2666  \r\nICWP in South Africa: Advan...<\/div><\/div>\n<div class=\"page-list-ext-item\"><div class=\"page-list-ext-image\"><a href=\"https:\/\/icwpredflag.org\/wp\/wordpress\/volume-11-number-17\/soldiers-and-sailors-key-force-for-communist-revolution\/\" title=\"Soldiers and Sailors: Key Force for Communist Revolution\"><img decoding=\"async\" src=\"https:\/\/icwpredflag.org\/wp\/wordpress\/wp-content\/uploads\/2021\/01\/active-rf-194x300.jpg\" width=\"150\" alt=\"Soldiers and Sailors: Key Force for Communist Revolution\" \/><\/a><\/div> <strong class=\"page-list-ext-title\"><a class=\"icwp-emph\" href=\"https:\/\/icwpredflag.org\/wp\/wordpress\/volume-11-number-17\/soldiers-and-sailors-key-force-for-communist-revolution\/\" title=\"Soldiers and Sailors: Key Force for Communist Revolution\">Soldiers and Sailors: Key Force for Communist Revolution<\/a><\/strong><div class=\"page-list-ext-item-content\">India: Soldiers Call on others to defy bosses\u2019 orders \u2666  Letter to a Comrade \u2666  Win leadership of workers and soldiers \u2666  Armed Struggle Must be for Communism \u2666 ...<\/div><\/div>\n<div class=\"page-list-ext-item\"><div class=\"page-list-ext-image\"><a href=\"https:\/\/icwpredflag.org\/wp\/wordpress\/volume-11-number-17\/american-dream-turns-into-nightmare\/\" title=\"\u201cAmerican Dream\u201d Turns into Nightmare\"><img decoding=\"async\" src=\"https:\/\/icwpredflag.org\/wp\/wordpress\/wp-content\/uploads\/2021\/01\/abol-wg-slav-300x205.jpg\" width=\"150\" alt=\"\u201cAmerican Dream\u201d Turns into Nightmare\" \/><\/a><\/div> <strong class=\"page-list-ext-title\"><a class=\"icwp-emph\" href=\"https:\/\/icwpredflag.org\/wp\/wordpress\/volume-11-number-17\/american-dream-turns-into-nightmare\/\" title=\"\u201cAmerican Dream\u201d Turns into Nightmare\">\u201cAmerican Dream\u201d Turns into Nightmare<\/a><\/strong><div class=\"page-list-ext-item-content\">Capitalism\u2019s False Promises Exposed: Workers Need Communism   \r\n\r\nI am a \u201cbaby boomer,\u201d a child of the late 1940s and 1950s. My generation was brought up on the so-called \u201cgreat all-Ame...<\/div><\/div>\n\n<\/div><\/p>\n<ul>\n<li><a class=\"icwp-emph\" href=\"https:\/\/icwpredflag.org\/wp\/wordpress\/fascism-and-communist-revolution-discussion\/\">US Coup Attempt: Fascism and Communist Revolution Discussion<\/a><\/li>\n<li><a class=\"icwp-emph\" href=\"https:\/\/icwpredflag.org\/wp\/wordpress\/wp-content\/uploads\/2021\/01\/RF012721.pdf\">This issue in PDF<\/a><\/li>\n<li><a class=\"icwp-emph\" href=\"https:\/\/icwpredflag.org\/wp\/wordpress\/volume-11-number-16\/\">Previous issue<\/a><\/li>\n<li><a class=\"icwp-emph\" href=\"https:\/\/icwpredflag.org\/wp\/wordpress\/india-tremendous-potential-for-the-communist-revolution\/\">India: Tremendous Potential for Communist Revolution<\/a><\/li>\n<li><a class=\"icwp-emph\" href=\"https:\/\/icwpredflag.org\/wp\/wordpress\/recent-leaflets\/linde-un-enorme-potentiel-pour-la-revolution-communiste\/\">En Fran\u00e7ais: L&#8217;Inde: Un \u00e9norme potentiel pour la r\u00e9volution communiste<\/a><\/li>\n<li><a class=\"icwp-emph\" href=\"https:\/\/icwpredflag.org\/wp\/wordpress\/wp-content\/uploads\/2020\/08\/Hindi11_9.pdf\">\u0930\u0947\u0921 \u092b\u094d\u0932\u0948\u0917, \u0935\u0949\u0932\u094d\u092f\u0942\u092e 11, \u0928\u0902\u092c\u0930 9 (\u0906\u0902\u0936\u093f\u0915) in Hindi<\/a><\/li>\n<li><a class=\"icwp-emph\" href=\"https:\/\/icwpredflag.org\/wp\/wordpress\/wp-content\/uploads\/2020\/08\/Marathi11_9.pdf\">\u0932\u093e\u0932 \u0927\u094d\u0935\u091c, \u0916\u0902\u0921 11, \u0915\u094d\u0930\u092e\u093e\u0902\u0915 9 (\u0906\u0902\u0936\u093f\u0915) in Marathi<\/a><\/li>\n<li><a class=\"icwp-emph\" href=\"https:\/\/icwpredflag.org\/wp\/wordpress\/wp-content\/uploads\/2020\/08\/Urdu_11_9.pdf\">\u0633\u0631\u062e \u067e\u0631\u0686\u0645 \u060c \u062c\u0644\u062f 11 \u060c \u0646\u0645\u0628\u0631 9 (\u062c\u0632\u0648\u06cc) in Urdu<\/a><\/li>\n<li><a class=\"icwp-emph\" href=\"https:\/\/icwpredflag.org\/wp\/wordpress\/wp-content\/uploads\/2020\/08\/tamil9_11.pdf\">\u0b9a\u0bbf\u0bb5\u0baa\u0bcd\u0baa\u0bc1\u0b95\u0bcd \u0b95\u0bca\u0b9f\u0bbf, \u0ba4\u0bca\u0b95\u0bc1\u0ba4\u0bbf 11, \u0b8e\u0ba3\u0bcd 9 in Tamil<\/a><\/li>\n<li><a class=\"icwp-emph\" href=\"https:\/\/icwpredflag.org\/wp\/wordpress\/wp-content\/uploads\/2020\/08\/malayalam.pdf\">\u0d1a\u0d41\u0d35\u0d28\u0d4d\u0d28 \u0d2a\u0d24\u0d3e\u0d15, \u0d35\u0d3e\u0d32\u0d4d\u0d2f\u0d02 11, \u0d28\u0d2e\u0d4d\u0d2a\u0d7c 9 in Malayalam<\/a><\/li>\n<li><a class=\"icwp-emph\" href=\"https:\/\/icwpredflag.org\/wp\/wordpress\/volume-11-number-9\/uqhanqalazo-lwesininzi-ngenxa-yobuhlanga-buvelisa-amathuba-amatsha\/\">Uqhanqalazo Lwesininzi Ngenxa Yobuhlanga Buvelisa Amathuba Amatsha, in Xhosa<\/a><\/li>\n<li><a class=\"icwp-emph\" href=\"https:\/\/icwpredflag.org\/wp\/wordpress\/wp-content\/uploads\/2020\/08\/telugu.pdf\">\u0c0e\u0c30\u0c41\u0c2a\u0c41 \u0c1c\u0c46\u0c02\u0c21\u0c3e, \u0c35\u0c3e\u0c32\u0c4d\u0c2f\u0c42\u0c2e\u0c4d 11, \u0c38\u0c02\u0c16\u0c4d\u0c2f 9 in Telugu<\/a><\/li>\n<li><a class=\"icwp-emph\" href=\"https:\/\/icwpredflag.org\/wp\/wordpress\/\">Main page<\/a><\/li>\n<\/ul>\n<p class=\"p1\" style=\"text-align: center;\"><strong>Join the International Communist Workers\u2019 Party<br \/>\nwww.icwpredflag.org \u2014 Twitter @RedFlagBandera<br \/>\nE-mail: icwp@anonymousspeech.com<br \/>\nInstagram: @icwprf\u00a0 \u00a0Facebook: icwpredflag<br \/>\nWrite to: P.M.B. 362 3006 S. Vermont Ave., Los Angeles, CA 90007, USA<\/strong><\/p>\n","protected":false},"excerpt":{"rendered":"<p>(Sitio en Espa\u00f1ol aqu\u00ed) Massive Farmer &#8211; Worker &#8211; Student &#8211; Soldier Protests in India US Coup Attempt: Fascism and Communist Revolution Discussion This issue in PDF Previous issue India: Tremendous Potential for Communist Revolution En Fran\u00e7ais: L&#8217;Inde: Un \u00e9norme potentiel pour la r\u00e9volution communiste \u0930\u0947\u0921 \u092b\u094d\u0932\u0948\u0917, \u0935\u0949\u0932\u094d\u092f\u0942\u092e 11, \u0928\u0902\u092c\u0930 9 (\u0906\u0902\u0936\u093f\u0915) in Hindi \u0932\u093e\u0932 &hellip; <a href=\"https:\/\/icwpredflag.org\/wp\/wordpress\/volume-11-number-17\/\" class=\"more-link\">Continue reading <span class=\"screen-reader-text\">Volume 11, Number 17<\/span><\/a><\/p>\n","protected":false},"author":1,"featured_media":6495,"parent":0,"menu_order":0,"comment_status":"closed","ping_status":"closed","template":"","meta":{"footnotes":""},"class_list":["post-8077","page","type-page","status-publish","has-post-thumbnail","hentry"],"_links":{"self":[{"href":"https:\/\/icwpredflag.org\/wp\/wordpress\/wp-json\/wp\/v2\/pages\/8077","targetHints":{"allow":["GET"]}}],"collection":[{"href":"https:\/\/icwpredflag.org\/wp\/wordpress\/wp-json\/wp\/v2\/pages"}],"about":[{"href":"https:\/\/icwpredflag.org\/wp\/wordpress\/wp-json\/wp\/v2\/types\/page"}],"author":[{"embeddable":true,"href":"https:\/\/icwpredflag.org\/wp\/wordpress\/wp-json\/wp\/v2\/users\/1"}],"replies":[{"embeddable":true,"href":"https:\/\/icwpredflag.org\/wp\/wordpress\/wp-json\/wp\/v2\/comments?post=8077"}],"version-history":[{"count":22,"href":"https:\/\/icwpredflag.org\/wp\/wordpress\/wp-json\/wp\/v2\/pages\/8077\/revisions"}],"predecessor-version":[{"id":8190,"href":"https:\/\/icwpredflag.org\/wp\/wordpress\/wp-json\/wp\/v2\/pages\/8077\/revisions\/8190"}],"wp:featuredmedia":[{"embeddable":true,"href":"https:\/\/icwpredflag.org\/wp\/wordpress\/wp-json\/wp\/v2\/media\/6495"}],"wp:attachment":[{"href":"https:\/\/icwpredflag.org\/wp\/wordpress\/wp-json\/wp\/v2\/media?parent=8077"}],"curies":[{"name":"wp","href":"https:\/\/api.w.org\/{rel}","templated":true}]}}