{"id":10023,"date":"2023-01-28T21:36:20","date_gmt":"2023-01-28T21:36:20","guid":{"rendered":"https:\/\/icwpredflag.org\/wp\/wordpress\/wps\/?page_id=10023"},"modified":"2023-01-28T21:52:11","modified_gmt":"2023-01-28T21:52:11","slug":"mas-cartas-refugiados-ucranianos-sexismo-violencia-con-armas","status":"publish","type":"page","link":"https:\/\/icwpredflag.org\/wp\/wordpress\/wps\/volumen-14-numero-1\/mas-cartas-refugiados-ucranianos-sexismo-violencia-con-armas\/","title":{"rendered":"Mas Cartas: Refugiados Ucranianos, Sexismo, Violencia con Armas"},"content":{"rendered":"<p style=\"text-align: center\"><strong>Refugiada Ucraniana en Inglaterra: M\u00e1s Similares que Diferentes <a class=\"icwp-emph\" href=\"#1\">aqu\u00ed \u2666<\/a>\u00a0Luchando Contra el Sexismo: Cr\u00edtica y Autocr\u00edtica Comunista <a class=\"icwp-emph\" href=\"#2\">aqu\u00ed \u2666<\/a>\u00a0\u00bfBuscando Civilizaci\u00f3n? No la Encontraremos bajo el Capitalismo <a class=\"icwp-emph\" href=\"#3\">aqu\u00ed \u2666<\/a><\/strong><\/p>\n<p><img loading=\"lazy\" decoding=\"async\" class=\"aligncenter wp-image-9992\" src=\"https:\/\/icwpredflag.org\/wp\/wordpress\/wps\/wp-content\/uploads\/sites\/2\/2023\/01\/ukrsign.jpeg\" alt=\"\" width=\"883\" height=\"497\" srcset=\"https:\/\/icwpredflag.org\/wp\/wordpress\/wps\/wp-content\/uploads\/sites\/2\/2023\/01\/ukrsign.jpeg 405w, https:\/\/icwpredflag.org\/wp\/wordpress\/wps\/wp-content\/uploads\/sites\/2\/2023\/01\/ukrsign-300x169.jpeg 300w\" sizes=\"auto, (max-width: 883px) 100vw, 883px\" \/><\/p>\n<h4 id=\"1\" style=\"text-align: center\"><span style=\"color: #ff0000\"><strong>Refugiada Ucraniana en Inglaterra: M\u00e1s Similares que Diferentes<\/strong><\/span><\/h4>\n<p style=\"text-align: justify\">Una amiga de Ucrania se mud\u00f3 a Cambridge, Inglaterra, debido a los continuos problemas de la guerra. Recibi\u00f3 el estatus de refugiada junto con sus dos hijos y abuelos.<\/p>\n<p style=\"text-align: justify\">En noviembre estaba en Kyiv. El ej\u00e9rcito ruso acababa de comenzar a atacar la infraestructura energ\u00e9tica. El invierno se acercaba. Sin calefacci\u00f3n, sin empleo, con solo incertidumbre\u2026 ella decidi\u00f3 buscar refugio en Inglaterra.<\/p>\n<p style=\"text-align: justify\">Despu\u00e9s de instalarse en un barrio clase obrera, se dio cuenta de que el peque\u00f1o apartamento le costar\u00eda mensualmente 400 libras esterlinas en electricidad. Como refugiada, no puede trabajar. El costo de la guarder\u00eda para sus hijos era asombroso. Por eso, y por la barrera del idioma, y como su estad\u00eda era temporal, decidi\u00f3 mantener a sus hijos en casa.<\/p>\n<p style=\"text-align: justify\">Durante su primer mes en el departamento, recibi\u00f3 una carta intimidante exigiendo el pago inmediato de las tarifas de licencia para usar un televisor. La amenaz\u00f3 que terminar\u00eda en los tribunales. Ella pens\u00f3 que era una estafa, pero era una carta autentica del gobierno. Los contribuyentes brit\u00e1nicos deben pagar una tarifa de licencia anual por cada dispositivo para subsidiar a la BBC (cadena de TV y radio del gobierno).<\/p>\n<p style=\"text-align: justify\">Estaba asombrada porque el mismo programa de la BBC en ucraniano est\u00e1 disponible de forma gratuita en Kyiv y en el resto del mundo en varios idiomas. Mientras viv\u00eda en Kyiv, consideraba a la BBC como una fuente objetiva de noticias. Pero al venir a Inglaterra, descubri\u00f3 que difunde propaganda creada cuidadosamente, pagada toda por los contribuyentes brit\u00e1nicos.<\/p>\n<p style=\"text-align: justify\">Se encuentra en Cambridge con ni\u00f1os hambrientos, sin comida, sin trabajo y con un futuro incierto, no muy diferente de Kyiv. Ella ve gente hambrienta y desempleada en las calles y hay un aumento en la actividad huelgu\u00edstica en todas partes. Eso le recuerda la situaci\u00f3n en Ucrania antes de la guerra: huelgas, hambre y desempleo.<\/p>\n<p style=\"text-align: justify\">De vuelta en Kyiv, la propaganda de Zelensky es como la BBC. Est\u00e1n difundiendo mentiras sobre la guerra. Le est\u00e1n diciendo a las masas que Ucrania va a ganar con la ayuda de la OTAN y los Estados Unidos. A la gente se le dice que despu\u00e9s de la guerra, Ucrania reconstruir\u00e1 todo como Alemania despu\u00e9s de la Segunda Guerra Mundial. Que la gente debe aguantar la guerra y el sufrimiento, pero que estos son temporales.<\/p>\n<p style=\"text-align: justify\">Nuestra amiga inform\u00f3 que cada soldado que es reclutado en Ucrania debe pagar todo lo relacionado con la guerra. La gente est\u00e1 financiando soldados para pagar uniformes, comida, botas y armas peque\u00f1as. Tambi\u00e9n dijo que miles de soldados heridos regresan a casa con traumas severos. Mucha gente le ha dicho que la tuberculosis est\u00e1 muy extendida en el ej\u00e9rcito ucraniano.<\/p>\n<p style=\"text-align: justify\">Desafiando el crudo invierno, los soldados desmovilizados intentan realizar manifestaciones. Son reprimidos r\u00e1pidamente por la polic\u00eda, pero cada vez m\u00e1s soldados se manifiestan.<\/p>\n<p style=\"text-align: justify\">Su historia nos recuerda que, no importa ad\u00f3nde est\u00e9n los trabajadores, tarde o temprano todos enfrentaremos la brutalidad de las guerras. La revoluci\u00f3n comunista parece lejana y en la actualidad imposible. Pero los capitalistas nos est\u00e1n brindando oportunidades para que veamos que somos m\u00e1s parecidos que diferentes.<\/p>\n<p>Y somos muchos. Tenemos un mundo comunista que ganar.<\/p>\n<p>\u2014Camarada con Conexiones<\/p>\n<p style=\"text-align: center\"><strong>Lea nuestro folleto:<\/strong><\/p>\n<p style=\"text-align: center\"><strong>\u201cLuchemos por el D\u00eda en que Ning\u00fan Trabajador sea Llamado Extranjero\u201d<\/strong><\/p>\n<p style=\"text-align: center\"><strong>Disponible <a href=\"https:\/\/icwpredflag.org\/wp\/wordpress\/wps\/wp-content\/uploads\/sites\/2\/2019\/03\/MIgracio%CC%81nESP.pdf\" target=\"_blank\" rel=\"noopener\"><span style=\"color: #ff0000\">aqu\u00ed<\/span><\/a><\/strong><\/p>\n<h4 id=\"2\" style=\"text-align: center\"><span style=\"color: #ff0000\"><strong>Luchando Contra el Sexismo: Cr\u00edtica y Autocr\u00edtica Comunista<\/strong><\/span><\/h4>\n<p style=\"text-align: justify\">Llevo unos seis meses leyendo Bandera Roja con regularidad, y tambi\u00e9n he asistido a varias reuniones del colectivo. Me interesa la pol\u00edtica, aunque todav\u00eda no estoy preparada para afiliarme.<\/p>\n<p style=\"text-align: justify\">Recientemente, el camarada L, que me introdujo al Partido (sol\u00edamos trabajar juntos) me envi\u00f3 el borrador del art\u00edculo de Sud\u00e1frica y me pregunt\u00f3 si pod\u00edamos tener una discusi\u00f3n sobre el sexismo.<\/p>\n<p style=\"text-align: justify\">Hablamos de sexismo cuando volv\u00edamos a casa de una reuni\u00f3n del colectivo. La camarada me llam\u00f3 al d\u00eda siguiente para hablar un poco m\u00e1s sobre el tema y, durante esa conversaci\u00f3n, mencion\u00e9 una preocupaci\u00f3n m\u00eda sobre la reuni\u00f3n.<\/p>\n<p style=\"text-align: justify\">Le dije que me preocupaba que los hombres fueran los que m\u00e1s hablaran. Adem\u00e1s, como era la persona m\u00e1s nueva, no entend\u00eda algunas de las cosas que se estaban discutiendo. S\u00f3lo ten\u00eda una peque\u00f1a idea de algunas de ellas.<\/p>\n<p style=\"text-align: justify\">L me explic\u00f3 que el camarada (masculino) que se uni\u00f3 a nosotros en Zoom no hab\u00eda asistido a una reuni\u00f3n en mucho, mucho tiempo. Los dem\u00e1s estaban muy emocionados por saber de \u00e9l. Sin embargo, dijo que mi cr\u00edtica al sexismo de la reuni\u00f3n era acertada y que una forma de combatirlo era que las mujeres asumieran m\u00e1s liderazgo, incluido la elaboraci\u00f3n de la agenda de la siguiente reuni\u00f3n.<\/p>\n<p style=\"text-align: justify\">L le explic\u00f3 al responsable del colectivo lo que hab\u00edamos decidido y estuvo de acuerdo en que era una buena idea. Esto significa que tendr\u00e9 que asumir m\u00e1s liderazgo y me acercar\u00e9 m\u00e1s al Partido.<\/p>\n<p style=\"text-align: justify\">Me alegro de que la gente se mostrara abierta a discutir sobre el sexismo, y me da esperanzas del trabajo que queda por hacer.<\/p>\n<p>-Amiga de Seattle (EE.UU.)<\/p>\n<p style=\"text-align: center\"><strong>Lea Nuestro Folleto:<\/strong><\/p>\n<p style=\"text-align: center\"><strong>\u201cLa Lucha Comunista Contra El Sexismo\u201d<\/strong><\/p>\n<p style=\"text-align: center\"><strong>Disponible <a href=\"https:\/\/icwpredflag.org\/wp\/wordpress\/wps\/wp-content\/uploads\/sites\/2\/2018\/12\/sexism_pam_final.pdf\" target=\"_blank\" rel=\"noopener\"><span style=\"color: #ff0000\">aqu\u00ed<\/span><\/a><\/strong><\/p>\n<h4 id=\"3\" style=\"text-align: center\"><span style=\"color: #ff0000\"><strong>\u00bfBuscando Civilizaci\u00f3n? No la Encontraremos bajo el Capitalismo<\/strong><\/span><\/h4>\n<p style=\"text-align: justify\"><em><strong>Civilizaci\u00f3n:<\/strong> 1. Un estado avanzado de la sociedad humana, en el que se ha alcanzado un alto nivel cultural, cient\u00edfico y de gobierno \u2013 Diccionario para Universidades de Webster<\/em><\/p>\n<p style=\"text-align: justify\">De repente, el mundo entero est\u00e1 consiente de Monterey Park, donde vivo, un peque\u00f1o suburbio a pocos kil\u00f3metros al este de Los \u00c1ngeles. Un hombre de 72 a\u00f1os dispar\u00f3 contra un estudio de baile, matando a once personas e hiriendo a m\u00e1s. Las noticias dec\u00edan que hab\u00eda sido profesor voluntario de baile all\u00ed. Poco despu\u00e9s atac\u00f3 otro sal\u00f3n de baile cercano, pero un valiente joven consigui\u00f3 desarmarlo. Apenas un d\u00eda despu\u00e9s, se produjo un crimen similar en la ciudad de Half Moon Bay, a unos cientos de kil\u00f3metros de distancia de aqu\u00ed.<\/p>\n<p style=\"text-align: justify\">Esta violencia demuestra que, como ciudad, como sociedad, como personas, nos estamos fallando unos a otros. Nacemos en familias, las familias viven en pueblos, ciudades, estados y pa\u00edses. En alg\u00fan momento, nos debemos los unos a los otros un poco de conexi\u00f3n, amabilidad, caridad. \u00bfPor qu\u00e9 este individuo no ten\u00eda amigos, familia, profesores o cl\u00e9rigos que le apoyaran en su vida? \u00bfUn vecino con quien hablar?<\/p>\n<p style=\"text-align: justify\">Un amigo y yo habl\u00e1bamos de la falta de conexi\u00f3n en nuestras comunidades. Provoca colapsos emocionales en los j\u00f3venes, en los ancianos y en las personas estresadas. Este hombre debi\u00f3 de sentir que no le quedaba nada por lo que vivir. Pose\u00eda un arma grande y poderosa para sentirse m\u00e1s fuerte y protegido. Al final, sus actos le llevaron a quitarse la vida antes que ir a la c\u00e1rcel.<\/p>\n<p style=\"text-align: justify\">Hablamos de como los lobos se cuidan entre s\u00ed. Cuando viajan c0olocan a los lobos m\u00e1s j\u00f3venes y a los cachorros en el centro de la manada. Los mayores van delante para marcar el paso. Los adultos sanos van detr\u00e1s para proteger la manada de atacantes.<\/p>\n<p style=\"text-align: justify\">\u00a1Podemos, debemos y tenemos que hacerlo mejor! Debemos construir un sistema en el que nos cuidemos mutuamente, en el que compartamos productos, servicios y tiempo. La pr\u00e1ctica de obligar a la gente a valerse y superarse \u00abpor s\u00ed mismos \u00bb s\u00f3lo conduce a enfermedades mentales y a abusos a muchos niveles.<\/p>\n<p>-Camarada de Monterey Park (EEUU)<\/p>\n<h4><a href=\"https:\/\/icwpredflag.org\/wp\/wordpress\/wps\/volumen-14-numero-1\/\">Primera p\u00e1gina de esta edici\u00f3n<\/a><\/h4>\n","protected":false},"excerpt":{"rendered":"<p>Refugiada Ucraniana en Inglaterra: M\u00e1s Similares que Diferentes aqu\u00ed \u2666\u00a0Luchando Contra el Sexismo: Cr\u00edtica y Autocr\u00edtica Comunista aqu\u00ed \u2666\u00a0\u00bfBuscando Civilizaci\u00f3n? No la Encontraremos bajo el Capitalismo aqu\u00ed \u2666 Refugiada Ucraniana en Inglaterra: M\u00e1s Similares que Diferentes Una amiga de Ucrania se mud\u00f3 a Cambridge, Inglaterra, debido a los continuos problemas de la guerra. Recibi\u00f3 el &hellip; <a href=\"https:\/\/icwpredflag.org\/wp\/wordpress\/wps\/volumen-14-numero-1\/mas-cartas-refugiados-ucranianos-sexismo-violencia-con-armas\/\" class=\"more-link\">Sigue leyendo <span class=\"screen-reader-text\">Mas Cartas: Refugiados Ucranianos, Sexismo, Violencia con Armas<\/span><\/a><\/p>\n","protected":false},"author":6,"featured_media":5655,"parent":9993,"menu_order":0,"comment_status":"closed","ping_status":"closed","template":"","meta":{"footnotes":""},"class_list":["post-10023","page","type-page","status-publish","has-post-thumbnail","hentry"],"_links":{"self":[{"href":"https:\/\/icwpredflag.org\/wp\/wordpress\/wps\/wp-json\/wp\/v2\/pages\/10023","targetHints":{"allow":["GET"]}}],"collection":[{"href":"https:\/\/icwpredflag.org\/wp\/wordpress\/wps\/wp-json\/wp\/v2\/pages"}],"about":[{"href":"https:\/\/icwpredflag.org\/wp\/wordpress\/wps\/wp-json\/wp\/v2\/types\/page"}],"author":[{"embeddable":true,"href":"https:\/\/icwpredflag.org\/wp\/wordpress\/wps\/wp-json\/wp\/v2\/users\/6"}],"replies":[{"embeddable":true,"href":"https:\/\/icwpredflag.org\/wp\/wordpress\/wps\/wp-json\/wp\/v2\/comments?post=10023"}],"version-history":[{"count":4,"href":"https:\/\/icwpredflag.org\/wp\/wordpress\/wps\/wp-json\/wp\/v2\/pages\/10023\/revisions"}],"predecessor-version":[{"id":10031,"href":"https:\/\/icwpredflag.org\/wp\/wordpress\/wps\/wp-json\/wp\/v2\/pages\/10023\/revisions\/10031"}],"up":[{"embeddable":true,"href":"https:\/\/icwpredflag.org\/wp\/wordpress\/wps\/wp-json\/wp\/v2\/pages\/9993"}],"wp:featuredmedia":[{"embeddable":true,"href":"https:\/\/icwpredflag.org\/wp\/wordpress\/wps\/wp-json\/wp\/v2\/media\/5655"}],"wp:attachment":[{"href":"https:\/\/icwpredflag.org\/wp\/wordpress\/wps\/wp-json\/wp\/v2\/media?parent=10023"}],"curies":[{"name":"wp","href":"https:\/\/api.w.org\/{rel}","templated":true}]}}