{"id":10208,"date":"2023-04-02T11:25:25","date_gmt":"2023-04-02T11:25:25","guid":{"rendered":"https:\/\/icwpredflag.org\/wp\/wordpress\/wps\/?page_id=10208"},"modified":"2023-04-02T11:25:25","modified_gmt":"2023-04-02T11:25:25","slug":"india-planificando-para-el-primero-de-mayo-en-medio-de-la-crisis-y-el-fascismo","status":"publish","type":"page","link":"https:\/\/icwpredflag.org\/wp\/wordpress\/wps\/volumen-14-numero-4\/india-planificando-para-el-primero-de-mayo-en-medio-de-la-crisis-y-el-fascismo\/","title":{"rendered":"India: Planificando para el Primero de Mayo en Medio de la Crisis y el Fascismo"},"content":{"rendered":"<p><img loading=\"lazy\" decoding=\"async\" class=\"aligncenter wp-image-10136\" src=\"https:\/\/icwpredflag.org\/wp\/wordpress\/wps\/wp-content\/uploads\/sites\/2\/2023\/03\/mdsign.jpg\" alt=\"\" width=\"906\" height=\"369\" srcset=\"https:\/\/icwpredflag.org\/wp\/wordpress\/wps\/wp-content\/uploads\/sites\/2\/2023\/03\/mdsign.jpg 572w, https:\/\/icwpredflag.org\/wp\/wordpress\/wps\/wp-content\/uploads\/sites\/2\/2023\/03\/mdsign-300x122.jpg 300w\" sizes=\"auto, (max-width: 906px) 100vw, 906px\" \/><\/p>\n<h4 style=\"text-align: center\"><span style=\"color: #ff0000\">Planificando para el Primero de Mayo 2023: La Aceleraci\u00f3n de la Crisis Capitalista Lleva al Crecimiento del PCOI en el Sur de Asia<\/span><\/h4>\n<p style=\"text-align: justify\">BENGALURU (India), 11 de marzo\u2014 \u201cVamos a seguir luchando\u201d, dijo una camarada que distribuye Bandera Roja en la f\u00e1brica de costura donde trabaja en Sri Lanka. \u201cCuando le\u00ed Bandera Roja en medio de las manifestaciones masivas en Sri Lanka, sent\u00ed que el cambio para derrocar al gobierno capitalista es posible. Este Primero de Mayo se lo demostraremos a las masas\u201d.<\/p>\n<p style=\"text-align: justify\">Esta fue en una reuni\u00f3n internacional h\u00edbrida aqu\u00ed y en l\u00ednea. Entre los participantes hab\u00eda trabajadores automotrices de Chennai, el mayor centro de fabricaci\u00f3n de autom\u00f3viles en la India.<\/p>\n<p style=\"text-align: justify\">Un camarada que trabaja para Ford inform\u00f3 sobre la crisis capitalista en el mundo, centr\u00e1ndose en el sur de Asia. Se\u00f1al\u00f3 que la guerra entre EE.UU., la OTAN y Rusia en Ucrania ha creado enormes oportunidades en todo el mundo para que nuestro partido crezca.<\/p>\n<p style=\"text-align: justify\">En Sri Lanka, el gobierno se derrumb\u00f3 porque no pod\u00eda suministrar energ\u00eda. Mientras las gasolineras se quedaban sin gasolina, los autobuses y los coches hac\u00edan colas kilom\u00e9tricas, paralizando el transporte p\u00fablico y privado. Millones de trabajadores se lanzaron a las calles, hartos del aumento de los precios, el desempleo y la inflaci\u00f3n. Durante estos disturbios masivos, un camarada de Chennai se puso en contacto por primera vez con nuestro camarada de Sri Lanka. Hoy intentamos ir m\u00e1s all\u00e1 y establecer all\u00ed un colectivo activo del Partido.<\/p>\n<p style=\"text-align: justify\">Han surgido oportunidades similares en Pakist\u00e1n, Bangladesh, Afganist\u00e1n y Nepal, donde ya tenemos lectores de Bandera Roja.<\/p>\n<p style=\"text-align: justify\">La situaci\u00f3n en Pakist\u00e1n es muy similar a la crisis de Sri Lanka. El 15 de marzo estallaron protestas en todo el pa\u00eds contra el intento de arrestar al l\u00edder de la oposici\u00f3n Imran Khan, cuyo partido apoya abiertamente a China y Rusia. Los principales generales del r\u00e9gimen militar tienen un largo historial pro-Estados Unidos.<\/p>\n<p style=\"text-align: justify\">Sin embargo, Pakist\u00e1n tiene un proyecto de infraestructuras de 50.000 millones de d\u00f3lares apoyado por China. Incluso el partido gobernante, que es pro Estados Unidos, ve en el Corredor Econ\u00f3mico China-Pakist\u00e1n una forma de dejar de depender de las empresas energ\u00e9ticas estadounidenses. Con el Fondo Monetario Internacional dificultando la concesi\u00f3n de pr\u00e9stamos, Arabia Saud\u00ed se perfila como un actor clave en el rescate de la econom\u00eda pakistan\u00ed.<\/p>\n<p style=\"text-align: justify\">El gobierno fascista de la India se prepara para las elecciones generales de 2024, que decidir\u00e1n el futuro de Modi. El BJP de Modi est\u00e1 acosado por los esc\u00e1ndalos de las empresas dirigidas por el multimillonario Adani. El esc\u00e1ndalo fue expuesto por l venta corta que hizo Hindenburg en Estados Unidos, pero la cuesti\u00f3n de fondo es que el imperio Adani desafiaba a las multinacionales estadouSnidenses. El sector BJP de la clase dirigente india desaf\u00eda abiertamente a Estados Unidos aceptando petr\u00f3leo ruso a precio descontado.<\/p>\n<p style=\"text-align: justify\">Por eso la BBC (que representa a un importante sector de la clase dominante brit\u00e1nica) y el opositor Partido del Congreso indio reaccionaron con tanta rapidez. El Partido del Congreso cita libremente los agudos ataques contra Modi del multimillonario anticomunista George Soros, partidario de las \u201crevoluciones de colores\u201d europeas.<\/p>\n<p style=\"text-align: justify\">Al igual que en Brasil, Israel y otros lugares, las divisiones entre las clases dominantes del sur de Asia se est\u00e1n manifestando en las calles. Los trabajadores no deben apoyar a ninguna facci\u00f3n capitalista ni a ninguno de sus patrocinadores imperialistas. Cuando los gobernantes pongan en movimiento a las masas, debemos hacer todo lo posible para movilizar al mayor n\u00famero posible para el comunismo.<\/p>\n<p><strong>El PCOI Crece en Medio de las Crisis Capitalistas<\/strong><\/p>\n<p style=\"text-align: justify\">En la reuni\u00f3n internacional de Bengaluru hubo un animado debate sobre c\u00f3mo puede crecer nuestro Partido ante el desempleo masivo y la inflaci\u00f3n. Los camaradas informaron que en las f\u00e1bricas de ropa donde trabajan, los patrones est\u00e1n obligando a los obreros a cumplir cuotas m\u00e1s altas, lo que hace estragos en los obreros\/as. Las largas jornadas y el duro trabajo f\u00edsico les dejan menos tiempo con sus familias. El estr\u00e9s conduce al alcoholismo, los abusos sexuales y la violencia.<\/p>\n<p style=\"text-align: justify\">Los sindicatos controlan a los obreros\/as de la costura en todo Bengaluru. Exigen aumentos salariales que el gobierno contrarresta con la inflaci\u00f3n, lo que reduce a\u00fan m\u00e1s el poder adquisitivo. Este ciclo interminable nos mantiene dependientes de los capitalistas.<\/p>\n<p style=\"text-align: justify\">Pero el PCOI fue capaz de liderar a cientos de familias en lucha, apoyando a una compa\u00f1era acosada por su supervisor. Personas que no conoc\u00edamos antes estaban distribuyendo Bandera Roja y discutiendo, por las tardes y en sus lugares de trabajo, su llamamiento de aplastar el sistema sexista del capitalismo. M\u00e1s trabajadores se han unido a nuestras reuniones y han reconocido la necesidad de ampliar la circulaci\u00f3n de Bandera Roja. Esto nos acerca m\u00e1s cerca a romper el ciclo interminable de explotaci\u00f3n capitalista.<\/p>\n<p style=\"text-align: justify\">El aumento de nuestra actividad ha atra\u00eddo la atenci\u00f3n de los matones del BJP. Con las elecciones estatales en mayo, el BJP est\u00e1 decidido a eliminar cualquier obst\u00e1culo para ganar. Aunque denunciamos las elecciones estatales, nuestro llamamiento a la revoluci\u00f3n comunista les preocupa. Han amenazado con descubrir a los dirigentes porque nuestra Bandera Roja no tiene direcci\u00f3n en la India. Hicimos planes para mejorar y ampliar nuestro trabajo frente al fascismo y para duplicar el n\u00famero de miembros del Partido.<\/p>\n<p style=\"text-align: justify\">Inspirados por la participaci\u00f3n de la camarada de Sri Lanka, esperamos llevar grandes grupos a las calles de Delhi, Bengaluru y Chennai para este Primero de Mayo distribuir masivamente Bandera Roja y nuestra l\u00ednea de revoluci\u00f3n comunista.<\/p>\n<h4><a href=\"https:\/\/icwpredflag.org\/wp\/wordpress\/wps\/volumen-14-numero-4\/\">Primera p\u00e1gina de esta edici\u00f3n<\/a><\/h4>\n","protected":false},"excerpt":{"rendered":"<p>Planificando para el Primero de Mayo 2023: La Aceleraci\u00f3n de la Crisis Capitalista Lleva al Crecimiento del PCOI en el Sur de Asia BENGALURU (India), 11 de marzo\u2014 \u201cVamos a seguir luchando\u201d, dijo una camarada que distribuye Bandera Roja en la f\u00e1brica de costura donde trabaja en Sri Lanka. \u201cCuando le\u00ed Bandera Roja en medio &hellip; <a href=\"https:\/\/icwpredflag.org\/wp\/wordpress\/wps\/volumen-14-numero-4\/india-planificando-para-el-primero-de-mayo-en-medio-de-la-crisis-y-el-fascismo\/\" class=\"more-link\">Sigue leyendo <span class=\"screen-reader-text\">India: Planificando para el Primero de Mayo en Medio de la Crisis y el Fascismo<\/span><\/a><\/p>\n","protected":false},"author":6,"featured_media":5655,"parent":10188,"menu_order":0,"comment_status":"closed","ping_status":"closed","template":"","meta":{"footnotes":""},"class_list":["post-10208","page","type-page","status-publish","has-post-thumbnail","hentry"],"_links":{"self":[{"href":"https:\/\/icwpredflag.org\/wp\/wordpress\/wps\/wp-json\/wp\/v2\/pages\/10208","targetHints":{"allow":["GET"]}}],"collection":[{"href":"https:\/\/icwpredflag.org\/wp\/wordpress\/wps\/wp-json\/wp\/v2\/pages"}],"about":[{"href":"https:\/\/icwpredflag.org\/wp\/wordpress\/wps\/wp-json\/wp\/v2\/types\/page"}],"author":[{"embeddable":true,"href":"https:\/\/icwpredflag.org\/wp\/wordpress\/wps\/wp-json\/wp\/v2\/users\/6"}],"replies":[{"embeddable":true,"href":"https:\/\/icwpredflag.org\/wp\/wordpress\/wps\/wp-json\/wp\/v2\/comments?post=10208"}],"version-history":[{"count":2,"href":"https:\/\/icwpredflag.org\/wp\/wordpress\/wps\/wp-json\/wp\/v2\/pages\/10208\/revisions"}],"predecessor-version":[{"id":10210,"href":"https:\/\/icwpredflag.org\/wp\/wordpress\/wps\/wp-json\/wp\/v2\/pages\/10208\/revisions\/10210"}],"up":[{"embeddable":true,"href":"https:\/\/icwpredflag.org\/wp\/wordpress\/wps\/wp-json\/wp\/v2\/pages\/10188"}],"wp:featuredmedia":[{"embeddable":true,"href":"https:\/\/icwpredflag.org\/wp\/wordpress\/wps\/wp-json\/wp\/v2\/media\/5655"}],"wp:attachment":[{"href":"https:\/\/icwpredflag.org\/wp\/wordpress\/wps\/wp-json\/wp\/v2\/media?parent=10208"}],"curies":[{"name":"wp","href":"https:\/\/api.w.org\/{rel}","templated":true}]}}