{"id":10265,"date":"2023-04-23T12:30:15","date_gmt":"2023-04-23T12:30:15","guid":{"rendered":"https:\/\/icwpredflag.org\/wp\/wordpress\/wps\/?page_id=10265"},"modified":"2023-05-14T18:09:53","modified_gmt":"2023-05-14T18:09:53","slug":"el-salvador-mexico-sudafrica-pongamosle-fin-a-la-esclavitud-salarial","status":"publish","type":"page","link":"https:\/\/icwpredflag.org\/wp\/wordpress\/wps\/volumen-14-numero-5x\/el-salvador-mexico-sudafrica-pongamosle-fin-a-la-esclavitud-salarial\/","title":{"rendered":"El Salvador, M\u00e9xico, Sud\u00e1frica: \u00a1Pong\u00e1mosle Fin a la Esclavitud Salarial!"},"content":{"rendered":"<p style=\"text-align: center\"><strong>El Comunismo Liberar\u00e1 a lxs Trabajadorxs de la Esclavitud Salarial Capitalista <a class=\"icwp-emph\" href=\"#1\">aqu\u00ed \u2666<\/a> Primero de Mayo en M\u00e9xico: Revoluci\u00f3n Comunista, No Sindicalismo Reformista <a class=\"icwp-emph\" href=\"#2\">aqu\u00ed \u2666<\/a> El Dinero es una Relaci\u00f3n Social <a class=\"icwp-emph\" href=\"#3\">aqu\u00ed \u2666<\/a> Organizando Obreros Industriales en Sud\u00e1frica <a class=\"icwp-emph\" href=\"#4\">aqu\u00ed \u2666<\/a><\/strong><\/p>\n<p><img loading=\"lazy\" decoding=\"async\" class=\"aligncenter wp-image-10243\" src=\"https:\/\/icwpredflag.org\/wp\/wordpress\/wps\/wp-content\/uploads\/sites\/2\/2023\/04\/elsalleaf.jpg\" alt=\"\" width=\"649\" height=\"392\" \/><\/p>\n<h4 id=\"1\" style=\"text-align: center\"><span style=\"color: #ff0000\"><strong>El Comunismo Liberar\u00e1 a lxs Trabajadorxs de la Esclavitud Salarial Capitalista<\/strong><\/span><\/h4>\n<p style=\"text-align: justify\">El Salvador 17 de abril &#8212; \u201cEs tiempo de luchar por una sociedad justa para la clase trabajadora \u201cdijo un joven obrero, cuando se le invit\u00f3 a participar en la marcha del 1 de mayo. \u201cEsa es la sociedad Comunista\u201d, agreg\u00f3 otro trabajador, en una reuni\u00f3n de colectivo.<\/p>\n<p style=\"text-align: justify\">El Partido Comunista Obrero Internacional movilizar\u00e1 a trabajadores industriales, estudiantes campesinos, trabajadores de la salud y docentes, para marchar por el Comunismo, el d\u00eda de la clase trabajadora, el 1 de mayo. Se distribuir\u00e1 nuestro Peri\u00f3dico Bandera Roja y ondear\u00e1n las banderas rojas de la revoluci\u00f3n comunista, de la clase obrera.<\/p>\n<p style=\"text-align: justify\">La clase trabajadora necesita una sociedad sin clases, sin dinero, sin racismo, ni sexismo, un sistema que termine con la relaci\u00f3n de vender la fuerza de trabajo como mercanc\u00eda, por un m\u00edsero salario, para poder subsistir. Necesitamos el Comunismo, donde la producci\u00f3n sea en base a la necesidad de la humanidad no para obtener ganancias.<\/p>\n<p style=\"text-align: justify\">\u201cSomos millones de obreros y obreras que trabajamos en las f\u00e1bricas en todo el mundo, y el salario no alcanza para cubrir los gastos b\u00e1sicos que una familia requiere\u201d, dijo una trabajadora. Los capitalistas nos roban, nos estafan, nos deben, esto tiene que tener su fin, y lo lograr\u00e1 la clase obrera organizada en el PCOI, luchando por el Comunismo.<\/p>\n<p style=\"text-align: justify\">Los patrones tienen aliados en los ministerios y sindicatos, quienes dan discursos demag\u00f3gicos haciendo creer que van a resolver los problemas que enfrentan los obreros, esto es una trampa pol\u00edtica en la que no debemos caer, pues debajo de la mesa ya tienen acuerdos que van en contra de la clase obrera, eso se ha vivido \u00faltimamente en la f\u00e1brica, cuando los trabajadores exig\u00edan el pago de la indemnizaci\u00f3n por el trabajo realizado el a\u00f1o anterior y que a\u00fan no pagan. El PCOI lucha para liberarse de esta c\u00e1rcel disfrazada de libertad que es el podrido sistema capitalista.<\/p>\n<p style=\"text-align: justify\">Estamos reuni\u00e9ndonos en los diferentes colectivos en las f\u00e1bricas, y el campo, para discutir la \u00fanica forma de terminar con la esclavitud salarial, e invitando a la gran movilizaci\u00f3n por el d\u00eda de la clase trabajadora y reafirmando nuestro compromiso de luchar por la clase obrera, organizando a m\u00e1s trabajadores industriales que son clave para la revoluci\u00f3n comunista.<\/p>\n<p style=\"text-align: justify\">Hemos visto como miles de trabajadores realizan protestas masivas en varias partes del mundo, el capitalismo est\u00e1 en crisis, la desigualdad aumenta cada d\u00eda, nos enfrentamos a olas de despidos que han generado los levantamientos, esto muestra que la sociedad busca una sociedad distinta, pero tambi\u00e9n muestra la necesidad de un partido que dirija esas luchas, esta es una oportunidad para organizar para el PCOI.<\/p>\n<p style=\"text-align: justify\">En esta marcha distribuiremos masivamente la literatura del partido, nuestro peri\u00f3dico Bandera Roja, las masas necesitan saber de Comunismo, para salir de la tradicional lucha por reformas que hace m\u00e1s larga la esclavitud salarial y que mata de hambre a millones en el mundo, mientras unos pocos disfrutan de las ganancias generadas por los trabajadores. El sistema Comunista acabar\u00e1 con el hambre y la explotaci\u00f3n de la humanidad pues la vida ser\u00e1 en colectividad. Tenemos una tarea hist\u00f3rica romper las cadenas de la esclavitud salarial.<\/p>\n<p style=\"text-align: justify\">Nuestro colectivo de campesinos luchadores por el comunismo, tambi\u00e9n est\u00e1n invitando a la marcha a lectores de Bandera Roja de su comunidad.<\/p>\n<p style=\"text-align: justify\">El Partido Comunista Obrero Internacional, organiza activamente para terminar con la explotaci\u00f3n, desaparecer las fronteras y todo aquello que divida a los trabajadores, estamos construyendo un partido de masas, estableciendo relaciones pol\u00edticas comunistas internacionalmente.<\/p>\n<p style=\"text-align: justify\">\u00a1\u00danete al PCOI y marchar por el comunismo este 1 de mayo!<\/p>\n<h4 id=\"2\" style=\"text-align: center\"><span style=\"color: #ff0000\"><strong>Primero de Mayo: Revoluci\u00f3n Comunista, No Sindicalismo Reformista<\/strong><\/span><\/h4>\n<p style=\"text-align: justify\">MEXICO, 19 de abril \u2014 El 1\u00ba de Mayo celebra la unidad INTERNACIONAL de la clase obrera contra la clase capitalista en todo el mundo.<\/p>\n<p style=\"text-align: justify\">Los gobiernos en cada pa\u00eds sirven a los patrones capitalistas. Har\u00e1n esto hasta que nuestra clase se constituya como Partido Comunista Obrero Internacional, construyendo en lucha las relaciones y la solidaridad comunistas necesarias para nuestra sociedad sin clases mientras organizamos la revoluci\u00f3n.<\/p>\n<p style=\"text-align: justify\">PCOI organiza masivamente para el Comunismo. Los obreros producimos, con nuestras manos y cerebros, todo para reproducir la vida. En el comunismo produciremos y compartiremos este valor \u2013 \u00a1sin dinero, esclavitud salarial, o patrones.<\/p>\n<p style=\"text-align: justify\">Al intensificarse la rivalidad EEUU-China \u2013 amenazando a una 3\u00aa Guerra Mundial \u2013 los capitalistas de EEUU mueven sus f\u00e1bricas a M\u00e9xico. Necesitaran la cr\u00edtica producci\u00f3n b\u00e9lica m\u00e1s cerca de su mercado. Tambi\u00e9n es crucial la superexplotaci\u00f3n de la mano de obra de los m\u00e1s mal pagados. Este el verdadero significado de \u201crelocalizaci\u00f3n\u201d.<\/p>\n<p style=\"text-align: justify\">La reforma laboral del presidente Obrador, derivada del NAFTA (ahora TMEC), pregona promover \u201cdemocracia sindical\u201d quitando lideres patronales y \u201cContratos de protecci\u00f3n\u201d (patronales). Pero esto no es en inter\u00e9s de la clase obrera. Contratos legitimados por el gobierno han dejado a la vieja dirigencia en Telmex, Miner\u00eda, Pemex, CFE.<\/p>\n<p style=\"text-align: justify\">El sindicalismo en M\u00e9xico, desde la revoluci\u00f3n de 1910, es controlado por los gobiernos en turno. El capitalismo tiene tan poco que ofrecerle a la clase obrera que esas viejas costumbres han regresado con Obrador y MORENA.<\/p>\n<p style=\"text-align: justify\">Las reformas sindicales no pueden liberarnos de la esclavitud asalariada. M\u00e1s de dos siglos de lucha, muestran la necesidad de reconstituirnos como PCOI para asegurar nuestro accionar independiente, contundente y revolucionario. Las condiciones est\u00e1n dadas.<\/p>\n<p style=\"text-align: justify\">El valor producido por los obreros aumenta con los avances tecnol\u00f3gicos. Los grandes capitalistas aprovecharon la pandemia para en dos a\u00f1os duplicar sus riquezas. Ahora est\u00e1n contratando m\u00e1s trabajadores, casi alcanzando el nivel prepandemia \u2013 pero pagando menos.<\/p>\n<p style=\"text-align: justify\">La proporci\u00f3n de la riqueza que nos llega en salarios se reduce cada vez. En la industria manufacturera, el obrero produce en 24.67 minutos su salario del d\u00eda, los restantes 455.33 minutos es la producci\u00f3n que se roban los capitalistas.<\/p>\n<p style=\"text-align: justify\">La tecnolog\u00eda no puede producir valor. \u00a1Solo la fuerza laboral obrera puede! Invertir en maquinarias m\u00e1s caras implica reducir la tasa de ganancia de los millonarios e intensificando la competencia lo cual inevitablemente lleva a la guerra.<\/p>\n<p style=\"text-align: justify\">Esto empobrece m\u00e1s a la clase obrera. Para mantener a sus esclavos vivos, el gobierno capitalista crea \u201cprogramas sociales\u201d: subsidios a los adultos mayores, estudiantes, madres solteras. Adem\u00e1s, esta \u201cbeneficencia\u201d mantiene la demanda de mercanc\u00edas producidas en mayor cantidad de la que los obreros podemos comprar.<\/p>\n<p style=\"text-align: justify\">No satisfechos con explotar nuestra fuerza de trabajo, los abusos se incrementan cada d\u00eda. Luego, el comerciante y casateniente nos roban nuestro sueldo miserable.<\/p>\n<p style=\"text-align: justify\">No somos libres: los patrones dictan como vivimos y morimos. La compraventa NO es la forma m\u00e1s libre, menos violenta de organizar la sociedad. Los programas sociales (sufragados por el erario), la demagogia contra la \u201coligarqu\u00eda conservadora\u201d y \u201cel neoliberalismo\u201d, y el mito de los h\u00e9roes, no atacan la esclavitud asalariada. Son parte del enga\u00f1o que el sistema necesita.<\/p>\n<p style=\"text-align: justify\">Necesitamos el PCOI: Hay masivas y violentas manifestaciones por todo el mundo desde Asia a Europa y de \u00c1frica a Am\u00e9rica. El orden mundial capitalista esta convulsionado. Sin embargo, nuestra clase obrera necesita la acci\u00f3n consciente liderada por nuestro partido comunista. La tarea hist\u00f3rica del PCOI es movilizar masivamente a la clase obrera para construir nuestro Partido y conquistar el comunismo.<\/p>\n<p style=\"text-align: justify\">El capital somete diariamente a millones de personas a los efectos horrorosos de sus contradicciones. El hambre, violencia criminal, racismo, sexismo y guerra son la reproducci\u00f3n consecuente de un sistema que produce para ganancias.<\/p>\n<p style=\"text-align: justify\">Este Primero de Mayo reafirmamos que la soluci\u00f3n al horror capitalista es la revoluci\u00f3n comunista.<\/p>\n<h4 id=\"3\" style=\"text-align: center\"><span style=\"color: #ff0000\"><strong>El Dinero es una Relaci\u00f3n Social de Explotaci\u00f3n<\/strong><\/span><\/h4>\n<p style=\"text-align: justify\">Soy un obrero industrial en Sud\u00e1frica y trabajo para Transnet, una compa\u00f1\u00eda ferroviaria sudafricana. Leo Bandera Roja en Internet porque vivo lejos de Port Elizabeth.<\/p>\n<p style=\"text-align: justify\">Le\u00ed el art\u00edculo sobre la crisis del Banco Silicon Valley. Dice que el dinero es una relaci\u00f3n de explotaci\u00f3n. Empec\u00e9 a pensar m\u00e1s en ello. Transnet obtuvo un pr\u00e9stamo de 5,000 millones de d\u00f3lares del Banco de Desarrollo de China. En 15 a\u00f1os, el BDC organizar\u00e1 para transferir miles de millones de d\u00f3lares procedentes de la superexplotaci\u00f3n de los trabajadores sudafricanos.<\/p>\n<p style=\"text-align: justify\">En Sud\u00e1frica, mucha gente sue\u00f1a con comprarse un iPhone de Apple. Es muy caro. La mayor\u00eda compra un m\u00f3vil m\u00e1s barato, casi todos fabricados en China. Cuando los trabajadores compran un m\u00f3vil, piensan en las caracter\u00edsticas, colores, estilos, etc. Pero nadie piensa en las largas horas de trabajo, las estresantes condiciones laborales y las condiciones carcelarias de China. Similarmente, cuando los diamantes, el oro, el platino o la soja sudafricana que se venden en otros pa\u00edses, la gente no piensa en la dif\u00edcil situaci\u00f3n y el sufrimiento de los trabajadores sudafricanos.<\/p>\n<p style=\"text-align: justify\">Relacionamos los tel\u00e9fonos m\u00f3viles o los minerales en t\u00e9rminos de intercambio, sin ver la naturaleza explotadora de trabajar para los capitalistas. El art\u00edculo deja claro que no necesitamos el dinero y los bancos, es la fuente de la explotaci\u00f3n. Cuando hablo con mis compa\u00f1eros de trabajo, est\u00e1n de acuerdo. Pienso distribuir m\u00e1s ejemplares de Bandera Roja entre mis compa\u00f1eros de trabajo.<\/p>\n<p style=\"text-align: justify\">-Compa\u00f1ero trabajador industrial en Sud\u00e1frica<\/p>\n<h4 id=\"4\" style=\"text-align: center\"><span style=\"color: #ff0000\"><strong>Organizando Obreros Industriales en Sud\u00e1frica<\/strong><\/span><\/h4>\n<p>Hola camaradas,<\/p>\n<p style=\"text-align: justify\">Me llamo T. Soy miembro de LLE (Luchadores por la Libertad Econ\u00f3mica). Pero hace poco un amigo me invit\u00f3 a una reuni\u00f3n del PCOI.<\/p>\n<p style=\"text-align: justify\">He estado involucrado en pol\u00edtica casi toda mi juventud, primero con la liga juvenil del CNA (Congreso Nacional Africano), y ahora con el LLE. Mis razones no han cambiado: debe haber un cambio radical en la sociedad.<\/p>\n<p style=\"text-align: justify\">Primero pens\u00e9 que el CNA provocar\u00eda ese cambio. Cuando el cambio que esperaba result\u00f3 in\u00fatil en el CNA, me un\u00ed recientemente a LLE por creyendo que era una mejor alternativa. S\u00f3lo quer\u00eda dejar esto claro.<\/p>\n<p style=\"text-align: justify\">El tema de la reuni\u00f3n del PCOI era c\u00f3mo movilizar eficazmente el trabajo industrial. El objetivo de la reuni\u00f3n era principalmente responder a tres preguntas. Primero, \u00bfpor qu\u00e9 es esto importante? En segundo lugar, \u00bfqui\u00e9n debe llevar a cabo este trabajo? Por \u00faltimo, \u00bfc\u00f3mo podemos hacer un an\u00e1lisis m\u00e1s profundo de nuestra movilizaci\u00f3n industrial para comprender mejor lo que funciona y lo que no funciona?<\/p>\n<p style=\"text-align: justify\">Esto era nuevo para m\u00ed. Nunca en mi vida hab\u00eda pensado en trabajar de esta manera. Incluso durante el ciclo electoral, ning\u00fan partido pol\u00edtico se molesta en ir a donde trabajan los obreros. As\u00ed que esto me llam\u00f3 la atenci\u00f3n porque nuestro trabajo en LLE siempre se centraba en el trabajo comunitario y en m\u00edtines en salones comunitarios o estadios.<\/p>\n<p style=\"text-align: justify\">Lo que propon\u00eda el camarada del PCOI era nuevo para m\u00ed. Esta reuni\u00f3n me ayud\u00f3 a cambiar mi punto de vista y ver la sociedad no en t\u00e9rminos raciales, sino en t\u00e9rminos de clases. Todo lo que haga o diga debe reflejar mi perspectiva comunista.<\/p>\n<p style=\"text-align: justify\">Mi \u00fanica cr\u00edtica es que me fui con la impresi\u00f3n de que el enfoque principal eran los obreros industriales, y no otros trabajadores como, por ejemplo, los de la construcci\u00f3n y los pintores, que creo que son los trabajadores m\u00e1s explotados de Sud\u00e1frica. Tal vez porque era mi primera reuni\u00f3n, estas cosas se aclarar\u00e1n con el tiempo, ya que tengo la intenci\u00f3n de participar con los camaradas en la pr\u00f3xima reuni\u00f3n y movilizaci\u00f3n.<\/p>\n<p style=\"text-align: justify\">Perm\u00edtanme concluir diciendo que estoy de acuerdo con la mayor parte de lo que el PCOI est\u00e1 prescribiendo, que el comunismo es la soluci\u00f3n al capitalismo. Pero ser\u00e9 honesto y dir\u00e9 tambi\u00e9n que algunas de las soluciones son poco convencionales, como la necesidad de deshacerse del dinero. No estoy convencido en ese punto. Pero, en general, ha sido una buena reuni\u00f3n, que me ha abierto los ojos. Espero con impaciencia la pr\u00f3xima.<\/p>\n<p>-Amigo Entusiasmado<\/p>\n<h4><a href=\"https:\/\/icwpredflag.org\/wp\/wordpress\/wps\/volumen-14-numero-5x\/\">Primera p\u00e1gina de esta edici\u00f3n<\/a><\/h4>\n","protected":false},"excerpt":{"rendered":"<p>El Comunismo Liberar\u00e1 a lxs Trabajadorxs de la Esclavitud Salarial Capitalista aqu\u00ed \u2666 Primero de Mayo en M\u00e9xico: Revoluci\u00f3n Comunista, No Sindicalismo Reformista aqu\u00ed \u2666 El Dinero es una Relaci\u00f3n Social aqu\u00ed \u2666 Organizando Obreros Industriales en Sud\u00e1frica aqu\u00ed \u2666 El Comunismo Liberar\u00e1 a lxs Trabajadorxs de la Esclavitud Salarial Capitalista El Salvador 17 de &hellip; <a href=\"https:\/\/icwpredflag.org\/wp\/wordpress\/wps\/volumen-14-numero-5x\/el-salvador-mexico-sudafrica-pongamosle-fin-a-la-esclavitud-salarial\/\" class=\"more-link\">Sigue leyendo <span class=\"screen-reader-text\">El Salvador, M\u00e9xico, Sud\u00e1frica: \u00a1Pong\u00e1mosle Fin a la Esclavitud Salarial!<\/span><\/a><\/p>\n","protected":false},"author":6,"featured_media":5655,"parent":10251,"menu_order":0,"comment_status":"closed","ping_status":"closed","template":"","meta":{"footnotes":""},"class_list":["post-10265","page","type-page","status-publish","has-post-thumbnail","hentry"],"_links":{"self":[{"href":"https:\/\/icwpredflag.org\/wp\/wordpress\/wps\/wp-json\/wp\/v2\/pages\/10265","targetHints":{"allow":["GET"]}}],"collection":[{"href":"https:\/\/icwpredflag.org\/wp\/wordpress\/wps\/wp-json\/wp\/v2\/pages"}],"about":[{"href":"https:\/\/icwpredflag.org\/wp\/wordpress\/wps\/wp-json\/wp\/v2\/types\/page"}],"author":[{"embeddable":true,"href":"https:\/\/icwpredflag.org\/wp\/wordpress\/wps\/wp-json\/wp\/v2\/users\/6"}],"replies":[{"embeddable":true,"href":"https:\/\/icwpredflag.org\/wp\/wordpress\/wps\/wp-json\/wp\/v2\/comments?post=10265"}],"version-history":[{"count":2,"href":"https:\/\/icwpredflag.org\/wp\/wordpress\/wps\/wp-json\/wp\/v2\/pages\/10265\/revisions"}],"predecessor-version":[{"id":10377,"href":"https:\/\/icwpredflag.org\/wp\/wordpress\/wps\/wp-json\/wp\/v2\/pages\/10265\/revisions\/10377"}],"up":[{"embeddable":true,"href":"https:\/\/icwpredflag.org\/wp\/wordpress\/wps\/wp-json\/wp\/v2\/pages\/10251"}],"wp:featuredmedia":[{"embeddable":true,"href":"https:\/\/icwpredflag.org\/wp\/wordpress\/wps\/wp-json\/wp\/v2\/media\/5655"}],"wp:attachment":[{"href":"https:\/\/icwpredflag.org\/wp\/wordpress\/wps\/wp-json\/wp\/v2\/media?parent=10265"}],"curies":[{"name":"wp","href":"https:\/\/api.w.org\/{rel}","templated":true}]}}