{"id":10279,"date":"2023-04-23T14:20:11","date_gmt":"2023-04-23T14:20:11","guid":{"rendered":"https:\/\/icwpredflag.org\/wp\/wordpress\/wps\/?page_id=10279"},"modified":"2023-05-14T18:13:12","modified_gmt":"2023-05-14T18:13:12","slug":"crisis-climatica-capitalista-no-hay-tiempo-que-perder","status":"publish","type":"page","link":"https:\/\/icwpredflag.org\/wp\/wordpress\/wps\/volumen-14-numero-5x\/crisis-climatica-capitalista-no-hay-tiempo-que-perder\/","title":{"rendered":"Crisis Clim\u00e1tica Capitalista: No Hay Tiempo que Perder"},"content":{"rendered":"<h4 style=\"text-align: center\"><span style=\"color: #ff0000\"><strong>La Crisis Clim\u00e1tica No Est\u00e1 por Venir &#8230;. \u00a1Ya Est\u00e1 Aqu\u00ed! Destruyamos el Capitalismo para que los Trabajadores Podamos Implementar Soluciones<\/strong><\/span><\/h4>\n<p>&nbsp;<\/p>\n<p><img loading=\"lazy\" decoding=\"async\" class=\"aligncenter wp-image-10244\" src=\"https:\/\/icwpredflag.org\/wp\/wordpress\/wps\/wp-content\/uploads\/sites\/2\/2023\/04\/climstrugg.jpg\" alt=\"\" width=\"673\" height=\"718\" \/><\/p>\n<p style=\"text-align: justify\">13 de abril- Las inundaciones monz\u00f3nicas sumergieron un tercio de las tierras de Pakist\u00e1n el a\u00f1o pasado. El lago Tulare en California (EEUU) resurgi\u00f3 para retomarse miles de hect\u00e1reas agr\u00edcolas. Las inundaciones en Per\u00fa provocaron deslizamientos de tierra mortales. Inundaciones r\u00e9cord sumergieron a Petr\u00f3polis (Brasil), Sud\u00e1frica, Serbia e Indonesia.<\/p>\n<p style=\"text-align: justify\">Personas y animales se ahogaron. Casas arrasadas. Destrucci\u00f3n masiva de cosechas y hambruna. Epidemias de enfermedades transmitidas por el agua. Migraci\u00f3n forzada. Aumento del n\u00famero de ni\u00f1as novias en Pakist\u00e1n, ya que las familias desesperadas casan a las j\u00f3venes.<\/p>\n<p style=\"text-align: justify\">La otra cara de la moneda es la sequ\u00eda. En China, el importante r\u00edo Yangts\u00e9 cay\u00f3 a niveles m\u00ednimos hist\u00f3ricos. La represa hidroel\u00e9ctrica de Sichuan descendi\u00f3 tanto que pusieron en peligro el suministro el\u00e9ctrico. El calor abrasador en el sur de Asia derriti\u00f3 los glaciares, provocando las desastrosas inundaciones. El calor y la sequ\u00eda sin precedentes all\u00ed y en Estados Unidos provocaron devastadores incendios forestales.<\/p>\n<p style=\"text-align: justify\"><strong>Todo ello debido al cambio clim\u00e1tico global provocado por el capitalismo.<\/strong><\/p>\n<p style=\"text-align: justify\">Los cient\u00edficos han confirmado recientemente que \u00abla frecuencia y la intensidad de las precipitaciones y las sequ\u00edas est\u00e1n aumentando debido a la quema de combustibles f\u00f3siles y a otras actividades humanas que liberan gases de efecto invernadero\u2026. El fuerte v\u00ednculo entre estos extremos clim\u00e1ticos y el aumento de las temperaturas medias globales significa que el calentamiento global continuado significar\u00e1 m\u00e1s sequ\u00edas y tormentas de lluvia m\u00e1s frecuentes, m\u00e1s severas, m\u00e1s largas y grandes.\u00bb<\/p>\n<p style=\"text-align: justify\">Pero no se trata de actividad \u00abhumana\u00bb. Los humanos vivieron en la Tierra durante casi 200 millones de a\u00f1os antes de que la revoluci\u00f3n industrial capitalista empezara a escupir carbono. Desde entonces, ha sido la actividad capitalista: lucha por las m\u00e1ximas ganancias. En 2022, cinco grandes empresas petroleras y de gas obtuvieron unos beneficios de casi 200,000 millones de d\u00f3lares, pero no pudieron dedicar 16,000 millones a mitigar los da\u00f1os causados por las inundaciones en Pakist\u00e1n.<\/p>\n<p style=\"text-align: justify\">El problema no son s\u00f3lo los que niegan el cambio clim\u00e1tico. Son los grupos de reflexi\u00f3n, las comisiones, los pol\u00edticos y los medios de comunicaci\u00f3n capitalistas que declaran que \u00abdebemos\u00bb reducir dr\u00e1sticamente las emisiones de carbono, pero ocultan monta\u00f1as de pruebas de que el capitalismo no puede hacerlo.<\/p>\n<p style=\"text-align: justify\">El candidato Biden prometi\u00f3 prohibir \u00abnuevos permisos de petr\u00f3leo y gas en tierras y aguas p\u00fablicas\u00bb. Pero el presidente Biden acaba de abrir Willow (Alaska) a la perforaci\u00f3n petrol\u00edfera que se espera que bombee casi 300 millones de toneladas m\u00e9tricas de carbono a la atmosfera terrestre. Dos semanas despu\u00e9s, subast\u00f3 concesiones de petr\u00f3leo y gas en una franja del Golfo de M\u00e9xico del tama\u00f1o de Italia.<\/p>\n<p style=\"text-align: justify\">\u00bfPor qu\u00e9? Porque las reservas energ\u00e9ticas basadas en el carbono son clave para el poder imperialista estadounidense en Europa y m\u00e1s all\u00e1. Para su esfuerzo (cada vez menos exitoso) para competir globalmente con el imperialismo chino y el capitalismo ruso hasta el punto de una guerra total. Para exprimir al m\u00e1ximo las ganancias de la mano de obra obrera.<\/p>\n<p style=\"text-align: justify\">Los capitalistas dicen que mitigar el da\u00f1o que su sistema ha causado ser\u00eda demasiado costoso e ineficiente. No ser\u00eda \u00abcompetitivo\u00bb, especialmente para las potencias industriales profundamente invertidas en tecnolog\u00edas basadas en el carbono.<\/p>\n<p style=\"text-align: justify\"><strong>La naturaleza fundamental del capitalismo impide hacer lo que hay que hacer.<\/strong><\/p>\n<p style=\"text-align: justify\">\u00bfEsto te enfada lo suficiente (o te asusta lo suficiente) como para querer hacer algo m\u00e1s que compostar los residuos de la cocina y renunciar a las pajitas de pl\u00e1stico? \u00bfM\u00e1s que suplicar a los gobernantes capitalistas que \u00abpor favor cambien\u00bb y luego votar por ellos como \u00abmal menor\u00bb aunque no lo hagan?<\/p>\n<p style=\"text-align: justify\">No podemos retroceder el reloj a una \u00e9poca anterior al que las clases dominantes decidieran dominar la naturaleza y justificarlo con cantos religiosos. Ni siquiera volver a hace 150 a\u00f1os, cuando la clase trabajadora intent\u00f3 por primera vez derrocar al capitalismo antes de que nos llevara a este punto.<\/p>\n<p style=\"text-align: justify\">Pero podemos mirar hacia el mundo que nosotros, las masas obreras, podemos crear despu\u00e9s de que finalmente ganemos una revoluci\u00f3n para derrocar al capitalismo. Un mundo comunista acabar\u00e1 con la esclavitud asalariada que produce ganancias a un costo terrible para nosotros individualmente, para nuestra clase y para el medio ambiente. En su lugar, organizaremos la producci\u00f3n para satisfacer nuestras necesidades a corto y largo plazo.<\/p>\n<p style=\"text-align: justify\">Deshacernos de los grilletes del sistema monetario nos permitir\u00e1 desplegar tecnolog\u00edas que ahora son ideales inalcanzables. Reorganizar la sociedad para que no perdamos tiempo y energ\u00eda (de carbono y nuestra) produciendo y transportando cosas que no necesitamos o luchando en guerras por ellas.<\/p>\n<p style=\"text-align: justify\">Liberar la creatividad de las masas, cuyas ideas e iniciativa est\u00e1n ahora suprimidas y desaprovechadas. Movilizar nuestro trabajo colectivo para reimaginar, reparar, restaurar y reconstruir. Y nuestra inteligencia colectiva para tomar todas las decisiones que afectan a nuestras vidas y al Planeta Tierra.<\/p>\n<p style=\"text-align: justify\">Lo \u00abm\u00e1s\u00bb que podemos hacer es movilizarnos a nosotros mismos, a nuestros amigos y, eventualmente, a las masas para luchar y construir un mundo comunista.<\/p>\n<p>Unirnos y construir, hoy, el Partido Comunista Obrero Internacional.<\/p>\n<h4><a href=\"https:\/\/icwpredflag.org\/wp\/wordpress\/wps\/volumen-14-numero-5x\/\">Primera p\u00e1gina de esta edici\u00f3n<\/a><\/h4>\n","protected":false},"excerpt":{"rendered":"<p>La Crisis Clim\u00e1tica No Est\u00e1 por Venir &#8230;. \u00a1Ya Est\u00e1 Aqu\u00ed! Destruyamos el Capitalismo para que los Trabajadores Podamos Implementar Soluciones &nbsp; 13 de abril- Las inundaciones monz\u00f3nicas sumergieron un tercio de las tierras de Pakist\u00e1n el a\u00f1o pasado. El lago Tulare en California (EEUU) resurgi\u00f3 para retomarse miles de hect\u00e1reas agr\u00edcolas. Las inundaciones en &hellip; <a href=\"https:\/\/icwpredflag.org\/wp\/wordpress\/wps\/volumen-14-numero-5x\/crisis-climatica-capitalista-no-hay-tiempo-que-perder\/\" class=\"more-link\">Sigue leyendo <span class=\"screen-reader-text\">Crisis Clim\u00e1tica Capitalista: No Hay Tiempo que Perder<\/span><\/a><\/p>\n","protected":false},"author":6,"featured_media":5655,"parent":10251,"menu_order":0,"comment_status":"closed","ping_status":"closed","template":"","meta":{"footnotes":""},"class_list":["post-10279","page","type-page","status-publish","has-post-thumbnail","hentry"],"_links":{"self":[{"href":"https:\/\/icwpredflag.org\/wp\/wordpress\/wps\/wp-json\/wp\/v2\/pages\/10279","targetHints":{"allow":["GET"]}}],"collection":[{"href":"https:\/\/icwpredflag.org\/wp\/wordpress\/wps\/wp-json\/wp\/v2\/pages"}],"about":[{"href":"https:\/\/icwpredflag.org\/wp\/wordpress\/wps\/wp-json\/wp\/v2\/types\/page"}],"author":[{"embeddable":true,"href":"https:\/\/icwpredflag.org\/wp\/wordpress\/wps\/wp-json\/wp\/v2\/users\/6"}],"replies":[{"embeddable":true,"href":"https:\/\/icwpredflag.org\/wp\/wordpress\/wps\/wp-json\/wp\/v2\/comments?post=10279"}],"version-history":[{"count":2,"href":"https:\/\/icwpredflag.org\/wp\/wordpress\/wps\/wp-json\/wp\/v2\/pages\/10279\/revisions"}],"predecessor-version":[{"id":10381,"href":"https:\/\/icwpredflag.org\/wp\/wordpress\/wps\/wp-json\/wp\/v2\/pages\/10279\/revisions\/10381"}],"up":[{"embeddable":true,"href":"https:\/\/icwpredflag.org\/wp\/wordpress\/wps\/wp-json\/wp\/v2\/pages\/10251"}],"wp:featuredmedia":[{"embeddable":true,"href":"https:\/\/icwpredflag.org\/wp\/wordpress\/wps\/wp-json\/wp\/v2\/media\/5655"}],"wp:attachment":[{"href":"https:\/\/icwpredflag.org\/wp\/wordpress\/wps\/wp-json\/wp\/v2\/media?parent=10279"}],"curies":[{"name":"wp","href":"https:\/\/api.w.org\/{rel}","templated":true}]}}