{"id":10339,"date":"2023-05-14T07:46:13","date_gmt":"2023-05-14T07:46:13","guid":{"rendered":"https:\/\/icwpredflag.org\/wp\/wordpress\/wps\/?page_id=10339"},"modified":"2023-05-14T08:55:47","modified_gmt":"2023-05-14T08:55:47","slug":"primero-de-mayo-2023-y-mas-alla-ganando-el-mundo-comunista-que-necesitamos","status":"publish","type":"page","link":"https:\/\/icwpredflag.org\/wp\/wordpress\/wps\/volumen-14-numero-6\/primero-de-mayo-2023-y-mas-alla-ganando-el-mundo-comunista-que-necesitamos\/","title":{"rendered":"Primero de Mayo 2023 y Mas All\u00e1: Ganando el Mundo Comunista que Necesitamos"},"content":{"rendered":"<p><img loading=\"lazy\" decoding=\"async\" class=\"aligncenter wp-image-10329\" src=\"https:\/\/icwpredflag.org\/wp\/wordpress\/wps\/wp-content\/uploads\/sites\/2\/2023\/05\/mdla2.jpg\" alt=\"\" width=\"527\" height=\"764\" srcset=\"https:\/\/icwpredflag.org\/wp\/wordpress\/wps\/wp-content\/uploads\/sites\/2\/2023\/05\/mdla2.jpg 287w, https:\/\/icwpredflag.org\/wp\/wordpress\/wps\/wp-content\/uploads\/sites\/2\/2023\/05\/mdla2-207x300.jpg 207w\" sizes=\"auto, (max-width: 527px) 100vw, 527px\" \/><\/p>\n<p style=\"text-align: justify\">Millones de personas en todo el mundo celebramos el Primero de Mayo -el D\u00eda Internacional del Trabajo- protestando masivamente contra los ataques a nuestra clase obrera por parte de los imperialistas y otros capitalistas.<\/p>\n<p style=\"text-align: justify\">En medio de la agudizaci\u00f3n de la crisis econ\u00f3mica y el creciente conflicto imperialista, muchas marchas fueron las m\u00e1s multitudinarias en a\u00f1os. Un camarada de Los \u00c1ngeles (EE. UU.) informa: \u00abLas masas eran m\u00e1s pol\u00edticas que en a\u00f1os anteriores y estaban muy abiertas a nuestras ideas comunistas.\u00bb<\/p>\n<p style=\"text-align: justify\">La inflaci\u00f3n desat\u00f3 la ira desde Jap\u00f3n y Corea del Sur hasta L\u00edbano, Francia y Espa\u00f1a. \u00abEl precio de todo ha aumentado excepto el de nuestros salarios. Aumenten nuestros salarios m\u00ednimos!\u00bb, gritaba un activista en Se\u00fal. Pero los capitalistas, desde Estados Unidos a Jap\u00f3n, utilizan intencionadamente la inflaci\u00f3n para hacer que la clase obrera pague por su crisis econ\u00f3mica mundial.<\/p>\n<p style=\"text-align: justify\">Como dijo Marx en 1865, \u00abEn lugar del lema conservador, &#8216;\u00a1Un salario justo por un d\u00eda de trabajo justo!&#8217;, deber\u00edan inscribir en su bandera la consigna revolucionaria, &#8216;\u00a1Abolici\u00f3n del sistema salarial!'\u00bb.<\/p>\n<p style=\"text-align: justify\">Los camaradas de Sud\u00e1frica explican: \u00abLuchamos por el comunismo para acabar con la explotaci\u00f3n, el hambre masiva, el crimen, la violencia, las guerras, los desastres y la pobreza que garantiza la existencia continuada del capitalismo.\u00bb<\/p>\n<p style=\"text-align: justify\">Trabajadores inmigrantes y sus simpatizantes desde Beirut a Los \u00c1ngeles marcharon contra la superexplotaci\u00f3n. En Indonesia, los manifestantes exigieron la derogaci\u00f3n de una ley que solo beneficia a las empresas a costa de los trabajadores y el medio ambiente. En ciudades de toda Francia, cientos de miles de personas se manifestaron contra la anti-obrera \u00abreforma de las pensiones\u00bb. Muchos se enfrentaron a la polic\u00eda en Toulouse, Lyon y Nantes.<\/p>\n<p style=\"text-align: justify\">Los gobiernos capitalistas prohibieron pero no pudieron parar las protestas del Primero de Mayo en Pakist\u00e1n, Turqu\u00eda, El Salvador y otros lugares. Los gobernantes rusos cancelaron el tradicional desfile en Mosc\u00fa.<\/p>\n<p style=\"text-align: justify\">Pero los gobernantes de otros pa\u00edses contaron con dirigentes sindicales y politiqueros de los partidos de la oposici\u00f3n para desviar la ira de las masas hacia el reformismo. Dirigentes sindicales en Espa\u00f1a sacaron a los distribuidores de Bandera Roja de una marcha, pero no antes de que muchos trabajadores se llevaran ansiosamente ejemplares.<\/p>\n<p style=\"text-align: justify\">Los camaradas del PCOI en la India informan que \u00abentre varias docenas de sindicatos, \u00e9ramos el \u00fanico Partido que proclamaba abiertamente al comunismo como la \u00fanica soluci\u00f3n a las elecciones capitalistas, la esclavitud asalariada, el comunalismo, el casticismo y los ataques contra las mujeres.\u00bb<\/p>\n<p style=\"text-align: justify\">Dondequiera que iban los camaradas del PCOI, encontr\u00e1bamos trabajadores y j\u00f3venes en gran n\u00famero, listos y deseosos de romper las cadenas econ\u00f3micas e ideol\u00f3gicas del capitalismo. Listos y deseosos de debatir seriamente por qu\u00e9 movilizamos para el comunismo, y s\u00f3lo para el comunismo.<\/p>\n<p style=\"text-align: justify\">Como subraya el reporte del Primero de Mayo de Seattle, en todas partes existe la posibilidad en el pr\u00f3ximo a\u00f1o de un crecimiento significativo del Partido Comunista Obrero Internacional.<\/p>\n<p style=\"text-align: justify\">Nuestro mundo es cada d\u00eda m\u00e1s peligroso. La guerra en Sud\u00e1n y Ucrania, la agudizaci\u00f3n de los conflictos monetarios imperialistas, los tiroteos masivos en EE. UU., la subida de los mares, el racismo y el sexismo violentos&#8230; todos son resultados directos o indirectos de la crisis capitalista global.<\/p>\n<p style=\"text-align: justify\">Es mucho lo que est\u00e1 en juego. Nuestra \u00fanica esperanza es el crecimiento, a nivel internacional, del PCOI en un partido que pueda dirigir la revoluci\u00f3n y construir una nueva sociedad comunista sobre los escombros de la destrucci\u00f3n capitalista.<\/p>\n<p style=\"text-align: justify\">Eso requiere estrechas relaciones con compa\u00f1eros de trabajo, compa\u00f1eros de clases, familia, viejos amigos y nuevos. Relaciones que generen confianza y permitan una aguda lucha pol\u00edtica en torno a las ideas y formas de vida comunistas.<\/p>\n<p style=\"text-align: justify\">Relaciones que florezcan y crezcan a medida que nos sumergimos en las luchas de masas &#8211; como los camaradas en la India est\u00e1n mostrando el camino.<\/p>\n<p style=\"text-align: justify\">Relaciones que ampl\u00eden continuamente los c\u00edrculos de lectores y activistas de Bandera Roja. Que impulsen el crecimiento de los colectivos comunistas existentes y establezcan otros nuevos.<\/p>\n<p style=\"text-align: justify\">Relaciones comunistas, especialmente con obreros industriales y soldados que son claves para la revoluci\u00f3n comunista armada.<\/p>\n<p style=\"text-align: justify\">La red de relaciones comunistas que construyamos hoy se convertir\u00e1 en el tejido de la sociedad comunista.<\/p>\n<p style=\"text-align: justify\">Todo el que lea esto tiene un papel que desempe\u00f1ar en la conquista del mundo comunista que tanto necesitamos y tanto merecemos. Habla con un amigo, o discute en un colectivo, \u00a1qu\u00e9 m\u00e1s puedes aportar!<\/p>\n<p>&nbsp;<\/p>\n<p style=\"text-align: center\"><strong>Lee el manifiesto del PCOI: <\/strong><\/p>\n<p style=\"text-align: center\"><strong>\u201cMovilizar a las Masas para el Comunismo\u201d<\/strong><\/p>\n<p style=\"text-align: center\"><span style=\"color: #ff0000\"><a style=\"color: #ff0000\" href=\"https:\/\/icwpredflag.org\/MMC\/MMCSfin.pdf\"><strong>Aqu\u00ed<\/strong><\/a><\/span><\/p>\n<h4><a href=\"https:\/\/icwpredflag.org\/wp\/wordpress\/wps\/volumen-14-numero-6\/\">Primera p\u00e1gina de esta edici\u00f3n<\/a><\/h4>\n","protected":false},"excerpt":{"rendered":"<p>Millones de personas en todo el mundo celebramos el Primero de Mayo -el D\u00eda Internacional del Trabajo- protestando masivamente contra los ataques a nuestra clase obrera por parte de los imperialistas y otros capitalistas. En medio de la agudizaci\u00f3n de la crisis econ\u00f3mica y el creciente conflicto imperialista, muchas marchas fueron las m\u00e1s multitudinarias en &hellip; <a href=\"https:\/\/icwpredflag.org\/wp\/wordpress\/wps\/volumen-14-numero-6\/primero-de-mayo-2023-y-mas-alla-ganando-el-mundo-comunista-que-necesitamos\/\" class=\"more-link\">Sigue leyendo <span class=\"screen-reader-text\">Primero de Mayo 2023 y Mas All\u00e1: Ganando el Mundo Comunista que Necesitamos<\/span><\/a><\/p>\n","protected":false},"author":6,"featured_media":5655,"parent":10336,"menu_order":0,"comment_status":"closed","ping_status":"closed","template":"","meta":{"footnotes":""},"class_list":["post-10339","page","type-page","status-publish","has-post-thumbnail","hentry"],"_links":{"self":[{"href":"https:\/\/icwpredflag.org\/wp\/wordpress\/wps\/wp-json\/wp\/v2\/pages\/10339","targetHints":{"allow":["GET"]}}],"collection":[{"href":"https:\/\/icwpredflag.org\/wp\/wordpress\/wps\/wp-json\/wp\/v2\/pages"}],"about":[{"href":"https:\/\/icwpredflag.org\/wp\/wordpress\/wps\/wp-json\/wp\/v2\/types\/page"}],"author":[{"embeddable":true,"href":"https:\/\/icwpredflag.org\/wp\/wordpress\/wps\/wp-json\/wp\/v2\/users\/6"}],"replies":[{"embeddable":true,"href":"https:\/\/icwpredflag.org\/wp\/wordpress\/wps\/wp-json\/wp\/v2\/comments?post=10339"}],"version-history":[{"count":3,"href":"https:\/\/icwpredflag.org\/wp\/wordpress\/wps\/wp-json\/wp\/v2\/pages\/10339\/revisions"}],"predecessor-version":[{"id":10341,"href":"https:\/\/icwpredflag.org\/wp\/wordpress\/wps\/wp-json\/wp\/v2\/pages\/10339\/revisions\/10341"}],"up":[{"embeddable":true,"href":"https:\/\/icwpredflag.org\/wp\/wordpress\/wps\/wp-json\/wp\/v2\/pages\/10336"}],"wp:featuredmedia":[{"embeddable":true,"href":"https:\/\/icwpredflag.org\/wp\/wordpress\/wps\/wp-json\/wp\/v2\/media\/5655"}],"wp:attachment":[{"href":"https:\/\/icwpredflag.org\/wp\/wordpress\/wps\/wp-json\/wp\/v2\/media?parent=10339"}],"curies":[{"name":"wp","href":"https:\/\/api.w.org\/{rel}","templated":true}]}}