{"id":1056,"date":"2017-07-22T19:01:02","date_gmt":"2017-07-22T19:01:02","guid":{"rendered":"http:\/\/icwpredflag.org\/wp\/wordpress\/wps\/?page_id=1056"},"modified":"2017-07-23T02:50:27","modified_gmt":"2017-07-23T02:50:27","slug":"el-salvador-el-incendio-del-ministerio-de-hacienda","status":"publish","type":"page","link":"https:\/\/icwpredflag.org\/wp\/wordpress\/wps\/volumen-8-numero-8\/el-salvador-el-incendio-del-ministerio-de-hacienda\/","title":{"rendered":"El Salvador: El Incendio del Ministerio de Hacienda"},"content":{"rendered":"<h4 style=\"text-align: center;\"><span style=\"color: #ff0000;\"><strong>Quememos el Capitalismo, Construyamos el Comunismo<\/strong><\/span><\/h4>\n<p style=\"text-align: justify;\"><img loading=\"lazy\" decoding=\"async\" class=\" wp-image-1060 aligncenter\" src=\"http:\/\/icwpredflag.org\/wp\/wordpress\/wps\/wp-content\/uploads\/sites\/2\/2017\/07\/ElSalMarch.jpg\" alt=\"\" width=\"634\" height=\"345\" \/>EL SALVADOR: El 7 de julio uno de los edificios del Ministerio de Hacienda en San Salvador se incendiaba en horas laborales. En la edici\u00f3n pasada de <strong><em>Bandera Roja<\/em><\/strong> escribimos sobre el incendio en los apartamentos de Grenfell en Londres y c\u00f3mo este fue un ataque capitalista en contra de la vida de la clase trabajadora, ahora vemos a trabajadores salvadore\u00f1os en una situaci\u00f3n similar en un contexto diferente. Con la izquierda en el gobierno, la vida de los trabajadores sigue estando en peligro incluso en las mismas oficinas del Estado.<\/p>\n<p style=\"text-align: justify;\">El fuego empez\u00f3 desde el cuarto piso, luego sigui\u00f3 hacia el nivel cinco, seis y siete, esto hizo que las personas empezaran a moverse hacia los niveles superiores hasta llegar a la azotea. La desesperaci\u00f3n, causada por el humo y la rapidez con la que el fuego se esparc\u00eda por el edificio, hizo que un joven decidiera lanzarse con el objetivo de salvar su vida, sobrevivi\u00f3. 18 personas quemadas, una en estado de gravedad y una trabajadora fallecida fue el resultado final de v\u00edctimas humanas.<\/p>\n<p style=\"text-align: justify;\">Estos sucesos son comunes en las sociedades capitalistas. En Bangladesh, Londres o San Salvador, la clase trabajadora es la que sufre la consecuencia de un sistema que no valora la vida humana. Sin embargo, este suceso tiene como caracter\u00edstica acontecer en una instituci\u00f3n de un gobierno de izquierda. Un gobierno que no tiene la intenci\u00f3n y no ser\u00e1 capaz de resolver las contradicciones del capitalismo porque el gobierno en si es capitalista<\/p>\n<p style=\"text-align: justify;\">Las declaraciones del presidente y el resto de mandatarios solamente se refieren a un fallo el\u00e9ctrico y a recalcar que no se perdi\u00f3 ning\u00fan documento de estas oficinas. \u201c\u201cNo creo que se trate de un problema de criminalidad ni terrorismo. Ha sido un fallo en el sistema el\u00e9ctrico\u201d expres\u00f3 el Ministro C\u00e1ceres a la prensa. \u00bfAcaso la falta de una infraestructura que garantice la vida de los trabajadores no es culpa de quienes dominan y administran este sistema? \u00bfAcaso este no es un crimen en contra de las y los trabajadores?<\/p>\n<p style=\"text-align: justify;\">Solo en el edificio del incendio trabajan 1200 personas y ninguno de los tres edificios cuenta con escaleras de emergencia, a pesar de que los trabajadores las pidieron en el 2009, al comenzar el primer gobierno del fmln.<\/p>\n<p style=\"text-align: justify;\">El fmln no puede ni podr\u00e1 asegurar una mejor vida para la clase trabajadora, su l\u00ednea reformista es alejada incluso de los esfuerzos fallidos del socialismo en el siglo pasado y en las primeras d\u00e9cadas del presente. Ni siquiera la radicalizaci\u00f3n de este proceso puede terminar con el capitalismo.<\/p>\n<p style=\"text-align: justify;\">La clase trabajadora organizada en su partido comunista ser\u00e1 capaz de llevar a cabo una revoluci\u00f3n que elimine inmediatamente los salarios, el mercado, la producci\u00f3n por ganancias y organizar la econom\u00eda comunista que satisfaga las necesidades dependiendo del contexto hist\u00f3rico que se encuentren. De esta manera, los trabajadores, bajo la organizaci\u00f3n del Partido podr\u00e1n asegurar que todo puesto de trabajo sea seguro para sus vidas.<\/p>\n<p style=\"text-align: justify;\">Organizar para el Comunismo se vuelve cada d\u00eda m\u00e1s importante. Los procesos fallidos del socialismo, ahora en el siglo XXI, nos muestran que para garantizar la integridad de todos y todas es necesario eliminar la base material del capitalismo. Esta no es una tarea f\u00e1cil, es un proceso que requiere de todo nuestro esfuerzo. La masas siempre han aspirado a dejar de vivir bajo el sistema que atenta contra su vida de tantas maneras. \u00a1Confiemos en ellas! Avancemos hacia el Comunismo.<\/p>\n<h4 style=\"text-align: justify;\"><a class=\"icwp-emph\" href=\"http:\/\/icwpredflag.org\/wp\/wordpress\/wps\/volumen-8-numero-8\/\">Primera p\u00e1gina de esta editi\u00f3n<\/a><\/h4>\n","protected":false},"excerpt":{"rendered":"<p>Quememos el Capitalismo, Construyamos el Comunismo EL SALVADOR: El 7 de julio uno de los edificios del Ministerio de Hacienda en San Salvador se incendiaba en horas laborales. En la edici\u00f3n pasada de Bandera Roja escribimos sobre el incendio en los apartamentos de Grenfell en Londres y c\u00f3mo este fue un ataque capitalista en contra &hellip; <a href=\"https:\/\/icwpredflag.org\/wp\/wordpress\/wps\/volumen-8-numero-8\/el-salvador-el-incendio-del-ministerio-de-hacienda\/\" class=\"more-link\">Sigue leyendo <span class=\"screen-reader-text\">El Salvador: El Incendio del Ministerio de Hacienda<\/span><\/a><\/p>\n","protected":false},"author":1,"featured_media":282,"parent":1022,"menu_order":0,"comment_status":"closed","ping_status":"closed","template":"","meta":{"footnotes":""},"class_list":["post-1056","page","type-page","status-publish","has-post-thumbnail","hentry"],"_links":{"self":[{"href":"https:\/\/icwpredflag.org\/wp\/wordpress\/wps\/wp-json\/wp\/v2\/pages\/1056","targetHints":{"allow":["GET"]}}],"collection":[{"href":"https:\/\/icwpredflag.org\/wp\/wordpress\/wps\/wp-json\/wp\/v2\/pages"}],"about":[{"href":"https:\/\/icwpredflag.org\/wp\/wordpress\/wps\/wp-json\/wp\/v2\/types\/page"}],"author":[{"embeddable":true,"href":"https:\/\/icwpredflag.org\/wp\/wordpress\/wps\/wp-json\/wp\/v2\/users\/1"}],"replies":[{"embeddable":true,"href":"https:\/\/icwpredflag.org\/wp\/wordpress\/wps\/wp-json\/wp\/v2\/comments?post=1056"}],"version-history":[{"count":5,"href":"https:\/\/icwpredflag.org\/wp\/wordpress\/wps\/wp-json\/wp\/v2\/pages\/1056\/revisions"}],"predecessor-version":[{"id":1123,"href":"https:\/\/icwpredflag.org\/wp\/wordpress\/wps\/wp-json\/wp\/v2\/pages\/1056\/revisions\/1123"}],"up":[{"embeddable":true,"href":"https:\/\/icwpredflag.org\/wp\/wordpress\/wps\/wp-json\/wp\/v2\/pages\/1022"}],"wp:featuredmedia":[{"embeddable":true,"href":"https:\/\/icwpredflag.org\/wp\/wordpress\/wps\/wp-json\/wp\/v2\/media\/282"}],"wp:attachment":[{"href":"https:\/\/icwpredflag.org\/wp\/wordpress\/wps\/wp-json\/wp\/v2\/media?parent=1056"}],"curies":[{"name":"wp","href":"https:\/\/api.w.org\/{rel}","templated":true}]}}