{"id":10818,"date":"2023-09-17T06:08:20","date_gmt":"2023-09-17T06:08:20","guid":{"rendered":"https:\/\/icwpredflag.org\/wp\/wordpress\/wps\/?page_id=10818"},"modified":"2023-09-17T17:15:10","modified_gmt":"2023-09-17T17:15:10","slug":"10818-2","status":"publish","type":"page","link":"https:\/\/icwpredflag.org\/wp\/wordpress\/wps\/volumen-14-numero-12\/10818-2\/","title":{"rendered":"Econom\u00eda Pol\u00edtica: Los Trabajadores No Necesitan a los Patrones, pero los Patrones Necesitan a los Trabajadores"},"content":{"rendered":"<p><img loading=\"lazy\" decoding=\"async\" class=\"wp-image-10827 aligncenter\" src=\"https:\/\/icwpredflag.org\/wp\/wordpress\/wps\/wp-content\/uploads\/sites\/2\/2023\/09\/ganacia-255x300.jpg\" alt=\"\" width=\"619\" height=\"728\" srcset=\"https:\/\/icwpredflag.org\/wp\/wordpress\/wps\/wp-content\/uploads\/sites\/2\/2023\/09\/ganacia-255x300.jpg 255w, https:\/\/icwpredflag.org\/wp\/wordpress\/wps\/wp-content\/uploads\/sites\/2\/2023\/09\/ganacia.jpg 354w\" sizes=\"auto, (max-width: 619px) 100vw, 619px\" \/><\/p>\n<h4 style=\"text-align: center;\"><span style=\"color: #ff0000;\"><strong>\u201cEl Trabajo Pesado Nunca Ha Matado a Nadie\u201d y Otras Mentiras Capitalistas<\/strong><\/span><\/h4>\n<p style=\"text-align: justify;\">Puedes conseguir un trabajo con \u201cbuena paga\u201d o uno con \u201cmala paga\u201d. Pero no puedes conseguir un trabajo con un \u201csalario justo por un d\u00eda de trabajo justo\u201d.<\/p>\n<p style=\"text-align: justify;\">\u00bfPor qu\u00e9? Porque los patrones no te pagan por el trabajo real que haces. S\u00f3lo te pagan por tu capacidad de trabajar.<\/p>\n<p style=\"text-align: justify;\">Si pagaran por el trabajo que haces, por lo que realmente produces, los mineros de oro sudafricanos conducir\u00edan Lamborghinis. Los j\u00f3venes que hacen hamburguesas en McDonalds (o en cualquier otro restaurante de comida r\u00e1pida) estar\u00edan ricos.<\/p>\n<p><strong>Veamos a McDonalds.<\/strong><\/p>\n<p style=\"text-align: justify;\">Centr\u00e9monos en las hamburguesas. Para simplificar las cosas, dejemos a un lado las papas fritas y los refrescos. Estamos utilizando precios de alrededor del a\u00f1o 2000. Hoy los precios son m\u00e1s altos, pero las proporciones son similares.<\/p>\n<p style=\"text-align: justify;\">En aquel entonces, la franquicia pretend\u00eda vender 147 hamburguesas por hora a 2,09 $ cada una. Eso significaba una entrada de 308 d\u00f3lares cada hora s\u00f3lo en hamburguesas.<\/p>\n<p style=\"text-align: justify;\">Para hacer las hamburguesas se necesitaban siete trabajadores y un supervisor, es decir, ocho personas. Siete miembros de la cuadrilla ganaban 11 $ por hora y el supervisor 15 $. En total, nos pagaban 92 d\u00f3lares.<\/p>\n<p style=\"text-align: justify;\">Trabajando juntos, nuestra cuadrilla hac\u00eda hamburguesas valoradas en 308 $ a la hora, pero s\u00f3lo cobraba 92 $. El due\u00f1o ganaba 216 d\u00f3lares por hora. Eso no tiene nada de justo. Se llama explotaci\u00f3n. El due\u00f1o vive del trabajo de sus trabajadores.<\/p>\n<p style=\"text-align: justify;\">Es m\u00e1s. El propietario no se embolsa todos esos 216 d\u00f3lares. Tiene que comprar las materias primas (pan, carne, electricidad, etc.), quedarse con una parte (ganancias), pagar una peque\u00f1a parte al Gobierno (impuestos) y otra a la sede central (alquiler de la franquicia). Adem\u00e1s, los banqueros se quedar\u00e1n con una parte como intereses por el dinero prestado para comprar parrillas, freidoras y refrigeradores para poner en marcha el negocio.<\/p>\n<p><strong>\u00bfMarginal o Central?<\/strong><\/p>\n<p style=\"text-align: justify;\">Todo esto crea un panorama en el que el trabajador no es marginal ni carece de importancia. Desde el punto de vista de la explotaci\u00f3n, el trabajador es fundamental para la econom\u00eda.<\/p>\n<p style=\"text-align: justify;\">Los trabajadores asalariados no cualificados, semicualificados y cualificados crean toda la riqueza de la sociedad. La mayor parte de esa riqueza va a parar a los capitalistas y a sus directivos \u00e9lites. Los trabajadores s\u00f3lo reciben la menor parte de esa riqueza como salarios.<\/p>\n<p style=\"text-align: justify;\">Si los trabajadores explotados (asalariados) creamos toda la riqueza y todas las cosas \u00fatiles de la sociedad, \u00bfpor qu\u00e9 no dirigimos nosotros la sociedad que construimos?<\/p>\n<p style=\"text-align: justify;\">Si lo vemos de forma individual, los patrones nos dan trabajo para que podamos ganar un sueldo para vivir. Desde este punto de vista, necesitamos a los patrones. Pero si lo miramos como un colectivo, la riqueza que creamos nos mantiene tanto a nosotros como a todos los patrones (y a su sistema capitalista). Los patrones nos necesitan. \u00a1Nosotros no necesitamos a los patrones!<\/p>\n<h4><a href=\"https:\/\/icwpredflag.org\/wp\/wordpress\/wps\/volumen-14-numero-12\/\">Primera p\u00e1gina de esta edici\u00f3n<\/a><\/h4>\n","protected":false},"excerpt":{"rendered":"<p>\u201cEl Trabajo Pesado Nunca Ha Matado a Nadie\u201d y Otras Mentiras Capitalistas Puedes conseguir un trabajo con \u201cbuena paga\u201d o uno con \u201cmala paga\u201d. Pero no puedes conseguir un trabajo con un \u201csalario justo por un d\u00eda de trabajo justo\u201d. \u00bfPor qu\u00e9? Porque los patrones no te pagan por el trabajo real que haces. S\u00f3lo &hellip; <a href=\"https:\/\/icwpredflag.org\/wp\/wordpress\/wps\/volumen-14-numero-12\/10818-2\/\" class=\"more-link\">Sigue leyendo <span class=\"screen-reader-text\">Econom\u00eda Pol\u00edtica: Los Trabajadores No Necesitan a los Patrones, pero los Patrones Necesitan a los Trabajadores<\/span><\/a><\/p>\n","protected":false},"author":6,"featured_media":5655,"parent":10792,"menu_order":0,"comment_status":"closed","ping_status":"closed","template":"","meta":{"footnotes":""},"class_list":["post-10818","page","type-page","status-publish","has-post-thumbnail","hentry"],"_links":{"self":[{"href":"https:\/\/icwpredflag.org\/wp\/wordpress\/wps\/wp-json\/wp\/v2\/pages\/10818","targetHints":{"allow":["GET"]}}],"collection":[{"href":"https:\/\/icwpredflag.org\/wp\/wordpress\/wps\/wp-json\/wp\/v2\/pages"}],"about":[{"href":"https:\/\/icwpredflag.org\/wp\/wordpress\/wps\/wp-json\/wp\/v2\/types\/page"}],"author":[{"embeddable":true,"href":"https:\/\/icwpredflag.org\/wp\/wordpress\/wps\/wp-json\/wp\/v2\/users\/6"}],"replies":[{"embeddable":true,"href":"https:\/\/icwpredflag.org\/wp\/wordpress\/wps\/wp-json\/wp\/v2\/comments?post=10818"}],"version-history":[{"count":3,"href":"https:\/\/icwpredflag.org\/wp\/wordpress\/wps\/wp-json\/wp\/v2\/pages\/10818\/revisions"}],"predecessor-version":[{"id":10828,"href":"https:\/\/icwpredflag.org\/wp\/wordpress\/wps\/wp-json\/wp\/v2\/pages\/10818\/revisions\/10828"}],"up":[{"embeddable":true,"href":"https:\/\/icwpredflag.org\/wp\/wordpress\/wps\/wp-json\/wp\/v2\/pages\/10792"}],"wp:featuredmedia":[{"embeddable":true,"href":"https:\/\/icwpredflag.org\/wp\/wordpress\/wps\/wp-json\/wp\/v2\/media\/5655"}],"wp:attachment":[{"href":"https:\/\/icwpredflag.org\/wp\/wordpress\/wps\/wp-json\/wp\/v2\/media?parent=10818"}],"curies":[{"name":"wp","href":"https:\/\/api.w.org\/{rel}","templated":true}]}}