{"id":10821,"date":"2023-09-17T06:14:57","date_gmt":"2023-09-17T06:14:57","guid":{"rendered":"https:\/\/icwpredflag.org\/wp\/wordpress\/wps\/?page_id=10821"},"modified":"2023-09-17T06:14:57","modified_gmt":"2023-09-17T06:14:57","slug":"filosofia-comunista-planeta-tierra-la-historia-humana-nuestras-luchas-hoy-dia","status":"publish","type":"page","link":"https:\/\/icwpredflag.org\/wp\/wordpress\/wps\/volumen-14-numero-12\/filosofia-comunista-planeta-tierra-la-historia-humana-nuestras-luchas-hoy-dia\/","title":{"rendered":"Filosof\u00eda Comunista: Planeta Tierra, La Historia Humana, Nuestras Luchas Hoy Dia"},"content":{"rendered":"<p style=\"text-align: center\"><strong>Materialismo Dial\u00e9ctico-Camaradas Discuten La Negaci\u00f3n de la Negaci\u00f3n <a class=\"icwp-emph\" href=\"#1\">aqu\u00ed \u2666<\/a> Historia de la Tierra y el Futuro del Comunismo <a class=\"icwp-emph\" href=\"#2\">aqu\u00ed \u2666<\/a><\/strong><\/p>\n<p><img loading=\"lazy\" decoding=\"async\" class=\"aligncenter  wp-image-10785\" src=\"https:\/\/icwpredflag.org\/wp\/wordpress\/wps\/wp-content\/uploads\/sites\/2\/2023\/09\/earthsci.jpg\" alt=\"\" width=\"506\" height=\"633\" srcset=\"https:\/\/icwpredflag.org\/wp\/wordpress\/wps\/wp-content\/uploads\/sites\/2\/2023\/09\/earthsci.jpg 322w, https:\/\/icwpredflag.org\/wp\/wordpress\/wps\/wp-content\/uploads\/sites\/2\/2023\/09\/earthsci-240x300.jpg 240w\" sizes=\"auto, (max-width: 506px) 100vw, 506px\" \/><\/p>\n<h4 id=\"1\" style=\"text-align: center\"><span style=\"color: #ff0000\"><strong>Materialismo Dial\u00e9ctico: Camaradas Discuten \u201cLa Negaci\u00f3n de la Negaci\u00f3n\u201d<\/strong><\/span><\/h4>\n<p style=\"text-align: justify\">Camaradas tuvieron una animada discusi\u00f3n durante la tercera reuni\u00f3n de Zoom del proyecto de verano del PCOI sobre el Materialismo Dial\u00e9ctico. Despu\u00e9s, los camaradas se sintieron m\u00e1s seguros en la comprensi\u00f3n, aplicaci\u00f3n y ense\u00f1anza de la ley de la negaci\u00f3n de la negaci\u00f3n.<\/p>\n<p style=\"text-align: justify\">Esta ley establece que el desarrollo toma lugar en un ciclo de tres etapas. (1) El estado original del objeto. (2) Su transformaci\u00f3n en su opuesto. (3) La transformaci\u00f3n del opuesto en su propio opuesto.<\/p>\n<p style=\"text-align: justify\">Los camaradas presentaron un PowerPoint con buenas im\u00e1genes. Por ejemplo, podemos ver la ley de la negaci\u00f3n de la negaci\u00f3n en el desarrollo de una semilla de cebada. Comenzamos con el estado original de la semilla. (2) La semilla germina, produciendo una planta. (3) El tallo muere, dejando hasta treinta semillas.<\/p>\n<p style=\"text-align: justify\">Las nuevas semillas parecen id\u00e9nticas a la original. Pero las nuevas semillas nunca pueden ser exactamente la misma semilla. Algunas caracter\u00edsticas se mantienen y otras son nuevas.<\/p>\n<p>Los camaradas generaron m\u00e1s ejemplos.<\/p>\n<p>\u201cLas tres leyes de la dial\u00e9ctica est\u00e1n entrelazadas. Una lleva a la otra\u201d, dijo la camarada Leslie en El Salvador. \u201cCreo que la negaci\u00f3n de la negaci\u00f3n son procesos infinitos, igual que las contradicciones\u201d.<\/p>\n<p><strong>La Negaci\u00f3n de la Negaci\u00f3n: La Sociedad Humana y el Objetivo de la Revoluci\u00f3n Comunista<\/strong><\/p>\n<p style=\"text-align: justify\">Las primeras sociedades humanas utilizaban la tierra en com\u00fan sin propiedad privada. Luego vino el desarrollo de las sociedades de clases que abolieron la propiedad com\u00fan y crearon la propiedad privada. Este es el caso de la sociedad capitalista en la que existimos actualmente. La tercera etapa est\u00e1 en manos de la clase obrera: abolir toda propiedad privada con la revoluci\u00f3n comunista.<\/p>\n<p style=\"text-align: justify\">Cuando decimos que los procesos son infinitos, queremos decir que no tienen fin. Esto suscit\u00f3 algunas reflexiones en un nuevo camarada de Los \u00c1ngeles.<\/p>\n<p style=\"text-align: justify\">\u201c\u00bfLa negaci\u00f3n de la negaci\u00f3n es un proceso infinito?\u201d. pregunt\u00f3 Juancarlo. \u201cY si es as\u00ed, \u00bfse negar\u00e1 el comunismo?\u201d.<\/p>\n<p style=\"text-align: justify\">Leslie respondi\u00f3 a esta excelente pregunta. \u201cSiempre habr\u00e1 contradicciones y siempre habr\u00e1 negaciones de la negaci\u00f3n. No ser\u00e1n los mismos procesos, pero siempre surgir\u00e1n otros nuevos\u201d.<\/p>\n<p style=\"text-align: justify\">Otro camarada replic\u00f3 que por eso es importante considerar las tres leyes del Materialismo Dial\u00e9ctico para comprender mejor la negaci\u00f3n de la negaci\u00f3n.<\/p>\n<p style=\"text-align: justify\">\u201cLos cambios cuantitativos desembocan en cambios cualitativos debido a las contradicciones internas primarias\u201d, explic\u00f3 Perla. \u201cLos cambios cualitativos son los cambios que tienen lugar en la negaci\u00f3n de la negaci\u00f3n.<\/p>\n<p style=\"text-align: justify\">\u201cCuando logremos una sociedad comunista, tendremos que hacer frente a contradicciones completamente nuevas. Con la abolici\u00f3n de la propiedad, cambiaremos la sociedad con un uso m\u00e1s avanzado de los recursos naturales sin preocuparnos de las ganancias capitalistas.\u201d<\/p>\n<p style=\"text-align: justify\">Los cambios que vendr\u00e1n despu\u00e9s de que alcancemos el comunismo incluir\u00e1n cambios que transformar\u00e1n la civilizaci\u00f3n humana en una forma de vida mucho m\u00e1s avanzada para toda la clase trabajadora del mundo.<\/p>\n<p style=\"text-align: justify\">Cuando se trata del materialismo dial\u00e9ctico, y de la negaci\u00f3n de la negaci\u00f3n, conservamos algo y destruimos algo. En una aut\u00e9ntica sociedad comunista, destruiremos la propiedad privada y preservaremos nuestro comportamiento humano natural de cuidarnos los unos a los otros.<\/p>\n<h4 id=\"2\" style=\"text-align: center\"><span style=\"color: #ff0000\"><strong>La Historia de la Tierra y el Futuro del Comunismo<\/strong><\/span><\/h4>\n<p style=\"text-align: justify\">Seg\u00fan los cient\u00edficos, el punto de inflexi\u00f3n se produjo en los 1950s. La lluvia radioactiva cubri\u00f3 la Tierra. Entramos en el Antropoceno. Ahora, la actividad humana es el principal motor del cambio planetario.<\/p>\n<p style=\"text-align: justify\">Pero la humanidad est\u00e1 dividida en clases. Nuestra masiva clase trabajadora, cuyo \u00fanico recurso es nuestra capacidad de trabajo. Frente a la min\u00fascula clase capitalista que explota nuestro trabajo y nos est\u00e1 conduciendo a un precipicio planetario.<\/p>\n<p>\u00bfQu\u00e9 clase dominar\u00e1 el Antropoceno?<\/p>\n<p style=\"text-align: justify\">Nosotros, y las generaciones anteriores, hemos vivido bajo la tiran\u00eda de la riqueza. \u00bfPodr\u00eda cambiar eso alguna vez? \u00bfPodr\u00edamos los trabajadores tomar todo &#8211; \u00a1todo! &#8211; en nuestras propias manos?<\/p>\n<p>Todo cambia. Incluso los cimientos del Planeta Tierra.<\/p>\n<p><strong>Una Breve Historia de Nuestro Planeta<\/strong><\/p>\n<p style=\"text-align: justify\">La Tierra se form\u00f3 hace 4.500 millones de a\u00f1os como una bola de fuego hirviente. Durante 500 millones de a\u00f1os -el E\u00f3n Hadeico- su exterior se enfri\u00f3 lentamente.<\/p>\n<p style=\"text-align: justify\">Algunos minerales empezaron a formar placas s\u00f3lidas pero inestables. Poco a poco, fragmentos m\u00e1s grandes formaron una fina corteza. Los cambios cuantitativos en la temperatura de la superficie transformaron la naturaleza del planeta.<\/p>\n<p style=\"text-align: justify\">Comenz\u00f3 un nuevo e\u00f3n, el Archean. El n\u00facleo fundido de la Tierra permaneci\u00f3, pero apareci\u00f3 algo nuevo: el registro rocoso.<\/p>\n<p style=\"text-align: justify\">A lo largo de mil millones y medio de a\u00f1os comenzaron a formarse los continentes. La temperatura de la superficie descendi\u00f3 por debajo del punto de ebullici\u00f3n del agua. Aparecieron los oc\u00e9anos. Aparecen las primeras evidencias de vida microsc\u00f3pica.<\/p>\n<p style=\"text-align: justify\">El desarrollo gradual de las formas de vida dio lugar al E\u00f3n Proterozoico, hace unos 2.500 millones de a\u00f1os. Las bacterias verdeazuladas empezaron a producir ox\u00edgeno (fotos\u00edntesis) y a liberarlo en el oc\u00e9ano. El ox\u00edgeno se uni\u00f3 al hierro y a otros elementos, creando minerales como el \u00f3xido de hierro. La vida estaba cambiando la qu\u00edmica del planeta.<\/p>\n<p style=\"text-align: justify\">Se lleg\u00f3 a un punto de inflexi\u00f3n cuando la fotos\u00edntesis produjo m\u00e1s ox\u00edgeno libre del que los minerales pod\u00edan absorber. El gas ox\u00edgeno disuelto llen\u00f3 los oc\u00e9anos. Con el tiempo lleg\u00f3 a la atm\u00f3sfera, permitiendo que muchos m\u00e1s organismos evolucionaran y prosperaran.<\/p>\n<p style=\"text-align: justify\">El ox\u00edgeno libre reaccion\u00f3 con el metano, creando di\u00f3xido de carbono. La atm\u00f3sfera se enfri\u00f3. Esto probablemente provoc\u00f3 la primera glaciaci\u00f3n hace unos 2,100 millones de a\u00f1os.<\/p>\n<p style=\"text-align: justify\">La explosi\u00f3n de formas de vida marc\u00f3 el inicio del E\u00f3n Fanerozoico, hace 541 millones de a\u00f1os.<\/p>\n<p><strong>Nuestro Lugar en la Historia de la Tierra<\/strong><\/p>\n<p style=\"text-align: justify\">Vivimos en el per\u00edodo Cuaternario de la Era Cenozoica del E\u00f3n Fanerozoico. El Cuaternario comenz\u00f3 hace 2.58 millones de a\u00f1os. Si la historia de la Tierra durara un d\u00eda, el Cuaternario durar\u00eda menos de un minuto.<\/p>\n<p style=\"text-align: justify\">Nuestra especie humana s\u00f3lo existe desde hace unos cientos de miles de a\u00f1os, un abrir y cerrar de ojos. Pero en ese tiempo hemos influido mucho en la Tierra: sus ecosistemas, su clima, su geolog\u00eda e incluso su qu\u00edmica.<\/p>\n<p style=\"text-align: justify\">La lluvia radiactiva es el marcador elegido por los cient\u00edficos para el inicio del Antropoceno. Pero los humanos tambi\u00e9n han creado m\u00e1s de doscientos minerales nuevos. Hemos a\u00f1adido metales y pl\u00e1sticos al registro f\u00f3sil.<\/p>\n<p style=\"text-align: justify\">Hace dos siglos, la revoluci\u00f3n industrial capitalista empez\u00f3 a arrojar carbono a la atm\u00f3sfera. Doce mil a\u00f1os antes, la invenci\u00f3n de la agricultura remodel\u00f3 los ecosistemas e incluso la geograf\u00eda.<\/p>\n<p style=\"text-align: justify\">La actividad humana ha cambiado cualitativamente la Tierra. Nosotros somos parte de ese cambio.<\/p>\n<p><strong>El Comunismo: El Camino a Seguir<\/strong><\/p>\n<p style=\"text-align: justify\">Las bacterias verdeazuladas no ten\u00edan ni idea de los efectos que causaban. Durante mucho tiempo, los humanos tampoco. Pero (a diferencia de las bacterias) podemos analizar, aprender, imaginar y planificar. Podemos moldear conscientemente el futuro, dentro de ciertos l\u00edmites, por supuesto.<\/p>\n<p style=\"text-align: justify\">Los capitalistas planifican para maximizar sus ganancias a expensas de los trabajadores y de nuestro medio ambiente. Los mayores capitalistas (imperialistas) planean la guerra, incluso nuclear, contra sus competidores.<\/p>\n<p>\u00a1No podemos dejarlos encargados del Antropoceno!<\/p>\n<p style=\"text-align: justify\">La alternativa es la revoluci\u00f3n comunista por el poder obrero. El comunismo acabar\u00e1 con el sistema de ganancias. Nos dar\u00e1 poder a nosotros, los productores, para decidir qu\u00e9 producir y c\u00f3mo. Para planificar nuestro futuro, no el final de cuentas.<\/p>\n<p style=\"text-align: justify\">Para movilizar nuestra mano de obra y recursos para limitar y reparar el da\u00f1o. Para imaginar y construir, sobre las cenizas del viejo, el mundo que necesitamos.<\/p>\n<p style=\"text-align: justify\">El comunismo funcionar\u00e1 a base de relaciones, no de dinero. Trabajaremos los unos para los otros y confiaremos los unos en los otros. Superaremos las divisiones racistas, religiosas, de g\u00e9nero, nacionales y de cualquier clase creadas por el capitalismo.<\/p>\n<p style=\"text-align: justify\">Todo cambia. Las cosas cambian lentamente. Luego pueden alcanzar un punto de inflexi\u00f3n en el que las cosas cambian r\u00e1pidamente.<\/p>\n<p style=\"text-align: justify\">Las peque\u00f1as cosas que m\u00e1s necesitamos hacer ahora mismo son las que construyen relaciones comunistas. Conversa con una persona m\u00e1s (o muchas) sobre el comunismo. Haz llegar Bandera Roja a una persona m\u00e1s (o muchas) Pide a una persona m\u00e1s (o muchas) que lo comparta con otros.<\/p>\n<p style=\"text-align: justify\">\u00danete o construye un colectivo del Partido. O asume una responsabilidad m\u00e1s para los tuyos.<\/p>\n<p style=\"text-align: justify\">No siempre podemos ver los resultados de lo que hacemos. Pero estos peque\u00f1os pasos son las burbujas de ox\u00edgeno que cambiar\u00e1n nuestra atm\u00f3sfera social. Que har\u00e1n realidad la revoluci\u00f3n y la sociedad comunista.<\/p>\n<h4><a href=\"https:\/\/icwpredflag.org\/wp\/wordpress\/wps\/volumen-14-numero-12\/\">Primera p\u00e1gina de esta edici\u00f3n<\/a><\/h4>\n","protected":false},"excerpt":{"rendered":"<p>Materialismo Dial\u00e9ctico-Camaradas Discuten La Negaci\u00f3n de la Negaci\u00f3n aqu\u00ed \u2666 Historia de la Tierra y el Futuro del Comunismo aqu\u00ed \u2666 Materialismo Dial\u00e9ctico: Camaradas Discuten \u201cLa Negaci\u00f3n de la Negaci\u00f3n\u201d Camaradas tuvieron una animada discusi\u00f3n durante la tercera reuni\u00f3n de Zoom del proyecto de verano del PCOI sobre el Materialismo Dial\u00e9ctico. Despu\u00e9s, los camaradas se &hellip; <a href=\"https:\/\/icwpredflag.org\/wp\/wordpress\/wps\/volumen-14-numero-12\/filosofia-comunista-planeta-tierra-la-historia-humana-nuestras-luchas-hoy-dia\/\" class=\"more-link\">Sigue leyendo <span class=\"screen-reader-text\">Filosof\u00eda Comunista: Planeta Tierra, La Historia Humana, Nuestras Luchas Hoy Dia<\/span><\/a><\/p>\n","protected":false},"author":6,"featured_media":5655,"parent":10792,"menu_order":0,"comment_status":"closed","ping_status":"closed","template":"","meta":{"footnotes":""},"class_list":["post-10821","page","type-page","status-publish","has-post-thumbnail","hentry"],"_links":{"self":[{"href":"https:\/\/icwpredflag.org\/wp\/wordpress\/wps\/wp-json\/wp\/v2\/pages\/10821","targetHints":{"allow":["GET"]}}],"collection":[{"href":"https:\/\/icwpredflag.org\/wp\/wordpress\/wps\/wp-json\/wp\/v2\/pages"}],"about":[{"href":"https:\/\/icwpredflag.org\/wp\/wordpress\/wps\/wp-json\/wp\/v2\/types\/page"}],"author":[{"embeddable":true,"href":"https:\/\/icwpredflag.org\/wp\/wordpress\/wps\/wp-json\/wp\/v2\/users\/6"}],"replies":[{"embeddable":true,"href":"https:\/\/icwpredflag.org\/wp\/wordpress\/wps\/wp-json\/wp\/v2\/comments?post=10821"}],"version-history":[{"count":2,"href":"https:\/\/icwpredflag.org\/wp\/wordpress\/wps\/wp-json\/wp\/v2\/pages\/10821\/revisions"}],"predecessor-version":[{"id":10823,"href":"https:\/\/icwpredflag.org\/wp\/wordpress\/wps\/wp-json\/wp\/v2\/pages\/10821\/revisions\/10823"}],"up":[{"embeddable":true,"href":"https:\/\/icwpredflag.org\/wp\/wordpress\/wps\/wp-json\/wp\/v2\/pages\/10792"}],"wp:featuredmedia":[{"embeddable":true,"href":"https:\/\/icwpredflag.org\/wp\/wordpress\/wps\/wp-json\/wp\/v2\/media\/5655"}],"wp:attachment":[{"href":"https:\/\/icwpredflag.org\/wp\/wordpress\/wps\/wp-json\/wp\/v2\/media?parent=10821"}],"curies":[{"name":"wp","href":"https:\/\/api.w.org\/{rel}","templated":true}]}}