{"id":10922,"date":"2023-10-08T16:29:02","date_gmt":"2023-10-08T16:29:02","guid":{"rendered":"https:\/\/icwpredflag.org\/wp\/wordpress\/wps\/?page_id=10922"},"modified":"2023-10-08T16:29:02","modified_gmt":"2023-10-08T16:29:02","slug":"rebeliones-iranies-un-ano-despues","status":"publish","type":"page","link":"https:\/\/icwpredflag.org\/wp\/wordpress\/wps\/volumen-14-numero-13\/rebeliones-iranies-un-ano-despues\/","title":{"rendered":"Rebeliones Iranies, Un A\u00f1o Despu\u00e9s"},"content":{"rendered":"<p style=\"text-align: center\"><strong>Muchos Manifestantes Abiertos al Comunismo Revolucionario <a class=\"icwp-emph\" href=\"#1\">aqu\u00ed \u2666<\/a> Rebeliones Heroicas no son suficientes <a class=\"icwp-emph\" href=\"#2\">aqu\u00ed \u2666<\/a><\/strong><\/p>\n<p><img loading=\"lazy\" decoding=\"async\" class=\"aligncenter wp-image-10875\" src=\"https:\/\/icwpredflag.org\/wp\/wordpress\/wps\/wp-content\/uploads\/sites\/2\/2023\/10\/iranprot.jpg\" alt=\"\" width=\"631\" height=\"386\" srcset=\"https:\/\/icwpredflag.org\/wp\/wordpress\/wps\/wp-content\/uploads\/sites\/2\/2023\/10\/iranprot.jpg 309w, https:\/\/icwpredflag.org\/wp\/wordpress\/wps\/wp-content\/uploads\/sites\/2\/2023\/10\/iranprot-300x183.jpg 300w\" sizes=\"auto, (max-width: 631px) 100vw, 631px\" \/><\/p>\n<h4 id=\"1\" style=\"text-align: center\"><span style=\"color: #ff0000\"><strong>Muchos Manifestantes Abiertos al Comunismo Revolucionario<\/strong><\/span><\/h4>\n<p style=\"text-align: justify\">LOS \u00c1NGELES (EE. UU.), 16 de septiembre- \u00abBandera Roja, un peri\u00f3dico revolucionario comunista. \u00bfQuiere uno?\u00bb<\/p>\n<p style=\"text-align: justify\">\u00abNo, gracias. No somos comunistas\u00bb, respondi\u00f3 la mujer iran\u00ed de mediana edad.<\/p>\n<p style=\"text-align: justify\">El camarada pregunt\u00f3 entonces a tres hombres que estaban cerca. Uno lo cogi\u00f3.<\/p>\n<p style=\"text-align: justify\">Inmediatamente, la primera mujer se acerc\u00f3 diciendo: \u00ab\u00bfQu\u00e9 haces? Es un peri\u00f3dico comunista, \u00a1no lo cojas!\u00bb.<\/p>\n<p style=\"text-align: justify\">El hombre dobl\u00f3 bien el peri\u00f3dico, se lo meti\u00f3 en el bolsillo y dijo: \u00abGracias. Lo leer\u00e9\u00bb.<\/p>\n<p style=\"text-align: justify\">Esto ocurri\u00f3 en una manifestaci\u00f3n conmemorando el primer aniversario de la muerte de Mahsa Amini a manos de la polic\u00eda de la moralidad del gobierno iran\u00ed. Fue organizada por las fuerzas anticomunistas pro-Sha. Asistieron entre tres mil y cinco mil manifestantes.<\/p>\n<p style=\"text-align: justify\">Otra camarada que distribu\u00eda Bandera Roja se acerc\u00f3 a una docena de personas que estaban sentadas en un muro bajo escuchando los discursos. Ofreci\u00f3 el peri\u00f3dico a la primera persona.<\/p>\n<p style=\"text-align: justify\">\u00ab\u00bfComunismo? Yo no lo quiero y ninguna de estas personas lo quiere. V\u00e1yase\u00bb, grit\u00f3 col\u00e9ricamente.<\/p>\n<p style=\"text-align: justify\">Sin intimidarse, la camarada se lo ofreci\u00f3 a la siguiente mujer. Y as\u00ed sucesivamente. La mayor\u00eda eran mujeres. Todas lo cogieron, d\u00e1ndole las gracias sincera y abiertamente, desafiando a la anticomunista.<\/p>\n<p style=\"text-align: justify\">Un joven en silla de ruedas se puso la mano sobre el coraz\u00f3n. Su madre le explic\u00f3: \u00abQuiere que sepas que admira lo que haces\u00bb.<\/p>\n<p style=\"text-align: justify\">Tuvimos muchos momentos similares mientras repart\u00edamos los 135 peri\u00f3dicos y unos 300 volantes en una hora y media.<\/p>\n<p style=\"text-align: justify\">Tuvimos muy buenas conversaciones. Muchos estuvieron de acuerdo que \u00abrebeliones heroicas\u00bb no son suficientes, necesitamos la revoluci\u00f3n. Discutimos por qu\u00e9 debe ser por el comunismo y no por el socialismo.<\/p>\n<p style=\"text-align: justify\">Hablamos de la necesidad de un partido comunista internacional y de una revoluci\u00f3n en todo el mundo, no s\u00f3lo en un pa\u00eds. Explicamos que luchamos por construir el PCOI en todas partes, que somos peque\u00f1os, pero estamos creciendo en India, Sud\u00e1frica, El Salvador, EE. UU. y Espa\u00f1a. \u00abEso est\u00e1 muy bien\u00bb, respondieron muchos. Esto demuestra una perspectiva internacionalista, no nacionalista.<\/p>\n<p style=\"text-align: justify\">Hablamos con algunos sobre el crecimiento de la alianza BRICS liderada por China y Rusia, y la agudizaci\u00f3n de la lucha entre \u00e9sta y el bloque G7 liderado por Estados Unidos. Que esto est\u00e1 conduciendo a la Tercera Guerra Mundial. Dijimos que a ning\u00fan capitalista-imperialista le importamos nosotros, las masas, en ninguna parte. Que debemos destruir su sistema antes de que ellos nos destruyan a nosotros. La gente estuvo de acuerdo, aceptando nuestra literatura.<\/p>\n<p style=\"text-align: justify\">Tras un a\u00f1o de manifestaciones combativas masivas no se ha producido ning\u00fan cambio en el gobierno. Los activistas dentro de las masas iran\u00edes parecen estar d\u00e1ndose cuenta de que las rebeliones, aunque combativas y masivas, no bastan. Y que la revoluci\u00f3n es necesaria para un cambio permanente. Est\u00e1n abiertos al comunismo.<\/p>\n<p style=\"text-align: justify\">Intentamos obtener su informaci\u00f3n de contacto, pero no pudimos, excepto la de un joven. Esperamos que esto conduzca a una relaci\u00f3n revolucionaria duradera.<\/p>\n<p><strong>S\u00f3lo la Revoluci\u00f3n Comunista Puede Acabar con el Sexismo<\/strong><\/p>\n<p style=\"text-align: justify\">La rebeli\u00f3n comenz\u00f3 despu\u00e9s de que la polic\u00eda de la moral detuviera a Amini por \u00abno llevar el hiyab correctamente\u00bb. Muri\u00f3 en prisi\u00f3n. Las masas estallaron airadas contra el sexismo, la opresi\u00f3n y la explotaci\u00f3n del r\u00e9gimen.<\/p>\n<p style=\"text-align: justify\">El sexismo no es \u00abnatural\u00bb. En las sociedades preclasistas, hombres y mujeres compart\u00edan el trabajo y las responsabilidades con respeto mutuo. La sociedad de clases cre\u00f3 el sexismo. Los capitalistas lo utilizan para dividir a nuestra clase y evitar que nos unamos para la revoluci\u00f3n. Lo utilizan para dividirnos y controlarnos, adem\u00e1s de dividirnos por \u00abraza\u00bb y nacionalidad.<\/p>\n<p style=\"text-align: justify\">Los capitalistas obtienen miles de millones de d\u00f3lares en ganancias extras pagando menos a las mujeres. Eso hace que bajen todos los salarios. En la cultura decadente capitalista las mujeres son tratadas como objetos sexuales, ya sea mediante la pornograf\u00eda u oblig\u00e1ndolas a ocultar sus cuerpos y rostros y a depender completamente de los hombres.<\/p>\n<p style=\"text-align: justify\">Las mujeres lideraron a menudo las rebeliones iran\u00edes, unidas a los hombres. Muchas est\u00e1n predispuestas a ver que necesitamos una revoluci\u00f3n, no reformas, para librarnos del sexismo capitalista y de su esclavitud asalariada.<\/p>\n<p style=\"text-align: justify\">Juntos construiremos una sociedad basada en relaciones comunistas de compartir, amor y respeto. Mujeres y hombres de todo el mundo participar\u00e1n plenamente en la lucha por el comunismo y en su construcci\u00f3n. Contribuiremos seg\u00fan nuestro compromiso y capacidad y recibiremos seg\u00fan nuestras necesidades.<\/p>\n<p style=\"text-align: justify\">S\u00f3lo el comunismo puede acabar con los seiscientos a\u00f1os de terror y asesinato del capitalismo. Honremos el hero\u00edsmo de nuestras hermanas y hermanos organiz\u00e1ndonos para enterrar el capitalismo para siempre.<\/p>\n<h4 id=\"2\" style=\"text-align: center\"><span style=\"color: #ff0000\"><strong>Rebeliones heroicas no son suficientes: \u00a1S\u00f3lo la revoluci\u00f3n comunista puede ponerle fin al reinado de 600 a\u00f1os de terror del capitalismo!<\/strong><\/span><\/h4>\n<p style=\"text-align: justify\">Ha pasado un a\u00f1o desde que la polic\u00eda de la Moral asesin\u00f3 a Masha Amini en Ir\u00e1n. Manifestaciones masivas y desafiantes a nivel nacional convirtieron las ciudades en campos de batalla abiertos. Miles fueron arrestados. Cientos fueron asesinados. Pero la ira y el odio de las masas hacia el fascismo del r\u00e9gimen contin\u00faan.<\/p>\n<p style=\"text-align: justify\">Desde 1979, los ayatol\u00e1s han utilizado el encarcelamiento, la tortura y el asesinato para sofocar el esp\u00edritu de lucha de las masas iran\u00edes. No ha funcionado. Durante los \u00faltimos 44 a\u00f1os, varias rebeliones masivas han sacudido a los gobernantes isl\u00e1micos capitalistas.<\/p>\n<p style=\"text-align: justify\">El terror masivo es el \u00faltimo recurso de todos los gobernantes capitalistas-imperialistas para mantenerse en el poder. Los hace parecer despiadadamente poderosos e invencibles. La realidad los muestra como la clase dominante m\u00e1s d\u00e9bil de la historia. Su poder econ\u00f3mico y militar \u2013incluso su bienestar f\u00edsico\u2013 dependen completamente de nosotros, sus enemigos mortales de clase.<\/p>\n<p style=\"text-align: justify\">Si nos negamos a trabajar, sus industrias y ciudades multimillonarias se paralizar\u00edan. Si nuestros hermanos y hermanas de clase trabajadora en sus ej\u00e9rcitos dieran la vuelta a sus armas y se unieran a los trabajadores industriales en un levantamiento revolucionario, los gobernantes ser\u00edan historia.<\/p>\n<p style=\"text-align: justify\">\u00bfC\u00f3mo, si son tan pocos y d\u00e9biles, pueden gobernar a la clase revolucionaria m\u00e1s grande y poderosa de la historia?<\/p>\n<p style=\"text-align: justify\">Porque est\u00e1n organizados. No somos. Controlan a la polic\u00eda y al ej\u00e9rcito para aplastar nuestra rebeli\u00f3n. Tambi\u00e9n son propietarios de los medios de producci\u00f3n. Para sobrevivir, debemos venderles nuestra fuerza de trabajo a cambio de un salario. Esto es esclavitud asalariada. El dinero (los salarios) es la cadena que nos une a nuestros modernos amos de esclavos.<\/p>\n<p style=\"text-align: justify\">Lo m\u00e1s importante es su control ideol\u00f3gico. Su sistema educativo, sus medios de comunicaci\u00f3n y su cultura nos mantienen divididos a trav\u00e9s del sexismo, el racismo, el fundamentalismo religioso, la islamofobia, el reformismo y el anticomunismo, entre otros.<\/p>\n<p><strong>Derrotar al anticomunismo: cuesti\u00f3n de vida o muerte para nuestra clase.<\/strong><\/p>\n<p style=\"text-align: justify\">Es clave para derrotar las ideolog\u00edas venenosas del capitalismo. La ideolog\u00eda comunista nos ense\u00f1a que el dinero y la producci\u00f3n con fines de lucro son la ra\u00edz del racismo, el sexismo y todos los males sociales.<\/p>\n<p style=\"text-align: justify\">El comunismo nos ense\u00f1a que no podemos reformar el capitalismo para satisfacer las necesidades de las masas. Ya sea una rep\u00fablica isl\u00e1mica o una naci\u00f3n capitalista secular como Estados Unidos, los gobernantes explotan nuestra mano de obra para enriquecerse. Nos reclutan en sus ej\u00e9rcitos para luchar en sus guerras por ganancias e imperio.<\/p>\n<p style=\"text-align: justify\">Podemos organizarnos para destruir este sistema cruel y asesino y construir un mundo comunista sin dinero, mercados, fronteras, naciones o las ideolog\u00edas venenosas del capitalismo. Un mundo donde produciremos y distribuiremos colectivamente los productos de nuestro trabajo para satisfacer las necesidades de todos. El principio rector de nuestro mundo comunista ser\u00e1 de cada uno seg\u00fan su capacidad y compromiso, a cada uno seg\u00fan su necesidad. Un mundo sin clases no necesitar\u00e1 c\u00e1rceles ni polic\u00edas.<\/p>\n<p><strong>Ideolog\u00eda comunista: crucial para comprender la necesidad de un partido comunista de nuevo tipo.<\/strong><\/p>\n<p style=\"text-align: justify\">Sin un Partido comunista revolucionario no puede haber una revoluci\u00f3n comunista. El viejo movimiento comunista form\u00f3 peque\u00f1os partidos de revolucionarios profesionales. Esto restringi\u00f3 el n\u00famero de trabajadores que pod\u00edan ser admitidos en los partidos. Por lo tanto, terminaron haciendo revoluciones \u2013como en Rusia y China\u2013 con partidos peque\u00f1os.<\/p>\n<p style=\"text-align: justify\">Las masas fueron excluidas. El Partido Comunista Internacional de los Trabajadores (PCOI) tiene como objetivo construir un partido de masas mundial con millones de miembros y l\u00edderes. Estas masas de trabajadores comunistas dirigir\u00e1n la sociedad sin privilegios para nadie.<\/p>\n<p style=\"text-align: justify\">\u00a1Las rebeliones masivas, por heroicas que sean, no son suficientes! Necesitamos una revoluci\u00f3n y un PCOI internacional.<\/p>\n<p style=\"text-align: justify\">Rebeliones masivas desde Ir\u00e1n hasta Ecuador, Francia, India, Sri Lanca, Sud\u00e1n y m\u00e1s all\u00e1 han sacudido al mundo capitalista. Sin embargo, no ha cambiado mucho para nosotros. El capitalismo nos explota, encarcela, tortura y asesina a diario.<\/p>\n<p style=\"text-align: justify\">S\u00f3lo el comunismo puede poner fin a los 600 a\u00f1os de terror y asesinato del capitalismo. Honremos el hero\u00edsmo de nuestros hermanos y hermanas al organizarse para enterrar el capitalismo para siempre. El viejo movimiento comunista fracas\u00f3 porque luch\u00f3 por el socialismo. El socialismo es capitalismo de Estado. Mantiene el dinero y la producci\u00f3n para la venta y las ganancias.<\/p>\n<p style=\"text-align: justify\">Los gobernantes comunistas de Rusia y China se convirtieron en imperialistas ricos y ahora compet\u00edan con el imperialismo estadounidense por la supremac\u00eda mundial. Ir\u00e1n y otros cinco pa\u00edses que se unieron a los BRICS acaban de intensificar esta competencia. Los BRICS +6 amenazan ahora la supervivencia del G7-G20 controlado por Estados Unidos. Por lo tanto, la Tercera Guerra Mundial se vislumbra m\u00e1s cerca en el horizonte.<\/p>\n<p style=\"text-align: justify\">Pero estos tambi\u00e9n son tiempos revolucionarios: \u00a1las heroicas rebeliones masivas de nuestra clase lo demuestran! Muestra que podemos y debemos organizarnos para convertir la guerra imperialista que se avecina en una guerra por el poder de los trabajadores comunistas. Organizar un PCOI masivo en todo el mundo es clave.<\/p>\n<p style=\"text-align: justify\">Si est\u00e1s de acuerdo con el comunismo y est\u00e1s dispuesto a ayudar, \u00a1\u00fanete a nosotros! Organiza un colectivo del PCOI con tus amigos, familiares o compa\u00f1eros de trabajo. \u00a1Lee, escribe y distribuye Bandera Roja, nuestro peri\u00f3dico comunista revolucionario!<\/p>\n<h4><a href=\"https:\/\/icwpredflag.org\/wp\/wordpress\/wps\/volumen-14-numero-13\/\">Primera p\u00e1gina de esta edici\u00f3n<\/a><\/h4>\n","protected":false},"excerpt":{"rendered":"<p>Muchos Manifestantes Abiertos al Comunismo Revolucionario aqu\u00ed \u2666 Rebeliones Heroicas no son suficientes aqu\u00ed \u2666 Muchos Manifestantes Abiertos al Comunismo Revolucionario LOS \u00c1NGELES (EE. UU.), 16 de septiembre- \u00abBandera Roja, un peri\u00f3dico revolucionario comunista. \u00bfQuiere uno?\u00bb \u00abNo, gracias. No somos comunistas\u00bb, respondi\u00f3 la mujer iran\u00ed de mediana edad. El camarada pregunt\u00f3 entonces a tres hombres &hellip; <a href=\"https:\/\/icwpredflag.org\/wp\/wordpress\/wps\/volumen-14-numero-13\/rebeliones-iranies-un-ano-despues\/\" class=\"more-link\">Sigue leyendo <span class=\"screen-reader-text\">Rebeliones Iranies, Un A\u00f1o Despu\u00e9s<\/span><\/a><\/p>\n","protected":false},"author":6,"featured_media":5655,"parent":10865,"menu_order":0,"comment_status":"closed","ping_status":"closed","template":"","meta":{"footnotes":""},"class_list":["post-10922","page","type-page","status-publish","has-post-thumbnail","hentry"],"_links":{"self":[{"href":"https:\/\/icwpredflag.org\/wp\/wordpress\/wps\/wp-json\/wp\/v2\/pages\/10922","targetHints":{"allow":["GET"]}}],"collection":[{"href":"https:\/\/icwpredflag.org\/wp\/wordpress\/wps\/wp-json\/wp\/v2\/pages"}],"about":[{"href":"https:\/\/icwpredflag.org\/wp\/wordpress\/wps\/wp-json\/wp\/v2\/types\/page"}],"author":[{"embeddable":true,"href":"https:\/\/icwpredflag.org\/wp\/wordpress\/wps\/wp-json\/wp\/v2\/users\/6"}],"replies":[{"embeddable":true,"href":"https:\/\/icwpredflag.org\/wp\/wordpress\/wps\/wp-json\/wp\/v2\/comments?post=10922"}],"version-history":[{"count":2,"href":"https:\/\/icwpredflag.org\/wp\/wordpress\/wps\/wp-json\/wp\/v2\/pages\/10922\/revisions"}],"predecessor-version":[{"id":10924,"href":"https:\/\/icwpredflag.org\/wp\/wordpress\/wps\/wp-json\/wp\/v2\/pages\/10922\/revisions\/10924"}],"up":[{"embeddable":true,"href":"https:\/\/icwpredflag.org\/wp\/wordpress\/wps\/wp-json\/wp\/v2\/pages\/10865"}],"wp:featuredmedia":[{"embeddable":true,"href":"https:\/\/icwpredflag.org\/wp\/wordpress\/wps\/wp-json\/wp\/v2\/media\/5655"}],"wp:attachment":[{"href":"https:\/\/icwpredflag.org\/wp\/wordpress\/wps\/wp-json\/wp\/v2\/media?parent=10922"}],"curies":[{"name":"wp","href":"https:\/\/api.w.org\/{rel}","templated":true}]}}