{"id":11105,"date":"2023-11-20T00:21:38","date_gmt":"2023-11-20T00:21:38","guid":{"rendered":"https:\/\/icwpredflag.org\/wp\/wordpress\/wps\/?page_id=11105"},"modified":"2023-11-20T00:42:16","modified_gmt":"2023-11-20T00:42:16","slug":"soldados-marineros-obreros-industriales-claves-para-la-revolucion-comunista","status":"publish","type":"page","link":"https:\/\/icwpredflag.org\/wp\/wordpress\/wps\/volumen-14-numero-15\/soldados-marineros-obreros-industriales-claves-para-la-revolucion-comunista\/","title":{"rendered":"Soldados, Marineros, Obreros Industriales: Claves para la Revoluci\u00f3n Comunista"},"content":{"rendered":"<p style=\"text-align: center;\"><strong>Soldados Israel\u00edes Desilusionados Denuncian <a class=\"icwp-emph\" href=\"#1\">aqu\u00ed \u2666<\/a>\u00bfC\u00f3mo Pueden los Comunistas Organizar Hoy Dentro de los Ej\u00e9rcitos Capitalistas?\u00a0<a class=\"icwp-emph\" href=\"#2\">aqu\u00ed \u2666<\/a>\u00a0Revoluci\u00f3n o Resistencia\u00a0<a class=\"icwp-emph\" href=\"#3\">aqu\u00ed \u2666<\/a><\/strong><\/p>\n<p><img loading=\"lazy\" decoding=\"async\" class=\"alignnone wp-image-11080\" src=\"https:\/\/icwpredflag.org\/wp\/wordpress\/wps\/wp-content\/uploads\/sites\/2\/2023\/11\/taca1-300x204.jpg\" alt=\"\" width=\"840\" height=\"571\" srcset=\"https:\/\/icwpredflag.org\/wp\/wordpress\/wps\/wp-content\/uploads\/sites\/2\/2023\/11\/taca1-300x204.jpg 300w, https:\/\/icwpredflag.org\/wp\/wordpress\/wps\/wp-content\/uploads\/sites\/2\/2023\/11\/taca1.jpg 336w\" sizes=\"auto, (max-width: 840px) 100vw, 840px\" \/><\/p>\n<p style=\"text-align: center;\"><strong>Puerto de Tacoma, EE. UU.<\/strong><strong>\u00a0<\/strong><\/p>\n<h4 id=\"1\" style=\"text-align: center;\"><span style=\"color: #ff0000;\"><strong>Soldados Israel\u00edes Desilusionados Denuncian y Muestran Potencial para Organizar un Ej\u00e9rcito Rojo<\/strong><\/span><\/h4>\n<p style=\"text-align: justify;\">TEL AVIV (Israel), 14 de noviembre\u2014 \u201cEn medio de la histeria colectiva por apoyar a las FDI (Fuerzas de Defensa de Israel), un video viral de cuatro soldados israel\u00edes hablando en \u00e1rabe est\u00e1 circulando por todas partes\u201d, dijo un camarada aqu\u00ed. \u201cDenuncian al ej\u00e9rcito israel\u00ed, diciendo que Dios est\u00e1 con Palestina, y al carajo con el ej\u00e9rcito israel\u00ed. Un ataque tan flagrante contra las FDI suele acarrear duros castigos. Pero los altos mandos s\u00f3lo les advirtieron que su comportamiento contraviene los principios y valores del Ej\u00e9rcito\u201d.<\/p>\n<p style=\"text-align: justify;\">Las masas en Israel est\u00e1n cuestionando su apoyo a los gobernantes israel\u00edes y su matanza genocida en Gaza. Los padres de dos activistas por la paz asesinados por Ham\u00e1s el 7 de octubre culparon a las FDI de crear condiciones insoportables durante 75 a\u00f1os en Gaza. En 2014, las FDI mataron a m\u00e1s de 2,200 palestinos en Gaza. La mayor\u00eda eran civiles. Y los gobernantes israel\u00edes continuaron financiando a Ham\u00e1s con millones de d\u00f3lares despu\u00e9s de 2014.<\/p>\n<p style=\"text-align: justify;\">Cada vez que los gobernantes israel\u00edes env\u00edan a j\u00f3venes soldados a pelear, muchos regresan enojados y desilusionados con el sionismo.<\/p>\n<p style=\"text-align: justify;\">Un soldado que anteriormente estuvo en el entrenamiento de \u00e9lite Golani se quej\u00f3 amargamente de que constantemente tiene pesadillas debido a su servicio de combate. No recibe terapia. \u201cLos mat\u00e9 a todos (palestinos), a todo lo que se mov\u00eda. No perdon\u00e9 ni siquiera a los ni\u00f1os peque\u00f1os. Fui parte de la campa\u00f1a \u2018cortar el c\u00e9sped\u2019. Ahora grito, me quejo y orino toda la noche despu\u00e9s del trauma. Veo los rostros de los ni\u00f1os inocentes y escucho: \u2018\u00bfPor qu\u00e9 me mataste?\u2019<\/p>\n<p style=\"text-align: justify;\">\u201cToda mi familia contribuy\u00f3 al ej\u00e9rcito\u201d, continu\u00f3. \u201cMe dijeron mentiras sobre el Canal de Suez. Fui seleccionado para el proyecto de inteligencia Havatzalot. Ten\u00eda la mayor motivaci\u00f3n. S\u00f3lo para descubrir que me estaban mintiendo\u201d.<\/p>\n<p style=\"text-align: justify;\">El documental \u201cPara ver si estoy sonriendo\u201d habla sobre las FDI en 2006 en Cisjordania. Est\u00e1 narrado por seis mujeres soldados. \u201cNuestra unidad arroj\u00f3 una granada de mano a una multitud de palestinos\u201d, dijo una. \u201cVarios murieron. Vi a una joven cojeando de dolor. Mi instinto natural fue correr hacia la ni\u00f1a para ayudarla. La mujer palestina que me vio pens\u00f3 que iba a matar a la ni\u00f1a. Nunca olvidar\u00e9 la rabia en sus ojos. Nunca olvidar\u00e9 esos ojos de ira y agon\u00eda. Me da pesadillas\u201d.<\/p>\n<p style=\"text-align: justify;\">La historia de estas mujeres es la historia de la sociedad israel\u00ed. Hombres y mujeres j\u00f3venes de 18 a\u00f1os son reclutados. Les dicen mentiras sobre c\u00f3mo van a crear seguridad. En realidad, los soldados se ven obligados a aterrorizar a la poblaci\u00f3n para servir a los capitalistas israel\u00edes.<\/p>\n<p style=\"text-align: justify;\">Su historia muestra un potencial explosivo para reclutar soldados del ej\u00e9rcito capitalista para construir un ej\u00e9rcito rojo comunista para la revoluci\u00f3n.<\/p>\n<p style=\"text-align: justify;\">Miles de exsoldados israel\u00edes han visto que sus vidas no se dedicaban a la seguridad de la clase trabajadora sino a la seguridad de los opresores capitalistas. Han formado una organizaci\u00f3n de masas llamada Rompiendo el Silencio.<\/p>\n<p style=\"text-align: justify;\">\u201cFui comandante de tanque entre 2010 y 2013\u201d, dijo uno. \u201cLlevamos 18 a\u00f1os Rompiendo el Silencio y recopilando pruebas de soldados en los territorios ocupados de Gaza y Cisjordania. Nuestra tarea como ej\u00e9rcito era reprimirlos, subyugarlos, hacerlos in\u00fatiles, humillarlos. Ahora, gracias a los valientes soldados, est\u00e1n desobedeciendo estas \u00f3rdenes. No quieren participar en estos asesinatos en masa y crear campos de refugiados masivos\u201d.<\/p>\n<p style=\"text-align: justify;\">\u201cYo era parte de una organizaci\u00f3n terrorista\u201d, dijo un ex piloto de la Fuerza A\u00e9rea de Israel. \u201cEsta ocupaci\u00f3n es un acto criminal continuo, cr\u00edmenes de guerra tras cr\u00edmenes de guerra. Y no vamos a continuar m\u00e1s en estos cr\u00edmenes de guerra\u201d.<\/p>\n<p style=\"text-align: justify;\">Miles de exsoldados en Israel est\u00e1n viendo la naturaleza de clase de la guerra. S\u00f3lo sirve a la clase capitalista gobernante. Mientras gobernantes como el fascista Netanyahu llevan a cabo ataques genocidas en Gaza, su hijo vive lujosamente en Miami. Los m\u00e1ximos lideres de Ham\u00e1s tambi\u00e9n viven lujosamente en Qatar.<\/p>\n<p style=\"text-align: justify;\">El genocidio imperialista en Gaza muestra que la clase dominante israel\u00ed es extremadamente d\u00e9bil y letal. Depende de Estados Unidos, otra potencia en declive. La guerra ha creado millones de masas enojadas en todo el mundo. La lecci\u00f3n m\u00e1s importante que podemos extraer es la necesidad de organizar a los soldados en los ej\u00e9rcitos patronales.<\/p>\n<p style=\"text-align: justify;\"><strong>Bandera Roja agrega<\/strong>: Un soldado en Port Elizabeth, Sud\u00e1frica, distribuye Bandera Roja a su unidad. Dice que el genocidio de Gaza est\u00e1 haciendo que m\u00e1s soldados vean nuestra l\u00ednea de reclutamiento de comunistas. \u201cLos patrones son impotentes si nos negamos a pelear por ellos\u201d. Sigamos su ejemplo reclutando m\u00e1s soldados de los ej\u00e9rcitos patronales de todas partes. Tenemos que construir un Ej\u00e9rcito Rojo unido. Ni Ham\u00e1s ni las FDI pueden lograr la paz. Son enemigos de la clase obrera. Construyamos un poderoso PCOI de soldados rojos para liberar a la clase obrera de la esclavitud asalariada y el genocidio.<\/p>\n<h4 id=\"2\" style=\"text-align: center;\"><span style=\"color: #ff0000;\"><strong>\u00bfC\u00f3mo Pueden los Comunistas Organizar Hoy Dentro de los Ej\u00e9rcitos Capitalistas?<\/strong><\/span><\/h4>\n<p style=\"text-align: justify;\">Un camarada en Oreg\u00f3n (EE. UU.) ha estado discutiendo la situaci\u00f3n en Medio Oriente (y alrededor del mundo) con amigos. Algunos de ellos trabajan en escuelas all\u00ed. Muchos de estos amigos ven que los imperialistas van rumbo a la guerra.<\/p>\n<p style=\"text-align: justify;\">El camarada piensa que es muy importante que nuestro peri\u00f3dico hable sobre lo que los comunistas pueden hacer ahora para organizar en las fuerzas armadas. Tambi\u00e9n, lo que han hecho los miembros y amigos de nuestro Partido en el pasado. Los ejemplos e historias reales son claves para que la gente crea que realmente lo podemos hacer.<\/p>\n<p style=\"text-align: justify;\">El camarada formul\u00f3 estas preguntas:<\/p>\n<p style=\"text-align: justify;\">\u00bfCu\u00e1les son las condiciones materiales que llevan a las naciones capitalistas\/imperialistas a la guerra?<\/p>\n<ul style=\"text-align: justify;\">\n<li>La propaganda capitalista nos dice las 24 horas del d\u00eda, 7 d\u00edas a la semana, que la guerra es en nuestro inter\u00e9s. \u00bfC\u00f3mo demostramos que estas guerras imperialistas nunca benefician a los trabajadores, estudiantes y soldados?<\/li>\n<li>\u00bfC\u00f3mo podemos combatir los mensajes nacionalistas que pretenden enga\u00f1arnos para que apoyemos y participemos en las guerras desesperadas capitalistas por sus ganancias y supervivencia, cuando estas guerras nunca son en beneficio de nuestros intereses de clase trabajadora?<\/li>\n<li>\u00bfC\u00f3mo y por qu\u00e9 abogamos por el comunismo y la solidaridad de la clase obrera como \u00fanica respuesta a la competencia y la guerra imperialistas?<\/li>\n<li>\u00bfPor qu\u00e9 debemos organizar para el comunismo en el ej\u00e9rcito cuando el prop\u00f3sito del ej\u00e9rcito en cada naci\u00f3n es entrenarnos para pelear por el capitalismo y su supervivencia?<\/li>\n<li>\u00bfCu\u00e1l es la historia de organizar para el comunismo en el ej\u00e9rcito?<\/li>\n<li>\u00bfC\u00f3mo construimos colectivos del Partido dentro del ej\u00e9rcito?<\/li>\n<\/ul>\n<p style=\"text-align: justify;\">Camaradas y amigos alrededor del mundo, muchos de ustedes tienen experiencia (o amigos con experiencia) en el organizar para el comunismo en el ej\u00e9rcito. Tenemos ejemplos hist\u00f3ricos de muchos lugares, incluidos Rusia y China. Pero busquemos ejemplos m\u00e1s actuales (y en primera persona) desde finales del siglo XX hasta ahora.<\/p>\n<p style=\"text-align: justify;\">Este es un trabajo clave para hacer una revoluci\u00f3n. Todos necesitamos saber que se ha hecho y que se puede hacer. \u00bfQu\u00e9 errores se cometieron? \u00bfC\u00f3mo podemos mejorar nuestro trabajo?<\/p>\n<p style=\"text-align: justify;\">Por favor contribuyan con historias, ejemplos e ideas para responder estas preguntas.<\/p>\n<p style=\"text-align: justify;\">\u2014 Colectivo de <em>Bandera Roja\/Red Flag<\/em><\/p>\n<p style=\"text-align: center;\"><strong>Lean Nuestro Folleto:<\/strong><\/p>\n<p style=\"text-align: center;\"><a href=\"http:\/\/icwpredflag.org\/MIL\/mpe.html\"><em><strong>Soldados, Marineros, Infantes de Marina: Cruciales para una Revoluci\u00f3n Comunista Obrera<\/strong><\/em><\/a><\/p>\n<h4 id=\"3\" style=\"text-align: center;\"><span style=\"color: #ff0000;\"><strong>Convirtamos la Resistencia al Capitalismo en una Revoluci\u00f3n para el Comunismo<\/strong><\/span><\/h4>\n<p style=\"text-align: justify;\">\u201cSi podemos lograr este nivel de solidaridad global, entonces la revoluci\u00f3n comienza ahora\u201d, dijo un amigo que conocimos en eventos anti-APEC este verano. Se refer\u00eda a la retenci\u00f3n de un env\u00edo de armas a Israel que sal\u00eda del puerto de Tacoma. Un amigo de la escuela secundaria que conocimos mientras distribu\u00edamos <em>Bandera Roja<\/em> tambi\u00e9n se mostr\u00f3 entusiasmado con el potencial de estas acciones.<\/p>\n<p style=\"text-align: justify;\">Estas discusiones revelaron la contradicci\u00f3n entre las estrategias que apuntan a la revoluci\u00f3n comunista y aquellas que se basan en la resistencia manteniendo al mismo tiempo el capitalismo.<\/p>\n<p style=\"text-align: justify;\">En ellas, los camaradas enfatizaron la necesidad de ganar para el comunismo a los obreros industriales, como los estibadores y los obreros de Boeing, as\u00ed como a los soldados.<\/p>\n<p style=\"text-align: justify;\">Dimos dos ejemplos hist\u00f3ricos. Primero, durante la Revoluci\u00f3n Rusa de 1917, los obreros portuarios de Seattle se dieron cuenta que se enviaban grandes env\u00edos de m\u00e1quinas de coser a \u00e1reas alrededor de Rusia. A ellos les result\u00f3 extra\u00f1o que las m\u00e1quinas de coser fueran una prioridad durante la guerra civil rusa.<\/p>\n<p style=\"text-align: justify;\">\u200bA un estibador se le cay\u00f3 \u201caccidentalmente\u201d una de las cajas con m\u00e1quinas de coser. \u00a1He aqu\u00ed! Las cajas conten\u00edan rifles. Estaban destinados al ej\u00e9rcito blanco anticomunista apoyado por los imperialistas, incluido Estados Unidos. Los estibadores izquierdistas se aseguraron de que las armas nunca llegaran al campo de batalla ruso.<\/p>\n<p style=\"text-align: justify;\">En segundo lugar, describimos la primera batalla de la guerra civil revolucionaria. Tuvo lugar en las afueras de Petrogrado. En las f\u00e1bricas se produc\u00eda d\u00eda y noche material de guerra para la revoluci\u00f3n. La contribuci\u00f3n de los obreros de las f\u00e1bricas no termin\u00f3 en las puertas de la f\u00e1brica.<\/p>\n<p style=\"text-align: justify;\">M\u00e1s de quinientos trabajadores de la f\u00e1brica Putilov y cincuenta carpinteros corrieron a las trincheras con sus herramientas. \u00a1Quer\u00edan estar seguros de que los soldados las recibir\u00edan r\u00e1pidamente! Entrenaron a soldados revolucionarios en c\u00f3mo usarlas. Repararon veh\u00edculos y armas en el frente. Masas de obreros fabriles de toda la ciudad hicieron lo mismo.<\/p>\n<p style=\"text-align: justify;\">La unidad global basada \u00fanicamente en la resistencia no puede acabar con el imperialismo porque deja intacto al capitalismo. S\u00f3lo la revoluci\u00f3n comunista internacional puede liberarnos de las garras de genocidio capitalista. Esto requiere ganar masas de obreros industriales.<\/p>\n<p style=\"text-align: justify;\">La estrategia comunista revolucionaria requiere que estos obreros lleven la lucha m\u00e1s all\u00e1 de las puertas de la f\u00e1brica. No se puede hablar de revoluci\u00f3n sin que grandes sectores del ej\u00e9rcito est\u00e9n convencidos de voltear las armas.<\/p>\n<p style=\"text-align: justify;\">Nos solidarizamos con los cientos que bloquearon la entrega inmediata de armas para el genocidio. No obstante, la revoluci\u00f3n realmente comienza cuando los obreros industriales y los soldados de todo el mundo acuerpan la insurrecci\u00f3n comunista.<\/p>\n<p style=\"text-align: justify;\">Los organizadores comunistas no surgir\u00e1n espont\u00e1neamente. Estamos seguros de que las luchas de hoy, como los debates con nuestros amigos, allanan el camino para el reclutamiento del PCOI durante rebeliones globales masivas.<\/p>\n<p style=\"text-align: justify;\">\u2014Camaradas en Seattle (EE. UU.<\/p>\n<h4><a href=\"https:\/\/icwpredflag.org\/wp\/wordpress\/wps\/volumen-14-numero-15\/\">Primera p\u00e1gina de esta edici\u00f3n<\/a><\/h4>\n<div id=\"gtx-trans\" style=\"position: absolute; left: 25px; top: 4622.3px;\">\n<div class=\"gtx-trans-icon\"><\/div>\n<\/div>\n","protected":false},"excerpt":{"rendered":"<p>Soldados Israel\u00edes Desilusionados Denuncian aqu\u00ed \u2666\u00bfC\u00f3mo Pueden los Comunistas Organizar Hoy Dentro de los Ej\u00e9rcitos Capitalistas?\u00a0aqu\u00ed \u2666\u00a0Revoluci\u00f3n o Resistencia\u00a0aqu\u00ed \u2666 Puerto de Tacoma, EE. UU.\u00a0 Soldados Israel\u00edes Desilusionados Denuncian y Muestran Potencial para Organizar un Ej\u00e9rcito Rojo TEL AVIV (Israel), 14 de noviembre\u2014 \u201cEn medio de la histeria colectiva por apoyar a las FDI (Fuerzas &hellip; <a href=\"https:\/\/icwpredflag.org\/wp\/wordpress\/wps\/volumen-14-numero-15\/soldados-marineros-obreros-industriales-claves-para-la-revolucion-comunista\/\" class=\"more-link\">Sigue leyendo <span class=\"screen-reader-text\">Soldados, Marineros, Obreros Industriales: Claves para la Revoluci\u00f3n Comunista<\/span><\/a><\/p>\n","protected":false},"author":1,"featured_media":5655,"parent":11088,"menu_order":0,"comment_status":"closed","ping_status":"closed","template":"","meta":{"footnotes":""},"class_list":["post-11105","page","type-page","status-publish","has-post-thumbnail","hentry"],"_links":{"self":[{"href":"https:\/\/icwpredflag.org\/wp\/wordpress\/wps\/wp-json\/wp\/v2\/pages\/11105","targetHints":{"allow":["GET"]}}],"collection":[{"href":"https:\/\/icwpredflag.org\/wp\/wordpress\/wps\/wp-json\/wp\/v2\/pages"}],"about":[{"href":"https:\/\/icwpredflag.org\/wp\/wordpress\/wps\/wp-json\/wp\/v2\/types\/page"}],"author":[{"embeddable":true,"href":"https:\/\/icwpredflag.org\/wp\/wordpress\/wps\/wp-json\/wp\/v2\/users\/1"}],"replies":[{"embeddable":true,"href":"https:\/\/icwpredflag.org\/wp\/wordpress\/wps\/wp-json\/wp\/v2\/comments?post=11105"}],"version-history":[{"count":8,"href":"https:\/\/icwpredflag.org\/wp\/wordpress\/wps\/wp-json\/wp\/v2\/pages\/11105\/revisions"}],"predecessor-version":[{"id":11113,"href":"https:\/\/icwpredflag.org\/wp\/wordpress\/wps\/wp-json\/wp\/v2\/pages\/11105\/revisions\/11113"}],"up":[{"embeddable":true,"href":"https:\/\/icwpredflag.org\/wp\/wordpress\/wps\/wp-json\/wp\/v2\/pages\/11088"}],"wp:featuredmedia":[{"embeddable":true,"href":"https:\/\/icwpredflag.org\/wp\/wordpress\/wps\/wp-json\/wp\/v2\/media\/5655"}],"wp:attachment":[{"href":"https:\/\/icwpredflag.org\/wp\/wordpress\/wps\/wp-json\/wp\/v2\/media?parent=11105"}],"curies":[{"name":"wp","href":"https:\/\/api.w.org\/{rel}","templated":true}]}}