{"id":11132,"date":"2023-11-20T02:07:23","date_gmt":"2023-11-20T02:07:23","guid":{"rendered":"https:\/\/icwpredflag.org\/wp\/wordpress\/wps\/?page_id=11132"},"modified":"2023-11-20T02:27:35","modified_gmt":"2023-11-20T02:27:35","slug":"crisis-en-medio-oriente-genocidio-y-guerra-mundial-o-revolucion-comunista","status":"publish","type":"page","link":"https:\/\/icwpredflag.org\/wp\/wordpress\/wps\/volumen-14-numero-15\/crisis-en-medio-oriente-genocidio-y-guerra-mundial-o-revolucion-comunista\/","title":{"rendered":"Crisis en Medio Oriente: Genocidio y Guerra Mundial\u2014 o Revoluci\u00f3n Comunista"},"content":{"rendered":"<p style=\"text-align: center;\"><strong>Encrucijada para la Clase Obrera Internacional\u00a0<a class=\"icwp-emph\" href=\"#1\">aqu\u00ed \u2666<\/a>\u00a0Gobernantes Israel\u00edes Siembran el Viento. Cosechar\u00e1n Torbellinos\u00a0<a class=\"icwp-emph\" href=\"#2\">aqu\u00ed \u2666<\/a>\u00a0Sionismo, Racismo y Fascismo\u00a0<a class=\"icwp-emph\" href=\"#3\">aqu\u00ed \u2666<\/a><\/strong><\/p>\n<p><strong> <img loading=\"lazy\" decoding=\"async\" class=\"wp-image-11087 aligncenter\" src=\"https:\/\/icwpredflag.org\/wp\/wordpress\/wps\/wp-content\/uploads\/sites\/2\/2023\/11\/netanbid-173x300.jpeg\" alt=\"\" width=\"413\" height=\"716\" srcset=\"https:\/\/icwpredflag.org\/wp\/wordpress\/wps\/wp-content\/uploads\/sites\/2\/2023\/11\/netanbid-173x300.jpeg 173w, https:\/\/icwpredflag.org\/wp\/wordpress\/wps\/wp-content\/uploads\/sites\/2\/2023\/11\/netanbid.jpeg 216w\" sizes=\"auto, (max-width: 413px) 100vw, 413px\" \/><\/strong><\/p>\n<p style=\"text-align: center;\"><strong>\u00abCriminal de guerra Netanyahu. C\u00f3mplice de Biden\u00bb<\/strong><\/p>\n<h4 style=\"text-align: center;\" id=\"1\"><span style=\"color: #ff0000;\"><strong>Encrucijada para la Clase Obrera Internacional<\/strong>: <strong>Genocidio y Guerra Mundial\u2026. O Revoluci\u00f3n Comunista<\/strong><\/span><\/h4>\n<p style=\"text-align: justify;\">\u201cEl mundo se encuentra en una encrucijada\u201d, dijo el presidente de EE. UU. Biden el 1 de noviembre. \u201cLo que suceda en los pr\u00f3ximos dos o tres a\u00f1os determinar\u00e1 c\u00f3mo ser\u00e1 el mundo durante las pr\u00f3ximas cinco o seis d\u00e9cadas\u201d.<\/p>\n<p style=\"text-align: justify;\">\u00c9l tiene raz\u00f3n. Dos bloques imperialistas se enfrentan: en Israel\/Palestina, Ucrania, Siria, Taiw\u00e1n y m\u00e1s all\u00e1. Estamos en las primeras etapas de la Tercera Guerra Mundial. Ahora es el momento de movilizar a las masas de trabajadores, soldados y j\u00f3venes para convertir las guerras y los genocidios imperialistas en revoluciones comunistas.<\/p>\n<p style=\"text-align: justify;\">Asegurarse fuentes energ\u00e9ticas para sus industrias y maquinarias b\u00e9licas es cuesti\u00f3n de vida o muerte para ambos bloques imperialistas. Tambi\u00e9n lo es negarles energ\u00eda a sus rivales. La prensa dominante no dir\u00e1 esto, pero esto es una raz\u00f3n clave del genocidio en Gaza.<\/p>\n<p style=\"text-align: justify;\">El gobierno israel\u00ed ha puesto, desde 2010, el ojo en el yacimiento de gas Leviat\u00e1n descubierto frente a la costa de Gaza. Lo describen como \u201cfrente a la costa de Israel\u201d. Pero la mayor parte del gas y el petr\u00f3leo se encuentran en las aguas frente a Gaza palestina.<\/p>\n<p style=\"text-align: justify;\">\u00c9sa es en parte la raz\u00f3n por la que los gobernantes genocidas israel\u00edes pretenden expulsar a los habitantes de Gaza. La ocupaci\u00f3n militar abierta del norte de Gaza tiene como objetivo confiscar las reservas multimillonarias de gas natural y petr\u00f3leo en alta mar de Gaza.<\/p>\n<p style=\"text-align: justify;\">Alemania, Francia y otros imperialistas europeos necesitan desesperadamente este petr\u00f3leo y gas. Ya no obtienen energ\u00eda de Rusia, despu\u00e9s de que los imperialistas estadounidenses volaran los oleoductos Nord Stream. Ten\u00edan que romper la adicci\u00f3n de la Uni\u00f3n Europea a la energ\u00eda rusa para que estuviera de su lado en la lucha contra China, Rusia e Ir\u00e1n. Hasta ahora parece estar funcionando.<\/p>\n<p style=\"text-align: justify;\">Por lo tanto, el control israel\u00ed del petr\u00f3leo y el gas de Gaza se vuelve muy importante para los imperialistas estadounidenses y europeos. Por eso los principales jefes de Estado de la OTAN se apresuraron a visitar y apoyar a Netanyahu. Entre ellos se encontraban gobernantes de Francia, Grecia, Italia, el Reino Unido, Alemania y Estados Unidos. Todos respaldan el genocidio en Gaza y el acceso israel\u00ed al petr\u00f3leo en alta mar de Gaza. El presidente franc\u00e9s, Macron, incluso pidi\u00f3 a la OTAN enviar tropas para luchar contra Ham\u00e1s.<\/p>\n<p style=\"text-align: justify;\">Pero el genocidio en Gaza est\u00e1 solidificando al mundo \u00e1rabe\/musulm\u00e1n contra Estados Unidos, Israel y la OTAN. En Mosc\u00fa se est\u00e1n llevando a cabo intensas reuniones entre los l\u00edderes rusos, Ham\u00e1s e Ir\u00e1n. China ha unido a sus antiguos archirrivales Ir\u00e1n y Arabia Saudita. El presidente de Ir\u00e1n, Raisi, visit\u00f3 Arabia Saudita. Esto significa que a los capitalistas europeos les resultar\u00e1 m\u00e1s dif\u00edcil conseguir gas y petr\u00f3leo para hacer funcionar sus industrias de manera rentable. Esto acelerar\u00e1 el impulso hacia la guerra global.<\/p>\n<p style=\"text-align: justify;\">Algunos analistas, incluido Pepe Escobar, afirman que Ir\u00e1n, Rusia y China le tendieron una trampa a Estados Unidos en Israel, un \u201csegundo atolladero\u201d. Estados Unidos ya se encontraba en una situaci\u00f3n sin salida, creada por \u00e9l mismo, en Ucrania. Si Escobar tiene raz\u00f3n, el bloque Rusia-China-Ir\u00e1n est\u00e1 c\u00ednicamente dispuesto a luchar contra el bloque liderado por Estados Unidos hasta el \u00faltimo trabajador de Gaza. Al igual que el bloque EE. UU.\/OTAN est\u00e1 luchando sin remordimientos contra Rusia hasta el \u00faltimo ucraniano.<\/p>\n<p style=\"text-align: justify;\">Todo Oriente Medio podr\u00eda verse envuelto en llamas que podr\u00edan extenderse r\u00e1pidamente a todo el mundo. Por ejemplo, Hezbol\u00e1 podr\u00eda actuar en cualquier momento contra Israel. Israel podr\u00eda abrir un segundo frente en el L\u00edbano. Los submarinos nucleares estadounidenses podr\u00edan atacar a Ir\u00e1n. Este es un per\u00edodo muy peligroso.<\/p>\n<p style=\"text-align: justify;\"><strong>Frente a la 3\u00aa Guerra Mundial, Movilicemos a las Masas para la Revoluci\u00f3n Comunista<\/strong><\/p>\n<p style=\"text-align: justify;\">Este es el momento de movilizar en las fuerzas armadas por el comunismo. Ning\u00fan soldado, marinero, personal de la Fuerza A\u00e9rea o infante de marina de Estados Unidos o de cualquier otro pa\u00eds debe apoyar el genocidio en Gaza. No debemos derramar ni una gota de sangre de nadie por las ganancias y los imperios de los gobernantes capitalistas-imperialistas. Necesitamos construir colectivos del PCOI para movilizarlos para el comunismo y que apunten sus armas contra los capitalistas, en vez de contra otros trabajadores.<\/p>\n<p style=\"text-align: justify;\">Los obreros industriales, muchos de los cuales producen para la guerra, tambi\u00e9n necesitan formar colectivos del PCOI para movilizarse para la revoluci\u00f3n comunista. Pueden usar las armas que fabrican contra los capitalistas y los imperialistas, como lo hicieron los obreros rusos en la f\u00e1brica Putilov en 1917.<\/p>\n<p style=\"text-align: justify;\">Los estudiantes, que ser\u00e1n los futuros trabajadores y soldados, tambi\u00e9n deben unirse a la lucha por el comunismo.<\/p>\n<p style=\"text-align: justify;\">La revoluci\u00f3n comunista pondr\u00e1 fin a la competencia por m\u00e1ximas ganancias. Esa es la base material de la guerra imperialista y de todos los dem\u00e1s ataques a nuestra clase obrera internacional. Las masas necesitan un Partido comunista internacional con una sola meta: el comunismo. \u00a1\u00danete a nosotros!<\/p>\n<h4 style=\"text-align: center;\" id=\"2\"><span style=\"color: #ff0000;\"><strong>Los Gobernantes Israel\u00edes Han Sembrado el Viento. Cosechar\u00e1n un Torbellino.<\/strong> <strong>Gaza: La Prisi\u00f3n al Aire Libre M\u00e1s Grande del Mundo Desde Hace 75 A\u00f1os<\/strong><\/span><\/h4>\n<p style=\"text-align: justify;\">Los palestinos de Gaza han vivido en la prisi\u00f3n al aire libre m\u00e1s grande del mundo desde que Israel se convirti\u00f3 en Estado en 1948.<\/p>\n<p style=\"text-align: justify;\">Antes de que el capitalismo dominara Oriente Medio, palestinos, jud\u00edos y cristianos viv\u00edan pac\u00edficamente uno al lado del otro en Palestina. Viv\u00edan bajo el dominio del Imperio Otomano, cuyos jefes y ej\u00e9rcito feudal, les cobraban impuestos y oprim\u00edan fuertemente.<\/p>\n<p style=\"text-align: justify;\">El Imperio Otomano fue derrotado en la Primera Guerra Mundial. Los imperialistas brit\u00e1nicos y franceses se dividieron el bot\u00edn. Los imperialistas brit\u00e1nicos y estadounidenses alentaron y utilizaron el movimiento sionista para construir una \u201cpatria jud\u00eda\u201d en lo que hab\u00eda sido principalmente el hogar de los palestinos.<\/p>\n<p style=\"text-align: justify;\">Desde entonces, el gobierno israel\u00ed y los imperialistas estadounidenses y brit\u00e1nicos han construido un Estado de apartheid. Los palestinos han sido divididos, encarcelados y asesinados. Cada uno de sus movimientos es monitoreado. Y los trabajadores jud\u00edos (incluso aquellos ganados por las ideas fascistas sionistas) son esclavos asalariados explotados.<\/p>\n<p style=\"text-align: justify;\">\u201cLos imperialistas han utilizado a Israel como su polic\u00eda en Medio Oriente, tratando de controlar el abundante petr\u00f3leo de la regi\u00f3n. Ellos y la clase dominante israel\u00ed, como todo los capitalistas e imperialistas, sienten un desd\u00e9n total por las masas palestinas y jud\u00edas.<\/p>\n<p style=\"text-align: justify;\">Netanyahu financi\u00f3 al ultraconservador Ham\u00e1s durante m\u00e1s de diez a\u00f1os para debilitar la influencia de la Autoridad Palestina. Su objetivo era dividir a los palestinos en Gaza y Cisjordania, impidiendo un Estado palestino (capitalista). Ha alentado a Qatar a financiar a Hamas y crear una clase de palestinos muy ricos que explotan a las masas palestinas.<\/p>\n<p style=\"text-align: justify;\">Ham\u00e1s tambi\u00e9n cuenta con el apoyo de una alianza oportunista de Turqu\u00eda, Ir\u00e1n y Qatar. A Hamas no les importa las masas palestinas. Su \u00fanico objetivo es ser los gobernantes capitalistas de un Estado palestino que los explote.<\/p>\n<p style=\"text-align: justify;\"><strong>Propaganda Fascista y Mentiras Utilizadas para Justificar el Genocidio<\/strong><\/p>\n<p style=\"text-align: justify;\">Unos 1.200 israel\u00edes murieron en el ataque de Ham\u00e1s a Israel. Fuentes independientes dicen ahora que muchas de estas muertes fueron causadas por las Fuerzas de Defensa de Israel.<\/p>\n<p style=\"text-align: justify;\">Las personas que viven en los kibutz donde se tomaron rehenes y se mat\u00f3 gente dicen que muchos jud\u00edos murieron cuando las FDI, sorprendidas y no preparadas para el ataque de Hamas, abrieron fuego indiscriminadamente, disparando desde helic\u00f3pteros.<\/p>\n<p style=\"text-align: justify;\">Los combatientes de Ham\u00e1s iban armados con Kalashnikovs, motocicletas y camiones peque\u00f1os. En las zonas del ataque se ven grandes cr\u00e1teres. Estos s\u00f3lo podr\u00edan haber provenido de bombas y armas pesadas de las FDI. Los j\u00f3venes asesinados en un concierto de rock quedaron atrapados en el fuego cruzado entre las fuerzas de las FDI y Ham\u00e1s.<\/p>\n<p style=\"text-align: justify;\">Netanyahu y todos los medios occidentales han utilizado historias de terror sobre este ataque para justificar el castigo colectivo al estilo nazi. Las FDI han asesinado a m\u00e1s de 11,000 palestinos, incluidos al menos 5,000 ni\u00f1os. Han privado a la gente de alimentos, agua y medicinas y la han obligado a evacuar.<\/p>\n<p style=\"text-align: justify;\">La ocupaci\u00f3n y la opresi\u00f3n s\u00f3lo pueden conducir a una mayor resistencia. El genocidio conducir\u00e1 a una guerra m\u00e1s amplia. El torbellino de un movimiento comunista unido arrasar\u00e1 con este sistema mortal con una revoluci\u00f3n que construya la sociedad comunista.<\/p>\n<h4 style=\"text-align: justify;\" id=\"3\"><span style=\"color: #ff0000;\"><strong>Sionismo: El Nacionalismo Conduce al Fascismo<\/strong><\/span><\/h4>\n<p style=\"text-align: justify;\">El sionismo es una ideolog\u00eda racista y fascista basada en el nacionalismo. Dice que los jud\u00edos, como v\u00edctimas del antisemitismo, merecen su propia patria. Se ha utilizado para justificar y llevar a cabo la ocupaci\u00f3n y el genocidio contra \u00e1rabes y palestinos. Actualmente se utiliza para llevar a cabo el genocidio en Gaza.<\/p>\n<p style=\"text-align: justify;\">A partir del siglo 19, los pogromos atacaron violentamente a los jud\u00edos en Rusia, Polonia y Ucrania. En respuesta, muchos intentaron huir a Europa occidental, Estados Unidos y otros lugares. Otros se unieron al creciente movimiento revolucionario en Rusia. Muchos se convirtieron en bolcheviques. Algunos se unieron a un grupo socialista jud\u00edo llamado Bund. Hubo una lucha para que la gente abandonara el Bund y se uniera a la lucha por la revoluci\u00f3n. Muchos abandonaron el Bund para unirse a los bolcheviques. Entre ellos se encontraba Pyatnitsky, un l\u00edder bolchevique.<\/p>\n<p style=\"text-align: justify;\">En 1919, despu\u00e9s de la Revoluci\u00f3n Rusa, se estima que 100,000 jud\u00edos fueron asesinados en pogromos racistas en Ucrania y Polonia. Fueron acusados de ser bolcheviques. Muchos lo eran.<\/p>\n<p style=\"text-align: justify;\">Algunos jud\u00edos se hicieron sionistas. Theodor Herzl estableci\u00f3 el sionismo moderno como organizaci\u00f3n pol\u00edtica en 1897. Herzl, un periodista jud\u00edo de Austria afirm\u00f3 que la poblaci\u00f3n jud\u00eda no podr\u00eda sobrevivir sin su \u201cpropia\u201d naci\u00f3n, Palestina. Los capitalistas jud\u00edos dieron dinero y publicidad a Herzl. En verdad, NINGUNA naci\u00f3n capitalista ayuda a ning\u00fan trabajador en ning\u00fan lugar.<\/p>\n<p style=\"text-align: justify;\">La Declaraci\u00f3n Balfour del imperialista brit\u00e1nico de 1917 se comprometi\u00f3 a trabajar por el establecimiento en Palestina como un \u201chogar nacional para el pueblo jud\u00edo\u201d. Chaim Weizmann, presidente de la Federaci\u00f3n Sionista Brit\u00e1nica, lo apoy\u00f3. En 1922, la Liga de Naciones dio a Gran Breta\u00f1a el \u201cmandato\u201d para gobernar Palestina con la misi\u00f3n de crear un \u201cHogar Nacional Jud\u00edo\u201d. A partir de entonces, el sionismo fue oficialmente un brazo del poder colonial brit\u00e1nico.<\/p>\n<p style=\"text-align: justify;\">El sionismo siempre fue una ideolog\u00eda nacionalista que represent\u00f3 los intereses de los capitalistas jud\u00edos y de los imperialistas brit\u00e1nicos y m\u00e1s tarde estadounidenses.<\/p>\n<p style=\"text-align: justify;\">Sin embargo, muchos trabajadores jud\u00edos que huyeron de la Europa fascista en las d\u00e9cadas de 1920 y 1930 se sintieron inspirados por el ideal de volver a sus ra\u00edces (para entonces ya hab\u00edan pasado muchas generaciones). Esperaban comenzar una nueva vida en Palestina.<\/p>\n<p style=\"text-align: justify;\">All\u00ed vivieron junto a palestinos y cristianos. Muchos no ten\u00edan idea de iniciar un \u00abestado jud\u00edo\u00bb. Los obreros jud\u00edos a menudo se unieron a los obreros \u00e1rabes en luchas contra los explotadores capitalistas \u00e1rabes y jud\u00edos. Algunos obreros jud\u00edos fueron asesinados por sicarios de los patrones sionistas por luchar junto a sus hermanos y hermanas \u00e1rabes.<\/p>\n<p style=\"text-align: justify;\">Entre los jud\u00edos, como entre cualquier otro grupo \u201c\u00e9tnico\u201d o religioso, hay trabajadores y patrones. Tienen intereses opuestos. Los patrones jud\u00edos en Israel atacaron a los comunistas y antirracistas jud\u00edos que insist\u00edan en unirse con los trabajadores \u00e1rabes. Los gobernantes \u00e1rabes hicieron lo mismo.<\/p>\n<p style=\"text-align: justify;\">Despu\u00e9s de la Segunda Guerra Mundial, en 1948, los imperialistas del Reino Unido respaldaron la fundaci\u00f3n del Estado de Israel liderado por los sionistas. Desplazaron a 700,000 palestinos. \u00a1Los metieron en la prisi\u00f3n al aire libre m\u00e1s grande del mundo, que hoy est\u00e1 siendo aniquilada mediante un genocidio! Todo esto fue justificado por el sionismo.<\/p>\n<p style=\"text-align: justify;\">Lo hicieron por los intereses imperialistas de Gran Breta\u00f1a y m\u00e1s tarde de Estados Unidos. El sionismo va en contra de los intereses de cualquier trabajador, ya sea jud\u00edo, palestino o cualquier otro. Sin embargo, Netanyahu ha ganado a algunos jud\u00edos, especialmente al actual grupo de colonos fascistas que asesinan y desplazan a \u00e1rabes en Cisjordania, para su posici\u00f3n fascista de asesinar a palestinos y apoderarse de sus hogares.<\/p>\n<p style=\"text-align: justify;\">La Uni\u00f3n Sovi\u00e9tica apoy\u00f3 err\u00f3neamente la fundaci\u00f3n de Israel como un movimiento de \u201cliberaci\u00f3n nacional\u201d. Esto surgi\u00f3 de la l\u00ednea equivocada del viejo movimiento comunista sobre el nacionalismo. El nacionalismo es lo opuesto al internacionalismo. Divide a la clase obrera y crea un nuevo grupo de explotadores capitalistas. No hay nacionalismo progresista. Hoy el sionismo queda expuesto como fascismo.<\/p>\n<p style=\"text-align: justify;\">Nuestro inter\u00e9s como trabajadores del mundo es luchar para construir un PCOI para destruir el capitalismo y el imperialismo, incluidas las fronteras y las naciones, con la revoluci\u00f3n comunista.<\/p>\n<h4><a href=\"https:\/\/icwpredflag.org\/wp\/wordpress\/wps\/volumen-14-numero-15\/\">Primera p\u00e1gina de esta edici\u00f3n<\/a><\/h4>\n","protected":false},"excerpt":{"rendered":"<p>Encrucijada para la Clase Obrera Internacional\u00a0aqu\u00ed \u2666\u00a0Gobernantes Israel\u00edes Siembran el Viento. Cosechar\u00e1n Torbellinos\u00a0aqu\u00ed \u2666\u00a0Sionismo, Racismo y Fascismo\u00a0aqu\u00ed \u2666 \u00abCriminal de guerra Netanyahu. C\u00f3mplice de Biden\u00bb Encrucijada para la Clase Obrera Internacional: Genocidio y Guerra Mundial\u2026. O Revoluci\u00f3n Comunista \u201cEl mundo se encuentra en una encrucijada\u201d, dijo el presidente de EE. UU. Biden el 1 de &hellip; <a href=\"https:\/\/icwpredflag.org\/wp\/wordpress\/wps\/volumen-14-numero-15\/crisis-en-medio-oriente-genocidio-y-guerra-mundial-o-revolucion-comunista\/\" class=\"more-link\">Sigue leyendo <span class=\"screen-reader-text\">Crisis en Medio Oriente: Genocidio y Guerra Mundial\u2014 o Revoluci\u00f3n Comunista<\/span><\/a><\/p>\n","protected":false},"author":1,"featured_media":5655,"parent":11088,"menu_order":0,"comment_status":"closed","ping_status":"closed","template":"","meta":{"footnotes":""},"class_list":["post-11132","page","type-page","status-publish","has-post-thumbnail","hentry"],"_links":{"self":[{"href":"https:\/\/icwpredflag.org\/wp\/wordpress\/wps\/wp-json\/wp\/v2\/pages\/11132","targetHints":{"allow":["GET"]}}],"collection":[{"href":"https:\/\/icwpredflag.org\/wp\/wordpress\/wps\/wp-json\/wp\/v2\/pages"}],"about":[{"href":"https:\/\/icwpredflag.org\/wp\/wordpress\/wps\/wp-json\/wp\/v2\/types\/page"}],"author":[{"embeddable":true,"href":"https:\/\/icwpredflag.org\/wp\/wordpress\/wps\/wp-json\/wp\/v2\/users\/1"}],"replies":[{"embeddable":true,"href":"https:\/\/icwpredflag.org\/wp\/wordpress\/wps\/wp-json\/wp\/v2\/comments?post=11132"}],"version-history":[{"count":8,"href":"https:\/\/icwpredflag.org\/wp\/wordpress\/wps\/wp-json\/wp\/v2\/pages\/11132\/revisions"}],"predecessor-version":[{"id":11140,"href":"https:\/\/icwpredflag.org\/wp\/wordpress\/wps\/wp-json\/wp\/v2\/pages\/11132\/revisions\/11140"}],"up":[{"embeddable":true,"href":"https:\/\/icwpredflag.org\/wp\/wordpress\/wps\/wp-json\/wp\/v2\/pages\/11088"}],"wp:featuredmedia":[{"embeddable":true,"href":"https:\/\/icwpredflag.org\/wp\/wordpress\/wps\/wp-json\/wp\/v2\/media\/5655"}],"wp:attachment":[{"href":"https:\/\/icwpredflag.org\/wp\/wordpress\/wps\/wp-json\/wp\/v2\/media?parent=11132"}],"curies":[{"name":"wp","href":"https:\/\/api.w.org\/{rel}","templated":true}]}}