{"id":11142,"date":"2023-11-20T02:39:03","date_gmt":"2023-11-20T02:39:03","guid":{"rendered":"https:\/\/icwpredflag.org\/wp\/wordpress\/wps\/?page_id=11142"},"modified":"2023-11-20T02:56:14","modified_gmt":"2023-11-20T02:56:14","slug":"porque-la-filosofia-es-importante-haciendo-que-las-ideas-se-apoderen-de-las-masas","status":"publish","type":"page","link":"https:\/\/icwpredflag.org\/wp\/wordpress\/wps\/volumen-14-numero-15\/porque-la-filosofia-es-importante-haciendo-que-las-ideas-se-apoderen-de-las-masas\/","title":{"rendered":"Porque la Filosof\u00eda Es Importante: Haciendo que las Ideas Se Apoderen de las Masas"},"content":{"rendered":"<p><img loading=\"lazy\" decoding=\"async\" class=\"wp-image-11141 aligncenter\" src=\"https:\/\/icwpredflag.org\/wp\/wordpress\/wps\/wp-content\/uploads\/sites\/2\/2023\/11\/costur1.jpg\" alt=\"\" width=\"574\" height=\"667\" \/><\/p>\n<h4 style=\"text-align: center;\"><span style=\"color: #ff0000;\"><strong>Idealismo y materialismo: Parte II &#8211; \u00bfC\u00f3mo Podemos Lograr que las Ideas Comunistas Se Apoderen de las Masas?<\/strong><\/span><\/h4>\n<p style=\"text-align: justify;\"><em>La primera parte esboz\u00f3 el concepto filos\u00f3fico de ideal. El ideal incluye ideas, conceptos, teor\u00edas, doctrinas, obras de arte. Incluye todo lo que sea producto del pensamiento humano. Diferentes personas pueden pensar en estos productos mentales, aceptarlos, rechazarlos o compartirlos. (Puedes leer la parte I <a class=\"icwp-emph\" href=\"https:\/\/icwpredflag.org\/wp\/wordpress\/wps\/volumen-14-numero-14\/filosofia-comunista-materialismo-y-lucha-de-clases\/\">aqu\u00ed)<\/a><\/em><\/p>\n<p style=\"text-align: justify;\">El materialismo filos\u00f3fico dice que el ideal es producido por lo material, por el cerebro humano. Est\u00e1 moldeado por las estructuras materiales de la naturaleza y la sociedad con las cuales interact\u00faan las personas.<\/p>\n<p style=\"text-align: justify;\"><em>\u00a0<\/em><\/p>\n<p style=\"text-align: justify;\">El conocimiento consiste en ideas que representan con precisi\u00f3n la realidad material que las personas han aprendido al trabajar con esa realidad. Para saber c\u00f3mo construir una casa, la mejor manera es ser parte de un equipo que construye una.<\/p>\n<p style=\"text-align: justify;\">Este proceso de aprendizaje a trav\u00e9s de la actividad pr\u00e1ctica tambi\u00e9n ocurre en los movimientos pol\u00edticos para el cambio social. La lucha por el comunismo debe planificarse utilizando el conocimiento y debe implementarse mediante un proceso material de acciones pol\u00edticas. Esas acciones est\u00e1n guiadas por las ideas comunistas.<\/p>\n<p style=\"text-align: justify;\">\u200b La primera parte cit\u00f3 el argumento de Marx de que \u201cla teor\u00eda tambi\u00e9n se convierte en una fuerza material tan pronto como se ha apoderado de las masas\u201d. Una teor\u00eda no se convierte en una fuerza material s\u00f3lo porque la gente la entienda, sino s\u00f3lo cuando se apodera de ellos, es decir, los mueve a la acci\u00f3n.<\/p>\n<p style=\"text-align: justify;\"><em>La parte m\u00e1s importante de organizar el movimiento por el comunismo es el proceso material de hacer que la teor\u00eda comunista se apodere de las masas.<\/em><\/p>\n<p style=\"text-align: justify;\">\u200bEste trabajo pol\u00edtico comunista implica siempre crear relaciones sociales. En estas relaciones, nuestros amigos pueden comprender las ideas comunistas y ampliarlas mientras participan en la lucha de clases contra el capitalismo.<\/p>\n<p style=\"text-align: justify;\">El materialismo reconoce que el ideal no es todopoderoso. Lo material y lo ideal se influyen mutuamente, pero el materialismo dice que lo material lleva la ventaja. En general, lo material tiene un efecto m\u00e1s fuerte a la hora de producir y moldear el ideal que viceversa.<\/p>\n<p style=\"text-align: justify;\">Las personas que interact\u00faan con autom\u00f3viles saben que se debe reparar una llanta pinchada antes de que el autom\u00f3vil pueda funcionar. La experiencia ordinaria con la realidad material garantiza esa creencia verdadera. Los medios capitalistas, sin embargo, tienen el poder de crear creencias falsas en muchas personas. Tanto las ideas verdaderas como las falsas son producidas por sistemas materiales.<\/p>\n<p style=\"text-align: justify;\">El idealismo filos\u00f3fico dice que lo ideal tiene el poder de dominar lo material. El idealismo implica decir que las cosas ideales pueden tener efectos que en realidad no pueden tener. Por ejemplo, es idealismo pensar que los \u201cvalores democr\u00e1ticos\u201d pueden detener al fascismo. Si los capitalistas necesitan el fascismo para continuar su gobierno, tienen el poder material para hacerlo realidad, a menos que la revoluci\u00f3n comunista los destruya primero.<\/p>\n<p style=\"text-align: justify;\">Es idealismo pensar que la esclavitud de los africanos fue el resultado del pensamiento racista de los blancos. Lo opuesto es verdad. Los esclavistas inventaron y difundieron la mentira de que los africanos eran \u201cesclavos naturales\u201d para justificar que ellos esclavizaran.<\/p>\n<p style=\"text-align: justify;\">La creencia religiosa es una forma de idealismo. Es idealismo esperar que un dios o dioses, seres ideales inventados por la gente, limiten la opresi\u00f3n material de la clase obrera por parte del capitalismo.<\/p>\n<p style=\"text-align: justify;\">Generalmente lo material domina lo ideal, pero hay veces en que lo ideal influye decisivamente en lo material. A veces, un ej\u00e9rcito que tiene armas menos potentes derrota a uno mejor equipado porque sus combatientes est\u00e1n m\u00e1s comprometidos y planifican mejor.<\/p>\n<p style=\"text-align: justify;\">A medida que las contradicciones materiales del sistema capitalista se intensifican, mientras avanza hacia la guerra y el fascismo, el pensamiento pol\u00edtico y el compromiso de la clase obrera pueden determinar si puede crear el comunismo y escapar del infierno capitalista o no. \u00c9sa es la situaci\u00f3n que nuestro movimiento puede y debe crear.<\/p>\n<p style=\"text-align: center;\"><strong>Lean Nuestras P\u00e1ginas Sobre la Filosof\u00eda Comunista <\/strong><a class=\"icwp-emph\" href=\"https:\/\/icwpredflag.org\/wp\/wordpress\/wps\/materialismo-dialectico\/\"><strong>aqu\u00ed<\/strong><\/a><\/p>\n<h4><a href=\"https:\/\/icwpredflag.org\/wp\/wordpress\/wps\/volumen-14-numero-15\/\">Primera p\u00e1gina de esta edici\u00f3n<\/a><\/h4>\n","protected":false},"excerpt":{"rendered":"<p>Idealismo y materialismo: Parte II &#8211; \u00bfC\u00f3mo Podemos Lograr que las Ideas Comunistas Se Apoderen de las Masas? La primera parte esboz\u00f3 el concepto filos\u00f3fico de ideal. El ideal incluye ideas, conceptos, teor\u00edas, doctrinas, obras de arte. Incluye todo lo que sea producto del pensamiento humano. Diferentes personas pueden pensar en estos productos mentales, aceptarlos, &hellip; <a href=\"https:\/\/icwpredflag.org\/wp\/wordpress\/wps\/volumen-14-numero-15\/porque-la-filosofia-es-importante-haciendo-que-las-ideas-se-apoderen-de-las-masas\/\" class=\"more-link\">Sigue leyendo <span class=\"screen-reader-text\">Porque la Filosof\u00eda Es Importante: Haciendo que las Ideas Se Apoderen de las Masas<\/span><\/a><\/p>\n","protected":false},"author":1,"featured_media":5655,"parent":11088,"menu_order":0,"comment_status":"closed","ping_status":"closed","template":"","meta":{"footnotes":""},"class_list":["post-11142","page","type-page","status-publish","has-post-thumbnail","hentry"],"_links":{"self":[{"href":"https:\/\/icwpredflag.org\/wp\/wordpress\/wps\/wp-json\/wp\/v2\/pages\/11142","targetHints":{"allow":["GET"]}}],"collection":[{"href":"https:\/\/icwpredflag.org\/wp\/wordpress\/wps\/wp-json\/wp\/v2\/pages"}],"about":[{"href":"https:\/\/icwpredflag.org\/wp\/wordpress\/wps\/wp-json\/wp\/v2\/types\/page"}],"author":[{"embeddable":true,"href":"https:\/\/icwpredflag.org\/wp\/wordpress\/wps\/wp-json\/wp\/v2\/users\/1"}],"replies":[{"embeddable":true,"href":"https:\/\/icwpredflag.org\/wp\/wordpress\/wps\/wp-json\/wp\/v2\/comments?post=11142"}],"version-history":[{"count":8,"href":"https:\/\/icwpredflag.org\/wp\/wordpress\/wps\/wp-json\/wp\/v2\/pages\/11142\/revisions"}],"predecessor-version":[{"id":11150,"href":"https:\/\/icwpredflag.org\/wp\/wordpress\/wps\/wp-json\/wp\/v2\/pages\/11142\/revisions\/11150"}],"up":[{"embeddable":true,"href":"https:\/\/icwpredflag.org\/wp\/wordpress\/wps\/wp-json\/wp\/v2\/pages\/11088"}],"wp:featuredmedia":[{"embeddable":true,"href":"https:\/\/icwpredflag.org\/wp\/wordpress\/wps\/wp-json\/wp\/v2\/media\/5655"}],"wp:attachment":[{"href":"https:\/\/icwpredflag.org\/wp\/wordpress\/wps\/wp-json\/wp\/v2\/media?parent=11142"}],"curies":[{"name":"wp","href":"https:\/\/api.w.org\/{rel}","templated":true}]}}