{"id":11349,"date":"2024-01-28T20:13:12","date_gmt":"2024-01-28T20:13:12","guid":{"rendered":"https:\/\/icwpredflag.org\/wp\/wordpress\/wps\/?page_id=11349"},"modified":"2024-01-28T21:39:56","modified_gmt":"2024-01-28T21:39:56","slug":"forjando-la-unidad-comunista-de-trabajadores-soldados-inmigrantes-y-nativos","status":"publish","type":"page","link":"https:\/\/icwpredflag.org\/wp\/wordpress\/wps\/volumen-15-numero-1\/forjando-la-unidad-comunista-de-trabajadores-soldados-inmigrantes-y-nativos\/","title":{"rendered":"Forjando la Unidad Comunista de Trabajadores, Soldados Inmigrantes y Nativos"},"content":{"rendered":"<p style=\"text-align: center\"><strong>Forjando la Unidad Comunista <a class=\"icwp-emph\" href=\"#1\">aqu\u00ed \u2666<\/a> El capitalismo mata <a class=\"icwp-emph\" href=\"#2\">aqu\u00ed \u2666<\/a><\/strong><\/p>\n<p style=\"text-align: justify\"><img loading=\"lazy\" decoding=\"async\" class=\"aligncenter wp-image-11329\" src=\"https:\/\/icwpredflag.org\/wp\/wordpress\/wps\/wp-content\/uploads\/sites\/2\/2024\/01\/illegal.jpg\" alt=\"\" width=\"668\" height=\"455\" srcset=\"https:\/\/icwpredflag.org\/wp\/wordpress\/wps\/wp-content\/uploads\/sites\/2\/2024\/01\/illegal.jpg 310w, https:\/\/icwpredflag.org\/wp\/wordpress\/wps\/wp-content\/uploads\/sites\/2\/2024\/01\/illegal-300x204.jpg 300w\" sizes=\"auto, (max-width: 668px) 100vw, 668px\" \/><br \/>\n<strong>\u00abNadie es Ilegal\u00bb &#8211; Decenas de miles de manifestantes marcharon en ciudades de toda Francia el domingo 21 de enero contra una nueva ley de inmigraci\u00f3n racista. La Ley Darmanin har\u00eda ilegal estar en Francia sin papeles de residencia, y har\u00eda mucho m\u00e1s dif\u00edcil para los inmigrantes traer a sus familiares a Francia y utilizar los servicios sociales. A medida que la guerra y la hambruna acechan a Asia Occidental y a las antiguas colonias francesas en \u00c1frica, un n\u00famero cada vez mayor de trabajadores se arriesga a cruzar el mortal Mediterr\u00e1neo, s\u00f3lo para enfrentarse a los ataques fascistas en Europa.<\/strong><\/p>\n<h4 id=\"1\" style=\"text-align: center\"><span style=\"color: #ff0000\"><strong>PCOI Forja Unidad Comunista de Soldados y Obreros Inmigrantes Y Nativos<\/strong><\/span><\/h4>\n<p style=\"text-align: justify\">GQEBERHA (Sud\u00e1frica), 19 de enero\u2014 \u201cPodemos crecer y construir un PCOI m\u00e1s grande. No hay otra manera\u201d, dijo un camarada en una reuni\u00f3n del Partido Comunista Obrero Internacional. \u201cLos capitalistas de todas partes est\u00e1n creando genocidio.<\/p>\n<p style=\"text-align: justify\">\u201cMiren la hipocres\u00eda del Congreso Nacional Africano (CNA)\u201d, continu\u00f3. \u201cEst\u00e1n acusando al gobierno israel\u00ed de genocidio, pero aqu\u00ed mismo en Sud\u00e1frica tenemos a decenas de negros siendo asesinados por la polic\u00eda\u201d.<\/p>\n<p style=\"text-align: justify\">Otros camaradas en la reuni\u00f3n describieron apasionadamente c\u00f3mo la falta de empleo ha dejado a millones de sudafricanos negros en condiciones insoportables de pobreza, hambre y falta de vivienda. El racismo, la xenofobia, las drogas y la violencia policial van en aumento.<\/p>\n<p style=\"text-align: justify\">Muchas personas son atacadas violentamente por los narcotraficantes. La semana pasada, un camarada de Mozambique fue asaltado. Perdi\u00f3 su tel\u00e9fono celular y algo de dinero en efectivo. Cuando nos enteramos, organizamos camaradas para defenderlo. Nuestros camaradas se enfrentaron al ladr\u00f3n, quien se vio obligado a devolver el dinero y el tel\u00e9fono celular.<\/p>\n<p style=\"text-align: justify\">Realizamos esta misi\u00f3n porque los camaradas est\u00e1n leyendo Bandera Roja. Debemos defendernos de estos ataques racistas. Todos somos trabajadores. Nuestra etnia, nacionalidad, g\u00e9nero, nunca podr\u00e1 dividirnos.<\/p>\n<p style=\"text-align: justify\">Los camaradas de Mozambique no hablan el idioma local y los criminales los ven como presas f\u00e1ciles. Ense\u00f1amos a muchos mozambique\u00f1os a hablar xhosa. Ahora est\u00e1n bien integrados con nosotros. Leemos en ingl\u00e9s y les traducimos en xhosa. Ahora muchos de ellos se unir\u00e1n a nosotros el Primero de Mayo.<\/p>\n<p style=\"text-align: justify\">Nuestros esfuerzos por ense\u00f1ar ingl\u00e9s a los obreros de habla portuguesa de Mozambique tambi\u00e9n han abierto los ojos a muchos de Zimbabue. Se enfrentan a problemas similares de racismo. Vienen buscando la gente de \u201cBandera Roja\u201d. Todo esto se va a traducir en una gran presencia nuestra este Primero de Mayo.<\/p>\n<p style=\"text-align: justify\">En nuestras reuniones, hemos discutido la necesidad organizar a los soldados que viven con nosotros en el municipio. Varios soldados reciben Bandera Roja y est\u00e1n hablando con otros en su base. Los soldados ven que en el municipio hay racismo, sexismo, falta de atenci\u00f3n sanitaria y de escuelas. Pero los capitalistas ricos quieren que ataquemos a la clase trabajadora cuando \u00e9sta se defiende.<\/p>\n<p style=\"text-align: justify\">Muchos de estos soldados hablan de la masacre de Marikana en 2012, cuando soldados negros atacaron a mineros bajo el liderazgo del jefe del CNA, Ramaphosa. \u201cTenemos que luchar por los mineros, no contra ellos, y construir para el futuro sin estos chupasangres\u201d, dijo uno. \u201cLlevar\u00e9 un mont\u00f3n de copias de Bandera Roja a mi base y reclutar\u00e9 algunos para el Primero de Mayo\u201d.<\/p>\n<p>Estimamos que tendremos m\u00e1s de 200 trabajadores (incluidos inmigrantes) y soldados en nuestra \u00e1rea marchando con nosotros para el 1\u00ba de Mayo.<\/p>\n<h4 id=\"2\" style=\"text-align: center\"><span style=\"color: #ff0000\"><strong>\u00a1El Capitalismo Mata! S\u00f3lo El Comunismo Salvar\u00e1 a la Clase Obrera<\/strong><\/span><\/h4>\n<p style=\"text-align: justify\">Los acontecimientos recientes en todo el mundo y aqu\u00ed en Sud\u00e1frica podr\u00edan parecer aislados. Pero en general se conectan a medida que las crisis imperialistas y capitalistas brotan por todas partes.<\/p>\n<p style=\"text-align: justify\">En Medio Oriente: la actual masacre de palestinos en Gaza a manos de los gobernantes israel\u00edes y estadounidenses. En el Mar Rojo, con los hut\u00edes, EE. UU. e Inglaterra. Sabemos que todos estos grupos y pa\u00edses no tienen ning\u00fan inter\u00e9s en los trabajadores. M\u00e1s bien, les preocupa controlar las rutas comerciales y dominar regiones para sus propios intereses capitalistas.<\/p>\n<p style=\"text-align: justify\">Sud\u00e1frica inici\u00f3 en el Tribunal Mundial un caso de genocidio contra Israel. No esperamos mucho, porque la ONU y todas sus instituciones est\u00e1n pr\u00e1cticamente controladas por nuestros enemigos de clase. El Tribunal Mundial no tiene poder de imponer la ejecuci\u00f3n de sus mandatos.<\/p>\n<p style=\"text-align: justify\">Queremos que cesen los asesinatos de hermanas y hermanos proletarios palestinos. Un alto el fuego es mejor que los bombardeos en curso. Sin embargo, en \u00faltima instancia, la mejor manera de proteger a los hermanos y hermanas de clase en Palestina es a trav\u00e9s de un ej\u00e9rcito rojo que defienda a los trabajadores y se rebele contra el capitalismo.<\/p>\n<p style=\"text-align: justify\">Debemos intensificar nuestros esfuerzos para lograr el comunismo y la revoluci\u00f3n comunista. Las oportunidades est\u00e1n ah\u00ed.<\/p>\n<p style=\"text-align: justify\">Nuestra familia obrera en Palestina y Siria muere directamente a causa de las bombas, enfermedades y hambre. En todo el mundo, son muertos todos los d\u00edas de distintas maneras por el capitalismo. En Sud\u00e1frica, la delincuencia y el abuso de drogas son rampantes. Setenta y cinco personas son asesinadas cada d\u00eda, lo que en algunos casos es m\u00e1s que en zonas activas de guerra como en Siria.<\/p>\n<p style=\"text-align: justify\">Los trabajadores producimos todo, pero el capitalismo desperdicia las cosas producidas por los trabajadores. Su sistema de sobreproducci\u00f3n no les permite distribuirles a los trabajadores las cosas que necesitan.<\/p>\n<p style=\"text-align: justify\">Debemos luchar y movilizar para ponerle fin en todo el mundo a esta tragedia capitalista. Debemos unirnos para marcar el comienzo de una revoluci\u00f3n comunista en la que construyamos una sociedad basada en satisfacer nuestras necesidades.<\/p>\n<p style=\"text-align: justify\">Los capitalistas movilizan a nuestros hermanos y hermanas de clase para pelear sus guerras por ganancias. Debemos organizar y movilizar a nuestros hermanas y hermanos soldados para luchar por nuestra emancipaci\u00f3n. Apoyamos a nuestro camarada que est\u00e1 organizando veinte soldados para la manifestaci\u00f3n del Primero de Mayo. Esperamos tener m\u00faltiples reuniones con ellos antes y despu\u00e9s de la manifestaci\u00f3n.<\/p>\n<p style=\"text-align: justify\">S\u00f3lo nos tenemos a nosotros mismos y nuestra unidad como clase obrera para poder matar a nuestros asesinos (el capitalismo) a mediante el PCOI y moviliz\u00e1ndonos para el comunismo.<\/p>\n<p style=\"text-align: justify\">Luchar por reformas en lugar de luchar directamente para poner fin al capitalismo equivale a permitir que contin\u00faen el genocidio y el sufrimiento. El capitalismo mata: ya sea lenta o r\u00e1pidamente, mata igual. Y sabemos que mata, no a los capitalistas y politiqueros, sino a nosotros, las masas obreras.<\/p>\n<p>\u2014Camarada en Sud\u00e1frica<\/p>\n<p><img loading=\"lazy\" decoding=\"async\" class=\"aligncenter wp-image-11327\" src=\"https:\/\/icwpredflag.org\/wp\/wordpress\/wps\/wp-content\/uploads\/sites\/2\/2024\/01\/exiled.jpg\" alt=\"\" width=\"515\" height=\"448\" \/><\/p>\n<p style=\"text-align: center\"><strong>\u00a1Derribemos Todos los Muros! Solidaridad con Los Exiliados<\/strong><\/p>\n<p style=\"text-align: center\"><strong>Lee Nuestro Folleto: Luchemos Por El D\u00eda En Que Ning\u00fan Trabajador Sea Llamado Extranjero <a href=\"https:\/\/icwpredflag.org\/wp\/wordpress\/wps\/wp-content\/uploads\/sites\/2\/2019\/03\/MIgracio%CC%81nESP.pdf\" target=\"_blank\" rel=\"noopener\"><span style=\"color: #ff0000\">Aqu\u00ed<\/span><\/a><\/strong><\/p>\n<h4><a href=\"https:\/\/icwpredflag.org\/wp\/wordpress\/wps\/volumen-15-numero-1\/\">Primera p\u00e1gina de esta edici\u00f3n<\/a><\/h4>\n","protected":false},"excerpt":{"rendered":"<p>Forjando la Unidad Comunista aqu\u00ed \u2666 El capitalismo mata aqu\u00ed \u2666 \u00abNadie es Ilegal\u00bb &#8211; Decenas de miles de manifestantes marcharon en ciudades de toda Francia el domingo 21 de enero contra una nueva ley de inmigraci\u00f3n racista. La Ley Darmanin har\u00eda ilegal estar en Francia sin papeles de residencia, y har\u00eda mucho m\u00e1s dif\u00edcil &hellip; <a href=\"https:\/\/icwpredflag.org\/wp\/wordpress\/wps\/volumen-15-numero-1\/forjando-la-unidad-comunista-de-trabajadores-soldados-inmigrantes-y-nativos\/\" class=\"more-link\">Sigue leyendo <span class=\"screen-reader-text\">Forjando la Unidad Comunista de Trabajadores, Soldados Inmigrantes y Nativos<\/span><\/a><\/p>\n","protected":false},"author":6,"featured_media":5655,"parent":11344,"menu_order":0,"comment_status":"closed","ping_status":"closed","template":"","meta":{"footnotes":""},"class_list":["post-11349","page","type-page","status-publish","has-post-thumbnail","hentry"],"_links":{"self":[{"href":"https:\/\/icwpredflag.org\/wp\/wordpress\/wps\/wp-json\/wp\/v2\/pages\/11349","targetHints":{"allow":["GET"]}}],"collection":[{"href":"https:\/\/icwpredflag.org\/wp\/wordpress\/wps\/wp-json\/wp\/v2\/pages"}],"about":[{"href":"https:\/\/icwpredflag.org\/wp\/wordpress\/wps\/wp-json\/wp\/v2\/types\/page"}],"author":[{"embeddable":true,"href":"https:\/\/icwpredflag.org\/wp\/wordpress\/wps\/wp-json\/wp\/v2\/users\/6"}],"replies":[{"embeddable":true,"href":"https:\/\/icwpredflag.org\/wp\/wordpress\/wps\/wp-json\/wp\/v2\/comments?post=11349"}],"version-history":[{"count":2,"href":"https:\/\/icwpredflag.org\/wp\/wordpress\/wps\/wp-json\/wp\/v2\/pages\/11349\/revisions"}],"predecessor-version":[{"id":11378,"href":"https:\/\/icwpredflag.org\/wp\/wordpress\/wps\/wp-json\/wp\/v2\/pages\/11349\/revisions\/11378"}],"up":[{"embeddable":true,"href":"https:\/\/icwpredflag.org\/wp\/wordpress\/wps\/wp-json\/wp\/v2\/pages\/11344"}],"wp:featuredmedia":[{"embeddable":true,"href":"https:\/\/icwpredflag.org\/wp\/wordpress\/wps\/wp-json\/wp\/v2\/media\/5655"}],"wp:attachment":[{"href":"https:\/\/icwpredflag.org\/wp\/wordpress\/wps\/wp-json\/wp\/v2\/media?parent=11349"}],"curies":[{"name":"wp","href":"https:\/\/api.w.org\/{rel}","templated":true}]}}