{"id":11522,"date":"2024-03-08T22:52:07","date_gmt":"2024-03-08T22:52:07","guid":{"rendered":"https:\/\/icwpredflag.org\/wp\/wordpress\/wps\/?page_id=11522"},"modified":"2024-03-10T22:51:36","modified_gmt":"2024-03-10T22:51:36","slug":"volumen-15-numero-3","status":"publish","type":"page","link":"https:\/\/icwpredflag.org\/wp\/wordpress\/wps\/volumen-15-numero-3\/","title":{"rendered":"Volumen 15, N\u00famero 3"},"content":{"rendered":"<p style=\"text-align: center;\"><strong>Del 14 de febrero al<\/strong> <strong>6 de marzo<\/strong><strong>\u00a0de 2024<\/strong><\/p>\n<p style=\"text-align: center;\">\u00a0<span style=\"color: #008000;\"><strong> NUEVO FOLLETO<\/strong><\/span>: <strong><em>El Genocidio en Gaza Exige una Revoluci\u00f3n Comunista<\/em> <a class=\"icwp-emph\" href=\"https:\/\/icwpredflag.org\/wp\/wordpress\/wps\/wp-content\/uploads\/sites\/2\/2024\/03\/sgaza.pdf\">aqu\u00ed<\/a><\/strong><\/p>\n<p class=\"p1\" style=\"text-align: center;\"><b> <img loading=\"lazy\" decoding=\"async\" class=\"wp-image-11517 aligncenter\" src=\"https:\/\/icwpredflag.org\/wp\/wordpress\/wps\/wp-content\/uploads\/sites\/2\/2024\/03\/parirvl-300x205.jpg\" alt=\"\" width=\"664\" height=\"454\" srcset=\"https:\/\/icwpredflag.org\/wp\/wordpress\/wps\/wp-content\/uploads\/sites\/2\/2024\/03\/parirvl-300x205.jpg 300w, https:\/\/icwpredflag.org\/wp\/wordpress\/wps\/wp-content\/uploads\/sites\/2\/2024\/03\/parirvl.jpg 516w\" sizes=\"auto, (max-width: 664px) 100vw, 664px\" \/><\/b><\/p>\n<p style=\"text-align: center;\">\n<!-- Page-list plugin v.5.22 wordpress.org\/plugins\/page-list\/ -->\n<div class=\"page-list page-list-ext \">\n<div class=\"page-list-ext-item\"><div class=\"page-list-ext-image\"><a href=\"https:\/\/icwpredflag.org\/wp\/wordpress\/wps\/volumen-15-numero-3\/8-de-marzo-dia-internacional-de-la-mujer-trabajadora\/\" title=\"8 de Marzo: D\u00eda Internacional de La Mujer Trabajadora\"><img decoding=\"async\" src=\"https:\/\/icwpredflag.org\/wp\/wordpress\/wps\/wp-content\/uploads\/sites\/2\/2024\/03\/womday.jpg\" width=\"150\" alt=\"8 de Marzo: D\u00eda Internacional de La Mujer Trabajadora\" \/><\/a><\/div> <strong class=\"page-list-ext-title\"><a class=\"icwp-emph\" href=\"https:\/\/icwpredflag.org\/wp\/wordpress\/wps\/volumen-15-numero-3\/8-de-marzo-dia-internacional-de-la-mujer-trabajadora\/\" title=\"8 de Marzo: D\u00eda Internacional de La Mujer Trabajadora\">8 de Marzo: D\u00eda Internacional de La Mujer Trabajadora<\/a><\/strong><div class=\"page-list-ext-item-content\">Mujeres Trabajadoras L\u00edderes: Claves Para la Revoluci\u00f3n Comunista   \r\n \r\n&nbsp;\r\nD\u00eda Internacional de la Mujer Trabajadora.  \r\nDesde 1917, el 8 de marzo ha sido un d\u00eda de lucha de las mujeres trabajadoras par...<\/div><\/div>\n<div class=\"page-list-ext-item\"><div class=\"page-list-ext-image\"><a href=\"https:\/\/icwpredflag.org\/wp\/wordpress\/wps\/volumen-15-numero-3\/india-y-el-salvador-obreros-comunistas-de-la-confeccion-luchan-contra-la-esclavitud-asalariada\/\" title=\"India y El Salvador: Obreros Comunistas de la Confecci\u00f3n Luchan Contra La Esclavitud Asalariada\"><img decoding=\"async\" src=\"https:\/\/icwpredflag.org\/wp\/wordpress\/wps\/wp-content\/uploads\/sites\/2\/2024\/03\/egaza.jpg\" width=\"150\" alt=\"India y El Salvador: Obreros Comunistas de la Confecci\u00f3n Luchan Contra La Esclavitud Asalariada\" \/><\/a><\/div> <strong class=\"page-list-ext-title\"><a class=\"icwp-emph\" href=\"https:\/\/icwpredflag.org\/wp\/wordpress\/wps\/volumen-15-numero-3\/india-y-el-salvador-obreros-comunistas-de-la-confeccion-luchan-contra-la-esclavitud-asalariada\/\" title=\"India y El Salvador: Obreros Comunistas de la Confecci\u00f3n Luchan Contra La Esclavitud Asalariada\">India y El Salvador: Obreros Comunistas de la Confecci\u00f3n Luchan Contra La Esclavitud Asalariada<\/a><\/strong><div class=\"page-list-ext-item-content\">Las contradicciones del Capitalismo Atacan a Los Trabajadores de Gaza a Bengaluru \u2666  Los Obrerxs de Las Maquilas Lucha Por Un Mundo Comunista \u2666   \r\n\r\n\u200b\r\nLas contradicciones del Capitalismo Atacan ...<\/div><\/div>\n<div class=\"page-list-ext-item\"><div class=\"page-list-ext-image\"><a href=\"https:\/\/icwpredflag.org\/wp\/wordpress\/wps\/volumen-15-numero-3\/inmigrantes-y-no-inmigrantes-aqui-y-en-todo-el-mundo-unamonos-por-una-revolucion-comunista\/\" title=\"Inmigrantes y No-Inmigrantes Aqu\u00ed y en Todo el Mundo Un\u00e1monos Por Una Revoluci\u00f3n Comunista\"><img decoding=\"async\" src=\"https:\/\/icwpredflag.org\/wp\/wordpress\/wps\/wp-content\/uploads\/sites\/2\/2024\/03\/nilega.jpg\" width=\"150\" alt=\"Inmigrantes y No-Inmigrantes Aqu\u00ed y en Todo el Mundo Un\u00e1monos Por Una Revoluci\u00f3n Comunista\" \/><\/a><\/div> <strong class=\"page-list-ext-title\"><a class=\"icwp-emph\" href=\"https:\/\/icwpredflag.org\/wp\/wordpress\/wps\/volumen-15-numero-3\/inmigrantes-y-no-inmigrantes-aqui-y-en-todo-el-mundo-unamonos-por-una-revolucion-comunista\/\" title=\"Inmigrantes y No-Inmigrantes Aqu\u00ed y en Todo el Mundo Un\u00e1monos Por Una Revoluci\u00f3n Comunista\">Inmigrantes y No-Inmigrantes Aqu\u00ed y en Todo el Mundo Un\u00e1monos Por Una Revoluci\u00f3n Comunista<\/a><\/strong><div class=\"page-list-ext-item-content\">\r\nParis, Francia, Marzo 2024 \u201cNadie es Ilegal\u201d  \r\nLOS \u00c1NGELES-EE. UU. 5 de marzo \u2014 \u201cSoy un inmigrante reci\u00e9n llegado a los Estados Unidos. En Colombia estuve en el ej\u00e9rcito. Aqu\u00ed, tuve la oportunidad de conocer ...<\/div><\/div>\n<div class=\"page-list-ext-item\"><div class=\"page-list-ext-image\"><a href=\"https:\/\/icwpredflag.org\/wp\/wordpress\/wps\/volumen-15-numero-3\/sudafrica-camaradas-de-gaza-nos-inspiran-a-organizar-para-un-primero-de-mayo-comunista\/\" title=\"Sud\u00e1frica: Camaradas de Gaza Nos Inspiran a Organizar Para Un Primero de Mayo Comunista\"><img decoding=\"async\" src=\"https:\/\/icwpredflag.org\/wp\/wordpress\/wps\/wp-content\/uploads\/sites\/2\/2024\/03\/joburg.jpg\" width=\"150\" alt=\"Sud\u00e1frica: Camaradas de Gaza Nos Inspiran a Organizar Para Un Primero de Mayo Comunista\" \/><\/a><\/div> <strong class=\"page-list-ext-title\"><a class=\"icwp-emph\" href=\"https:\/\/icwpredflag.org\/wp\/wordpress\/wps\/volumen-15-numero-3\/sudafrica-camaradas-de-gaza-nos-inspiran-a-organizar-para-un-primero-de-mayo-comunista\/\" title=\"Sud\u00e1frica: Camaradas de Gaza Nos Inspiran a Organizar Para Un Primero de Mayo Comunista\">Sud\u00e1frica: Camaradas de Gaza Nos Inspiran a Organizar Para Un Primero de Mayo Comunista<\/a><\/strong><div class=\"page-list-ext-item-content\">\r\nGQEBERHA (Sud\u00e1frica), 4 de marzo\u2014 Los camaradas aqu\u00ed est\u00e1n atentos a las noticias que llegan desde Gaza. Algunos de nosotros viv\u00edamos en el estado de apartheid de Sud\u00e1frica. Lo que aprendimos de esa...<\/div><\/div>\n<div class=\"page-list-ext-item\"><div class=\"page-list-ext-image\"><a href=\"https:\/\/icwpredflag.org\/wp\/wordpress\/wps\/volumen-15-numero-3\/obreros-industriales-claves-para-la-revolucion-antes-y-ahora\/\" title=\"Obreros Industriales: Claves Para La Revoluci\u00f3n Antes y Ahora\"><img decoding=\"async\" src=\"https:\/\/icwpredflag.org\/wp\/wordpress\/wps\/wp-content\/uploads\/sites\/2\/2024\/03\/putil.jpg\" width=\"150\" alt=\"Obreros Industriales: Claves Para La Revoluci\u00f3n Antes y Ahora\" \/><\/a><\/div> <strong class=\"page-list-ext-title\"><a class=\"icwp-emph\" href=\"https:\/\/icwpredflag.org\/wp\/wordpress\/wps\/volumen-15-numero-3\/obreros-industriales-claves-para-la-revolucion-antes-y-ahora\/\" title=\"Obreros Industriales: Claves Para La Revoluci\u00f3n Antes y Ahora\">Obreros Industriales: Claves Para La Revoluci\u00f3n Antes y Ahora<\/a><\/strong><div class=\"page-list-ext-item-content\">Educadores, Obreros Industriales, y J\u00f3venes Reconsideran el Camino Hacia la Revoluci\u00f3n \u2666  El Papel Clave de Obreros Industriales en la Revoluci\u00f3n y la Guerra Civil Rusa \u2666   \r\n\r\nNuevas eleccion...<\/div><\/div>\n<div class=\"page-list-ext-item\"><div class=\"page-list-ext-image\"><a href=\"https:\/\/icwpredflag.org\/wp\/wordpress\/wps\/volumen-15-numero-3\/palestina-israel-las-masas-necesitan-el-poder-obrero-comunista-no-algun-estado-capitalista\/\" title=\"Palestina\/Israel: Las Masas Necesitan El Poder Obrero Comunista, No Alg\u00fan Estado Capitalista\"><img decoding=\"async\" src=\"https:\/\/icwpredflag.org\/wp\/wordpress\/wps\/wp-content\/uploads\/sites\/2\/2024\/03\/omgaz.jpg\" width=\"150\" alt=\"Palestina\/Israel: Las Masas Necesitan El Poder Obrero Comunista, No Alg\u00fan Estado Capitalista\" \/><\/a><\/div> <strong class=\"page-list-ext-title\"><a class=\"icwp-emph\" href=\"https:\/\/icwpredflag.org\/wp\/wordpress\/wps\/volumen-15-numero-3\/palestina-israel-las-masas-necesitan-el-poder-obrero-comunista-no-algun-estado-capitalista\/\" title=\"Palestina\/Israel: Las Masas Necesitan El Poder Obrero Comunista, No Alg\u00fan Estado Capitalista\">Palestina\/Israel: Las Masas Necesitan El Poder Obrero Comunista, No Alg\u00fan Estado Capitalista<\/a><\/strong><div class=\"page-list-ext-item-content\">El Hambre No Es Un Delito: \u00a1La Hambruna Intencional S\u00ed Lo Es! \u2666  El Mundo Est\u00e1 Dividido En Dos Clases \u2666   \r\n\r\nCientos de personas tomaron con entusiasmo el nuevo folleto del PCOI sobre Gaza en ...<\/div><\/div>\n<div class=\"page-list-ext-item\"><div class=\"page-list-ext-image\"><a href=\"https:\/\/icwpredflag.org\/wp\/wordpress\/wps\/volumen-15-numero-3\/soldados-y-marinos-ayudaran-a-derrotar-al-imperialismo-en-gaza-y-en-todo-el-mundo\/\" title=\"Soldados y Marinos Ayudar\u00e1n a Derrotar al Imperialismo en Gaza y en Todo El Mundo\"><img decoding=\"async\" src=\"https:\/\/icwpredflag.org\/wp\/wordpress\/wps\/wp-content\/uploads\/sites\/2\/2024\/03\/portl.jpg\" width=\"150\" alt=\"Soldados y Marinos Ayudar\u00e1n a Derrotar al Imperialismo en Gaza y en Todo El Mundo\" \/><\/a><\/div> <strong class=\"page-list-ext-title\"><a class=\"icwp-emph\" href=\"https:\/\/icwpredflag.org\/wp\/wordpress\/wps\/volumen-15-numero-3\/soldados-y-marinos-ayudaran-a-derrotar-al-imperialismo-en-gaza-y-en-todo-el-mundo\/\" title=\"Soldados y Marinos Ayudar\u00e1n a Derrotar al Imperialismo en Gaza y en Todo El Mundo\">Soldados y Marinos Ayudar\u00e1n a Derrotar al Imperialismo en Gaza y en Todo El Mundo<\/a><\/strong><div class=\"page-list-ext-item-content\">Aaron Bushnell: Convertir el Dolor por las Muertes en Gaza en Ira y Acci\u00f3n \u2666  Potencial Revolucionario de Los Soldados de Hoy \u2666   \r\n\u200b\r\nConvertir el Dolor por las Muertes en Gaza en Ira y Acci\u00f3n...<\/div><\/div>\n<div class=\"page-list-ext-item\"><div class=\"page-list-ext-image\"><a href=\"https:\/\/icwpredflag.org\/wp\/wordpress\/wps\/volumen-15-numero-3\/sionismo-una-creacion-imperialista-fascista-parte-iii\/\" title=\"Sionismo: Una Creaci\u00f3n Imperialista Fascista, Parte III\"><img decoding=\"async\" src=\"https:\/\/icwpredflag.org\/wp\/wordpress\/wps\/wp-content\/uploads\/sites\/2\/2024\/03\/puerdem.jpeg\" width=\"150\" alt=\"Sionismo: Una Creaci\u00f3n Imperialista Fascista, Parte III\" \/><\/a><\/div> <strong class=\"page-list-ext-title\"><a class=\"icwp-emph\" href=\"https:\/\/icwpredflag.org\/wp\/wordpress\/wps\/volumen-15-numero-3\/sionismo-una-creacion-imperialista-fascista-parte-iii\/\" title=\"Sionismo: Una Creaci\u00f3n Imperialista Fascista, Parte III\">Sionismo: Una Creaci\u00f3n Imperialista Fascista, Parte III<\/a><\/strong><div class=\"page-list-ext-item-content\">Sionismo y Soluci\u00f3n Comunista \u2666  El Acuerdo de Transferencia \u2666   \r\n\r\nAGUADILLA (Puerto Rico), 15 de enero: \u201cEl sionismo es fascismo. La soluci\u00f3n es el comunismo\u201d  \r\n\u200b\r\nSionismo: Una Creaci\u00f3n ...<\/div><\/div>\n<div class=\"page-list-ext-item\"><div class=\"page-list-ext-image\"><a href=\"https:\/\/icwpredflag.org\/wp\/wordpress\/wps\/volumen-15-numero-3\/obreros-del-transporte-y-demas-obreros-claves-para-movilizar-para-la-revolucion-comunista-frente-a-la-tercera-guerra-mundial\/\" title=\"Obreros del Transporte y Demas Obreros: Claves Para Movilizar para la Revoluci\u00f3n Comunista Frente a la Tercera Guerra Mundial\"><img decoding=\"async\" src=\"https:\/\/icwpredflag.org\/wp\/wordpress\/wps\/wp-content\/uploads\/sites\/2\/2024\/03\/gazcart.jpg\" width=\"150\" alt=\"Obreros del Transporte y Demas Obreros: Claves Para Movilizar para la Revoluci\u00f3n Comunista Frente a la Tercera Guerra Mundial\" \/><\/a><\/div> <strong class=\"page-list-ext-title\"><a class=\"icwp-emph\" href=\"https:\/\/icwpredflag.org\/wp\/wordpress\/wps\/volumen-15-numero-3\/obreros-del-transporte-y-demas-obreros-claves-para-movilizar-para-la-revolucion-comunista-frente-a-la-tercera-guerra-mundial\/\" title=\"Obreros del Transporte y Demas Obreros: Claves Para Movilizar para la Revoluci\u00f3n Comunista Frente a la Tercera Guerra Mundial\">Obreros del Transporte y Demas Obreros: Claves Para Movilizar para la Revoluci\u00f3n Comunista Frente a la Tercera Guerra Mundial<\/a><\/strong><div class=\"page-list-ext-item-content\">\u200b\r\nTercera Guerra Mundial Nuclear o Revoluci\u00f3n Comunista: \u00a1Los Obreros y Soldados Deben Decidir!  \r\nLOS ANGELES (USA), 4 de Marzo. - \u201c\u00bfMe puedes dar un peri\u00f3dico?\u201d, pregunt\u00f3 una chofer de autob\u00fas de MTA en l...<\/div><\/div>\n<div class=\"page-list-ext-item\"><div class=\"page-list-ext-image\"><a href=\"https:\/\/icwpredflag.org\/wp\/wordpress\/wps\/volumen-15-numero-3\/cartas-discusion-sobre-gaza-unidad-historica-de-los-obreros-arabes-y-judios\/\" title=\"Cartas: Discusi\u00f3n Sobre Gaza, Unidad Hist\u00f3rica de Los Obreros \u00c1rabes y Jud\u00edos\"><img decoding=\"async\" src=\"https:\/\/icwpredflag.org\/wp\/wordpress\/wps\/wp-content\/uploads\/sites\/2\/2024\/03\/ghosh.jpg\" width=\"150\" alt=\"Cartas: Discusi\u00f3n Sobre Gaza, Unidad Hist\u00f3rica de Los Obreros \u00c1rabes y Jud\u00edos\" \/><\/a><\/div> <strong class=\"page-list-ext-title\"><a class=\"icwp-emph\" href=\"https:\/\/icwpredflag.org\/wp\/wordpress\/wps\/volumen-15-numero-3\/cartas-discusion-sobre-gaza-unidad-historica-de-los-obreros-arabes-y-judios\/\" title=\"Cartas: Discusi\u00f3n Sobre Gaza, Unidad Hist\u00f3rica de Los Obreros \u00c1rabes y Jud\u00edos\">Cartas: Discusi\u00f3n Sobre Gaza, Unidad Hist\u00f3rica de Los Obreros \u00c1rabes y Jud\u00edos<\/a><\/strong><div class=\"page-list-ext-item-content\">\u00a1Alto al Genocidio En Gaza! \u00a1Luchemos Por Un Mundo Comunista! \u2666  Palestina\/Israel: Construyendo La Unidad de La Clase Obrera Bajo Condiciones Fascistas \u2666   \r\n\u200b\r\nAbou Ghosh, Palestina, 1937. Los...<\/div><\/div>\n<div class=\"page-list-ext-item\"><div class=\"page-list-ext-image\"><a href=\"https:\/\/icwpredflag.org\/wp\/wordpress\/wps\/volumen-15-numero-3\/informe-hagamos-de-bandera-roja-red-flag-un-mejor-organizador-colectivo\/\" title=\"Informe: Hagamos de Bandera Roja\/Red Flag Un Mejor Organizador Colectivo\"><img decoding=\"async\" src=\"https:\/\/icwpredflag.org\/wp\/wordpress\/wps\/wp-content\/uploads\/sites\/2\/2024\/03\/rfdistrb.jpeg\" width=\"150\" alt=\"Informe: Hagamos de Bandera Roja\/Red Flag Un Mejor Organizador Colectivo\" \/><\/a><\/div> <strong class=\"page-list-ext-title\"><a class=\"icwp-emph\" href=\"https:\/\/icwpredflag.org\/wp\/wordpress\/wps\/volumen-15-numero-3\/informe-hagamos-de-bandera-roja-red-flag-un-mejor-organizador-colectivo\/\" title=\"Informe: Hagamos de Bandera Roja\/Red Flag Un Mejor Organizador Colectivo\">Informe: Hagamos de Bandera Roja\/Red Flag Un Mejor Organizador Colectivo<\/a><\/strong><div class=\"page-list-ext-item-content\">\r\nInforme Para La Reuni\u00f3n Internacional del PCOI, Marzo de 2024  \r\nGenocidio en Gaza, Expansi\u00f3n de Guerras Nos Llaman a Hacer de Bandera Roja Un Mejor Organizador Colectivo  \r\nLOS \u00c1NGELES, 2 de marzo\u2014 Hoy ...<\/div><\/div>\n\n<\/div><\/p>\n<ul>\n<li><a class=\"icwp-emph\" href=\"https:\/\/icwpredflag.org\/wp\/wordpress\/wps\/wp-content\/uploads\/sites\/2\/2024\/03\/BR032724.pdf\">Esta edici\u00f3n en PDF<\/a><\/li>\n<li><a class=\"icwp-emph\" href=\"https:\/\/icwpredflag.org\/wp\/wordpress\/wps\/wp-content\/uploads\/sites\/2\/2023\/06\/nahels.pdf\">Francia: Masas se Rebelan Contra Terror Racista Policiaco<\/a><\/li>\n<li><a class=\"icwp-emph\" href=\"https:\/\/icwpredflag.org\/wp\/wordpress\/wps\/otros-folletos-y-series-de-articulos\/crisis-de-ucrania\/\">Crisis de Ucrania aqui<\/a><\/li>\n<li><a class=\"icwp-emph\" href=\"https:\/\/icwpredflag.org\/wp\/wordpress\/wps\/volumen-15-numero-2\/\">La edici\u00f3n anterior<\/a><\/li>\n<li><a class=\"icwp-emph\" href=\"https:\/\/icwpredflag.org\/wp\/wordpress\/wps\/wp-content\/uploads\/sites\/2\/2021\/09\/SUPmassProtests.pdf\">India: Granjeros Luchan Masivamente Contra el Terror Fascista Capitalista<\/a><\/li>\n<li><a class=\"icwp-emph\" href=\"https:\/\/www.youtube.com\/watch?v=1bCY0PFqIqY\">El video posterior al Primero de Mayo destaca el potencial de crecimiento del PCOI en todo el mundo<\/a><\/li>\n<li><a class=\"icwp-emph\" href=\"http:\/\/icwpredflag.org\/wp\/wordpress\/wps\">P\u00e1gina principal<\/a><\/li>\n<\/ul>\n<p class=\"p1\" style=\"text-align: center;\"><strong>\u00danete al Partido Comunista Obrero Internacional (PCOI)<br \/>\n<\/strong><\/p>\n<p><a class=\"icwp-menu\" href=\"mailto:icwp@nym.hush.com\">Contactar al PCOI (NUEVO EMAIL: icwp@nym.hush.com)<\/a><br \/>\nTwitter @RedFlagBandera Instagram: @icwprf<br \/>\nEscribir a: PMB 362 3006 S. Vermont Ave., Los Angeles, CA 90007, USA<\/p>\n","protected":false},"excerpt":{"rendered":"<p>Del 14 de febrero al 6 de marzo\u00a0de 2024 \u00a0 NUEVO FOLLETO: El Genocidio en Gaza Exige una Revoluci\u00f3n Comunista aqu\u00ed Esta edici\u00f3n en PDF Francia: Masas se Rebelan Contra Terror Racista Policiaco Crisis de Ucrania aqui La edici\u00f3n anterior India: Granjeros Luchan Masivamente Contra el Terror Fascista Capitalista El video posterior al Primero de &hellip; <a href=\"https:\/\/icwpredflag.org\/wp\/wordpress\/wps\/volumen-15-numero-3\/\" class=\"more-link\">Sigue leyendo <span class=\"screen-reader-text\">Volumen 15, N\u00famero 3<\/span><\/a><\/p>\n","protected":false},"author":1,"featured_media":5655,"parent":0,"menu_order":0,"comment_status":"closed","ping_status":"closed","template":"","meta":{"footnotes":""},"class_list":["post-11522","page","type-page","status-publish","has-post-thumbnail","hentry"],"_links":{"self":[{"href":"https:\/\/icwpredflag.org\/wp\/wordpress\/wps\/wp-json\/wp\/v2\/pages\/11522","targetHints":{"allow":["GET"]}}],"collection":[{"href":"https:\/\/icwpredflag.org\/wp\/wordpress\/wps\/wp-json\/wp\/v2\/pages"}],"about":[{"href":"https:\/\/icwpredflag.org\/wp\/wordpress\/wps\/wp-json\/wp\/v2\/types\/page"}],"author":[{"embeddable":true,"href":"https:\/\/icwpredflag.org\/wp\/wordpress\/wps\/wp-json\/wp\/v2\/users\/1"}],"replies":[{"embeddable":true,"href":"https:\/\/icwpredflag.org\/wp\/wordpress\/wps\/wp-json\/wp\/v2\/comments?post=11522"}],"version-history":[{"count":5,"href":"https:\/\/icwpredflag.org\/wp\/wordpress\/wps\/wp-json\/wp\/v2\/pages\/11522\/revisions"}],"predecessor-version":[{"id":11566,"href":"https:\/\/icwpredflag.org\/wp\/wordpress\/wps\/wp-json\/wp\/v2\/pages\/11522\/revisions\/11566"}],"wp:featuredmedia":[{"embeddable":true,"href":"https:\/\/icwpredflag.org\/wp\/wordpress\/wps\/wp-json\/wp\/v2\/media\/5655"}],"wp:attachment":[{"href":"https:\/\/icwpredflag.org\/wp\/wordpress\/wps\/wp-json\/wp\/v2\/media?parent=11522"}],"curies":[{"name":"wp","href":"https:\/\/api.w.org\/{rel}","templated":true}]}}