{"id":11563,"date":"2024-03-10T11:41:13","date_gmt":"2024-03-10T11:41:13","guid":{"rendered":"https:\/\/icwpredflag.org\/wp\/wordpress\/wps\/?page_id=11563"},"modified":"2024-03-10T11:41:33","modified_gmt":"2024-03-10T11:41:33","slug":"informe-hagamos-de-bandera-roja-red-flag-un-mejor-organizador-colectivo","status":"publish","type":"page","link":"https:\/\/icwpredflag.org\/wp\/wordpress\/wps\/volumen-15-numero-3\/informe-hagamos-de-bandera-roja-red-flag-un-mejor-organizador-colectivo\/","title":{"rendered":"Informe: Hagamos de Bandera Roja\/Red Flag Un Mejor Organizador Colectivo"},"content":{"rendered":"<p><img loading=\"lazy\" decoding=\"async\" class=\"aligncenter wp-image-11527\" src=\"https:\/\/icwpredflag.org\/wp\/wordpress\/wps\/wp-content\/uploads\/sites\/2\/2024\/03\/rfdistrb.jpeg\" alt=\"\" width=\"802\" height=\"532\" srcset=\"https:\/\/icwpredflag.org\/wp\/wordpress\/wps\/wp-content\/uploads\/sites\/2\/2024\/03\/rfdistrb.jpeg 472w, https:\/\/icwpredflag.org\/wp\/wordpress\/wps\/wp-content\/uploads\/sites\/2\/2024\/03\/rfdistrb-300x199.jpeg 300w\" sizes=\"auto, (max-width: 802px) 100vw, 802px\" \/><\/p>\n<h4 style=\"text-align: center\"><span style=\"color: #ff0000\">Informe Para La Reuni\u00f3n Internacional del PCOI, Marzo de 2024<\/span><\/h4>\n<h4 style=\"text-align: center\"><span style=\"color: #ff0000\">Genocidio en Gaza, Expansi\u00f3n de Guerras Nos Llaman a Hacer de Bandera Roja Un Mejor Organizador Colectivo<\/span><\/h4>\n<p style=\"text-align: justify\">LOS \u00c1NGELES, 2 de marzo\u2014 Hoy nos preguntamos: \u201c\u00bfD\u00f3nde estaban los \u2018buenos alemanes\u2019 cuando los nazis lanzaron su genocidio y la Segunda Guerra Mundial?\u201d Las generaciones futuras nos preguntar\u00e1n: \u201c\u00bfQu\u00e9 estaban haciendo cuando Israel y el imperialismo estadounidense llevaron a cabo un genocidio en Gaza y comenzaron la Tercera Guerra Mundial? \u00bfCu\u00e1ndo se extendi\u00f3 el fascismo en la India, El Salvador, Argentina y por todo el mundo?<\/p>\n<p style=\"text-align: justify\">Responderemos: est\u00e1bamos usando Bandera Roja para movilizar masas para el comunismo. Lo le\u00edamos con compa\u00f1eros de trabajo y los organizamos en c\u00e9lulas del partido. Lo distribuimos entre j\u00f3venes enojados que protestaban contra el genocidio de Gaza y los reclutamos a colectivos del partido. Lo distribuimos fuera de las f\u00e1bricas y bases militares, sabiendo que los trabajadores industriales y los soldados son clave para la revoluci\u00f3n comunista.<\/p>\n<p style=\"text-align: justify\">Responderemos: est\u00e1bamos construyendo un partido comunista internacional a trav\u00e9s de las p\u00e1ginas de Bandera Roja.<\/p>\n<p style=\"text-align: justify\">Bandera Roja hizo posible que camaradas trabajadores de la confecci\u00f3n en India y El Salvador forjaran una relaci\u00f3n. Las cartas desde Gaza hicieron que el internacionalismo comunista fuera una realidad para personas desde Estados Unidos hasta Sud\u00e1frica. Est\u00e1bamos aprendiendo a consultar a trav\u00e9s de las fronteras patronales sobre c\u00f3mo producir art\u00edculos que ser\u00edan \u00fatiles a nivel internacional.<\/p>\n<p style=\"text-align: justify\">Est\u00e1bamos produciendo Bandera Roja para hacer todo esto posible.<\/p>\n<p style=\"text-align: justify\">En 2024, dir\u00edamos, \u00e9ramos muy pocos para afrontar la urgencia del momento. Pero est\u00e1bamos luchando colectivamente para reclutar los n\u00fameros necesarios para convertir al PCOI en una fuerza efectiva para la revoluci\u00f3n comunista a nivel mundial. Ampliar la participaci\u00f3n en el trabajo de producir Bandera Roja, organizar ese trabajo de manera m\u00e1s colectiva, en l\u00ednea con nuestros principios comunistas.<\/p>\n<p style=\"text-align: justify\">C\u00f3mo hacerlo ser\u00e1 un debate importante en la reuni\u00f3n internacional de marzo.<\/p>\n<p style=\"text-align: justify\">Bandera Roja ya se est\u00e1 fortaleciendo a medida que contribuyen m\u00e1s nuevos camaradas y amigos. El camarada Hamza y otros camaradas en Medio Oriente han provocado un cambio cualitativo. Los colectivos en El Salvador est\u00e1n involucrando a m\u00e1s camaradas y amigos en la producci\u00f3n de art\u00edculos. Otros tambi\u00e9n lo est\u00e1n haciendo. Los camaradas m\u00e1s experimentados, con m\u00e1s pr\u00e1ctica en la escritura, tambi\u00e9n se sienten inspirados a escribir m\u00e1s. Ahora podemos dar pasos importantes hacia una mayor colectividad, pasos que aumentar\u00e1n la participaci\u00f3n y fortalecer\u00e1n el peri\u00f3dico.<\/p>\n<p style=\"text-align: justify\">1. Deber\u00edamos decidir m\u00e1s colectivamente sobre qu\u00e9 escribir y c\u00f3mo. Esto puede significar planificar varios temas a la vez. Mientras tanto, debemos estar preparados para cambiar de planes cuando surja algo inesperado. Seguimos recibiendo con agrado las cartas, incluidos los comentarios sobre este informe.<\/p>\n<p style=\"text-align: justify\">2. M\u00e1s de nosotros necesitamos distribuir m\u00e1s copias de Bandera Roja, en papel y electr\u00f3nicas. Y tener m\u00e1s conversaciones con los lectores e incluir sus opiniones en lo que escribimos.<\/p>\n<p style=\"text-align: justify\">3. Cuando el colectivo decide que necesitamos un art\u00edculo, m\u00e1s camaradas deber\u00edan estar dispuestos a dar un paso al frente y ayudar. Incluso si no se trata directamente de su trabajo, e incluso si deben investigar un poco y aprender sobre el tema.<\/p>\n<p style=\"text-align: justify\">4. Para lograrlo ser\u00e1 necesaria una lucha colectiva prolongada contra el individualismo en sus diversas formas. Todos debemos intentar prestar m\u00e1s atenci\u00f3n a \u201clo que el colectivo necesita\u201d, especialmente cuando se trata de hacer que las reuniones y charlas sean acogedoras para m\u00e1s personas.<\/p>\n<p style=\"text-align: justify\">Adem\u00e1s de ayudar a escribir y revisar cartas y art\u00edculos, \u00bfqui\u00e9n ayudar\u00eda a tomar o buscar fotograf\u00edas? \u00bfEditar im\u00e1genes para la prensa? \u00bfDibujar gr\u00e1ficos o dibujos animados originales? \u00bfAprender a utilizar un programa de dise\u00f1o? \u00bfTraducir o pulir traducciones? Deber\u00edamos asegurarnos de que la forma en que hemos estado haciendo las cosas hasta ahora no se convierta en un obst\u00e1culo para hacerlas mejor en el futuro.<\/p>\n<p style=\"text-align: justify\">5. Dada la urgencia de la situaci\u00f3n mundial, deber\u00edamos empezar a pensar en c\u00f3mo (y cu\u00e1ndo) podemos pasar a un Bandera Roja quincenal.<\/p>\n<p style=\"text-align: justify\">Alg\u00fan d\u00eda, cuando a los que a\u00fan sobrevivamos nos pregunten: \u201c\u00bfQu\u00e9 hicieron ante el genocidio fascista y la guerra imperialista?\u201d podremos responder: \u201cSentamos las bases de la sociedad comunista que estamos construyendo hoy\u201d. Ese d\u00eda puede ser antes de lo que pensamos.<\/p>\n<h4><a href=\"https:\/\/icwpredflag.org\/wp\/wordpress\/wps\/volumen-15-numero-3\/\">Primera p\u00e1gina de esta edici\u00f3n<\/a><\/h4>\n","protected":false},"excerpt":{"rendered":"<p>Informe Para La Reuni\u00f3n Internacional del PCOI, Marzo de 2024 Genocidio en Gaza, Expansi\u00f3n de Guerras Nos Llaman a Hacer de Bandera Roja Un Mejor Organizador Colectivo LOS \u00c1NGELES, 2 de marzo\u2014 Hoy nos preguntamos: \u201c\u00bfD\u00f3nde estaban los \u2018buenos alemanes\u2019 cuando los nazis lanzaron su genocidio y la Segunda Guerra Mundial?\u201d Las generaciones futuras nos &hellip; <a href=\"https:\/\/icwpredflag.org\/wp\/wordpress\/wps\/volumen-15-numero-3\/informe-hagamos-de-bandera-roja-red-flag-un-mejor-organizador-colectivo\/\" class=\"more-link\">Sigue leyendo <span class=\"screen-reader-text\">Informe: Hagamos de Bandera Roja\/Red Flag Un Mejor Organizador Colectivo<\/span><\/a><\/p>\n","protected":false},"author":6,"featured_media":5655,"parent":11522,"menu_order":0,"comment_status":"closed","ping_status":"closed","template":"","meta":{"footnotes":""},"class_list":["post-11563","page","type-page","status-publish","has-post-thumbnail","hentry"],"_links":{"self":[{"href":"https:\/\/icwpredflag.org\/wp\/wordpress\/wps\/wp-json\/wp\/v2\/pages\/11563","targetHints":{"allow":["GET"]}}],"collection":[{"href":"https:\/\/icwpredflag.org\/wp\/wordpress\/wps\/wp-json\/wp\/v2\/pages"}],"about":[{"href":"https:\/\/icwpredflag.org\/wp\/wordpress\/wps\/wp-json\/wp\/v2\/types\/page"}],"author":[{"embeddable":true,"href":"https:\/\/icwpredflag.org\/wp\/wordpress\/wps\/wp-json\/wp\/v2\/users\/6"}],"replies":[{"embeddable":true,"href":"https:\/\/icwpredflag.org\/wp\/wordpress\/wps\/wp-json\/wp\/v2\/comments?post=11563"}],"version-history":[{"count":1,"href":"https:\/\/icwpredflag.org\/wp\/wordpress\/wps\/wp-json\/wp\/v2\/pages\/11563\/revisions"}],"predecessor-version":[{"id":11564,"href":"https:\/\/icwpredflag.org\/wp\/wordpress\/wps\/wp-json\/wp\/v2\/pages\/11563\/revisions\/11564"}],"up":[{"embeddable":true,"href":"https:\/\/icwpredflag.org\/wp\/wordpress\/wps\/wp-json\/wp\/v2\/pages\/11522"}],"wp:featuredmedia":[{"embeddable":true,"href":"https:\/\/icwpredflag.org\/wp\/wordpress\/wps\/wp-json\/wp\/v2\/media\/5655"}],"wp:attachment":[{"href":"https:\/\/icwpredflag.org\/wp\/wordpress\/wps\/wp-json\/wp\/v2\/media?parent=11563"}],"curies":[{"name":"wp","href":"https:\/\/api.w.org\/{rel}","templated":true}]}}