{"id":11622,"date":"2024-03-30T11:42:25","date_gmt":"2024-03-30T11:42:25","guid":{"rendered":"https:\/\/icwpredflag.org\/wp\/wordpress\/wps\/?page_id=11622"},"modified":"2024-03-30T11:43:12","modified_gmt":"2024-03-30T11:43:12","slug":"poniendole-fin-al-capitalismo-sexista","status":"publish","type":"page","link":"https:\/\/icwpredflag.org\/wp\/wordpress\/wps\/volumen-15-numero-4\/poniendole-fin-al-capitalismo-sexista\/","title":{"rendered":"Poni\u00e9ndole Fin al Capitalismo Sexista"},"content":{"rendered":"<p style=\"text-align: center\"><strong>Rese\u00f1a de La Pel\u00edcula: \u201cLo que Ignoramos\u201d <a class=\"icwp-emph\" href=\"#1\">aqu\u00ed \u2666<\/a> El Comunismo Abolir\u00e1 la Base Material del Sexismo <a class=\"icwp-emph\" href=\"#2\">aqu\u00ed \u2666<\/a><\/strong><\/p>\n<p style=\"text-align: center\">\u200b<img loading=\"lazy\" decoding=\"async\" class=\"aligncenter wp-image-11591\" src=\"https:\/\/icwpredflag.org\/wp\/wordpress\/wps\/wp-content\/uploads\/sites\/2\/2024\/03\/mumb22.jpg\" alt=\"\" width=\"705\" height=\"529\" srcset=\"https:\/\/icwpredflag.org\/wp\/wordpress\/wps\/wp-content\/uploads\/sites\/2\/2024\/03\/mumb22.jpg 357w, https:\/\/icwpredflag.org\/wp\/wordpress\/wps\/wp-content\/uploads\/sites\/2\/2024\/03\/mumb22-300x225.jpg 300w\" sizes=\"auto, (max-width: 705px) 100vw, 705px\" \/><br \/>\n<strong>Protesta Contra Una Violaci\u00f3n, Mumbai, 2022<\/strong><\/p>\n<h4 id=\"1\" style=\"text-align: center\"><span style=\"color: #ff0000\"><strong>Rese\u00f1a de La Pel\u00edcula: \u201cLo que Ignoramos\u201d El Capitalismo: Un Mundo Sexista, Racista que Conlleva a la Muerte<\/strong><\/span><\/h4>\n<p style=\"text-align: justify\">El Salvador, 20 de Marzo\u2014 \u201cAl ver la pel\u00edcula Lo que ignoramos, la crudeza de la violencia f\u00edsica me impact\u00f3, pero al reflexionar, me di cuenta de que es el resultado del sistema capitalista,\u201d coment\u00f3 un lector de Bandera Roja.<\/p>\n<p style=\"text-align: justify\">Este filme basado en hechos reales ocurridos en la ciudad de Muzaffarpur, Bihar, la India, en el 2020, donde se desvelaron horrores de abusos sexuales, violaciones y torturas. Brajesh Thakur, fundador de la ONG Sewa Sankalp Evam Vikas Samiti y el principal acusado en el caso, fue condenado a cadena perpetua.<\/p>\n<p style=\"text-align: justify\">\u201cUn desgarrador y oscuro crimen que va m\u00e1s all\u00e1 de una pel\u00edcula sino sobre males reales de la sociedad capitalista sobre los que nadie quiere o\u00edr, pensar o hacer nada, nos hacemos los ciegos\u201d. Coment\u00f3 J<\/p>\n<p style=\"text-align: justify\">Todos concluimos que muestra la desigualdad de g\u00e9nero, como una plaga enquistada en las sociedades capitalistas, el sadismo y el poder destructivo que conlleva estar sometidos bajo una sociedad donde solo los poderosos dominan.<\/p>\n<p style=\"text-align: justify\">La pel\u00edcula Narra la historia de\u00a0Vaishali, una joven periodista que investiga denuncias de abusos sexuales en un centro de acogida de ni\u00f1as. Con el objetivo de sacar a la luz estos cr\u00edmenes.<\/p>\n<p style=\"text-align: justify\">Vaishali y el superintendente se sienten impotentes en su b\u00fasqueda de pruebas para condenar estos cr\u00edmenes. Refleja la misma impotencia que experimentan muchas mujeres. Ven sus logros minimizados simplemente por ser mujeres. Sin embargo, si no fuera por la valent\u00eda de un testigo que escap\u00f3 y de las propias ni\u00f1as explotadas, este caso no habr\u00eda salido a la luz.<\/p>\n<p style=\"text-align: justify\">La protagonista es la principal amenaza para el grupo de hombres poderosos que est\u00e1n implicados en los delitos. Una dictadura de los capitalistas ricos y poderosos que manipulan todo tipo de sistema por medio del dinero para seguir violentando a las ni\u00f1as y mujeres esclaviz\u00e1ndolas sexualmente.<\/p>\n<p style=\"text-align: justify\">Vemos en este filme que los periodistas y el sistema judicial no pueden poner fin a la explotaci\u00f3n exponi\u00e9ndola y ganando en los tribunales. La causa ra\u00edz nunca se aboli\u00f3. Los esfuerzos heroicos son valorados culturalmente en el capitalismo, ya que nos enga\u00f1an haci\u00e9ndonos creer que podemos cambiar el sistema un acto a la vez.<\/p>\n<p style=\"text-align: justify\">La violencia contra las mujeres constituye un problema mundial con proporciones de epidemia. En la India, especialmente mujeres de casta baja y musulmanas. Las estad\u00edsticas subestiman enormemente la tasa de violaciones. Ya que las mujeres tienen un miedo mortal a denunciar violaciones y abusos sexuales, y con raz\u00f3n estando bajo un sistema capitalista.<\/p>\n<p><strong>Un Mundo Comunista Depende de Una Lucha Revolucionaria<\/strong><\/p>\n<p style=\"text-align: justify\">\u201cHay todo tipo de violencia de g\u00e9nero. Es parte de la violencia sistem\u00e1tica de las sociedades capitalistas\u201d, a\u00f1adi\u00f3 R. \u201cLa presi\u00f3n para tener hijos, el \u2018cuidado paternalista\u2019 del marido de Vaishali, las respuestas policiales a ambas mujeres son ejemplos de actitudes que debemos cambiar de ra\u00edz\u201d.<\/p>\n<p style=\"text-align: justify\">En nuestra discusi\u00f3n entre camaradas y amigos. Concluyo C que \u201cLos cambios que proponen los pol\u00edticos por reformas nunca podr\u00e1n llenar las necesidades de la clase trabajadora\u201d. \u201cEl imperialismo es una dictadura de la clase dominante; que solo servir\u00e1 a sus necesidades. El capitalismo fomenta el racismo, sexismo, explotaci\u00f3n, y violencia\u201d.<\/p>\n<p style=\"text-align: justify\">Vemos pel\u00edculas y documentales sobre el podrido sistema capitalista y lo que la gente est\u00e1 haciendo para cambiarlo dentro del sistema capitalista. Imaginemos con nuestros amigos lo que har\u00edamos como comunistas, espec\u00edficamente, para abordarlo. \u00bfQu\u00e9 cosas pr\u00e1cticas hacemos como comunistas dentro de una sociedad capitalista para cambiarlas? Si el protagonista fuera comunista, \u00bfqu\u00e9 se har\u00eda diferente?<\/p>\n<p style=\"text-align: justify\">Solo la revoluci\u00f3n comunista dirigida por nuestro partido PCOI podr\u00e1 aplastar el perverso sistema de ganancias creando un mundo comunista para la clase trabajadora; sin islamofobia, sexismo, racismo, eliminando las fronteras y la esclavitud asalariada.<\/p>\n<p style=\"text-align: justify\">Organizar y movilizar las masas para el comunismo significa la lectura y discusi\u00f3n de Bandera Roja y la creaci\u00f3n de m\u00e1s colectivos. Estos son clave para una lucha revolucionaria para construir un ej\u00e9rcito rojo y ponerles fin a los capitalistas.<\/p>\n<p>\u00a1Viva la revoluci\u00f3n comunista!<\/p>\n<h4 id=\"2\" style=\"text-align: center\"><span style=\"color: #ff0000\"><strong>El Comunismo Abolir\u00e1 la Base Material del Sexismo<\/strong><\/span><\/h4>\n<p style=\"text-align: justify\">Recientemente una compa\u00f1era maestra dijo, \u201cestoy preocupada por esto que est\u00e1 pasando, hay demasiadas amenazas hasta podemos perder el trabajo, si hablamos sobre temas de g\u00e9nero en las escuelas.\u201d<\/p>\n<p style=\"text-align: justify\">\u201cHablar de los problemas del capitalismo nunca ha sido permitido. Tenemos que volver hacer el trabajo como se hac\u00eda antes para organizar. Nosotros no necesitamos autorizaci\u00f3n de ning\u00fan gobierno fascista, lo que necesitamos es el compromiso de formar pol\u00edticamente a m\u00e1s trabajadores de la educaci\u00f3n\u201d, respondi\u00f3 otra maestra.<\/p>\n<p style=\"text-align: justify\">Las mujeres marcharon el 8 de marzo en el marco del D\u00eda Internacional de la Mujer, en protesta de las medidas que ha implementado este gobierno, por la violencia en contra de las mujeres y esconder toda la informaci\u00f3n sobre los feminicidios. El Salvador est\u00e1 situado en la tercera posici\u00f3n con la mayor tasa de asesinatos por raz\u00f3n de g\u00e9nero.<\/p>\n<p style=\"text-align: justify\">La ultraderecha como Milei en Argentina, Bukele en EL Salvador est\u00e1n borrando todas las pol\u00edticas de g\u00e9nero. Lo que no pueden borrar son las luchas por un sistema justo, libre de sexismo, racismo homofobia entre otros.<\/p>\n<p style=\"text-align: justify\">El Comunismo abolir\u00e1 el dinero. El trabajo se basar\u00e1 en satisfacer las necesidades de las masas. El sistema salarial, la base material del sexismo, ser\u00e1 abolido. Esto no ser\u00e1 suficiente, colectivamente seguiremos luchando para terminar con todas las actitudes sexistas que persistan. Para lograrlo necesitamos movilizar a las masas por el comunismo.<\/p>\n<p style=\"text-align: justify\">El MINED (Ministerio de Educaci\u00f3n) retir\u00f3 todos los materiales did\u00e1cticos relacionados con este tema y ha prohibido todo lo relacionado con ideolog\u00eda de g\u00e9nero. Esto se ven\u00eda planificando desde el a\u00f1o 2022, pero el gobierno lo hace de manera oficial desde el 28 de febrero del corriente a\u00f1o.<\/p>\n<p style=\"text-align: justify\">Todo contenido referido a genero se excluye del proceso de ense\u00f1anza aprendizaje de los estudiantes y tambi\u00e9n de los procesos de formaci\u00f3n docente.<\/p>\n<p style=\"text-align: justify\">En el capitalismo las practicas sexistas y de genero son muy destructivas. Este gobierno quit\u00f3 la filosof\u00eda del curr\u00edculo educativo y ahora proh\u00edbe y amenaza con sancionar si se habla sobre pol\u00edticas de g\u00e9nero.<\/p>\n<p style=\"text-align: justify\">Estas acciones nos retan a agudizar la lucha contra el sistema capitalista y reclutar a m\u00e1s mujeres y hombres a que se unan al Partido Comunista Obrero Internacional, leer y compartir Bandera Roja. Y discutir en los colectivos lo nocivo para la clase trabajadora de estas pr\u00e1cticas sexistas que no hacen m\u00e1s que dividir a la clase trabajadora.<\/p>\n<p style=\"text-align: justify\">En el Comunismo se abolir\u00e1n todas las formas de discriminaci\u00f3n y estructurales que hist\u00f3ricamente han afectado a hombres y mujeres.<\/p>\n<p style=\"text-align: justify\">Solo la revoluci\u00f3n comunista nos liberara de estas pr\u00e1cticas crueles y de explotaci\u00f3n capitalista.<\/p>\n<p>\u2014Camarada Maestra Comunista en El Salvador<\/p>\n<p style=\"text-align: center\"><strong>Lee Nuestro Folleto: La Lucha Comunista Contra El Sexismo <a href=\"http:\/\/icwpredflag.org\/sxse.pdf\" target=\"_blank\" rel=\"noopener\"><span style=\"color: #ff0000\">Aqu\u00ed<\/span><\/a><br \/>\n<\/strong><\/p>\n<p style=\"text-align: center\"><strong>Otros Art\u00edculos que Hemos Publicado Sobre el Sexismo:<\/strong><\/p>\n<blockquote class=\"wp-embedded-content\" data-secret=\"XMxjsWYbIq\"><p><a href=\"https:\/\/icwpredflag.org\/wp\/wordpress\/wps\/otros-folletos-y-series-de-articulos\/materiales-sobre-el-sexismo\/\">Materiales Sobre el Sexismo<\/a><\/p><\/blockquote>\n<p><iframe loading=\"lazy\" class=\"wp-embedded-content\" sandbox=\"allow-scripts\" security=\"restricted\" style=\"position: absolute; clip: rect(1px, 1px, 1px, 1px);\" title=\"&#8220;Materiales Sobre el Sexismo&#8221; &#8212; Partido Comunista Obrero Internacional\" src=\"https:\/\/icwpredflag.org\/wp\/wordpress\/wps\/otros-folletos-y-series-de-articulos\/materiales-sobre-el-sexismo\/embed\/#?secret=wuNwVilbNM#?secret=XMxjsWYbIq\" data-secret=\"XMxjsWYbIq\" width=\"600\" height=\"338\" frameborder=\"0\" marginwidth=\"0\" marginheight=\"0\" scrolling=\"no\"><\/iframe><\/p>\n<h4><a href=\"https:\/\/icwpredflag.org\/wp\/wordpress\/wps\/volumen-15-numero-4\/\">Primera p\u00e1gina de esta edici\u00f3n<\/a><\/h4>\n","protected":false},"excerpt":{"rendered":"<p>Rese\u00f1a de La Pel\u00edcula: \u201cLo que Ignoramos\u201d aqu\u00ed \u2666 El Comunismo Abolir\u00e1 la Base Material del Sexismo aqu\u00ed \u2666 \u200b Protesta Contra Una Violaci\u00f3n, Mumbai, 2022 Rese\u00f1a de La Pel\u00edcula: \u201cLo que Ignoramos\u201d El Capitalismo: Un Mundo Sexista, Racista que Conlleva a la Muerte El Salvador, 20 de Marzo\u2014 \u201cAl ver la pel\u00edcula Lo que &hellip; <a href=\"https:\/\/icwpredflag.org\/wp\/wordpress\/wps\/volumen-15-numero-4\/poniendole-fin-al-capitalismo-sexista\/\" class=\"more-link\">Sigue leyendo <span class=\"screen-reader-text\">Poni\u00e9ndole Fin al Capitalismo Sexista<\/span><\/a><\/p>\n","protected":false},"author":6,"featured_media":5655,"parent":11578,"menu_order":0,"comment_status":"closed","ping_status":"closed","template":"","meta":{"footnotes":""},"class_list":["post-11622","page","type-page","status-publish","has-post-thumbnail","hentry"],"_links":{"self":[{"href":"https:\/\/icwpredflag.org\/wp\/wordpress\/wps\/wp-json\/wp\/v2\/pages\/11622","targetHints":{"allow":["GET"]}}],"collection":[{"href":"https:\/\/icwpredflag.org\/wp\/wordpress\/wps\/wp-json\/wp\/v2\/pages"}],"about":[{"href":"https:\/\/icwpredflag.org\/wp\/wordpress\/wps\/wp-json\/wp\/v2\/types\/page"}],"author":[{"embeddable":true,"href":"https:\/\/icwpredflag.org\/wp\/wordpress\/wps\/wp-json\/wp\/v2\/users\/6"}],"replies":[{"embeddable":true,"href":"https:\/\/icwpredflag.org\/wp\/wordpress\/wps\/wp-json\/wp\/v2\/comments?post=11622"}],"version-history":[{"count":2,"href":"https:\/\/icwpredflag.org\/wp\/wordpress\/wps\/wp-json\/wp\/v2\/pages\/11622\/revisions"}],"predecessor-version":[{"id":11624,"href":"https:\/\/icwpredflag.org\/wp\/wordpress\/wps\/wp-json\/wp\/v2\/pages\/11622\/revisions\/11624"}],"up":[{"embeddable":true,"href":"https:\/\/icwpredflag.org\/wp\/wordpress\/wps\/wp-json\/wp\/v2\/pages\/11578"}],"wp:featuredmedia":[{"embeddable":true,"href":"https:\/\/icwpredflag.org\/wp\/wordpress\/wps\/wp-json\/wp\/v2\/media\/5655"}],"wp:attachment":[{"href":"https:\/\/icwpredflag.org\/wp\/wordpress\/wps\/wp-json\/wp\/v2\/media?parent=11622"}],"curies":[{"name":"wp","href":"https:\/\/api.w.org\/{rel}","templated":true}]}}