{"id":11785,"date":"2024-05-13T22:08:49","date_gmt":"2024-05-13T22:08:49","guid":{"rendered":"https:\/\/icwpredflag.org\/wp\/wordpress\/wps\/?page_id=11785"},"modified":"2024-05-14T23:24:33","modified_gmt":"2024-05-14T23:24:33","slug":"obreros-industriales-claves-para-la-marcha-comunista-del-primero-de-mayo","status":"publish","type":"page","link":"https:\/\/icwpredflag.org\/wp\/wordpress\/wps\/volumen-15-numero-6\/obreros-industriales-claves-para-la-marcha-comunista-del-primero-de-mayo\/","title":{"rendered":"Obreros Industriales: Claves Para La Marcha Comunista del Primero de Mayo en El Salvador y la India"},"content":{"rendered":"<p style=\"text-align: center;\"><strong>Los Obreros Industriales Son Clave Para el \u00c9xito de las Marchas del Primero De Mayo <a class=\"icwp-emph\" href=\"#1\">aqu\u00ed \u2666<\/a> Primero de Mayo Bengaluru, India: Luchando por las Ideas Comunistas con Obreros Industriales en Lucha <a class=\"icwp-emph\" href=\"#2\">aqu\u00ed \u2666<\/a> Primero de Mayo en Chennai, India: Organizando a los Obreros Industriales para Ponerle Fin a la Esclavitud Asalariada <a class=\"icwp-emph\" href=\"#3\">aqu\u00ed \u2666<\/a><\/strong><\/p>\n<p>\u200b<img loading=\"lazy\" decoding=\"async\" class=\"aligncenter wp-image-11770\" src=\"https:\/\/icwpredflag.org\/wp\/wordpress\/wps\/wp-content\/uploads\/sites\/2\/2024\/05\/elsalmd2.jpg\" alt=\"\" width=\"664\" height=\"651\" srcset=\"https:\/\/icwpredflag.org\/wp\/wordpress\/wps\/wp-content\/uploads\/sites\/2\/2024\/05\/elsalmd2.jpg 354w, https:\/\/icwpredflag.org\/wp\/wordpress\/wps\/wp-content\/uploads\/sites\/2\/2024\/05\/elsalmd2-300x294.jpg 300w\" sizes=\"auto, (max-width: 664px) 100vw, 664px\" \/><\/p>\n<h4 id=\"1\" style=\"text-align: center;\"><span style=\"color: #ff0000;\"><strong>J\u00f3venes Obreros al Frente con Ideas Comunistas. Los Obreros Industriales Son Clave para el \u00c9xito de las Marchas del Primero De Mayo<\/strong><\/span><\/h4>\n<p style=\"text-align: justify;\">EL SALVADOR, 1 de Mayo\u2014 \u201cFue un d\u00eda exitoso. La verdad es que me encant\u00f3 ser parte de la marcha. Luchamos por un solo objetivo: la victoria del comunismo\u201d, dijo una joven obrera que particip\u00f3 por primera vez en la marcha con el PCOI.<\/p>\n<p style=\"text-align: justify;\">La marcha reflej\u00f3 el liderazgo y el esfuerzo de muchos j\u00f3venes trabajadores. Disciplina, camisetas coloridas, pancartas y la lucha por el comunismo. Este fue el resultado de meses de arduo trabajo en muchas maquiladoras aqu\u00ed.<\/p>\n<p style=\"text-align: justify;\">Catorce j\u00f3venes (hijos, hijas, amigos y familiares de compa\u00f1eros del PCOI) participaron por primera vez en esta marcha obrera. Asumieron la responsabilidad de distribuir el peri\u00f3dico Bandera Roja y brindar seguridad a quienes lo distribu\u00edan. Todos ellos cumplieron la misi\u00f3n que se les hab\u00eda encomendado.<\/p>\n<p style=\"text-align: justify;\">\u201cBandera Roja, Bandera Roja\u201d, gritaba un grupo de feministas que ped\u00edan nuestro peri\u00f3dico. Bandera Roja tuvo una gran demanda. Diez camaradas distribuyeron mil cien peri\u00f3dicos, llevando las ideas comunistas a la clase obrera.<\/p>\n<p style=\"text-align: justify;\">Las banderas rojas del PCOI ondearon en las principales calles de la capital. Los trabajadores los sostuvieron con gran entusiasmo y alegr\u00eda mientras marchaban para conmemorar este d\u00eda hist\u00f3rico para la clase obrera y para el comunismo.<\/p>\n<p style=\"text-align: justify;\">Nuestra pancarta que dec\u00eda <strong>\u201cDESDE GAZA A EL SALVADOR, LUCHEMOS POR EL COMUNISMO.\u201d<\/strong> Llam\u00f3 la atenci\u00f3n, porque el llamado del PCOI a luchar por el comunismo marca la diferencia. El llamado de las banderas de otros grupos era reformista.<\/p>\n<p style=\"text-align: justify;\">Desde el principio hasta el final de la marcha pudimos sentir el entusiasmo de los j\u00f3venes, de los trabajadores urbanos y rurales, de los estudiantes y de los trabajadores de la salud.<\/p>\n<p style=\"text-align: justify;\"><strong>Organizar la marcha por el Primero de Mayo, d\u00eda internacional de los trabajadores, requiere muchas acciones: visitas a las comunidades donde viven los compa\u00f1eros, reuniones m\u00e1s amplias y reuniones de colectivos. Principalmente hablando de la importancia de mostrarle al mundo la necesidad de organizarse para el comunismo.<\/strong><\/p>\n<p style=\"text-align: justify;\"><strong>Porque solo el comunismo pondr\u00e1 fin a las guerras imperialistas fascistas, a la esclavitud, al racismo, al sexismo, a la homofobia y a las fronteras.<\/strong><\/p>\n<p style=\"text-align: justify;\">La concentraci\u00f3n en las maquilas dio resultado y refleja el \u00e9xito del trabajo colectivo. Estos obreros industriales fueron clave para el \u00e9xito de la participaci\u00f3n. Decenas de comunistas se movilizaron desde varias zonas del pa\u00eds, superando obst\u00e1culos como los retenes policiales impuestos por el gobierno fascista de Bukele. Pero con la experiencia de los camaradas, siempre fue posible llegar a nuestro destino.<\/p>\n<p style=\"text-align: justify;\">Con d\u00edas de anticipaci\u00f3n todo lo necesario para la marcha estaba listo, mantas, carteles, banderas, camisetas y nuestro peri\u00f3dico Bandera Roja.<\/p>\n<p style=\"text-align: justify;\">Muy temprano este primero de mayo, los camaradas empezaron a llegar a donde se iniciar\u00eda la marcha. Poco a poco se fueron sumando los camaradas del PCOI que se movilizaron de varias zonas del pa\u00eds. Algunos de ellos madrugaron y otros desde el d\u00eda anterior hab\u00edan comenzado el viaje desde las monta\u00f1as de este pa\u00eds para estar a tiempo, marchar y ondear las banderas del comunismo.<\/p>\n<p>\u201c\u00bfUstedes son todos del FMLN?\u201d, pregunt\u00f3 un trabajador.<\/p>\n<p style=\"text-align: justify;\">\u201cNo, somos el Partido Comunista Obrero Internacional, y luchamos directamente por el comunismo\u201d, respondi\u00f3 una compa\u00f1era mientras le entregaba Bandera Roja.<\/p>\n<p style=\"text-align: justify;\">\u201cEso es lo nuestro\u201d, afirm\u00f3 el trabajador, que result\u00f3 ser un ex combatiente del FMLN. \u201c\u00bfPuedo llevar una bandera?\u201d Se uni\u00f3 a nuestro grupo durante toda la marcha. Acordamos volver a vernos pronto.<\/p>\n<p style=\"text-align: justify;\">El esp\u00edritu revolucionario estuvo presente de principio a fin, para nuestra tarea de movilizar a las masas y luchar por el comunismo.<\/p>\n<p style=\"text-align: justify;\">Incluso bajo los ataques del \u201cr\u00e9gimen de excepci\u00f3n\u201d fascista, que siempre trata de intimidar a los trabajadores, cumplimos con nuestro deber. Las condiciones de desigualdad, presentes hoy en d\u00eda, se manifiestan en la pobreza, el desempleo, la represi\u00f3n, el alto costo de la vida, los despidos y las comunidades asediadas por las fuerzas represivas. Estas son algunas de las cosas que hacen que los trabajadores no est\u00e9n dispuestos a quedarse de brazos cruzados. Y han asumido la \u00fanica opci\u00f3n del PCOI: luchar por el sistema comunista que pondr\u00e1 fin a todos los horrores del capitalismo.<\/p>\n<p style=\"text-align: justify;\">Entusiasmados por su participaci\u00f3n en esta hist\u00f3rica marcha del Primero de Mayo, los trabajadores pasaron a cerrar la actividad con pupusas, chocolate, pescado y tortillas, acci\u00f3n que fortalece las relaciones de camarader\u00eda comunista. \u00a1Tenemos un mundo que ganar!<\/p>\n<p style=\"text-align: justify;\"><img loading=\"lazy\" decoding=\"async\" class=\"aligncenter wp-image-11764\" src=\"https:\/\/icwpredflag.org\/wp\/wordpress\/wps\/wp-content\/uploads\/sites\/2\/2024\/05\/newdehl.jpg\" alt=\"\" width=\"761\" height=\"328\" srcset=\"https:\/\/icwpredflag.org\/wp\/wordpress\/wps\/wp-content\/uploads\/sites\/2\/2024\/05\/newdehl.jpg 362w, https:\/\/icwpredflag.org\/wp\/wordpress\/wps\/wp-content\/uploads\/sites\/2\/2024\/05\/newdehl-300x129.jpg 300w\" sizes=\"auto, (max-width: 761px) 100vw, 761px\" \/><br \/>\n<strong>NUEVA DELHI (India), 29 de abril\u2014 M\u00e1s de 100 estudiantes de la Universidad Jawaharlal Nehru se manifestaron para protestar por un discurso del embajador estadounidense Eric Garcetti. Los funcionarios de la universidad tuvieron que cancelarlo. Los estudiantes denunciaron la complicidad de Estados Unidos en el genocidio que el gobierno israel\u00ed est\u00e1 cometiendo en Gaza. M\u00e1s de 40.000 palestinos han muerto y casi todos los vivos se enfrentan al hambre.<\/strong><\/p>\n<h4 id=\"2\" style=\"text-align: center;\"><span style=\"color: #ff0000;\"><strong>Primero de Mayo India: Luchando por las Ideas Comunistas con Obreros Industriales en Lucha<\/strong><\/span><\/h4>\n<p style=\"text-align: justify;\">BENGALURU (India), 1 de mayo\u2014 La principal autopista aqu\u00ed se ti\u00f1\u00f3 de rojo s\u00f3lido cuando miles de obreros comenzaron su marcha el Primero de Mayo. A los obrerxs de la confecci\u00f3n, del Sindicato de Trabajadores de la Electr\u00f3nica, del Sindicato de Empleados del Estado, del Sindicato Aeron\u00e1utico y del Sindicato de Maquinaria Pesada, se sumaron los trabajadores de Google y Microsoft. Hace dos semanas, miles de obrerxs de la confecci\u00f3n organizaron una huelga violenta para protestar contra las largas jornadas y los salarios de hambre. En todas estas actividades estuvieron presentes miembros del Partido Comunista Obrero Internacional (PCOI).<\/p>\n<p style=\"text-align: justify;\">Llegamos en autobuses que transportaban trabajadores. En un autob\u00fas, una compa\u00f1era pudo organizar a todos sus vecinos. Ella lleva m\u00e1s de dos a\u00f1os distribuyendo Bandera Roja en esta zona. En el autob\u00fas, los camaradas dieron discursos llamando a organizar para el comunismo y no para reformas que nunca podr\u00e1n satisfacer las necesidades obreras.<\/p>\n<p style=\"text-align: justify;\">Todos en el autob\u00fas hab\u00edan visto nuestra edici\u00f3n especial sobre el genocidio de Gaza. Un trabajador dijo, refiri\u00e9ndose a nuestro camarada Hamza: \u201cLo que est\u00e1 sucediendo en Gaza muestra que a\u00fan bajo condiciones m\u00e1s brutales, la clase obrera puede organizar al PCOI. Podemos hacerlo aqu\u00ed tambi\u00e9n. Tenemos que convencer a la clase trabajadora de que las reformas conducir\u00e1n a m\u00e1s brutalidad. Necesitamos destruir el sistema de explotaci\u00f3n\u201d.<\/p>\n<p style=\"text-align: justify;\">En otros autobuses, los miembros del PCOI se encontraron con obreros influenciados por sus sindicatos. \u201cHe trabajado en la industria de la confecci\u00f3n durante 16 a\u00f1os\u201d, dijo Salma. \u201cEmpec\u00e9 mi trabajo como ayudante precosiendo y sorteando. Mi salario es de Rs. 8000 ($95) despu\u00e9s de trabajar 6 d\u00edas a la semana durante 12 horas. Este Primero de Mayo exigimos al menos 11.000 rupias\u201d. Dijo que con su salario no pod\u00eda rentar ni un cuarto.<\/p>\n<p style=\"text-align: justify;\">Un miembro del PCOI hizo un llamado apasionado a ella y a otros de estamos enfrentando ataques similares de los capitalistas. \u201cDesde El Salvador hasta Sud\u00e1frica, desde Estados Unidos hasta Gaza, los trabajadores como ustedes nunca pueden ponerse al d\u00eda con la inflaci\u00f3n y el desempleo. Pero si estamos unidos, podemos crear una sociedad comunista donde no haya capitalistas\u201d.<\/p>\n<p style=\"text-align: justify;\">Luchamos con Salma y muchos otros. Ella no hab\u00eda le\u00eddo Bandera Roja. Pero este Primero de Mayo nos permiti\u00f3 estar con muchos obrerxs como ella. Pasamos ocho horas con Salma. La empezamos a conocer mejor. Conoce a cientos de mujeres por su trabajo en la f\u00e1brica de ropa. Llev\u00f3 copias adicionales de Bandera Roja y aseguramos volver a reunirnos con ella.<\/p>\n<p style=\"text-align: justify;\">Este Primero de Mayo fue muy diferente para nosotros. Pudimos movilizar a nuestros camaradas en diferentes \u00e1reas de la clase obrera industrial. Algunos de nuestros camaradas estaban en la unidad de ingenieros y torneros. Otros estaban con el sindicato de enfermeras. Recibimos respuestas muy entusiastas de los trabajadores recientemente despedidos de Microsoft, TCS y Google.<\/p>\n<p style=\"text-align: justify;\">Este Primero de Mayo en Bengaluru fue un gran \u00e9xito para nosotros. Distribuimos cientos de Bandera Roja. Hicimos compromisos muy s\u00f3lidos con obreros que buscan continuar nuestra lucha.<\/p>\n<h4 id=\"3\" style=\"text-align: center;\"><span style=\"color: #ff0000;\"><strong>Primero De Mayo en la India: Organizando a los Obreros Industriales para Ponerle Fin a la Esclavitud Asalariada<\/strong><\/span><\/h4>\n<p style=\"text-align: justify;\">CHENNAI (India), 2 de mayo\u2014 Miembros del Partido Comunista Obrero Internacional participaron aqu\u00ed en el 101\u00ba aniversario del Primero de Mayo. Organizamos a unas dos docenas de trabajadores automotrices para que asistieran a una manifestaci\u00f3n de m\u00e1s de 50,000 trabajadores. Este evento fue organizado por los partidos pol\u00edticos opuestos a los fascistas del BJP. Quieren convertir a Chennai en un gigantesco centro industrial para desafiar a China. El gobierno estatal ha otorgado enormes subsidios a Apple para fabricar iPhones aqu\u00ed.<\/p>\n<p style=\"text-align: justify;\">Los miembros del PCOI unieron fuerzas con los obreros de ensamblaje de Apple. Estos obreros ganan 16.000 rupias al mes (195 d\u00f3lares). \u00a0Nuestro folleto del Primero de Mayo explicaba c\u00f3mo la competencia en la industria automotriz y el iPhone est\u00e1 creando una crisis entre los trabajadores de todo el mundo. Los capitalistas indios y chinos est\u00e1n inundando la industria automotriz con veh\u00edculos el\u00e9ctricos. Tesla se une a esta competencia. Todos estos capitalistas est\u00e1n tratando de reducir los salarios de los trabajadores. S\u00f3lo el comunismo puede poner fin a esta esclavitud asalariada.<\/p>\n<p style=\"text-align: justify;\">Los nuevos amigos de la f\u00e1brica de Apple que conocimos recientemente de nuestro esfuerzo por organizar el Primero de Mayo est\u00e1n tomando copias adicionales de Bandera Roja.\u00a0Tambi\u00e9n somos amigos de un obrero de la costura en Colombo que organiz\u00f3 a algunos trabajadores all\u00ed con copias de Bandera Roja.<\/p>\n<p style=\"text-align: justify;\"><strong>Delhi: Podemos Derrotar a Los Gobernantes Fascistas Apoy\u00e1ndonos En Nuestra Base Entre Las Masas<\/strong><\/p>\n<p style=\"text-align: justify;\">En Delhi y sus alrededores, participamos en seis eventos diferentes del Primero de Mayo en condiciones muy fascistas. \u00a0Miles de fuerzas militares y policiales, junto con matones abiertamente fascistas del BJP, se han infiltrado entre las masas. Sin embargo, hemos estado organizando aqu\u00ed durante muchos a\u00f1os con ra\u00edces profundas. Distribuimos muchos cientos de copias de Bandera Roja confiando en las masas que conocemos en nuestro trabajo.<\/p>\n<p style=\"text-align: justify;\">Nuestro Primero de Mayo ha demostrado que el gobierno y su maquinaria fascista son violentos y despiadados, pero al mismo tiempo son vulnerables. Las masas en todas partes est\u00e1n mostrando signos de cambio.\u00a0Somos aceptados por las masas porque mostramos la necesidad de construir el comunismo.\u00a0Muchos nuevos obreros industriales y estudiantes est\u00e1n listos para unirse a nosotros.\u00a0 Continuaremos esta lucha para construir nuevos colectivos.<\/p>\n<h4><a href=\"https:\/\/icwpredflag.org\/wp\/wordpress\/wps\/volumen-15-numero-6\/\">Primera p\u00e1gina de esta edici\u00f3n<\/a><\/h4>\n","protected":false},"excerpt":{"rendered":"<p>Los Obreros Industriales Son Clave Para el \u00c9xito de las Marchas del Primero De Mayo aqu\u00ed \u2666 Primero de Mayo Bengaluru, India: Luchando por las Ideas Comunistas con Obreros Industriales en Lucha aqu\u00ed \u2666 Primero de Mayo en Chennai, India: Organizando a los Obreros Industriales para Ponerle Fin a la Esclavitud Asalariada aqu\u00ed \u2666 \u200b &hellip; <a href=\"https:\/\/icwpredflag.org\/wp\/wordpress\/wps\/volumen-15-numero-6\/obreros-industriales-claves-para-la-marcha-comunista-del-primero-de-mayo\/\" class=\"more-link\">Sigue leyendo <span class=\"screen-reader-text\">Obreros Industriales: Claves Para La Marcha Comunista del Primero de Mayo en El Salvador y la India<\/span><\/a><\/p>\n","protected":false},"author":6,"featured_media":5655,"parent":11773,"menu_order":0,"comment_status":"closed","ping_status":"closed","template":"","meta":{"footnotes":""},"class_list":["post-11785","page","type-page","status-publish","has-post-thumbnail","hentry"],"_links":{"self":[{"href":"https:\/\/icwpredflag.org\/wp\/wordpress\/wps\/wp-json\/wp\/v2\/pages\/11785","targetHints":{"allow":["GET"]}}],"collection":[{"href":"https:\/\/icwpredflag.org\/wp\/wordpress\/wps\/wp-json\/wp\/v2\/pages"}],"about":[{"href":"https:\/\/icwpredflag.org\/wp\/wordpress\/wps\/wp-json\/wp\/v2\/types\/page"}],"author":[{"embeddable":true,"href":"https:\/\/icwpredflag.org\/wp\/wordpress\/wps\/wp-json\/wp\/v2\/users\/6"}],"replies":[{"embeddable":true,"href":"https:\/\/icwpredflag.org\/wp\/wordpress\/wps\/wp-json\/wp\/v2\/comments?post=11785"}],"version-history":[{"count":5,"href":"https:\/\/icwpredflag.org\/wp\/wordpress\/wps\/wp-json\/wp\/v2\/pages\/11785\/revisions"}],"predecessor-version":[{"id":11811,"href":"https:\/\/icwpredflag.org\/wp\/wordpress\/wps\/wp-json\/wp\/v2\/pages\/11785\/revisions\/11811"}],"up":[{"embeddable":true,"href":"https:\/\/icwpredflag.org\/wp\/wordpress\/wps\/wp-json\/wp\/v2\/pages\/11773"}],"wp:featuredmedia":[{"embeddable":true,"href":"https:\/\/icwpredflag.org\/wp\/wordpress\/wps\/wp-json\/wp\/v2\/media\/5655"}],"wp:attachment":[{"href":"https:\/\/icwpredflag.org\/wp\/wordpress\/wps\/wp-json\/wp\/v2\/media?parent=11785"}],"curies":[{"name":"wp","href":"https:\/\/api.w.org\/{rel}","templated":true}]}}