{"id":11915,"date":"2024-06-24T20:03:03","date_gmt":"2024-06-24T20:03:03","guid":{"rendered":"https:\/\/icwpredflag.org\/wp\/wordpress\/wps\/?page_id=11915"},"modified":"2024-06-24T20:03:40","modified_gmt":"2024-06-24T20:03:40","slug":"colectivos-comunistas-crecen-en-fabricas-y-barrios-obreros","status":"publish","type":"page","link":"https:\/\/icwpredflag.org\/wp\/wordpress\/wps\/volumen-15-numero-8\/colectivos-comunistas-crecen-en-fabricas-y-barrios-obreros\/","title":{"rendered":"Colectivos Comunistas Crecen En F\u00e1bricas Y Barrios Obreros"},"content":{"rendered":"<p style=\"text-align: center\"><strong>Sud\u00e1frica: Estableciendo Nuevos Colectivos del PCOI\u00a0<a class=\"icwp-emph\" href=\"#1\">aqu\u00ed \u2666<\/a> El Salvador: Obreros de Las F\u00e1bricas Se Movilizan Por El Comunismo <a class=\"icwp-emph\" href=\"#2\">aqu\u00ed \u2666<\/a> Saludos Revolucionarios\u00a0<a class=\"icwp-emph\" href=\"#3\">aqu\u00ed \u2666<\/a><\/strong><\/p>\n<p><img loading=\"lazy\" decoding=\"async\" class=\"aligncenter wp-image-11899\" src=\"http:\/\/icwpredflag.org\/wp\/wordpress\/wps\/wp-content\/uploads\/sites\/2\/2024\/06\/esgaz4.jpg\" alt=\"\" width=\"771\" height=\"326\" srcset=\"https:\/\/icwpredflag.org\/wp\/wordpress\/wps\/wp-content\/uploads\/sites\/2\/2024\/06\/esgaz4.jpg 539w, https:\/\/icwpredflag.org\/wp\/wordpress\/wps\/wp-content\/uploads\/sites\/2\/2024\/06\/esgaz4-300x127.jpg 300w\" sizes=\"auto, (max-width: 771px) 100vw, 771px\" \/><\/p>\n<h4 id=\"1\" style=\"text-align: center\"><span style=\"color: #ff0000\"><strong>Sud\u00e1frica: Estableciendo Nuevos Colectivos del PCOI<\/strong><\/span><\/h4>\n<p style=\"text-align: justify\">GQBERHA (Sud\u00e1frica), 28 de mayo\u2014 Tuvimos una reuni\u00f3n muy exitosa el s\u00e1bado pasado. Se necesit\u00f3 mucha preparaci\u00f3n previa. A medida que movilizamos a las masas, tambi\u00e9n necesitamos establecer una base s\u00f3lida.<\/p>\n<p style=\"text-align: justify\">Hemos tenido un colectivo estable y consistente en un barrio. Ahora estamos luchando por restablecer colectivos en otros dos. El exitoso encuentro del s\u00e1bado fue para dar inicio al colectivo en un segundo barrio. Tambi\u00e9n nos estamos moviendo a un tercer barrio.<\/p>\n<p style=\"text-align: justify\">El viernes antes de la reuni\u00f3n, recorrimos el barrio visitando a diferentes personas. Algunos eran amigos del partido. Algunos han le\u00eddo Bandera Roja antes. Algunos vinieron, otros no. Nos anim\u00f3 tanto la gente que vino como la respuesta de los que no pudieron pero que prometieron venir para futuras reuniones.<\/p>\n<p style=\"text-align: justify\">Esta es la culminaci\u00f3n de las discusiones sobre la necesidad de restablecer m\u00e1s colectivos. Esto requiere que vayamos de puerta en puerta, repartamos Bandera Roja e invitemos a la gente a venir. La asistencia del s\u00e1bado demuestra que lo que hacemos realmente importa.<\/p>\n<p style=\"text-align: justify\">Nuestra estrategia es construir bases s\u00f3lidas que dirijan el trabajo del partido de movilizar a la base industrial para el comunismo, incluidos los soldados. Hemos logrado avances significativos.<\/p>\n<p style=\"text-align: justify\">Esta semana estamos planeando hacer lo mismo en otro barrio donde otra camarada va a formar un colectivo. No puede hacerlo sola. El colectivo la ayudar\u00e1. El crecimiento del partido depende de lo que hagamos.<\/p>\n<p style=\"text-align: justify\">A veces, cuando la gente ve una reuni\u00f3n con 15 o 20 personas, no sabe la cantidad de trabajo que han hecho los camaradas del colectivo para que eso suceda. O la cantidad de lucha para mantener y expandir ese n\u00famero.<\/p>\n<p style=\"text-align: justify\">Cuando construyes una casa, no puedes empezar por el techo. Hay que empezar por establecer una base s\u00f3lida para que pueda soportar el peso de las paredes y del techo. Si los cimientos no son s\u00f3lidos, la casa se derrumbar\u00e1.<\/p>\n<p style=\"text-align: justify\">Esto significa que tenemos que librar una lucha ideol\u00f3gica con los camaradas. Tambi\u00e9n tenemos que entender las contradicciones internas de cada camarada. As\u00ed es como podemos luchar mejor con los diferentes camaradas. Es muy importante establecer la unidad con los camaradas para que podamos luchar entre nosotros. Al mismo tiempo, la lucha tiene que ser primaria, la unidad secundaria.<\/p>\n<p>Hemos hecho un trabajo realmente prometedor. Por supuesto, hay mucho por hacer, pero, como colectivo, podemos lograrlo.<\/p>\n<p>En la reuni\u00f3n del s\u00e1bado pasado, los camaradas vinieron de diferentes or\u00edgenes, incluidos algunos que han trabajado durante a\u00f1os y conocen la naturaleza explotadora del capitalismo.<\/p>\n<p style=\"text-align: justify\">La mayor parte de la discusi\u00f3n fue sobre c\u00f3mo ser\u00eda la vida en el comunismo. \u00bfC\u00f3mo conducir\u00eda el PCOI a una sociedad sin dinero en efectivo, sin fronteras y sin explotaci\u00f3n? Los camaradas dieron diferentes ejemplos. Tambi\u00e9n era importante para nosotros no prescribir en exceso, especialmente a los nuevos camaradas, lo que hay que hacer. Era mejor escuchar lo que ellos creen que es mejor. Entonces esa ser\u00eda la base principal para la discusi\u00f3n y la lucha.<\/p>\n<p style=\"text-align: justify\">Alguien mencion\u00f3 el sistema de trueque. Por supuesto que puede sonar interesante, pero si no tengo nada que intercambiar, \u00bfqu\u00e9 voy a comer? O si decidiera acumular, \u00bfqu\u00e9 le har\u00eda eso al colectivo?<\/p>\n<p style=\"text-align: justify\">Explicamos c\u00f3mo el comunismo distribuir\u00e1 los recursos de acuerdo con las necesidades, y c\u00f3mo las personas contribuir\u00e1n al comunismo en funci\u00f3n de su capacidad y compromiso.<\/p>\n<p style=\"text-align: justify\">Tocamos el tema del sistema de salud en el capitalismo. La mayor\u00eda de las cosas que consumimos nos enferman, pero los patrones nos las venden porque son rentables. Luego, los patrones se benefician de que estemos enfermos a trav\u00e9s del seguro m\u00e9dico, las facturas del hospital y las medicinas. Incluso cuando morimos, ellos se benefician de los funerales.<\/p>\n<p style=\"text-align: justify\">En el comunismo, no nos centraremos principalmente en tener hospitales de \u00faltima generaci\u00f3n. S\u00ed, los haremos. Pero el \u00e9nfasis estar\u00e1 en una vida saludable, asegur\u00e1ndose de que las personas tengan alimentos de calidad para comer que no los enfermen como ahora.<\/p>\n<p style=\"text-align: justify\">Fueron bastante receptivos a nuestras ideas. Fue una buena discusi\u00f3n. A medida que celebremos m\u00e1s reuniones, tendremos m\u00e1s discusiones buenas. Fue un buen primer paso para tratar de establecer un colectivo estable en este barrio.<\/p>\n<p style=\"text-align: justify\">Ahora nos centraremos en otro barrio. Eso nos presentar\u00e1 otros desaf\u00edos en el futuro que resolveremos.<\/p>\n<h4 id=\"2\" style=\"text-align: center\"><span style=\"color: #ff0000\"><strong>Primero De Mayo y M\u00e1s All\u00e1: Obreros De Las F\u00e1bricas Se Movilizan Por El Comunismo<\/strong><\/span><\/h4>\n<p style=\"text-align: justify\">EL SALVADOR, 16 de junio\u2014 \u201cMe siento muy contenta de haber participado por primera vez en la marcha del Primero de Mayo con el PCOI, junto con mi hijo peque\u00f1o que me ayud\u00f3 a repartir Bandera Roja\u201d, dijo una joven obrera. \u201cMi compa\u00f1ero no pudo asistir por motivos de trabajo. \u00c9l tambi\u00e9n es parte del PCOI. Fue una experiencia muy gratificante porque muchos j\u00f3venes se acercaron a nosotros para pedir m\u00e1s peri\u00f3dicos\u201d.<\/p>\n<p style=\"text-align: justify\">\u201cEsta actividad tambi\u00e9n sirve para que nuestros hijos aprendan por qu\u00e9 luchamos, ya que ellos tambi\u00e9n est\u00e1n esclavizados. Se les deja solos mientras nosotros trabajamos por un salario miserable, en este sistema de explotaci\u00f3n\u201d, continu\u00f3.<\/p>\n<p style=\"text-align: justify\">La marcha del Primero de Mayo motiv\u00f3 a los obreros a seguir siendo parte del Partido Comunista Obrero Internacional. \u201cTenemos que dar un paso adelante en la lucha comunista\u201d, dijo otro obrero.<\/p>\n<p style=\"text-align: justify\">Las ideas comunistas se est\u00e1n difundiendo entre muchos trabajadores de la f\u00e1brica y animando a otros obreros que marcharon por primera vez a ser parte de esta lucha por el comunismo.<\/p>\n<p style=\"text-align: justify\">Esta movilizaci\u00f3n es parte del trabajo pol\u00edtico que hacemos, distribuyendo nuestro peri\u00f3dico Bandera Roja a miles de trabajadores y siendo bien recibido por ellos. Muchos ped\u00edan m\u00e1s peri\u00f3dicos para compartir con familiares y amigos.<\/p>\n<p style=\"text-align: justify\">Tenemos un objetivo claro al participar en estas actividades de masas, y es masificar las ideas comunistas y el reclutamiento de trabajadores industriales que son clave para la revoluci\u00f3n comunista del PCOI.<\/p>\n<p style=\"text-align: justify\">Fue muy significativa la participaci\u00f3n de trabajadores municipales, campesinos, estudiantes y trabajadores de la salud de diferentes zonas del pa\u00eds. Nuestro contingente llevaba una colorida pancarta principal: \u201cDE GAZA A EL SALVADOR, LUCHEMOS POR UNA SOCIEDAD COMUNISTA\u201d. Nuestras banderas rojas y carteles denunciando el genocidio en Gaza marcaron la diferencia en la marcha de miles de trabajadores por las principales calles de la capital.<\/p>\n<p style=\"text-align: justify\">Los camaradas que vienen de otras zonas del pa\u00eds enfrentaron el cerco militar fascista que intent\u00f3 frenar la participaci\u00f3n de los trabajadores en esta manifestaci\u00f3n obrera. Pero con su experiencia estos compa\u00f1eros lograron llegar al punto de encuentro.<\/p>\n<p style=\"text-align: justify\">Al finalizar esta acci\u00f3n colectiva, realizada con gran entusiasmo y compromiso, tuvimos un encuentro con todos los asistentes a la marcha para fortalecer nuestras relaciones comunistas. La movilizaci\u00f3n de los camaradas de f\u00e1brica hacia esta actividad siempre tiene un impacto en el resto de los obreros. Demuestra el compromiso con la lucha comunista de los miembros del PCOI con la clase trabajadora.<\/p>\n<p style=\"text-align: justify\">Tenemos pr\u00f3ximas reuniones con los contactos que hicimos. Tambi\u00e9n hemos integrado un nuevo colectivo en otra zona y estamos planificando escuelas pol\u00edticas con trabajadores j\u00f3venes. Ellos son quienes continuar\u00e1n el trabajo pol\u00edtico organizativo del PCOI.<\/p>\n<p style=\"text-align: justify\">La participaci\u00f3n del PCOI en el reclutamiento de soldados es a\u00fan un paso pendiente. Un camarada de otro pa\u00eds nos se\u00f1al\u00f3: \u201cLos soldados son hijos e hijas de trabajadores. Viven en las mismas comunidades que los trabajadores de la maquila. Debemos tenderles la mano a ellos\u201d.<\/p>\n<p style=\"text-align: justify\">\u201cLas escuelas de estudio comunista del Partido est\u00e1n avanzando entre los camaradas trabajadores. Cada semana nos reunimos fuera de la f\u00e1brica y consolidamos estas c\u00e9lulas de estudio\u201d, dijo un l\u00edder obrero.<\/p>\n<h4 id=\"3\" style=\"text-align: center\"><span style=\"color: #ff0000\"><strong>Saludos Revolucionarios Desde El Salvador<\/strong><\/span><\/h4>\n<p style=\"text-align: justify\">En primer lugar, soy miembra del Partido Comunista Obrero Internacional. Soy trabajadora de la salud. Nunca he sido simpatizante de los partidos de derecha. Desde que tengo uso de raz\u00f3n, he tenido ideas de izquierda, ahora espec\u00edficamente para el comunismo.<\/p>\n<p style=\"text-align: justify\">He le\u00eddo Bandera Roja durante mucho tiempo, y ahora me re\u00fano con el colectivo de la ciudad donde vivo. Aunque somos pocos en este momento, vamos a trabajar para que m\u00e1s miembros luchen por el comunismo.<\/p>\n<p style=\"text-align: justify\">Tambi\u00e9n quiero decirles que he estado participando en la marcha del Primero de Mayo con PCOI durante varios a\u00f1os. Este a\u00f1o fue muy impresionante c\u00f3mo pudimos captar la atenci\u00f3n de la gente que miraba desde las aceras. Tambi\u00e9n lo fue la simpat\u00eda de los miembros de los diferentes sindicatos participantes hacia nuestro contingente del PCOI.<\/p>\n<p style=\"text-align: justify\">La respuesta de las personas que recibieron el peri\u00f3dico Bandera Roja tambi\u00e9n fue muy gratificante. Varios no esperaron que se lo ofreci\u00e9ramos. En cambio, se acercaron a nosotros y nos pidieron: \u201cPor favor, dame uno\u201d. Se alegraron de recibirlo.<\/p>\n<p style=\"text-align: justify\">Fuimos muy bien observados de una manera positiva que provoc\u00f3 mucha satisfacci\u00f3n y entusiasmo para seguir adelante. Sin embargo, ten\u00edamos algunas debilidades, como la falta de sonido para hacer que las consignas se escucharan un poco m\u00e1s. Creo que para el a\u00f1o que viene podr\u00edamos tener un sistema de sonido m\u00f3vil, y m\u00e1s carteles con los diferentes mensajes a la poblaci\u00f3n sobre la lucha comunista. Tal vez podr\u00edamos involucrar a otrxs camaradas y delegar el trabajo a otrxs miembrxs para continuar y ampliar el \u00e9xito de este Primero de Mayo de 2024.<\/p>\n<p style=\"text-align: justify\">Un abrazo de camarader\u00eda y adelante para que avancemos en la lucha hacia la victoria del comunismo.<\/p>\n<p>\u2014Camarada Trabajadora de la Salud en El Salvador<\/p>\n<h4><a href=\"https:\/\/icwpredflag.org\/wp\/wordpress\/wps\/volumen-15-numero-8\/\">Primera p\u00e1gina de esta edici\u00f3n<\/a><\/h4>\n","protected":false},"excerpt":{"rendered":"<p>Sud\u00e1frica: Estableciendo Nuevos Colectivos del PCOI\u00a0aqu\u00ed \u2666 El Salvador: Obreros de Las F\u00e1bricas Se Movilizan Por El Comunismo aqu\u00ed \u2666 Saludos Revolucionarios\u00a0aqu\u00ed \u2666 Sud\u00e1frica: Estableciendo Nuevos Colectivos del PCOI GQBERHA (Sud\u00e1frica), 28 de mayo\u2014 Tuvimos una reuni\u00f3n muy exitosa el s\u00e1bado pasado. Se necesit\u00f3 mucha preparaci\u00f3n previa. A medida que movilizamos a las masas, tambi\u00e9n &hellip; <a href=\"https:\/\/icwpredflag.org\/wp\/wordpress\/wps\/volumen-15-numero-8\/colectivos-comunistas-crecen-en-fabricas-y-barrios-obreros\/\" class=\"more-link\">Sigue leyendo <span class=\"screen-reader-text\">Colectivos Comunistas Crecen En F\u00e1bricas Y Barrios Obreros<\/span><\/a><\/p>\n","protected":false},"author":6,"featured_media":5655,"parent":11895,"menu_order":0,"comment_status":"closed","ping_status":"closed","template":"","meta":{"footnotes":""},"class_list":["post-11915","page","type-page","status-publish","has-post-thumbnail","hentry"],"_links":{"self":[{"href":"https:\/\/icwpredflag.org\/wp\/wordpress\/wps\/wp-json\/wp\/v2\/pages\/11915","targetHints":{"allow":["GET"]}}],"collection":[{"href":"https:\/\/icwpredflag.org\/wp\/wordpress\/wps\/wp-json\/wp\/v2\/pages"}],"about":[{"href":"https:\/\/icwpredflag.org\/wp\/wordpress\/wps\/wp-json\/wp\/v2\/types\/page"}],"author":[{"embeddable":true,"href":"https:\/\/icwpredflag.org\/wp\/wordpress\/wps\/wp-json\/wp\/v2\/users\/6"}],"replies":[{"embeddable":true,"href":"https:\/\/icwpredflag.org\/wp\/wordpress\/wps\/wp-json\/wp\/v2\/comments?post=11915"}],"version-history":[{"count":2,"href":"https:\/\/icwpredflag.org\/wp\/wordpress\/wps\/wp-json\/wp\/v2\/pages\/11915\/revisions"}],"predecessor-version":[{"id":11917,"href":"https:\/\/icwpredflag.org\/wp\/wordpress\/wps\/wp-json\/wp\/v2\/pages\/11915\/revisions\/11917"}],"up":[{"embeddable":true,"href":"https:\/\/icwpredflag.org\/wp\/wordpress\/wps\/wp-json\/wp\/v2\/pages\/11895"}],"wp:featuredmedia":[{"embeddable":true,"href":"https:\/\/icwpredflag.org\/wp\/wordpress\/wps\/wp-json\/wp\/v2\/media\/5655"}],"wp:attachment":[{"href":"https:\/\/icwpredflag.org\/wp\/wordpress\/wps\/wp-json\/wp\/v2\/media?parent=11915"}],"curies":[{"name":"wp","href":"https:\/\/api.w.org\/{rel}","templated":true}]}}