{"id":11925,"date":"2024-06-24T20:23:08","date_gmt":"2024-06-24T20:23:08","guid":{"rendered":"https:\/\/icwpredflag.org\/wp\/wordpress\/wps\/?page_id=11925"},"modified":"2024-06-24T20:24:22","modified_gmt":"2024-06-24T20:24:22","slug":"el-salvador-mexico-estudiantes-y-docentes-necesitan-luchar-por-el-comunismo","status":"publish","type":"page","link":"https:\/\/icwpredflag.org\/wp\/wordpress\/wps\/volumen-15-numero-8\/el-salvador-mexico-estudiantes-y-docentes-necesitan-luchar-por-el-comunismo\/","title":{"rendered":"El Salvador, M\u00e9xico: Estudiantes y Docentes Necesitan Luchar Por El Comunismo"},"content":{"rendered":"<p style=\"text-align: center\"><strong>El \u201cR\u00e9gimen De Excepci\u00f3n\u201d Fascista Reprime a Los Estudiantes De Clase Trabajadora <a class=\"icwp-emph\" href=\"#1\">aqu\u00ed \u2666<\/a>\u00a0El Sindicalismo Es Un Callej\u00f3n Sin Salida: Los Trabajadores De La Educaci\u00f3n Necesitan Luchar Por El Comunismo\u00a0<a class=\"icwp-emph\" href=\"#2\">aqu\u00ed \u2666<\/a><\/strong><\/p>\n<p><img loading=\"lazy\" decoding=\"async\" class=\"aligncenter wp-image-11900\" src=\"http:\/\/icwpredflag.org\/wp\/wordpress\/wps\/wp-content\/uploads\/sites\/2\/2024\/06\/esmd5.jpg\" alt=\"\" width=\"541\" height=\"626\" \/><\/p>\n<h4 id=\"1\" style=\"text-align: center\"><span style=\"color: #ff0000\"><strong>El \u201cR\u00e9gimen De Excepci\u00f3n\u201d Fascista Reprime A Los Estudiantes De La Clase Trabajadora<\/strong><\/span><\/h4>\n<p style=\"text-align: justify\">EL SALVADOR, 16 de junio\u2014 \u201cYa no quiero ir a la escuela\u201d, dijo un joven estudiante de secundaria a su familia, quienes est\u00e1n organizados en el PCOI. \u201cEstoy muy enojado porque no s\u00e9 lo que quieren .Me proh\u00edben todo. No estoy aprendiendo como me gustar\u00eda. Me siento acosado. La polic\u00eda viene todas las semanas y nos dice que no nos vistamos de cierta manera, porque si lo hacemos, estamos enviando un mensaje de que estamos relacionados. las pandillas.\u201d<\/p>\n<p style=\"text-align: justify\">Su abuela pregunt\u00f3: \u201cSi no te sientes c\u00f3modo con la educaci\u00f3n del sistema capitalista, \u00bfc\u00f3mo te gustar\u00eda que fuera la educaci\u00f3n comunista?\u201d.<\/p>\n<p style=\"text-align: justify\">\u201cDiferente, con distintos horarios, con otra forma de aprender\u201d, respondi\u00f3 el joven.<\/p>\n<p style=\"text-align: justify\">\u201cBueno, para lograrlo debemos luchar por el comunismo. Es la \u00fanica opci\u00f3n. Para tener una idea m\u00e1s clara, leamos el folleto Educaci\u00f3n comunista para una sociedad sin clases\u201d, sugiri\u00f3 la abuela.<\/p>\n<p style=\"text-align: justify\">El gobierno de Bukele impuso el \u201cr\u00e9gimen de excepci\u00f3n\u201d fascista en marzo de 2023, supuestamente para abordar el tema de las pandillas. Pero lo que realmente pretende no es m\u00e1s que tener un esquema de control represivo por parte de un Estado autoritario para mantenerse en el poder. Silenciar e intimidar a la clase trabajadora, con la presencia del ej\u00e9rcito en las calles y en las comunidades.<\/p>\n<p style=\"text-align: justify\">Esto tambi\u00e9n permite la presencia de la polic\u00eda en las escuelas. Esto ahora es parte de la vida diaria de estudiantes y profesores. Es una situaci\u00f3n que no deber\u00eda normalizarse. Como comunistas debemos luchar para movilizar a las masas para la educaci\u00f3n comunista. Luchamos por una sociedad sin clases, por el comunismo.<\/p>\n<p style=\"text-align: justify\">El gobierno utiliza los medios de comunicaci\u00f3n y todas las redes sociales posibles para amenazar con encarcelar a los j\u00f3venes y procesarlos como adultos, lo que significa veinte a\u00f1os de prisi\u00f3n.<\/p>\n<p style=\"text-align: justify\">Una vez m\u00e1s, vivimos en un pa\u00eds militarizado que ya ha utilizado esta herramienta del r\u00e9gimen de excepci\u00f3n antes. El gobierno lo aprueba cada vez con un discurso amenazador, diciendo que los errores y las cr\u00edticas se pagan caros. \u201cOs vamos a aplicar el r\u00e9gimen\u201d se ha convertido en la verdadera amenaza para cualquiera que se atreva a pensar.<\/p>\n<p style=\"text-align: justify\">Los estudiantes y toda la clase trabajadora viven bajo formas represivas ya conocidas en las d\u00e9cadas de los 70 y 80 durante el conflicto armado entre la dictadura militar y el FMLN (Frente Farabundo Mart\u00ed para la Liberaci\u00f3n Nacional).<\/p>\n<p><strong>Educaci\u00f3n Comunista Versus Capitalista<\/strong><\/p>\n<p style=\"text-align: justify\">El sistema educativo en El Salvador se divide en sector p\u00fablico y privado. Entre las escuelas privadas, hay escuelas de \u00e9lite y algunas escuelas religiosas. La polic\u00eda no va a estas escuelas, dividiendo a la poblaci\u00f3n estudiantil seg\u00fan la clase a la que pertenecen.<\/p>\n<p style=\"text-align: justify\">La inseguridad y otros problemas son producto del podrido sistema capitalista. Estos no se combaten con amenazas a los estudiantes. \u00a1Los trabajadores, estudiantes y soldados organizados en el PCOI pueden hacer el cambio que tanto se necesita!<\/p>\n<p style=\"text-align: justify\">Las instituciones educativas capitalistas responden a los intereses de clase capitalistas. La formaci\u00f3n recibida tiene como objetivo preparar a los estudiantes como futuros trabajadores a ser explotados.<\/p>\n<p><strong>Las escuelas capitalistas funcionan para acabar con la creatividad y el pensamiento cr\u00edtico de los ni\u00f1os.<\/strong><\/p>\n<p style=\"text-align: justify\">La educaci\u00f3n comunista no depender\u00e1 de los maestros ni de cinco o m\u00e1s horas diarias de escuela. En cambio, todos podr\u00e1n compartir su experiencia y conocimientos. Aprender\u00e1n en la pr\u00e1ctica en \u00e1reas donde se trabaja y no tendr\u00e1n que esperar largos a\u00f1os para aplicar lo que han aprendido. Para aprender, los estudiantes no necesitan tener a la polic\u00eda delante amenaz\u00e1ndolos. No hay buena educaci\u00f3n bajo el sistema capitalista.<\/p>\n<p style=\"text-align: justify\">Necesitamos una educaci\u00f3n comunista para emancipar la producci\u00f3n del lucro, estudiar para avanzar colectivamente. Todo lo que se logre estar\u00e1 al servicio de la humanidad: es decir, para incorporar el conocimiento a la vida diaria. El estudio no estar\u00e1 separado del trabajo.<\/p>\n<p style=\"text-align: justify\">\u201cLuchemos por una sociedad sin clases y por una educaci\u00f3n comunista\u201d.<\/p>\n<h4 id=\"2\" style=\"text-align: center\"><span style=\"color: #ff0000\"><strong>El Sindicalismo Es Un Callej\u00f3n Sin Salida: Los Trabajadores De La Educaci\u00f3n Necesitan Luchar Por El Comunismo<\/strong><\/span><\/h4>\n<p style=\"text-align: justify\">M\u00c9XICO, 16 de Junio\u2014 El 11 de junio, los trabajadores escolares (maestros, empleados y trabajadores manuales) de varios Estados de la rep\u00fablica agrupados en la Coordinadora Nacional de Trabajadores de la Educaci\u00f3n (CNTE) concluyeron sus protestas iniciadas el 15 de mayo.<\/p>\n<p style=\"text-align: justify\">Un lector de Bandera Roja nos dice: Horas de discusi\u00f3n en la Asamblea estatal de la Secci\u00f3n 22 en Oaxaca terminaron en la decisi\u00f3n de un \u201creceso t\u00e1ctico\u201d que molest\u00f3 a los m\u00e1s combativos.<\/p>\n<p style=\"text-align: justify\">No hay nada extra\u00f1o en que no se cumplan las demandas de los trabajadores. Bajo el sistema capitalista, la clase dominante y sus gobiernos est\u00e1n a cargo. Lo que a\u00fan no es evidente para la mayor\u00eda de los trabajadores es cu\u00e1n limitada es la lucha sindical, incluso cuando tiene lugar fuera de la burocracia oficial, como ocurre con la CNTE. Es m\u00e1s, incluso dentro del propio liderazgo disidente, algunos l\u00edderes no defendieron adecuadamente las demandas, a pesar de la negativa del gobierno a cumplirlas, como acaba de suceder.<\/p>\n<p style=\"text-align: justify\">Los trabajadores deben desarrollar su conciencia de clase y superar el reformismo sindical. Deben organizarse como CLASE y por lo tanto como partido pol\u00edtico, uni\u00e9ndose al PCOI.<\/p>\n<p><strong>Lucha por La Emancipaci\u00f3n Total Del Trabajo del Capital<\/strong><\/p>\n<p style=\"text-align: justify\">Lo importante es que hagan suyo el objetivo del comunismo. El comunismo es una sociedad sin compra ni venta y por tanto sin dinero. Sin el uso y explotaci\u00f3n de la fuerza de trabajo por parte de los capitalistas o sus gobiernos. Sin guerras entre las grandes potencias en las que mueran los trabajadores y sus hijos.<\/p>\n<p style=\"text-align: justify\">En per\u00edodos de lucha, como en el pasado, los profesores y trabajadores escolares que siempre participan obtienen algunas victorias, aunque sean de corta duraci\u00f3n. Pero cada a\u00f1o deben empezar de nuevo porque el gobierno les quita lo que \u201cganaron\u201d.<\/p>\n<p style=\"text-align: justify\">Las derrotas, incluso m\u00e1s que las victorias, deben hacer ver a estos militantes combatientes la insuficiencia de las panaceas en las que han cre\u00eddo, como la lucha por las reformas, la lucha sindical. Deben llegar a ver la necesidad de la emancipaci\u00f3n total del trabajo del capital.<\/p>\n<p style=\"text-align: justify\">Aunque el gobierno anunci\u00f3 que hab\u00eda concedido millones a los docentes, su lista de demandas ni siquiera fue tomada en consideraci\u00f3n. Los inconformes criticaron a la comisi\u00f3n negociadora: \u00ab&#8230;gracias, las respuestas son insuficientes, pero con el dinero&#8230; basta para proponer un receso t\u00e1ctico\u00bb.<\/p>\n<p style=\"text-align: justify\">El gobierno reiter\u00f3 que la mal llamada \u201creforma educativa\u201d ya fue cancelada. Sin embargo, la USICAMM (Unidad del Sistema de Carrera de Maestros y Maestras) mantiene el control sobre la contrataci\u00f3n, promoci\u00f3n y permanencia de trabajadores y docentes.<\/p>\n<p style=\"text-align: justify\">Persistir\u00e1 la reforma a la Ley del ISSSTE (Pensiones) de 2007. El gobierno prometi\u00f3 que las jubilaciones ser\u00e1n del 100% de su \u00faltimo pago \u00abseg\u00fan el promedio del IMSS\u00bb. Pero nunca dijeron a cu\u00e1nto asciende ese promedio. Tambi\u00e9n prometieron que la edad de jubilaci\u00f3n \u00abse reducir\u00e1 gradualmente\u00bb, pero no fue un compromiso.<\/p>\n<p style=\"text-align: justify\">Respondieron a la demanda de un aumento salarial del 100% afirmando que \u201ca los docentes de educaci\u00f3n b\u00e1sica se les ha dado un aumento del 47% durante el sexenio y a los docentes de educaci\u00f3n ind\u00edgena un aumento del 100%\u201d. La realidad es que cada a\u00f1o daban un aumento del 3,5% al 4% al salario base.<\/p>\n<p style=\"text-align: justify\">El desarrollo ideol\u00f3gico de la clase trabajadora no resulta s\u00f3lo de la acci\u00f3n y discusi\u00f3n conjunta sino del trabajo pol\u00edtico de los comunistas. Por lo tanto, los miembros y simpatizantes del PCOI deben asumir la responsabilidad de forjar esta conciencia. \u00a1Ayuda a distribuir Bandera Roja y \u00danetenos!<\/p>\n<p style=\"text-align: center\"><strong>Lee Nuestro Folleto: \u201cLa Educaci\u00f3n Comunista Para Una Sociedad Sin Clases\u201d<\/strong><\/p>\n<p style=\"text-align: center\"><strong>Disponible <a href=\"http:\/\/icwpredflag.org\/eps.pdf\"><span style=\"color: #ff0000\">Aqu\u00ed<\/span><\/a><br \/>\n<\/strong><\/p>\n<h4><a href=\"https:\/\/icwpredflag.org\/wp\/wordpress\/wps\/volumen-15-numero-8\/\">Primera p\u00e1gina de esta edici\u00f3n<\/a><\/h4>\n","protected":false},"excerpt":{"rendered":"<p>El \u201cR\u00e9gimen De Excepci\u00f3n\u201d Fascista Reprime a Los Estudiantes De Clase Trabajadora aqu\u00ed \u2666\u00a0El Sindicalismo Es Un Callej\u00f3n Sin Salida: Los Trabajadores De La Educaci\u00f3n Necesitan Luchar Por El Comunismo\u00a0aqu\u00ed \u2666 El \u201cR\u00e9gimen De Excepci\u00f3n\u201d Fascista Reprime A Los Estudiantes De La Clase Trabajadora EL SALVADOR, 16 de junio\u2014 \u201cYa no quiero ir a la &hellip; <a href=\"https:\/\/icwpredflag.org\/wp\/wordpress\/wps\/volumen-15-numero-8\/el-salvador-mexico-estudiantes-y-docentes-necesitan-luchar-por-el-comunismo\/\" class=\"more-link\">Sigue leyendo <span class=\"screen-reader-text\">El Salvador, M\u00e9xico: Estudiantes y Docentes Necesitan Luchar Por El Comunismo<\/span><\/a><\/p>\n","protected":false},"author":6,"featured_media":5655,"parent":11895,"menu_order":0,"comment_status":"closed","ping_status":"closed","template":"","meta":{"footnotes":""},"class_list":["post-11925","page","type-page","status-publish","has-post-thumbnail","hentry"],"_links":{"self":[{"href":"https:\/\/icwpredflag.org\/wp\/wordpress\/wps\/wp-json\/wp\/v2\/pages\/11925","targetHints":{"allow":["GET"]}}],"collection":[{"href":"https:\/\/icwpredflag.org\/wp\/wordpress\/wps\/wp-json\/wp\/v2\/pages"}],"about":[{"href":"https:\/\/icwpredflag.org\/wp\/wordpress\/wps\/wp-json\/wp\/v2\/types\/page"}],"author":[{"embeddable":true,"href":"https:\/\/icwpredflag.org\/wp\/wordpress\/wps\/wp-json\/wp\/v2\/users\/6"}],"replies":[{"embeddable":true,"href":"https:\/\/icwpredflag.org\/wp\/wordpress\/wps\/wp-json\/wp\/v2\/comments?post=11925"}],"version-history":[{"count":3,"href":"https:\/\/icwpredflag.org\/wp\/wordpress\/wps\/wp-json\/wp\/v2\/pages\/11925\/revisions"}],"predecessor-version":[{"id":11927,"href":"https:\/\/icwpredflag.org\/wp\/wordpress\/wps\/wp-json\/wp\/v2\/pages\/11925\/revisions\/11927"}],"up":[{"embeddable":true,"href":"https:\/\/icwpredflag.org\/wp\/wordpress\/wps\/wp-json\/wp\/v2\/pages\/11895"}],"wp:featuredmedia":[{"embeddable":true,"href":"https:\/\/icwpredflag.org\/wp\/wordpress\/wps\/wp-json\/wp\/v2\/media\/5655"}],"wp:attachment":[{"href":"https:\/\/icwpredflag.org\/wp\/wordpress\/wps\/wp-json\/wp\/v2\/media?parent=11925"}],"curies":[{"name":"wp","href":"https:\/\/api.w.org\/{rel}","templated":true}]}}