{"id":11981,"date":"2024-07-14T20:40:58","date_gmt":"2024-07-14T20:40:58","guid":{"rendered":"https:\/\/icwpredflag.org\/wp\/wordpress\/wps\/?page_id=11981"},"modified":"2024-07-14T20:40:58","modified_gmt":"2024-07-14T20:40:58","slug":"obrerxs-de-la-confeccion-en-india-necesitan-revolucion-comunista-no-elecciones","status":"publish","type":"page","link":"https:\/\/icwpredflag.org\/wp\/wordpress\/wps\/volumen-15-numero-9\/obrerxs-de-la-confeccion-en-india-necesitan-revolucion-comunista-no-elecciones\/","title":{"rendered":"Obrerxs De La Confecci\u00f3n en India Necesitan Revoluci\u00f3n Comunista, No Elecciones"},"content":{"rendered":"<p><img loading=\"lazy\" decoding=\"async\" class=\"aligncenter wp-image-11963\" src=\"https:\/\/icwpredflag.org\/wp\/wordpress\/wps\/wp-content\/uploads\/sites\/2\/2024\/07\/beng6.jpg\" alt=\"\" width=\"607\" height=\"409\" srcset=\"https:\/\/icwpredflag.org\/wp\/wordpress\/wps\/wp-content\/uploads\/sites\/2\/2024\/07\/beng6.jpg 353w, https:\/\/icwpredflag.org\/wp\/wordpress\/wps\/wp-content\/uploads\/sites\/2\/2024\/07\/beng6-300x202.jpg 300w\" sizes=\"auto, (max-width: 607px) 100vw, 607px\" \/><\/p>\n<p style=\"text-align: center\"><strong>BENGALURU (India), 2016<\/strong><\/p>\n<p style=\"text-align: justify\">BENGALURU (India), 5 de julio\u2014 \u201cMi alquiler mensual de 7.000 rupias (83 d\u00f3lares) representa ahora m\u00e1s de la mitad de mi salario\u201d, dijo Laxmi. \u201cTrabajo en la tarea m\u00e1s exigente, cosiendo los botones del cuello, y produzco miles de camisas. Si cometo un peque\u00f1o error cosiendo, esa camisa se vender\u00e1 en el mercado europeo al precio de descuento de 99 d\u00f3lares. No se me permite cometer m\u00e1s de cinco errores al mes. \u00bfY ahora me preguntas si voto por el Congreso o por el BJP?\u201d Laxmi estaba respondiendo a la histeria electoral inundando Bangalore.<\/p>\n<p style=\"text-align: justify\">Los \u00faltimos cinco a\u00f1os han sido brutales para las obrerxs de la confecci\u00f3n. Laxmi, tiene 43 a\u00f1os, ha trabajado durante m\u00e1s de 20 a\u00f1os en la industria de la moda. Ella y otros quince obrerxs asistieron a nuestra reuni\u00f3n del PCOI. El tema candente fue c\u00f3mo aprovechamos las elecciones para construir el comunismo.<\/p>\n<p style=\"text-align: justify\">\u201cCuando veo al BJP, veo un buld\u00f3cer destrozando casas de musulmanes. Veo a politiqueros del BJP implicados en violaciones a grupo de dalits. Veo al Primer Ministro Modi con un traje nuevo de 250,000 d\u00f3lares todos los d\u00edas\u201d, dijo Arti. Ella asist\u00eda a nuestra reuni\u00f3n por primera vez. \u201cEs el mismo Modi quien ayuda a multimillonarios como Adani y Ambani. Quiere ganar mi voto dici\u00e9ndome que los hind\u00faes est\u00e1n en peligro debido a los musulmanes\u201d.<\/p>\n<p style=\"text-align: justify\">Arti no quiso votar por el BJP. La mayor\u00eda de los 500,000 obrerxs de la confecci\u00f3n no votaron por el BJP. Sin embargo, ella se sinti\u00f3 atra\u00edda por la oposici\u00f3n, encabezada por el Partido del Congreso, que incluye al CPI (Partido Comunista de la India) y al CPM (Partido Comunista de la India \u2013 Marxista). El l\u00edder del Partido del Congreso promete defender la Constituci\u00f3n si llega al poder.<\/p>\n<p style=\"text-align: justify\">\u201cPara obreras como Laxmi o Arti, las elecciones dan la ilusi\u00f3n de que los partidos pol\u00edticos pueden cambiar la vida de los trabajadores\u201d, dijo un l\u00edder del PCOI. \u201cHan gastado m\u00e1s de 20 mil millones de d\u00f3lares en las elecciones, lo que las convierte en las elecciones m\u00e1s caras del mundo en uno de los pa\u00edses m\u00e1s pobres.<\/p>\n<p style=\"text-align: justify\">\u201cTodos los diputados son millonarios que defienden a los capitalistas\u201d, continu\u00f3. \u201cLa Constituci\u00f3n fue escrita para garantizar la esclavitud asalariada. Necesitamos difundir Bandera Roja entre los obrerxs para abrirles los ojos. El cuarenta por ciento de los Primeros Ministros tiene antecedentes penales\u201d, afirm\u00f3 \u00e9l apasionadamente. \u201cNo importa a qu\u00e9 partido pertenezcan\u201d.<\/p>\n<p style=\"text-align: justify\">Hemos producido miles de volantes en Bengaluru, Delhi y Chennai, llamando por una revoluci\u00f3n comunista y no a las elecciones parlamentarias. Muchos obrerxs est\u00e1n hartos del alto desempleo y de la insoportable inflaci\u00f3n. Est\u00e1n buscando una alternativa al circo electoral de los patrones capitalistas.<\/p>\n<p><strong>Soldados de Extracci\u00f3n Obrera: Clave Para La Revoluci\u00f3n Comunista<\/strong><\/p>\n<p style=\"text-align: justify\">En Delhi, nuestros colectivos est\u00e1n muy activos entre la juventud y los obrerxs agr\u00edcolas. Se\u00f1alamos que m\u00e1s de 13,000 graduados universitarios se suicidan cada a\u00f1o. El desempleo juvenil es del 60% y muchos permanecen desempleados de por vida.<\/p>\n<p style=\"text-align: justify\">Muchos j\u00f3venes estudiantes ingresan al ej\u00e9rcito como \u00fanica forma de sobrevivir la pobreza extrema. \u201cLa peque\u00f1a tierra de mi padre ser\u00e1 vendida a una corporaci\u00f3n capitalista. Se quedar\u00e1 sin hogar\u201d, dijo un soldado. \u201cIngres\u00e9 al ej\u00e9rcito para apoyarlos. Y el ej\u00e9rcito me pide que defienda a India contra China. \u00bfNi siquiera puedo defender la tierra de mi padre?\u201d<\/p>\n<p style=\"text-align: justify\">Este joven lee Bandera Roja. Ley\u00f3 con gran inter\u00e9s el folleto del PCOI sobre los soldados. Dijo que ten\u00eda muchos amigos en el ej\u00e9rcito. \u201cSon mis amigos de toda la vida. Les hablar\u00e9 sobre ese folleto\u201d.<\/p>\n<p style=\"text-align: justify\">El fascista BJP no obtuvo la mayor\u00eda en las elecciones indias. Tuvo que formar un gobierno de coalici\u00f3n. El Congreso y la oposici\u00f3n son m\u00e1s fuertes. Pero casi el 40% de la poblaci\u00f3n no vot\u00f3. Muestra que grandes masas est\u00e1n totalmente insatisfechas con la pol\u00edtica electoral.<\/p>\n<p style=\"text-align: justify\">\u201cLos patrones tienen sus guerras de necesidad, \u00a1nosotros tenemos las nuestras!\u201d dice nuestro folleto militar del PCOI. Los fascistas del BJP, con su mayor\u00eda reducida, se sienten m\u00e1s atra\u00eddos por los BRICS. Modi se reunir\u00e1 con Putin en julio en un mundo plagado de advertencias sobre una guerra nuclear. El r\u00e1pido declive de los imperialistas estadounidenses y el ascenso del imperialismo chino obligan a todos los capitalistas a elegir bando. El Partido del Congreso est\u00e1 ahora m\u00e1s alineado con el imperialismo estadounidense.<\/p>\n<p style=\"text-align: justify\">En el PCOI tenemos nuestro propio plan de necesidad. Se trata de organizar un partido comunista masivo desde Bengaluru hasta El Salvador para ponerle fin a la esclavitud asalariada. Eso lo lograr\u00e1n j\u00f3venes construyendo nuestro Ej\u00e9rcito Rojo desde Sud\u00e1frica a Estados Unidos, a la India y m\u00e1s all\u00e1.<\/p>\n<h4><a href=\"https:\/\/icwpredflag.org\/wp\/wordpress\/wps\/volumen-15-numero-9\/\">Primera p\u00e1gina de esta edici\u00f3n<\/a><\/h4>\n","protected":false},"excerpt":{"rendered":"<p>BENGALURU (India), 2016 BENGALURU (India), 5 de julio\u2014 \u201cMi alquiler mensual de 7.000 rupias (83 d\u00f3lares) representa ahora m\u00e1s de la mitad de mi salario\u201d, dijo Laxmi. \u201cTrabajo en la tarea m\u00e1s exigente, cosiendo los botones del cuello, y produzco miles de camisas. Si cometo un peque\u00f1o error cosiendo, esa camisa se vender\u00e1 en el &hellip; <a href=\"https:\/\/icwpredflag.org\/wp\/wordpress\/wps\/volumen-15-numero-9\/obrerxs-de-la-confeccion-en-india-necesitan-revolucion-comunista-no-elecciones\/\" class=\"more-link\">Sigue leyendo <span class=\"screen-reader-text\">Obrerxs De La Confecci\u00f3n en India Necesitan Revoluci\u00f3n Comunista, No Elecciones<\/span><\/a><\/p>\n","protected":false},"author":6,"featured_media":5655,"parent":11947,"menu_order":0,"comment_status":"closed","ping_status":"closed","template":"","meta":{"footnotes":""},"class_list":["post-11981","page","type-page","status-publish","has-post-thumbnail","hentry"],"_links":{"self":[{"href":"https:\/\/icwpredflag.org\/wp\/wordpress\/wps\/wp-json\/wp\/v2\/pages\/11981","targetHints":{"allow":["GET"]}}],"collection":[{"href":"https:\/\/icwpredflag.org\/wp\/wordpress\/wps\/wp-json\/wp\/v2\/pages"}],"about":[{"href":"https:\/\/icwpredflag.org\/wp\/wordpress\/wps\/wp-json\/wp\/v2\/types\/page"}],"author":[{"embeddable":true,"href":"https:\/\/icwpredflag.org\/wp\/wordpress\/wps\/wp-json\/wp\/v2\/users\/6"}],"replies":[{"embeddable":true,"href":"https:\/\/icwpredflag.org\/wp\/wordpress\/wps\/wp-json\/wp\/v2\/comments?post=11981"}],"version-history":[{"count":2,"href":"https:\/\/icwpredflag.org\/wp\/wordpress\/wps\/wp-json\/wp\/v2\/pages\/11981\/revisions"}],"predecessor-version":[{"id":11983,"href":"https:\/\/icwpredflag.org\/wp\/wordpress\/wps\/wp-json\/wp\/v2\/pages\/11981\/revisions\/11983"}],"up":[{"embeddable":true,"href":"https:\/\/icwpredflag.org\/wp\/wordpress\/wps\/wp-json\/wp\/v2\/pages\/11947"}],"wp:featuredmedia":[{"embeddable":true,"href":"https:\/\/icwpredflag.org\/wp\/wordpress\/wps\/wp-json\/wp\/v2\/media\/5655"}],"wp:attachment":[{"href":"https:\/\/icwpredflag.org\/wp\/wordpress\/wps\/wp-json\/wp\/v2\/media?parent=11981"}],"curies":[{"name":"wp","href":"https:\/\/api.w.org\/{rel}","templated":true}]}}