{"id":12117,"date":"2024-08-25T19:37:02","date_gmt":"2024-08-25T19:37:02","guid":{"rendered":"https:\/\/icwpredflag.org\/wp\/wordpress\/wps\/?page_id=12117"},"modified":"2024-08-25T19:37:38","modified_gmt":"2024-08-25T19:37:38","slug":"uitenhage-sudafrica-obreras-lideran-un-nuevo-colectivo-comunista","status":"publish","type":"page","link":"https:\/\/icwpredflag.org\/wp\/wordpress\/wps\/volumen-15-numero-11\/uitenhage-sudafrica-obreras-lideran-un-nuevo-colectivo-comunista\/","title":{"rendered":"Uitenhage, Sud\u00e1frica: Obreras Lideran Un Nuevo Colectivo Comunista"},"content":{"rendered":"<p style=\"text-align: center\"><strong>Obreras Toman la Iniciativa Dando Liderato <a class=\"icwp-emph\" href=\"#1\">aqu\u00ed \u2666<\/a> El Trabajo Industrial Del PCOI Necesita Tu Apoyo <a class=\"icwp-emph\" href=\"#2\">aqu\u00ed \u2666<\/a><\/strong><\/p>\n<p><img loading=\"lazy\" decoding=\"async\" class=\"aligncenter wp-image-12110\" src=\"https:\/\/icwpredflag.org\/wp\/wordpress\/wps\/wp-content\/uploads\/sites\/2\/2024\/08\/sawoman.jpg\" alt=\"\" width=\"565\" height=\"607\" srcset=\"https:\/\/icwpredflag.org\/wp\/wordpress\/wps\/wp-content\/uploads\/sites\/2\/2024\/08\/sawoman.jpg 285w, https:\/\/icwpredflag.org\/wp\/wordpress\/wps\/wp-content\/uploads\/sites\/2\/2024\/08\/sawoman-279x300.jpg 279w\" sizes=\"auto, (max-width: 565px) 100vw, 565px\" \/><\/p>\n<h4 id=\"1\" style=\"text-align: center\"><span style=\"color: #ff0000\"><strong>Sud\u00e1frica: Las Obreras Toman la Iniciativa en Movilizar para el Comunismo<\/strong><\/span><\/h4>\n<p style=\"text-align: justify\">GQEBERHA, SUD\u00c1FRICA, 19 de agosto\u2014 \u201c\u00a1Me uno! \u00a1Me uno!\u201d, exclam\u00f3 Lalizwa, una nueva y entusiasta camarada. Nos hab\u00eda proporcionado su casa para llevar a cabo una reuni\u00f3n en Uitenhage, cerca de Gqeberha (Puerto Elizabeth). Todos en Uitenhage conocen a alguien que trabaja en la planta de Volkswagen aqu\u00ed, una concentraci\u00f3n industrial clave para el trabajo de nuestro Partido en Sud\u00e1frica.<\/p>\n<p style=\"text-align: justify\">\u201c\u00a1Fue muy divertido! \u00a1Era la primera vez que organizaba a esa cantidad de gente para que viniera! Al tener gente nueva, tambi\u00e9n aprendes de ellos tanto como ellos tambi\u00e9n aprenden\u201d, dijo Kuhke. Ella es una l\u00edder del Partido que tiene familiares que trabajan en VW. Organiz\u00f3 a su familia y colegas para una reuni\u00f3n para presentarles el comunismo y reclutarlos al Partido, mientras preparamos para la reuni\u00f3n internacional del Partido en octubre.<\/p>\n<p style=\"text-align: justify\">\u201cCamarada, por favor, deja algunos de tus peri\u00f3dicos. Se los dar\u00e9 a mis vecinos y colegas. Ojal\u00e1 los hubiera invitado para que los escucharan\u201d, dijo Ibanthi, otra nueva compa\u00f1era.<\/p>\n<p style=\"text-align: justify\">Comenzamos la reuni\u00f3n presentando el Partido y el comunismo. \u201cEl comunismo se trata de organizar y crear una sociedad sin dinero donde no tengamos unas pocas familias y corporaciones que posean toda la riqueza, mientras los trabajadores no poseen nada\u201d, dijo la compa\u00f1era Asanda.<\/p>\n<p style=\"text-align: justify\">\u201cSi nos deshacemos del dinero, nos desharemos de este mundo donde todo es por dinero y ganancias, incluidas las relaciones sociales\u201d, dijo Bonani, una compa\u00f1era experimentada.<\/p>\n<p style=\"text-align: justify\">Esto provoc\u00f3 una discusi\u00f3n animada con los nuevos compa\u00f1eros que estaban escuchando. La compa\u00f1era Asanda pregunt\u00f3 animadamente: \u201c\u00bfC\u00f3mo es posible vivir sin dinero, cuando crecimos con sue\u00f1os de educarnos y ganar dinero para ascender en la sociedad y vivir una vida \u2018suave\u2019\u201d?<\/p>\n<p style=\"text-align: justify\">La compa\u00f1era Sisana le respondi\u00f3: \u201cEso es un mito, compa\u00f1era, una ilusi\u00f3n que nos vendieron para aceptar el orden capitalista. Hay muchas personas educadas que no viven c\u00f3modamente. Algunos est\u00e1n desempleados, otros viven con deudas y deben depender del cr\u00e9dito para poder pagar lo esencial de la vida\u201d.<\/p>\n<h4 id=\"2\" style=\"text-align: center\"><span style=\"color: #ff0000\"><strong>El Trabajo Industrial del PCOI Necesita Tu Apoyo<\/strong><\/span><\/h4>\n<p style=\"text-align: justify\">El creciente trabajo industrial de nuestro Partido en Sud\u00e1frica es un gran paso adelante para todos nosotros. Al igual lo es nuestro trabajo comunista entre las obrerxs de la confecci\u00f3n en la India y El Salvado. Este crecimiento requiere recursos financieros m\u00e1s all\u00e1 de los fondos limitados disponibles localmente a los camaradas.<\/p>\n<p style=\"text-align: justify\">Nuestro principio comunista central es: \u201cDe todos seg\u00fan su compromiso y capacidad, a todos seg\u00fan su necesidad\u201d. Pedimos a todos los lectores de Bandera Roja, y a cada colectivo del Partido, que piensen seriamente en c\u00f3mo est\u00e1n dispuestos y pueden apoyar este trabajo.<\/p>\n<p style=\"text-align: justify\">Eso podr\u00eda significar organizar cartas de solidaridad. O recolectar regularmente peque\u00f1as donaciones de amigos, compa\u00f1eros de trabajo, familiares. O donaciones m\u00e1s grandes de maestros, m\u00e9dicos y otras personas que conocemos. Si no est\u00e1s seguro de c\u00f3mo donar fondos de forma segura, preg\u00fantale a un camarada del PCOI o cont\u00e1ctenos en <strong>icwp@nym.hush.com<\/strong><\/p>\n<p style=\"text-align: center\"><strong>Lee nuestro folleto: <\/strong><\/p>\n<p style=\"text-align: center\"><strong>\u201cMovilizando a las Masas para el Comunismo\u201d <a href=\"https:\/\/icwpredflag.org\/MMC\/MMCSfin.pdf\"><span style=\"color: #ff0000\">aqu\u00ed \u2666<\/span><\/a><\/strong><\/p>\n<h4><a href=\"https:\/\/icwpredflag.org\/wp\/wordpress\/wps\/volumen-15-numero-11\/\">Primera p\u00e1gina de esta edici\u00f3n<\/a><\/h4>\n","protected":false},"excerpt":{"rendered":"<p>Obreras Toman la Iniciativa Dando Liderato aqu\u00ed \u2666 El Trabajo Industrial Del PCOI Necesita Tu Apoyo aqu\u00ed \u2666 Sud\u00e1frica: Las Obreras Toman la Iniciativa en Movilizar para el Comunismo GQEBERHA, SUD\u00c1FRICA, 19 de agosto\u2014 \u201c\u00a1Me uno! \u00a1Me uno!\u201d, exclam\u00f3 Lalizwa, una nueva y entusiasta camarada. Nos hab\u00eda proporcionado su casa para llevar a cabo una &hellip; <a href=\"https:\/\/icwpredflag.org\/wp\/wordpress\/wps\/volumen-15-numero-11\/uitenhage-sudafrica-obreras-lideran-un-nuevo-colectivo-comunista\/\" class=\"more-link\">Sigue leyendo <span class=\"screen-reader-text\">Uitenhage, Sud\u00e1frica: Obreras Lideran Un Nuevo Colectivo Comunista<\/span><\/a><\/p>\n","protected":false},"author":6,"featured_media":5655,"parent":12091,"menu_order":0,"comment_status":"closed","ping_status":"closed","template":"","meta":{"footnotes":""},"class_list":["post-12117","page","type-page","status-publish","has-post-thumbnail","hentry"],"_links":{"self":[{"href":"https:\/\/icwpredflag.org\/wp\/wordpress\/wps\/wp-json\/wp\/v2\/pages\/12117","targetHints":{"allow":["GET"]}}],"collection":[{"href":"https:\/\/icwpredflag.org\/wp\/wordpress\/wps\/wp-json\/wp\/v2\/pages"}],"about":[{"href":"https:\/\/icwpredflag.org\/wp\/wordpress\/wps\/wp-json\/wp\/v2\/types\/page"}],"author":[{"embeddable":true,"href":"https:\/\/icwpredflag.org\/wp\/wordpress\/wps\/wp-json\/wp\/v2\/users\/6"}],"replies":[{"embeddable":true,"href":"https:\/\/icwpredflag.org\/wp\/wordpress\/wps\/wp-json\/wp\/v2\/comments?post=12117"}],"version-history":[{"count":3,"href":"https:\/\/icwpredflag.org\/wp\/wordpress\/wps\/wp-json\/wp\/v2\/pages\/12117\/revisions"}],"predecessor-version":[{"id":12120,"href":"https:\/\/icwpredflag.org\/wp\/wordpress\/wps\/wp-json\/wp\/v2\/pages\/12117\/revisions\/12120"}],"up":[{"embeddable":true,"href":"https:\/\/icwpredflag.org\/wp\/wordpress\/wps\/wp-json\/wp\/v2\/pages\/12091"}],"wp:featuredmedia":[{"embeddable":true,"href":"https:\/\/icwpredflag.org\/wp\/wordpress\/wps\/wp-json\/wp\/v2\/media\/5655"}],"wp:attachment":[{"href":"https:\/\/icwpredflag.org\/wp\/wordpress\/wps\/wp-json\/wp\/v2\/media?parent=12117"}],"curies":[{"name":"wp","href":"https:\/\/api.w.org\/{rel}","templated":true}]}}