{"id":12331,"date":"2024-10-29T05:19:13","date_gmt":"2024-10-29T05:19:13","guid":{"rendered":"https:\/\/icwpredflag.org\/wp\/wordpress\/wps\/?page_id=12331"},"modified":"2024-10-29T05:19:13","modified_gmt":"2024-10-29T05:19:13","slug":"construyendo-un-pcoi-masivo-en-sudafrica","status":"publish","type":"page","link":"https:\/\/icwpredflag.org\/wp\/wordpress\/wps\/volumen-15-numero-14\/construyendo-un-pcoi-masivo-en-sudafrica\/","title":{"rendered":"Construyendo un PCOI Masivo en Sud\u00e1frica"},"content":{"rendered":"<p style=\"text-align: center\"><strong>\u201c\u00bfQu\u00e9 Me Motiv\u00f3 a Unirme al Partido?\u201d <a class=\"icwp-emph\" href=\"#1\">aqu\u00ed \u2666<\/a> \u00a1Golpeas a Una Mujer, Golpeas Una Roca! <a class=\"icwp-emph\" href=\"#2\">aqu\u00ed \u2666<\/a>Saludos Rojos <a class=\"icwp-emph\" href=\"#3\">aqu\u00ed \u2666<\/a> Viva la Camarada C <a class=\"icwp-emph\" href=\"#4\">aqu\u00ed \u2666<\/a><\/strong><\/p>\n<p><img loading=\"lazy\" decoding=\"async\" class=\"aligncenter  wp-image-12304\" src=\"https:\/\/icwpredflag.org\/wp\/wordpress\/wps\/wp-content\/uploads\/sites\/2\/2024\/10\/sa5.jpg\" alt=\"\" width=\"763\" height=\"517\" srcset=\"https:\/\/icwpredflag.org\/wp\/wordpress\/wps\/wp-content\/uploads\/sites\/2\/2024\/10\/sa5.jpg 425w, https:\/\/icwpredflag.org\/wp\/wordpress\/wps\/wp-content\/uploads\/sites\/2\/2024\/10\/sa5-300x203.jpg 300w\" sizes=\"auto, (max-width: 763px) 100vw, 763px\" \/><\/p>\n<h4 id=\"1\" style=\"text-align: center\"><span style=\"color: #ff0000\"><strong>\u201c\u00bfQu\u00e9 Me Motiv\u00f3 a Unirme al Partido?\u201d<\/strong><\/span><\/h4>\n<p style=\"text-align: justify\">Me pidieron que hablara sobre lo que me motiv\u00f3 a ingresar al Partido y lo que me motiva a continuar.<\/p>\n<p style=\"text-align: justify\">Ingrese al Partido en 2014 o 2015. Una reuni\u00f3n internacional aqu\u00ed en Sud\u00e1frica fue la primera reuni\u00f3n a la que asist\u00ed.<\/p>\n<p style=\"text-align: justify\">Antes de eso, hab\u00eda participado en discusiones pol\u00edticas. Luego particip\u00e9 en el movimiento estudiantil, en particular en el movimiento de conciencia negra.<\/p>\n<p style=\"text-align: justify\">Siempre pens\u00e9 que el capitalismo significa gente blanca porque me influy\u00f3 el contexto sudafricano. Incluso hoy en d\u00eda, a los blancos se los llama en xhosa o en zul\u00fa \u201cabelungu\u201d.<\/p>\n<p style=\"text-align: justify\">Cuando alguien est\u00e1 en el trabajo, al jefe o propietario de una empresa se lo llama \u201cabelungu\u201d, que literalmente significa persona blanca, pero tambi\u00e9n significa patr\u00f3n. Incluso hoy en d\u00eda, a un patr\u00f3n se lo sigue llamando \u201cmlungu\u201d [singular] o \u201cabelungu\u201d [plural], ya sea esa persona blanca o negra.<\/p>\n<p style=\"text-align: justify\">Eso es lo que yo entend\u00eda. Pero ahora hab\u00eda gente blanca que me hablaba de los capitalistas y yo pensaba: \u201c\u00bfNo eres tambi\u00e9n capitalista porque eres blanco?\u201d. Pero luego vino la lucha sobre el racismo en el contexto del capitalismo y c\u00f3mo los capitalistas usan el racismo para dividir a la clase trabajadora.<\/p>\n<p style=\"text-align: justify\">Eso abri\u00f3 mi comprensi\u00f3n del mundo. Comprend\u00ed que ten\u00edamos patrones chinos, indios, negros.<\/p>\n<p style=\"text-align: justify\">Un ejemplo en particular: los camaradas sol\u00edan preguntarme sobre Ramaphosa. Cyril Ramaphosa es un patr\u00f3n minero, presidente de Sud\u00e1frica y una de las personas m\u00e1s ricas del pa\u00eds. Aparte de eso, ambos somos negros, \u00bfqu\u00e9 m\u00e1s tenemos en com\u00fan? Eso realmente me hizo pensar en lo que es un capitalista.<\/p>\n<p style=\"text-align: justify\">Empec\u00e9 a ver que un capitalista es cualquier persona que es due\u00f1o de los medios de producci\u00f3n y los utiliza para obtener m\u00e1s ganancias explotando a los trabajadores. Y esos trabajadores suelen ser de diferentes razas y diferentes naciones.<\/p>\n<p style=\"text-align: justify\">Me di cuenta de que no se trataba particularmente de personas negras. Todos los que no tienen medios de producci\u00f3n son igualmente explotados. Son igualmente afectados por el racismo, la discriminaci\u00f3n, desempleo, crimen y viven en malas condiciones. No tienen acceso a la atenci\u00f3n m\u00e9dica. Tienen que vender su fuerza laboral para sobrevivir. Encontramos eso en Sud\u00e1frica, India, Sri Lanka, Bangladesh, Sudam\u00e9rica, M\u00e9xico, El Salvador y los EE. UU. Incluso en los pa\u00edses del llamado primer mundo, la situaci\u00f3n es la misma: explotaci\u00f3n por todas partes.<\/p>\n<p style=\"text-align: justify\">Esa es una conciencia a un nivel m\u00e1s alto, contraria a la conciencia negra solamente. Aprend\u00ed que necesitamos el comunismo para acabar con esta explotaci\u00f3n y todos los males sociales. Esa ha sido mi motivaci\u00f3n. Me compromet\u00ed a ingresar al Partido y ayudara a organizarlo. Me compromet\u00ed a aprender sobre el comunismo y lo que es ser comunista. Los comunistas no nacen, pero con la pr\u00e1ctica seremos mejores comunistas que ayer.<\/p>\n<p style=\"text-align: justify\">Esa fue mi motivaci\u00f3n y la lucha constante, manteni\u00e9ndome en contacto con otros camaradas aqu\u00ed en Sud\u00e1frica y en otras partes del mundo. La lectura y distribuci\u00f3n de Bandera Roja.<\/p>\n<p style=\"text-align: justify\">Aprendemos no s\u00f3lo leyendo Bandera Roja en casa, sino hablando con otros trabajadores y organizando. Aprendiendo las ideas te\u00f3ricas como el materialismo dial\u00e9ctico. Eso complementa nuestra pr\u00e1ctica con una comprensi\u00f3n de las leyes del cambio.<\/p>\n<p style=\"text-align: justify\">Todo eso me dio una mejor comprensi\u00f3n del comunismo en general, pero tambi\u00e9n una mejor comprensi\u00f3n del Partido y c\u00f3mo est\u00e1 organizado. Desde entonces, he tratado de ser un camarada \u00fatil, reclutando nuevos camaradas y contribuyendo en cualquier capacidad que pueda o que me hayan pedido. As\u00ed que esa es mi motivaci\u00f3n, camaradas.<\/p>\n<p>\u2014Camarada en Sud\u00e1frica<\/p>\n<h4 id=\"2\" style=\"text-align: center\"><span style=\"color: #ff0000\"><strong>Wathinta Abafazi, Wathinti Mbokotho!! \u00a1Golpeas a Una Mujer, Golpeas Una Roca!<\/strong><\/span><\/h4>\n<p style=\"text-align: justify\">El futuro del Partido es brillante. La energ\u00eda y las ideas emocionantes que tienen las nuevas camaradas, juntamente con los deseos de destruir el sistema capitalista, son poderosas.<\/p>\n<p style=\"text-align: justify\">La estad\u00eda de fin de semana en la Bah\u00eda Jeffrey fue agridulce. Se cometieron muchos errores, como no dividir la carga de trabajo, no presentar a las nuevas camaradas antes de atender otros compromisos y no ser completamente transparentes. Pero hemos aprendido de ellos. Para evitar que esto vuelva a suceder, acordamos tener regularmente reuniones para formar fuertes v\u00ednculos entre nosotras.<\/p>\n<p style=\"text-align: justify\">La camarada C comparti\u00f3 lo nerviosa que estaba al pronunciar su discurso durante la reuni\u00f3n internacional. Expres\u00f3 que no esperaba mucha gente de otros lugares. Estaba sorprendida de que el Partido fuera tan grande. Esta fue su primera reuni\u00f3n despu\u00e9s de enterarse del PCOI en agosto de 2024. Nuevamente dijo que est\u00e1 TOTALMENTE ADENTRO y promete cumplir y seguir difundiendo la lucha de nuestro Partido. \u201cSigo manteniendo mi declaraci\u00f3n \u2018\u00a1ME UNO! \u00a1ME UNO! \u00a1ME UNO!\u2019. Necesitamos seguir reuni\u00e9ndonos para que podamos luchar por destruir este sistema\u201d.<\/p>\n<p style=\"text-align: justify\">La camarada Z, una nueva camarada que se uni\u00f3 a nosotros ese d\u00eda, vino desde Kirkwood. Se divirti\u00f3 mucho y aprendi\u00f3 algo nuevo. Est\u00e1 feliz y emocionada de emprender esta jornada porque los capitalistas se han apoderado de todo. Ella difundir\u00e1 la palabra en Kirkwood<\/p>\n<p style=\"text-align: justify\">Los camaradas estaban tristes y emocionados al escuchar lo que est\u00e1 sucediendo en Gaza. Entendimos la importancia de organizar la protesta y dar nuestro apoyo a Palestina.<\/p>\n<p style=\"text-align: justify\">La sala estaba llena de mujeres incre\u00edblemente fuertes. \u00c9ramos diecisiete en total: trece mujeres y cuatro hombres. Estamos creciendo masivamente.<\/p>\n<p>\u00a1A destruir el sistema malvado!<\/p>\n<p>#STOPTHOMBINGINGAZA<\/p>\n<p>ALUTA CONTINUA<\/p>\n<p>\u2014Camarada en Eastern Cape, Sud\u00e1frica<\/p>\n<h4 id=\"3\" style=\"text-align: center\"><span style=\"color: #ff0000\"><strong>Saludos Rojos<\/strong><\/span><\/h4>\n<p style=\"text-align: justify\">Camaradas, la intensificaci\u00f3n de la contradicci\u00f3n entre el viejo G7 imperialista y la Rusia y China imperialistas emergentes, nos da m\u00e1s oportunidades para fortalecer nuestras relaciones comunistas y agudizar nuestra perspectiva mental con el materialismo dial\u00e9ctico.<\/p>\n<p style=\"text-align: justify\">Las clases en c\u00e9lulas tienen que continuar como nuestros leones rojos en la India y Gaza. Colectivamente, podemos transformar nuestra cantidad en calidad.<\/p>\n<p style=\"text-align: justify\">Soy feliz teniendo a todos mis amigos del PCOI en esta lucha comunista. Hace que sea m\u00e1s f\u00e1cil eliminar el individualismo, un c\u00e1ncer que nos lleva al revisionismo o al fascismo.<\/p>\n<p style=\"text-align: justify\">Tener charlas comunistas constructivas todos los d\u00edas puede ayudarnos a vencer el capitalismo. Debemos leer y distribuir Bandera Roja. Necesitamos reuniones comunistas regulares, movilizaciones, educaci\u00f3n pol\u00edtica y relaciones comunistas.<\/p>\n<p style=\"text-align: justify\">Hoy tenemos al camarada Q, que trajo camaradas mujeres a nuestro partido. Pulgares arriba, camarada. Esta l\u00edder me motiv\u00f3 mental y f\u00edsicamente. \u00a1Multipliquemos por miles! WHATHINTA ABAFAZI WATHINTI MBOKODO, PHAMBILI MAKOMANISI PHAMBILI (Golpeas una piedra, golpeas a una mujer).<\/p>\n<p>\u2014Camarada C<\/p>\n<h4 id=\"4\" style=\"text-align: center\"><span style=\"color: #ff0000\"><strong>Viva la Camarada C<\/strong><\/span><\/h4>\n<p style=\"text-align: justify\">Much\u00edsimas gracias, camarada. Tus palabras me emocionan y me motivan a hacer m\u00e1s cada d\u00eda. Me alegro de que hayas vuelto, camarada. Aunque hayamos ganado muchas camaradas, todav\u00eda necesitamos a los camaradas. \u00a1Juntos transformaremos la CANTIDAD en CALIDAD!<\/p>\n<p>Saludos rojos, camaradas<\/p>\n<h4><a href=\"https:\/\/icwpredflag.org\/wp\/wordpress\/wps\/volumen-15-numero-14\/\">Primera p\u00e1gina de esta edici\u00f3n<\/a><\/h4>\n","protected":false},"excerpt":{"rendered":"<p>\u201c\u00bfQu\u00e9 Me Motiv\u00f3 a Unirme al Partido?\u201d aqu\u00ed \u2666 \u00a1Golpeas a Una Mujer, Golpeas Una Roca! aqu\u00ed \u2666Saludos Rojos aqu\u00ed \u2666 Viva la Camarada C aqu\u00ed \u2666 \u201c\u00bfQu\u00e9 Me Motiv\u00f3 a Unirme al Partido?\u201d Me pidieron que hablara sobre lo que me motiv\u00f3 a ingresar al Partido y lo que me motiva a continuar. Ingrese &hellip; <a href=\"https:\/\/icwpredflag.org\/wp\/wordpress\/wps\/volumen-15-numero-14\/construyendo-un-pcoi-masivo-en-sudafrica\/\" class=\"more-link\">Sigue leyendo <span class=\"screen-reader-text\">Construyendo un PCOI Masivo en Sud\u00e1frica<\/span><\/a><\/p>\n","protected":false},"author":6,"featured_media":5655,"parent":12306,"menu_order":0,"comment_status":"closed","ping_status":"closed","template":"","meta":{"footnotes":""},"class_list":["post-12331","page","type-page","status-publish","has-post-thumbnail","hentry"],"_links":{"self":[{"href":"https:\/\/icwpredflag.org\/wp\/wordpress\/wps\/wp-json\/wp\/v2\/pages\/12331","targetHints":{"allow":["GET"]}}],"collection":[{"href":"https:\/\/icwpredflag.org\/wp\/wordpress\/wps\/wp-json\/wp\/v2\/pages"}],"about":[{"href":"https:\/\/icwpredflag.org\/wp\/wordpress\/wps\/wp-json\/wp\/v2\/types\/page"}],"author":[{"embeddable":true,"href":"https:\/\/icwpredflag.org\/wp\/wordpress\/wps\/wp-json\/wp\/v2\/users\/6"}],"replies":[{"embeddable":true,"href":"https:\/\/icwpredflag.org\/wp\/wordpress\/wps\/wp-json\/wp\/v2\/comments?post=12331"}],"version-history":[{"count":2,"href":"https:\/\/icwpredflag.org\/wp\/wordpress\/wps\/wp-json\/wp\/v2\/pages\/12331\/revisions"}],"predecessor-version":[{"id":12333,"href":"https:\/\/icwpredflag.org\/wp\/wordpress\/wps\/wp-json\/wp\/v2\/pages\/12331\/revisions\/12333"}],"up":[{"embeddable":true,"href":"https:\/\/icwpredflag.org\/wp\/wordpress\/wps\/wp-json\/wp\/v2\/pages\/12306"}],"wp:featuredmedia":[{"embeddable":true,"href":"https:\/\/icwpredflag.org\/wp\/wordpress\/wps\/wp-json\/wp\/v2\/media\/5655"}],"wp:attachment":[{"href":"https:\/\/icwpredflag.org\/wp\/wordpress\/wps\/wp-json\/wp\/v2\/media?parent=12331"}],"curies":[{"name":"wp","href":"https:\/\/api.w.org\/{rel}","templated":true}]}}