{"id":12465,"date":"2024-12-10T06:29:14","date_gmt":"2024-12-10T06:29:14","guid":{"rendered":"https:\/\/icwpredflag.org\/wp\/wordpress\/wps\/?page_id=12465"},"modified":"2024-12-10T06:29:14","modified_gmt":"2024-12-10T06:29:14","slug":"seattle-ee-uu-la-lucha-comunista-cambiara-la-historia-y-tambien-la-naturaleza-humana","status":"publish","type":"page","link":"https:\/\/icwpredflag.org\/wp\/wordpress\/wps\/volumen-15-numero-16\/seattle-ee-uu-la-lucha-comunista-cambiara-la-historia-y-tambien-la-naturaleza-humana\/","title":{"rendered":"Seattle, EE.UU.: La Lucha Comunista Cambiar\u00e1 La Historia, y Tambi\u00e9n La \u00abNaturaleza Humana\u00bb"},"content":{"rendered":"<p><img loading=\"lazy\" decoding=\"async\" class=\"aligncenter wp-image-12436\" src=\"https:\/\/icwpredflag.org\/wp\/wordpress\/wps\/wp-content\/uploads\/sites\/2\/2024\/12\/gorki.jpg\" alt=\"\" width=\"621\" height=\"379\" srcset=\"https:\/\/icwpredflag.org\/wp\/wordpress\/wps\/wp-content\/uploads\/sites\/2\/2024\/12\/gorki.jpg 352w, https:\/\/icwpredflag.org\/wp\/wordpress\/wps\/wp-content\/uploads\/sites\/2\/2024\/12\/gorki-300x183.jpg 300w\" sizes=\"auto, (max-width: 621px) 100vw, 621px\" \/><\/p>\n<p style=\"text-align: justify;\"><strong>Poco despu\u00e9s de la Revoluci\u00f3n Rusa, los comunistas fundaron la Colonia Gorki. Los j\u00f3venes, que antes viv\u00edan en la calle, crearon un colectivo. Pudieron ver una \u00abnaturaleza humana\u00bb diferente a trav\u00e9s del trabajo y el estudio en conjunto.<\/strong><\/p>\n<h4 style=\"text-align: center;\"><span style=\"color: #ff0000;\"><strong>La Lucha Comunista Cambiar\u00e1 La Historia, y Tambi\u00e9n La \u00abNaturaleza Humana\u00bb<\/strong><\/span><\/h4>\n<p style=\"text-align: justify;\">SEATTLE (EE. UU.), 16 de noviembre: \u201cHicimos historia\u201d, se jact\u00f3 el presidente del sindicato IAM de Boeing. \u201cEl contrato es una victoria. Ahora nos toca a nosotros devolver a esta empresa a ser un icono estadounidense respetado\u201d. Declar\u00f3, \u201chemos elevado el nivel para todos los trabajadores en todos los rincones del mundo\u201d.<\/p>\n<p style=\"text-align: justify;\">H y B, una pareja originaria de Vietnam que recientemente se jubil\u00f3 de Boeing, no creyeron la propaganda. Tampoco L, que se hab\u00eda unido a los camaradas en la l\u00ednea de piquetes con Bandera Roja.<\/p>\n<p style=\"text-align: justify;\">Nuestros amigos no quer\u00edan perder el tiempo discutiendo las mentiras de los l\u00edderes sindicales. En cambio, camaradas y amigos en una comida compartida reciente, debatieron durante horas si la clase trabajadora es capaz de ganar y c\u00f3mo lo har\u00eda, esta vez con una revoluci\u00f3n comunista.<\/p>\n<p style=\"text-align: justify;\">Durante a\u00f1os, B y una compa\u00f1era de trabajo del PCOI tuvieron largas discusiones en el camino de ida y vuelta al trabajo. Ella quer\u00eda saber m\u00e1s sobre el fascismo, entre otros temas.<\/p>\n<p style=\"text-align: justify;\">H hab\u00eda protestado activamente cuando Trump separ\u00f3 a las familias en la frontera entre M\u00e9xico y Estados Unidos. Hab\u00eda organizado debates con otros inmigrantes en la planta de Boeing. El PCOI hab\u00eda estado construyendo all\u00ed colectivos que inclu\u00edan a amigos y camaradas. H hizo algunos avances al atacar la pol\u00edtica fascista del gobierno, pero se sinti\u00f3 decepcionado cuando algunos de sus amigos inmigrantes estaban seguros de que eran mejores que los inmigrantes m\u00e1s nuevos.<\/p>\n<p style=\"text-align: justify;\">En la comida compartida, H compar\u00f3 el budismo con el comunismo. Ninguna ideolog\u00eda abraza a Dios ni sanciona los ataques a los compa\u00f1eros de trabajo. Pero \u00e9l y B son esc\u00e9pticos sobre la \u201cnaturaleza humana\u201d. Creen que las personas son fundamentalmente ego\u00edstas.<\/p>\n<p style=\"text-align: justify;\">Esta apat\u00eda les impide unirse al Partido Comunista Obrero Internacional (PCOI). Hicieron referencia al Vietnam socialista para demostrar su punto. Pero el socialismo sigue siendo capitalismo. No destruye la esclavitud asalariada ni la producci\u00f3n con fines de lucro. No puede producir para las necesidades de la clase trabajadora internacional.<\/p>\n<p style=\"text-align: justify;\">H sostuvo que la idea del comunismo es buena, pero la gente la arruina. La naturaleza humana significa que el liderazgo dar\u00eda m\u00e1s poder y riqueza material a quienes est\u00e1n cerca de ellos.<\/p>\n<p style=\"text-align: justify;\">Eso, respondimos, no es la naturaleza \u201chumana\u201d, sino la naturaleza capitalista. El sistema de salarios capitalista requiere competencia por los empleos. Cada aspecto del capitalismo promueve la competencia. Esa es la base material del ego\u00edsmo.<\/p>\n<p style=\"text-align: justify;\">La verdadera victoria ser\u00e1 eliminar el capitalismo\/socialismo. En el comunismo, la producci\u00f3n colectiva para las necesidades de las masas proporciona la base material para eliminar el ego\u00edsmo y las ideolog\u00edas divisivas. La sociedad comunista abre la puerta a un tipo completamente nuevo de \u201cnaturaleza humana\u201d, el tipo que libera el poder de la clase trabajadora internacional.<\/p>\n<p style=\"text-align: justify;\">L asiste a muchos eventos del partido. Siempre est\u00e1 ansiosa por conocer a los miembros del PCOI, pero duda en unirse al PCOI. Dijo que los trabajadores en los EE. UU. eran pasivos. Est\u00e1n envueltos en la vida y sus familias.<\/p>\n<p style=\"text-align: justify;\">Es m\u00e1s dif\u00edcil justificar la pasividad a medida que el fascismo se extiende por todo el mundo. La nueva fuerza laboral de Boeing es consciente de la degeneraci\u00f3n del capitalismo. Los estudiantes y los educadores conf\u00edan en Bandera Roja para obtener respuestas comunistas al colapso y genocidio del capitalismo. Lo mismo hacen muchos en las puertas de Boeing.<\/p>\n<p style=\"text-align: justify;\">Debemos aumentar nuestros esfuerzos para asegurar que estos j\u00f3venes lectores de Bandera Roja asistan a nuestras reuniones y eventos sociales, para que podamos beneficiarnos de su perspectiva. Muchas de estas nuevas fuerzas no son miembros del partido (todav\u00eda), pero son luchadores y est\u00e1n abiertos a las ideas comunistas.<\/p>\n<p style=\"text-align: justify;\">Los camaradas, as\u00ed como los amigos, tienen dudas. La confianza en el proletariado internacional es una necesidad entre los colectivos del partido en todas partes. Los nuevos amigos y camaradas nos ayudan a todos a superar nuestras dudas y reemplazarlas con un trabajo comunista persistente.<\/p>\n<p style=\"text-align: justify;\">La \u00fanica manera de derrotar las mentiras sindicales es difundir la pol\u00edtica comunista, construyendo relaciones personales y pol\u00edticas en medio de la lucha de clases. Esto no es un esfuerzo individual. Es una campa\u00f1a para construir colectivos partidarios s\u00f3lidos como una roca para liderar la lucha por la revoluci\u00f3n comunista.<\/p>\n<h4><a href=\"https:\/\/icwpredflag.org\/wp\/wordpress\/wps\/volumen-15-numero-16\/\">Primera p\u00e1gina de esta edici\u00f3n<\/a><\/h4>\n","protected":false},"excerpt":{"rendered":"<p>Poco despu\u00e9s de la Revoluci\u00f3n Rusa, los comunistas fundaron la Colonia Gorki. Los j\u00f3venes, que antes viv\u00edan en la calle, crearon un colectivo. Pudieron ver una \u00abnaturaleza humana\u00bb diferente a trav\u00e9s del trabajo y el estudio en conjunto. La Lucha Comunista Cambiar\u00e1 La Historia, y Tambi\u00e9n La \u00abNaturaleza Humana\u00bb SEATTLE (EE. UU.), 16 de noviembre: &hellip; <a href=\"https:\/\/icwpredflag.org\/wp\/wordpress\/wps\/volumen-15-numero-16\/seattle-ee-uu-la-lucha-comunista-cambiara-la-historia-y-tambien-la-naturaleza-humana\/\" class=\"more-link\">Sigue leyendo <span class=\"screen-reader-text\">Seattle, EE.UU.: La Lucha Comunista Cambiar\u00e1 La Historia, y Tambi\u00e9n La \u00abNaturaleza Humana\u00bb<\/span><\/a><\/p>\n","protected":false},"author":6,"featured_media":5655,"parent":12425,"menu_order":0,"comment_status":"closed","ping_status":"closed","template":"","meta":{"footnotes":""},"class_list":["post-12465","page","type-page","status-publish","has-post-thumbnail","hentry"],"_links":{"self":[{"href":"https:\/\/icwpredflag.org\/wp\/wordpress\/wps\/wp-json\/wp\/v2\/pages\/12465","targetHints":{"allow":["GET"]}}],"collection":[{"href":"https:\/\/icwpredflag.org\/wp\/wordpress\/wps\/wp-json\/wp\/v2\/pages"}],"about":[{"href":"https:\/\/icwpredflag.org\/wp\/wordpress\/wps\/wp-json\/wp\/v2\/types\/page"}],"author":[{"embeddable":true,"href":"https:\/\/icwpredflag.org\/wp\/wordpress\/wps\/wp-json\/wp\/v2\/users\/6"}],"replies":[{"embeddable":true,"href":"https:\/\/icwpredflag.org\/wp\/wordpress\/wps\/wp-json\/wp\/v2\/comments?post=12465"}],"version-history":[{"count":2,"href":"https:\/\/icwpredflag.org\/wp\/wordpress\/wps\/wp-json\/wp\/v2\/pages\/12465\/revisions"}],"predecessor-version":[{"id":12467,"href":"https:\/\/icwpredflag.org\/wp\/wordpress\/wps\/wp-json\/wp\/v2\/pages\/12465\/revisions\/12467"}],"up":[{"embeddable":true,"href":"https:\/\/icwpredflag.org\/wp\/wordpress\/wps\/wp-json\/wp\/v2\/pages\/12425"}],"wp:featuredmedia":[{"embeddable":true,"href":"https:\/\/icwpredflag.org\/wp\/wordpress\/wps\/wp-json\/wp\/v2\/media\/5655"}],"wp:attachment":[{"href":"https:\/\/icwpredflag.org\/wp\/wordpress\/wps\/wp-json\/wp\/v2\/media?parent=12465"}],"curies":[{"name":"wp","href":"https:\/\/api.w.org\/{rel}","templated":true}]}}