{"id":12468,"date":"2024-12-10T06:32:34","date_gmt":"2024-12-10T06:32:34","guid":{"rendered":"https:\/\/icwpredflag.org\/wp\/wordpress\/wps\/?page_id=12468"},"modified":"2024-12-10T06:50:22","modified_gmt":"2024-12-10T06:50:22","slug":"sudafrica-el-comunismo-no-los-sindicatos-acabara-con-los-recortes-de-personal-y-la-esclavitud-asalariada","status":"publish","type":"page","link":"https:\/\/icwpredflag.org\/wp\/wordpress\/wps\/volumen-15-numero-16\/sudafrica-el-comunismo-no-los-sindicatos-acabara-con-los-recortes-de-personal-y-la-esclavitud-asalariada\/","title":{"rendered":"Sud\u00e1frica: El Comunismo, No Los Sindicatos, Acabar\u00e1 Con Los Recortes de Personal y La Esclavitud Asalariada"},"content":{"rendered":"<p><img loading=\"lazy\" decoding=\"async\" class=\"aligncenter wp-image-12438\" src=\"https:\/\/icwpredflag.org\/wp\/wordpress\/wps\/wp-content\/uploads\/sites\/2\/2024\/12\/mital.jpg\" alt=\"\" width=\"743\" height=\"447\" srcset=\"https:\/\/icwpredflag.org\/wp\/wordpress\/wps\/wp-content\/uploads\/sites\/2\/2024\/12\/mital.jpg 379w, https:\/\/icwpredflag.org\/wp\/wordpress\/wps\/wp-content\/uploads\/sites\/2\/2024\/12\/mital-300x180.jpg 300w\" sizes=\"auto, (max-width: 743px) 100vw, 743px\" \/><\/p>\n<p style=\"text-align: justify;\"><strong>14 de noviembre: Huelga de trabajadores contra los despidos de 107 trabajadores de la planta de ArcelorMittal en Sud\u00e1frica, al Sur de Johannesburgo. Funcionarios del Sindicato Nacional de Trabajadores Metal\u00fargicos de Sud\u00e1frica (NUMSA) suspendieron la huelga despu\u00e9s de seis d\u00edas, citando \u00abla grave situaci\u00f3n que enfrenta el negocio\u00bb. \u00bfY qu\u00e9 hay de la grave situaci\u00f3n que enfrentan los trabajadores? Los sindicatos no pueden resolver nuestros problemas y no lo har\u00e1n. \u00a1\u00danete al PCOI para acabar con la esclavitud asalariada capitalista y el desempleo!<\/strong><\/p>\n<h4 style=\"text-align: center;\"><span style=\"color: #ff0000;\"><strong>Extorsi\u00f3n en Sud\u00e1frica: Una Raz\u00f3n M\u00e1s Para Destruir El Capitalismo<\/strong><\/span><\/h4>\n<p style=\"text-align: justify;\">Camaradas, mientras escribo esto, mi coraz\u00f3n sangra por las vidas j\u00f3venes y vulnerables que est\u00e1n siendo explotadas. La extorsi\u00f3n aqu\u00ed ha alcanzado niveles alarmantes, y las \u00faltimas v\u00edctimas son j\u00f3venes que van a las escuelas de iniciaci\u00f3n. (Pr\u00e1ctica tradicional que marca la transici\u00f3n de adolescente a adulto).<\/p>\n<p style=\"text-align: justify;\">El crimen est\u00e1 empeorando d\u00eda a d\u00eda. Todav\u00eda nos desconcierta la imposici\u00f3n de cuotas de \u201cprotecci\u00f3n\u201d a padres que solo venden dulces y papas fritas a due\u00f1os de negocios y a ni\u00f1os en edad escolar. Y ahora se ha extendido a los ni\u00f1os que van a escuelas de iniciaci\u00f3n por lo que algunas familias han tenido dificultades pag\u00e1ndole al m\u00e9dico de iniciaci\u00f3n. Y ahora se les exige una cuota de protecci\u00f3n \u201cpara la seguridad de sus hijos\u201d mientras est\u00e1n en la escuela.<\/p>\n<p style=\"text-align: justify;\">El trauma y el miedo infligidos a estas mentes j\u00f3venes tendr\u00e1n efectos duraderos, potencialmente da\u00f1ando sus posibilidades.<\/p>\n<p style=\"text-align: justify;\">Camaradas, debemos solidarizarnos contra esta explotaci\u00f3n. Necesitamos deshacernos de la sociedad capitalista. Estos incidentes est\u00e1n sucediendo porque la gente necesita dinero. Los cr\u00edmenes (casos de asesinato detr\u00e1s de p\u00f3lizas de seguro, robos, sobornos y corrupci\u00f3n) son todas rutas de dinero. As\u00ed es como funciona el sistema capitalista: todo es dinero. Si podemos deshacernos del dinero, nos desharemos de todas estas negatividades que circulan por el mundo, incluido el bombardeo de Gaza, el racismo, la xenofobia y el sexismo. En una sociedad comunista, todos estaremos unidos. Seremos un solo pu\u00f1o.<\/p>\n<p style=\"text-align: center;\">\u00a1Levant\u00e9monos, comunistas, levant\u00e9monos!<\/p>\n<p style=\"text-align: center;\">El comunismo es la \u00fanica soluci\u00f3n y manera en que podemos vivir una vida fruct\u00edfera y pac\u00edfica.<\/p>\n<p>\u2014Saludo rojo desde Sud\u00e1frica<\/p>\n<p><img loading=\"lazy\" decoding=\"async\" class=\"aligncenter size-full wp-image-12478\" src=\"https:\/\/icwpredflag.org\/wp\/wordpress\/wps\/wp-content\/uploads\/sites\/2\/2024\/12\/SP-Get-Busy-edit-gray.jpg\" alt=\"\" width=\"584\" height=\"775\" srcset=\"https:\/\/icwpredflag.org\/wp\/wordpress\/wps\/wp-content\/uploads\/sites\/2\/2024\/12\/SP-Get-Busy-edit-gray.jpg 584w, https:\/\/icwpredflag.org\/wp\/wordpress\/wps\/wp-content\/uploads\/sites\/2\/2024\/12\/SP-Get-Busy-edit-gray-226x300.jpg 226w\" sizes=\"auto, (max-width: 584px) 100vw, 584px\" \/><\/p>\n<h4><a href=\"https:\/\/icwpredflag.org\/wp\/wordpress\/wps\/volumen-15-numero-16\/\">Primera p\u00e1gina de esta edici\u00f3n<\/a><\/h4>\n","protected":false},"excerpt":{"rendered":"<p>14 de noviembre: Huelga de trabajadores contra los despidos de 107 trabajadores de la planta de ArcelorMittal en Sud\u00e1frica, al Sur de Johannesburgo. Funcionarios del Sindicato Nacional de Trabajadores Metal\u00fargicos de Sud\u00e1frica (NUMSA) suspendieron la huelga despu\u00e9s de seis d\u00edas, citando \u00abla grave situaci\u00f3n que enfrenta el negocio\u00bb. \u00bfY qu\u00e9 hay de la grave situaci\u00f3n &hellip; <a href=\"https:\/\/icwpredflag.org\/wp\/wordpress\/wps\/volumen-15-numero-16\/sudafrica-el-comunismo-no-los-sindicatos-acabara-con-los-recortes-de-personal-y-la-esclavitud-asalariada\/\" class=\"more-link\">Sigue leyendo <span class=\"screen-reader-text\">Sud\u00e1frica: El Comunismo, No Los Sindicatos, Acabar\u00e1 Con Los Recortes de Personal y La Esclavitud Asalariada<\/span><\/a><\/p>\n","protected":false},"author":6,"featured_media":5655,"parent":12425,"menu_order":0,"comment_status":"closed","ping_status":"closed","template":"","meta":{"footnotes":""},"class_list":["post-12468","page","type-page","status-publish","has-post-thumbnail","hentry"],"_links":{"self":[{"href":"https:\/\/icwpredflag.org\/wp\/wordpress\/wps\/wp-json\/wp\/v2\/pages\/12468","targetHints":{"allow":["GET"]}}],"collection":[{"href":"https:\/\/icwpredflag.org\/wp\/wordpress\/wps\/wp-json\/wp\/v2\/pages"}],"about":[{"href":"https:\/\/icwpredflag.org\/wp\/wordpress\/wps\/wp-json\/wp\/v2\/types\/page"}],"author":[{"embeddable":true,"href":"https:\/\/icwpredflag.org\/wp\/wordpress\/wps\/wp-json\/wp\/v2\/users\/6"}],"replies":[{"embeddable":true,"href":"https:\/\/icwpredflag.org\/wp\/wordpress\/wps\/wp-json\/wp\/v2\/comments?post=12468"}],"version-history":[{"count":3,"href":"https:\/\/icwpredflag.org\/wp\/wordpress\/wps\/wp-json\/wp\/v2\/pages\/12468\/revisions"}],"predecessor-version":[{"id":12479,"href":"https:\/\/icwpredflag.org\/wp\/wordpress\/wps\/wp-json\/wp\/v2\/pages\/12468\/revisions\/12479"}],"up":[{"embeddable":true,"href":"https:\/\/icwpredflag.org\/wp\/wordpress\/wps\/wp-json\/wp\/v2\/pages\/12425"}],"wp:featuredmedia":[{"embeddable":true,"href":"https:\/\/icwpredflag.org\/wp\/wordpress\/wps\/wp-json\/wp\/v2\/media\/5655"}],"wp:attachment":[{"href":"https:\/\/icwpredflag.org\/wp\/wordpress\/wps\/wp-json\/wp\/v2\/media?parent=12468"}],"curies":[{"name":"wp","href":"https:\/\/api.w.org\/{rel}","templated":true}]}}