{"id":12520,"date":"2024-12-23T15:32:43","date_gmt":"2024-12-23T15:32:43","guid":{"rendered":"https:\/\/icwpredflag.org\/wp\/wordpress\/wps\/?page_id=12520"},"modified":"2024-12-23T15:33:43","modified_gmt":"2024-12-23T15:33:43","slug":"la-lucha-comunista-cambiara-la-sociedad-y-la-naturaleza-humana","status":"publish","type":"page","link":"https:\/\/icwpredflag.org\/wp\/wordpress\/wps\/volumen-15-numero-17\/la-lucha-comunista-cambiara-la-sociedad-y-la-naturaleza-humana\/","title":{"rendered":"La Lucha Comunista Cambiar\u00e1 la Sociedad y la Naturaleza Humana"},"content":{"rendered":"<p><img loading=\"lazy\" decoding=\"async\" class=\"aligncenter wp-image-12497\" src=\"https:\/\/icwpredflag.org\/wp\/wordpress\/wps\/wp-content\/uploads\/sites\/2\/2024\/12\/crhn.jpg\" alt=\"\" width=\"526\" height=\"755\" srcset=\"https:\/\/icwpredflag.org\/wp\/wordpress\/wps\/wp-content\/uploads\/sites\/2\/2024\/12\/crhn.jpg 266w, https:\/\/icwpredflag.org\/wp\/wordpress\/wps\/wp-content\/uploads\/sites\/2\/2024\/12\/crhn-209x300.jpg 209w\" sizes=\"auto, (max-width: 526px) 100vw, 526px\" \/><\/p>\n<p style=\"text-align: justify;\"><strong>De 1966 a 1976, la Revoluci\u00f3n Cultural China adopt\u00f3 el lema: \u201cCriticar a fondo la \u2018teor\u00eda de la naturaleza humana\u2019 de las clases terratenientes y capitalistas\u201d. Millones de personas en las f\u00e1bricas y en los colectivos agr\u00edcolas lucharon para que esto formara parte de la l\u00ednea del Partido Comunista Chino<\/strong><\/p>\n<p style=\"text-align: justify;\">SEATTLE (EE. UU.), 15 de diciembre\u2014 <strong>\u201c\u00bfEs capaz la clase obrera internacional de hacer una revoluci\u00f3n comunista?\u201d Esta es una pregunta importante con los trabajadores con los que hablamos.<\/strong><\/p>\n<p style=\"text-align: justify;\">La reciente huelga de Boeing aqu\u00ed dur\u00f3 casi ocho semanas. Durante este tiempo, los camaradas del PCOI plantearon muchas ideas revolucionarias en la fuerza laboral joven y diversa y los jubilados de tercera edad. Incluso despu\u00e9s de que termin\u00f3 la huelga, estos debates siguen extendi\u00e9ndose entre muchos m\u00e1s de nuestros amigos.<\/p>\n<p style=\"text-align: justify;\">Desde la huelga, amigos y camaradas han debatido si la \u201cnaturaleza humana\u201d sabotear\u00eda la lucha comunista. Algunos est\u00e1n leyendo secciones de Pan rojo. Este libro, escrito en 1931, reporta sobre la campa\u00f1a para crear las granjas colectivas comunistas despu\u00e9s de la Revoluci\u00f3n rusa y c\u00f3mo esta condujo a una nueva visi\u00f3n de la naturaleza humana. El ego\u00edsmo comenz\u00f3 a ceder ante el bien com\u00fan.<\/p>\n<p style=\"text-align: justify;\"><strong>Dos cap\u00edtulos se destacan<\/strong>. Uno describe c\u00f3mo un terrateniente antes de la revoluci\u00f3n sovi\u00e9tica decidi\u00f3 ingresar a una granja colectiva en un pueblo ruso. Cuando le preguntaron por qu\u00e9 renunci\u00f3 a su propiedad para convertirse en pastor en la colectividad, explic\u00f3 c\u00f3mo hab\u00eda cambiado su visi\u00f3n de la naturaleza humana.<\/p>\n<p style=\"text-align: justify;\">\u201c\u00bfPor qu\u00e9?\u201d, pregunt\u00f3, \u201c\u00bfdeber\u00eda un hombre disfrutar de cosas que su vecino no tiene? En los viejos tiempos, si un hombre me hubiera planteado una pregunta as\u00ed, lo habr\u00eda considerado un tonto sin remedio o un loco. Me criaron con la idea de que algunas personas son mejores que otras y, por lo tanto, tienen derecho a mejores cosas. Estas desigualdades son err\u00f3neas, desesperadamente, brutalmente err\u00f3neas\u201d, concluy\u00f3.<\/p>\n<p style=\"text-align: justify;\">En el siguiente cap\u00edtulo, el autor, Maurice Hindus, recibe clases de Vera, una lechera de 18 a\u00f1os de otra colectividad. Hindus es esc\u00e9ptico respecto al comunismo. La desaf\u00eda a que examine cuidadosamente todo lo que cree. La provoca con una lista de ropa elegante que supuestamente usan los adolescentes estadounidenses.<\/p>\n<p style=\"text-align: justify;\"><strong>Vera pregunta cu\u00e1l es el prop\u00f3sito social de estas adolescentes.<\/strong> \u201c\u00bfCu\u00e1l es el objetivo de sus vidas? \u00bfNo tienen nada fuera de s\u00ed mismas por que vivir, algo para la sociedad, para las masas?\u201d Ella concluye: \u201c\u00bfVivir s\u00f3lo para m\u00ed? Nunca\u201d.<\/p>\n<p style=\"text-align: justify;\">A algunos amigos que leyeron este cap\u00edtulo les result\u00f3 dif\u00edcil creer que una joven de 18 a\u00f1os pudiera aferrarse tan diligentemente al bien colectivo y rechazar el individualismo con tanta vehemencia.<\/p>\n<p style=\"text-align: justify;\">Pero la \u201cnaturaleza humana\u201d cambia de acuerdo con el sistema de gobierno. Lo que se considera naturaleza humana se ve muy diferente en el comunismo que en el capitalismo. Actualmente s\u00f3lo tenemos una amplia experiencia cotidiana de la naturaleza humana en el capitalismo, el sistema bajo el cual luchamos. Aun as\u00ed, tenemos muchos ejemplos de c\u00f3mo la gente vive valores comunistas. Esto nos da una base para entender que la naturaleza humana ser\u00e1 diferente cuando vivamos en colectividad y el compartir comunistas.<\/p>\n<p style=\"text-align: justify;\"><strong>En el comunismo, la esclavitud asalariada ser\u00e1 abolida.<\/strong> La sociedad promover\u00e1 el trabajo por el bien com\u00fan, no para la explotaci\u00f3n y las ganancias para los capitalistas. Los cambios sociales, como el trabajo colectivo para satisfacer las necesidades internacionales de la clase obrera, crear\u00e1n una nueva \u201cnaturaleza humana\u201d en las masas.<\/p>\n<p style=\"text-align: justify;\">Un ejemplo: en Gaza, las condiciones son indescriptiblemente duras, y podr\u00edamos esperar ver lo peor de la \u201cnaturaleza humana\u201d. Pero ha ocurrido todo lo contrario.<\/p>\n<p style=\"text-align: justify;\">En Rafah, una ni\u00f1a qued\u00f3 atrapada entre los escombros de un bombardeo. Cuando finalmente la rescataron, estaba mareada, desorientada y deshidratada. Aunque la gente solo recib\u00eda una comida cada dos d\u00edas y un litro de agua para varios d\u00edas, ni\u00f1os y adultos hac\u00edan cola para donar agua para lavarla. La gente dejaba de comer para ella que no pasara hambre ni sed. Este era el amor nutricional de la humanidad.<\/p>\n<p style=\"text-align: justify;\">Ahora y en el futuro, haciendo trabajo colectivo comunista cambia la \u201cnaturaleza humana\u201d para mejor. \u00a1\u00danete al PCOI para ser parte de ese cambio y ayudar a construir un futuro comunista para toda la clase obrera!<\/p>\n<p style=\"text-align: center;\"><strong>Lee Nuestra Serie Sobre: <\/strong><\/p>\n<p style=\"text-align: center;\"><strong>La Historia De La Gran Revoluci\u00f3n Cultural Proletaria China <a href=\"https:\/\/icwpredflag.org\/wp\/wordpress\/wps\/otros-folletos-y-series-de-articulos\/istoria\/\"><span style=\"color: #ff0000;\">Aqu\u00ed<\/span><\/a><\/strong><\/p>\n<h4><a href=\"https:\/\/icwpredflag.org\/wp\/wordpress\/wps\/volumen-15-numero-17\/\">Primera p\u00e1gina de esta edici\u00f3n<\/a><\/h4>\n","protected":false},"excerpt":{"rendered":"<p>De 1966 a 1976, la Revoluci\u00f3n Cultural China adopt\u00f3 el lema: \u201cCriticar a fondo la \u2018teor\u00eda de la naturaleza humana\u2019 de las clases terratenientes y capitalistas\u201d. Millones de personas en las f\u00e1bricas y en los colectivos agr\u00edcolas lucharon para que esto formara parte de la l\u00ednea del Partido Comunista Chino SEATTLE (EE. UU.), 15 de &hellip; <a href=\"https:\/\/icwpredflag.org\/wp\/wordpress\/wps\/volumen-15-numero-17\/la-lucha-comunista-cambiara-la-sociedad-y-la-naturaleza-humana\/\" class=\"more-link\">Sigue leyendo <span class=\"screen-reader-text\">La Lucha Comunista Cambiar\u00e1 la Sociedad y la Naturaleza Humana<\/span><\/a><\/p>\n","protected":false},"author":6,"featured_media":5655,"parent":12490,"menu_order":0,"comment_status":"closed","ping_status":"closed","template":"","meta":{"footnotes":""},"class_list":["post-12520","page","type-page","status-publish","has-post-thumbnail","hentry"],"_links":{"self":[{"href":"https:\/\/icwpredflag.org\/wp\/wordpress\/wps\/wp-json\/wp\/v2\/pages\/12520","targetHints":{"allow":["GET"]}}],"collection":[{"href":"https:\/\/icwpredflag.org\/wp\/wordpress\/wps\/wp-json\/wp\/v2\/pages"}],"about":[{"href":"https:\/\/icwpredflag.org\/wp\/wordpress\/wps\/wp-json\/wp\/v2\/types\/page"}],"author":[{"embeddable":true,"href":"https:\/\/icwpredflag.org\/wp\/wordpress\/wps\/wp-json\/wp\/v2\/users\/6"}],"replies":[{"embeddable":true,"href":"https:\/\/icwpredflag.org\/wp\/wordpress\/wps\/wp-json\/wp\/v2\/comments?post=12520"}],"version-history":[{"count":2,"href":"https:\/\/icwpredflag.org\/wp\/wordpress\/wps\/wp-json\/wp\/v2\/pages\/12520\/revisions"}],"predecessor-version":[{"id":12522,"href":"https:\/\/icwpredflag.org\/wp\/wordpress\/wps\/wp-json\/wp\/v2\/pages\/12520\/revisions\/12522"}],"up":[{"embeddable":true,"href":"https:\/\/icwpredflag.org\/wp\/wordpress\/wps\/wp-json\/wp\/v2\/pages\/12490"}],"wp:featuredmedia":[{"embeddable":true,"href":"https:\/\/icwpredflag.org\/wp\/wordpress\/wps\/wp-json\/wp\/v2\/media\/5655"}],"wp:attachment":[{"href":"https:\/\/icwpredflag.org\/wp\/wordpress\/wps\/wp-json\/wp\/v2\/media?parent=12520"}],"curies":[{"name":"wp","href":"https:\/\/api.w.org\/{rel}","templated":true}]}}