{"id":12596,"date":"2025-01-12T19:30:47","date_gmt":"2025-01-12T19:30:47","guid":{"rendered":"https:\/\/icwpredflag.org\/wp\/wordpress\/wps\/?page_id=12596"},"modified":"2025-01-14T00:56:49","modified_gmt":"2025-01-14T00:56:49","slug":"los-angeles-ee-uu-en-llamas-un-desastre-capitalista","status":"publish","type":"page","link":"https:\/\/icwpredflag.org\/wp\/wordpress\/wps\/volumen-16-numero-1\/los-angeles-ee-uu-en-llamas-un-desastre-capitalista\/","title":{"rendered":"Los \u00c1ngeles (EE. UU.) En Llamas: Un Desastre Capitalista"},"content":{"rendered":"<p style=\"text-align: center;\"><strong>Tormenta de Fuego en Los \u00c1ngeles <a class=\"icwp-emph\" href=\"#1\">aqu\u00ed \u2666<\/a> Presos en Primera L\u00ednea <a class=\"icwp-emph\" href=\"#2\">aqu\u00ed \u2666<\/a> Encarcelamiento Masivo Racista <a class=\"icwp-emph\" href=\"#3\">aqu\u00ed \u2666<\/a><\/strong><\/p>\n<p style=\"text-align: justify;\"><img loading=\"lazy\" decoding=\"async\" class=\"aligncenter size-full wp-image-12553\" src=\"https:\/\/icwpredflag.org\/wp\/wordpress\/wps\/wp-content\/uploads\/sites\/2\/2025\/01\/firpic.jpeg\" alt=\"\" width=\"743\" height=\"597\" srcset=\"https:\/\/icwpredflag.org\/wp\/wordpress\/wps\/wp-content\/uploads\/sites\/2\/2025\/01\/firpic.jpeg 743w, https:\/\/icwpredflag.org\/wp\/wordpress\/wps\/wp-content\/uploads\/sites\/2\/2025\/01\/firpic-300x241.jpeg 300w\" sizes=\"auto, (max-width: 743px) 100vw, 743px\" \/><br \/>\n<strong>La alcaldesa y el ayuntamiento de LA (Los \u00c1ngeles) recortaron el presupuesto de los Bomberos de LA en $23 millones para darle un aumento de $138 millones a la polic\u00eda de LA \u2013 \u00a1ESTO ES GUERRA DE CLASES!<\/strong><\/p>\n<h4 id=\"1\" style=\"text-align: center;\"><span style=\"color: #ff0000;\"><strong>Tormenta de Fuego en Los \u00c1ngeles: S\u00f3lo los Trabajadores Pueden Salvar a los Trabajadores<\/strong><\/span><\/h4>\n<p style=\"text-align: justify;\">CONDADO DE LOS \u00c1NGELES (EE. UU.), 9 de enero\u2014 \u201cLa gente se acercaba al Centro de Empleo de Pasadena y dec\u00eda: \u2018Esta es una donaci\u00f3n personal, s\u00f3lo quer\u00eda ayudar\u2019\u201d, inform\u00f3 una voluntaria.<\/p>\n<p style=\"text-align: justify;\">\u201cVi c\u00f3mo la gente est\u00e1 dispuesta a donar su tiempo y energ\u00eda para ayudar a personas que ni siquiera conocen\u201d, observ\u00f3.<\/p>\n<p style=\"text-align: justify;\">Tres grandes incendios y una serie de incendios m\u00e1s peque\u00f1os han obligado a m\u00e1s de 100,000 personas a abandonar sus hogares en los \u00faltimos dos d\u00edas. Las llamas han destruido miles de estructuras. Los grandes incendios est\u00e1n 0% contenidos.<\/p>\n<p style=\"text-align: justify;\">Los grupos de \u201cayuda mutua\u201d izquierdistas entraron en acci\u00f3n r\u00e1pidamente. Tan pronto como las autoridades anunciaron las ubicaciones de los centros de evacuaci\u00f3n, los voluntarios comenzaron a aparecer con suministros. Se dividieron en equipos para organizar la distribuci\u00f3n. Pero cuando lleg\u00f3 la Cruz Roja, expuls\u00f3 a los voluntarios que no se hab\u00edan registrado en su sitio web.<\/p>\n<p style=\"text-align: justify;\">\u00a1La clase dominante est\u00e1 aterrorizada de la idea de que las masas nos organicemos! \u201cSi diera mi opini\u00f3n sobre la Cruz Roja, ser\u00eda muy larga\u201d, escribi\u00f3 un amigo.<\/p>\n<p><strong>El Capitalismo Es Un Desastre Antinatural<\/strong><\/p>\n<p style=\"text-align: justify;\">Este no es un \u201cdesastre natural\u201d, sino un desastre capitalista. El af\u00e1n capitalista de maximizar las ganancias utilizando combustibles f\u00f3siles cre\u00f3 la actual crisis clim\u00e1tica.<\/p>\n<p style=\"text-align: justify;\">Enero sol\u00eda ser el pico de la temporada de lluvias, pero Los \u00c1ngeles ha recibido solo 0.16 pulgadas de lluvia en los \u00faltimos ocho meses. La lluvia del invierno pasado produjo una vegetaci\u00f3n exuberante que se sec\u00f3 en el caluroso verano y ahora alimenta los incendios.<\/p>\n<p style=\"text-align: justify;\">Los vientos secos \u201cSanta Ana\u201d que bajan del alto desierto sol\u00edan soplar a m\u00e1s de 64 km\/h. Ahora son huracanados, con r\u00e1fagas de m\u00e1s de 112 km\/h. y hasta 214 km\/h. bajando por los ca\u00f1ones.<\/p>\n<p style=\"text-align: justify;\">\u00bfY qu\u00e9 hacen los pol\u00edtiqueros capitalistas? El alcalde y el ayuntamiento de Los \u00c1ngeles recortaron el presupuesto de extinci\u00f3n de incendios en 23 millones de d\u00f3lares el a\u00f1o pasado. \u00a1Dieron a la polic\u00eda 126 millones de d\u00f3lares adicionales para aumentos salariales! Ahora no hay suficientes bomberos ni equipo ni agua.<\/p>\n<p style=\"text-align: justify;\">El gobierno federal est\u00e1 ofreciendo ayuda de FEMA. Hemos visto con el hurac\u00e1n Katrina y otros desastres c\u00f3mo gran parte de ese dinero es desviado en lugar de ayudar a los trabajadores m\u00e1s necesitados. Y ese dinero no es nada comparado con los miles de millones de d\u00f3lares que los gobernantes estadounidenses gastan para ayudar a los gobernantes fascistas de Israel y Ucrania a bombardear e incendiar en aras de obtener superganancias.<\/p>\n<p style=\"text-align: justify;\">El gobernador llam\u00f3 a la Guardia Nacional de California, pero \u00bfpara qu\u00e9? \u201cPara detener a los saqueadores\u201d. Lo mismo que la polic\u00eda. \u00bfPor qu\u00e9 meses antes no llamaron a la Guardia Nacional para limpiar la maleza peligrosa?<\/p>\n<p style=\"text-align: justify;\">Porque, como alguien public\u00f3 en un chat de las redes sociales de Ayuda Mutua, \u201csu papel siempre ha sido servir y proteger la propiedad y a los ricos\u201d.<\/p>\n<p style=\"text-align: justify;\">As\u00ed que fueron los trabajadores inmigrantes del Centro de Empleo de Pasadena quienes hoy organizaron y capacitaron a m\u00e1s de cincuenta voluntarios para cortar y limpiar ramas y \u00e1rboles ca\u00eddos. Otros adultos y sus hijos organizaron una avalancha de donaciones de alimentos, agua y ropa.<\/p>\n<p><strong>Los Comunistas del PCOI en la Lucha<\/strong><\/p>\n<p style=\"text-align: justify;\">Algunos camaradas del Partido Comunista Obrero Internacional visitaron un centro de evacuaci\u00f3n en un barrio obrero para distribuir literatura, hacer donaciones y hablar con la gente. Otros est\u00e1n participando con amigos en trabajos de socorro de base y compartiendo Bandera Roja con ellos. Algunos han ofrecido sus casas a los evacuados o a los que se quedaron sin hogar. Otros produjeron un volante comunista sobre los incendios y lo distribuyeron a los trabajadores del transporte p\u00fablico (MTA) junto con Bandera Roja. Algunos de nosotros conocemos a muchas personas que perdieron sus hogares.<\/p>\n<p style=\"text-align: justify;\">El lema \u201cs\u00f3lo el pueblo puede salvar al pueblo\u201d es cada vez m\u00e1s popular desde Quito hasta Los \u00c1ngeles. Pero \u00bfqui\u00e9nes son \u201cel pueblo\u201d? Debemos tener claro que se trata de una lucha de clases. La clase trabajadora debe liderar a las masas para salvarnos del desastroso dominio de la clase capitalista.<\/p>\n<p style=\"text-align: justify;\">Por supuesto que necesitamos la \u201cayuda mutua\u201d para salvarnos los unos a los otros de lo peor que el capitalismo nos arroja. Al mismo tiempo, necesitamos salvarnos del capitalismo mismo. Para organizar una lucha revolucionaria por el poder. Para construir una sociedad comunista basada en la \u201cayuda mutua\u201d, no en mercados. Para ganar un mundo organizado \u201cde todos seg\u00fan su capacidad y compromiso, para todos seg\u00fan sus necesidades\u201d.<\/p>\n<p style=\"text-align: justify;\">La organizaci\u00f3n de ayuda mutua m\u00e1s poderosa que podemos construir es el Partido Comunista Obrero Internacional. Por favor, \u00fanetenos y aporta tus ideas, tu energ\u00eda y tus habilidades.<\/p>\n<h4 style=\"text-align: center;\"><span id=\"2\" style=\"color: #ff0000;\"><strong>Presos en Primera L\u00ednea Combatiendo Incendios en California<\/strong><\/span><\/h4>\n<p style=\"text-align: justify;\">LOS \u00c1NGELES, 12 de enero\u2014 \u201cMi primo estuvo en un campamento de bomberos en 2009 cuando ten\u00eda 18 a\u00f1os y estaba encarcelado. \u00bfCrees que las masas son conscientes de que California ha estado utilizando mano de obra penitenciaria para combatir los incendios?\u201d, pregunt\u00f3 un camarada a otra. Estaban distribuyendo volantes en un supermercado y hablando con los trabajadores sobre la tormenta de incendios.<\/p>\n<p style=\"text-align: justify;\">\u201cNo creo que la gran mayor\u00eda de las masas est\u00e9n conscientes de esta explotaci\u00f3n\u201d, respondi\u00f3 ella.<\/p>\n<p style=\"text-align: justify;\">Las llamas est\u00e1n destruyendo el sur de California a niveles hist\u00f3ricos. Han consumido m\u00e1s de doce mil estructuras y amenazado las vidas de cientos de miles de personas.<\/p>\n<p style=\"text-align: justify;\">Esta tormenta de fuego ha expuesto nuestra vulnerabilidad masiva a los desastres inducidos por el clima creado por el capitalismo. Tambi\u00e9n ha expuesto la explotaci\u00f3n racista de muchos obreros combatiendo estos incendios. La mayor\u00eda de los que est\u00e1n en la primera l\u00ednea son presos que participan en el programa de campamento de bomberos del Departamento de Correcciones. Casi mil presos est\u00e1n en la primera l\u00ednea.<\/p>\n<p style=\"text-align: justify;\">Los prisioneros que se ofrecen como voluntarios arriesgan sus vidas por salarios que van desde apenas 16 a 74 centavos de d\u00f3lar la hora. Eso equivale a s\u00f3lo $5.80 al d\u00eda (110 rands, 499 rupias). Los presos que combaten incendios forestales tienen cuatro veces m\u00e1s probabilidades de sufrir lesiones que los bomberos profesionales. Sin embargo, se les trata como mano de obra barata en lugar de como individuos valiosos que merecen reconocimiento por su valent\u00eda.<\/p>\n<p style=\"text-align: justify;\">Adem\u00e1s, al cumplir sus condenas, se enfrentan a enormes obst\u00e1culos para conseguir empleo a pesar de su experiencia. Han sido entrenados por bomberos en habilidades que requieren inmenso valor, disciplina y trabajo en equipo. Pero esto rara vez se traduce en oportunidades profesionales debido a su condici\u00f3n de delincuentes convictos.<\/p>\n<p style=\"text-align: justify;\">\u00a1Qu\u00e9 hipocres\u00eda capitalista! Estados Unidos se prepara para inaugurar a un delincuente convicto como presidente de los Estados Unidos. Entonces, \u00bfpor qu\u00e9 un expreso no puede ser empleado como bombero?<\/p>\n<p style=\"text-align: justify;\"><strong>El Capitalismo Ha Fracasado: Necesitamos el Comunismo<\/strong><\/p>\n<p style=\"text-align: justify;\">Esta explotaci\u00f3n subraya los fallos sist\u00e9micos de un Estado capitalista que valora las ganancias por encima de las personas. Deja vulnerables tanto a las comunidades como a los prisioneros para que soporten el peso de una crisis evitable.<\/p>\n<p style=\"text-align: justify;\">Estos incendios podr\u00edan haberse evitado o minimizado si hace meses hubieran asignado recursos y mano de obra a la limpieza de la maleza, el mantenimiento de las l\u00edneas el\u00e9ctricas y otras medidas preventivas.<\/p>\n<p style=\"text-align: justify;\">Sin embargo, nuestra infraestructura capitalista prioriza las ganancias por encima de la prevenci\u00f3n. Asegura que la fuerza laboral se despliegue de manera reactiva en lugar de proactiva. En lugar de invertir en soluciones sostenibles, nos quedamos lidiando, a\u00f1o tras a\u00f1o, con desastres evitables.<\/p>\n<p style=\"text-align: justify;\">Un mundo comunista se guiar\u00e1 por principios de la equidad y el bienestar comunitario. La mano de obra se asignar\u00e1 no solo para combatir los incendios sino para prevenirlos. Aquellos que cometan actos antisociales contribuir\u00e1n a la sociedad de maneras que se les ense\u00f1\u00e9 habilidades \u00fatiles y foment\u00e9 la rehabilitaci\u00f3n. En cambio, el capitalismo perpet\u00faa ciclos de explotaci\u00f3n.<\/p>\n<p style=\"text-align: justify;\">Trabajadores en todo el mundo est\u00e1n despertando a la realidad de que NOSOTROS no tenemos a nadie m\u00e1s que nosotros. Luchemos por una sociedad que valore la vida humana y elimine el lucro, que invierta en prevenci\u00f3n, rehabilitaci\u00f3n y el bienestar colectivo. Podemos construir un mundo mejor, uno en el que nos cuidemos los unos a los otros y aseguremos de que nadie se quede atr\u00e1s.<\/p>\n<p style=\"text-align: justify;\"><em>De las cenizas de este sistema fallido, levant\u00e9monos juntos y forjemos una sociedad comunista enraizada en lucha y solidaridad.<\/em><\/p>\n<h4 id=\"3\" style=\"text-align: center;\"><span style=\"color: #ff0000;\"><strong>Encarcelamiento Masivo Racista: Una Caracter\u00edstica del Capitalismo Estadounidense en Decadencia<\/strong><\/span><\/h4>\n<p style=\"text-align: justify;\">En 1972, los gobernantes estadounidenses encarcelaron a menos de 300,000 personas. Ahora hay casi dos millones, poco menos del pico de 2.3 millones en 2008. Estados Unidos tiene el mayor n\u00famero de presos en el mundo.<\/p>\n<p style=\"text-align: justify;\">Una cuarta parte de esos prisioneros son latinos. Los prisioneros negros y blancos representan respectivamente alrededor del 30% de los prisioneros. Eso en un pa\u00eds donde los latinos son el 19% de la poblaci\u00f3n, los negros son el 14% y los blancos son el 59%. Los nativos americanos y nativos de Alaska son encarcelados a tasas casi tan altas como los trabajadores negros.<\/p>\n<p style=\"text-align: justify;\">Y solo uno de cada mill\u00f3n de prisioneros es rico. Las c\u00e1rceles, como todo en el capitalismo, son punta de lanza para atacar a toda la clase obrera.<\/p>\n<p style=\"text-align: justify;\">El brote de crecimiento comenz\u00f3 en la d\u00e9cada de 1970, con el declive a nivel mundial del poder\u00edo de EE. UU. despu\u00e9s de su derrota en Vietnam y el embargo petrolero de la OPEP. En los a\u00f1os 1980 y 1990 se aceler\u00f3 este proceso. Las f\u00e1bricas empezaron a cerrar en todo EE. UU. El desempleo masivo devast\u00f3 las comunidades obreras. La clase dominante record\u00f3 las rebeliones de obreros, soldados y marineros lideradas por obreros negros en los a\u00f1os 1960 y emprendi\u00f3 una estrategia de \u201cmartillo y piedra\u201d.<\/p>\n<p style=\"text-align: justify;\">Eso signific\u00f3 introducir coca\u00edna crack en las ciudades y una \u201cguerra contra las drogas\u201d centrada en arrestar a sus adictos. Una vigilancia policial agresiva racista en las grandes ciudades se enfoc\u00f3 en los barrios pobres negros y latinos. La polic\u00eda racista corrupta incrimin\u00f3 a j\u00f3venes negros y latinos. Los delincuentes no violentos fueron encarcelados. Las leyes de \u201ctres strikes\u201d significaron sentencias de prisi\u00f3n m\u00e1s largas, proyectos masivos de construcci\u00f3n de prisiones y una tremenda expansi\u00f3n de la explotaci\u00f3n laboral de los presos.<\/p>\n<p style=\"text-align: justify;\">Solo en California se construyeron veinte nuevas prisiones, que ahora est\u00e1n seriamente superpobladas. En particular, cada vez m\u00e1s hombres y muchachos negros y latinos son atrapados por el sistema penitenciario. Una forma de salir es ingresar a un escuadr\u00f3n de bomberos.<\/p>\n<h4 style=\"text-align: justify;\"><a href=\"https:\/\/icwpredflag.org\/wp\/wordpress\/wps\/volumen-16-numero-1\/\">Primera p\u00e1gina de esta edici\u00f3n<\/a><\/h4>\n","protected":false},"excerpt":{"rendered":"<p>Tormenta de Fuego en Los \u00c1ngeles aqu\u00ed \u2666 Presos en Primera L\u00ednea aqu\u00ed \u2666 Encarcelamiento Masivo Racista aqu\u00ed \u2666 La alcaldesa y el ayuntamiento de LA (Los \u00c1ngeles) recortaron el presupuesto de los Bomberos de LA en $23 millones para darle un aumento de $138 millones a la polic\u00eda de LA \u2013 \u00a1ESTO ES GUERRA &hellip; <a href=\"https:\/\/icwpredflag.org\/wp\/wordpress\/wps\/volumen-16-numero-1\/los-angeles-ee-uu-en-llamas-un-desastre-capitalista\/\" class=\"more-link\">Sigue leyendo <span class=\"screen-reader-text\">Los \u00c1ngeles (EE. UU.) En Llamas: Un Desastre Capitalista<\/span><\/a><\/p>\n","protected":false},"author":6,"featured_media":5655,"parent":12569,"menu_order":0,"comment_status":"closed","ping_status":"closed","template":"","meta":{"footnotes":""},"class_list":["post-12596","page","type-page","status-publish","has-post-thumbnail","hentry"],"_links":{"self":[{"href":"https:\/\/icwpredflag.org\/wp\/wordpress\/wps\/wp-json\/wp\/v2\/pages\/12596","targetHints":{"allow":["GET"]}}],"collection":[{"href":"https:\/\/icwpredflag.org\/wp\/wordpress\/wps\/wp-json\/wp\/v2\/pages"}],"about":[{"href":"https:\/\/icwpredflag.org\/wp\/wordpress\/wps\/wp-json\/wp\/v2\/types\/page"}],"author":[{"embeddable":true,"href":"https:\/\/icwpredflag.org\/wp\/wordpress\/wps\/wp-json\/wp\/v2\/users\/6"}],"replies":[{"embeddable":true,"href":"https:\/\/icwpredflag.org\/wp\/wordpress\/wps\/wp-json\/wp\/v2\/comments?post=12596"}],"version-history":[{"count":7,"href":"https:\/\/icwpredflag.org\/wp\/wordpress\/wps\/wp-json\/wp\/v2\/pages\/12596\/revisions"}],"predecessor-version":[{"id":12623,"href":"https:\/\/icwpredflag.org\/wp\/wordpress\/wps\/wp-json\/wp\/v2\/pages\/12596\/revisions\/12623"}],"up":[{"embeddable":true,"href":"https:\/\/icwpredflag.org\/wp\/wordpress\/wps\/wp-json\/wp\/v2\/pages\/12569"}],"wp:featuredmedia":[{"embeddable":true,"href":"https:\/\/icwpredflag.org\/wp\/wordpress\/wps\/wp-json\/wp\/v2\/media\/5655"}],"wp:attachment":[{"href":"https:\/\/icwpredflag.org\/wp\/wordpress\/wps\/wp-json\/wp\/v2\/media?parent=12596"}],"curies":[{"name":"wp","href":"https:\/\/api.w.org\/{rel}","templated":true}]}}