{"id":12600,"date":"2025-01-12T19:38:37","date_gmt":"2025-01-12T19:38:37","guid":{"rendered":"https:\/\/icwpredflag.org\/wp\/wordpress\/wps\/?page_id=12600"},"modified":"2025-01-12T19:38:37","modified_gmt":"2025-01-12T19:38:37","slug":"capitalismo-fomenta-el-bullying-el-comunismo-fomenta-relaciones-igualitarias-mutuas","status":"publish","type":"page","link":"https:\/\/icwpredflag.org\/wp\/wordpress\/wps\/volumen-16-numero-1\/capitalismo-fomenta-el-bullying-el-comunismo-fomenta-relaciones-igualitarias-mutuas\/","title":{"rendered":"Capitalismo Fomenta El Bullying; El Comunismo Fomenta Relaciones Igualitarias Mutuas"},"content":{"rendered":"<p><img loading=\"lazy\" decoding=\"async\" class=\"aligncenter wp-image-12567\" src=\"https:\/\/icwpredflag.org\/wp\/wordpress\/wps\/wp-content\/uploads\/sites\/2\/2025\/01\/sbull.jpg\" alt=\"\" width=\"505\" height=\"715\" srcset=\"https:\/\/icwpredflag.org\/wp\/wordpress\/wps\/wp-content\/uploads\/sites\/2\/2025\/01\/sbull.jpg 241w, https:\/\/icwpredflag.org\/wp\/wordpress\/wps\/wp-content\/uploads\/sites\/2\/2025\/01\/sbull-212x300.jpg 212w\" sizes=\"auto, (max-width: 505px) 100vw, 505px\" \/><\/p>\n<p><em>El profesor de historia de la escuela secundaria donde estudia Samuel se burla de \u00e9l en clase y le pone notas bajas sin motivo aparente. Cuando Samuel estuvo enfermo de bronquitis, el profesor le baj\u00f3 la nota por faltar a clase. Samuel se enfad\u00f3 mucho. No lleva mucho tiempo en Estados Unidos. Hablando con otros estudiantes, se enter\u00f3 de que el profesor tambi\u00e9n acosa a otros tambi\u00e9n. Despu\u00e9s de discutirlo, algunos alumnos est\u00e1n encontrando formas de defenderse mutuamente.<\/em><\/p>\n<p style=\"text-align: justify;\">El capitalismo y sus escuelas ense\u00f1an ideolog\u00edas divisorias: racismo, sexismo, nacionalismo, competencia, individualismo e ideas de \u201cnosotros contra ellos\u201d. El individualismo capitalista promueve un sentimiento de superioridad. Algunos adultos que han asimilado la cultura capitalista dan un trato desigual, tendencioso, racista o preferencial a algunos ni\u00f1os. Todos estos factores fomentan el bullying (acoso escolar).<\/p>\n<p style=\"text-align: justify;\">El bullying se ha convertido en una epidemia antisocial mundial. En EE. UU., m\u00e1s del 28% de los alumnos del 6\u00ba a 12\u00ba grado y m\u00e1s del 20% de los alumnos del 9\u00ba a 12\u00ba han sufrido bullying. Esto incluye insultos, empujones, palizas, peleas, comentarios sexistas, ciber- bullying y amenazas de da\u00f1o.<\/p>\n<p style=\"text-align: justify;\">El capitalismo se basa en la competencia. La cultura capitalista tambi\u00e9n. Los gobernantes quieren que los estudiantes compitan entre s\u00ed. Se anima a los estudiantes a despreciar a sus compa\u00f1eros en funci\u00f3n de su \u201craza\u201d, sexo, \u201cnacionalidad\u201d, estatus migratorio, \u201ccapacidad\u201d, competencia y habilidades sociales.<\/p>\n<p style=\"text-align: justify;\">Las escuelas capitalistas toman pocas o ninguna medida contra el bullying. Incluso culpan y castigan a las v\u00edctimas del bullying. Las escuelas existen para servir a los capitalistas, no a los trabajadores ni a los estudiantes.<\/p>\n<p style=\"text-align: justify;\">El maltrato severo por parte de los acosadores, y la negligencia a menudo despiadada de las escuelas, traumatizan a los acosados. Puede causar depresi\u00f3n y pensamientos suicidas, incluso suicidio. Estas tragedias pueden evitarse f\u00e1cilmente si otros hermanxs de clase se alzan colectivamente contra el bullying.<\/p>\n<p style=\"text-align: justify;\">Desafortunadamente, el individualismo capitalista nos ense\u00f1a a \u201cocuparnos de nuestros propios asuntos\u201d. Esto hace que el entorno sea ap\u00e1tico y est\u00e9 dividido. Como resultado, los espectadores presenciando el bullying a menudo no se enfrentan a los acosadores ni detienen los comportamientos mortales. Algunos incluso los fomentan.<\/p>\n<p style=\"text-align: justify;\">El individualismo es otra ideolog\u00eda mortal que impide que la clase obrera se una. Aunque el \u201cno te metas en lo que no te importa\u201d persiste y a menudo procede de los padres, hay estudiantes que se enfrentan a los acosadores y no se limitan a no meterse en lo que no les importa. Este rasgo de car\u00e1cter muestra un gran potencial para organizar, porque no s\u00f3lo son capaces de cuestionar el statu quo, sino de tomar acci\u00f3n.<\/p>\n<p style=\"text-align: justify;\">Las organizaciones anti- bullying mundiales condenan el bullying. Sin embargo, son organizaciones procapitalistas. Abogan por soluciones reformistas, como pedir a las escuelas que apliquen normas m\u00e1s estrictas contra el bullying. Aunque estas organizaciones tambi\u00e9n hablan de c\u00f3mo prevenir y detener el bullying, su lucha no se basa en el comunismo. No abordan ni pretenden desarraigar el sistema y sus ideas que fomentan comportamientos antisociales mortales.<\/p>\n<p style=\"text-align: justify;\">La verdadera soluci\u00f3n para acabar con el bullying y hacer el entorno m\u00e1s seguro no es confiar que autoridades escolares capitalistas castigar\u00e1n a los acosadores. Por el contrario, es movilizando a nuestros hermanxs de clase (acosadores y v\u00edctimas) para que se vean parte de la misma clase obrera que necesita liberarse. Los acosadores aprender\u00e1n nuevas formas de relacionarse con sus v\u00edctimas, para construir relaciones sociales comunistas igualitarias.<\/p>\n<p style=\"text-align: justify;\">Los antiguos acosadores pueden llegar a darse cuenta de que el bullying s\u00f3lo ayuda a la clase explotadora capitalista. Perjudica a todos los hermanos de la clase obrera. Los acosados no son meras v\u00edctimas; son luchadores. Pueden ayudar a dirigir a la clase obrera internacional en la lucha por la revoluci\u00f3n comunista contra el sistema capitalista y sus ideas que generan el bullying. Desarraigar el sistema capitalista y su competencia, el dinero, la esclavitud asalariada y la propiedad privada eliminar\u00e1 la base material que causa el bullying.<\/p>\n<p style=\"text-align: justify;\">El comunismo eliminar\u00e1 las clases y todas las divisiones capitalistas. En el nuevo mundo comunista, nadie recibir\u00e1 un trato sesgado o preferente por ser quien es. Nadie vivir\u00e1 mejor o peor que nadie.<\/p>\n<p style=\"text-align: justify;\"><strong>La colectividad, la cooperaci\u00f3n y las relaciones igualitarias mutuas ser\u00e1n la norma.<\/strong> Viviremos, trabajaremos y tomaremos decisiones juntos. Compartiremos los frutos de nuestro trabajo colectivo en funci\u00f3n de las necesidades de las masas.<\/p>\n<p style=\"text-align: justify;\">Camaradas, dondequiera que est\u00e9n, si son testigos de bullying, enfrenten valientemente al acosador\/a y ens\u00e9\u00f1enle pacientemente nuevos valores comunistas. Tambi\u00e9n se les puede ganar para que se unan a la lucha comunista revolucionaria contra el bullying y el capitalismo. <strong>\u00a1Tenemos un mundo que ganar!<\/strong><\/p>\n<p><img loading=\"lazy\" decoding=\"async\" class=\"aligncenter  wp-image-12550\" src=\"https:\/\/icwpredflag.org\/wp\/wordpress\/wps\/wp-content\/uploads\/sites\/2\/2025\/01\/chinfarm.jpeg\" alt=\"\" width=\"629\" height=\"384\" srcset=\"https:\/\/icwpredflag.org\/wp\/wordpress\/wps\/wp-content\/uploads\/sites\/2\/2025\/01\/chinfarm.jpeg 331w, https:\/\/icwpredflag.org\/wp\/wordpress\/wps\/wp-content\/uploads\/sites\/2\/2025\/01\/chinfarm-300x183.jpeg 300w\" sizes=\"auto, (max-width: 629px) 100vw, 629px\" \/><\/p>\n<p style=\"text-align: justify;\"><strong>Imagen de la Gran Revoluci\u00f3n Cultural Proletaria china muestra las relaciones igualitarias mutuas que construiremos en una sociedad comunista.<\/strong><\/p>\n<h4><a href=\"https:\/\/icwpredflag.org\/wp\/wordpress\/wps\/volumen-16-numero-1\/\">Primera p\u00e1gina de esta edici\u00f3n<\/a><\/h4>\n","protected":false},"excerpt":{"rendered":"<p>El profesor de historia de la escuela secundaria donde estudia Samuel se burla de \u00e9l en clase y le pone notas bajas sin motivo aparente. Cuando Samuel estuvo enfermo de bronquitis, el profesor le baj\u00f3 la nota por faltar a clase. Samuel se enfad\u00f3 mucho. No lleva mucho tiempo en Estados Unidos. Hablando con otros &hellip; <a href=\"https:\/\/icwpredflag.org\/wp\/wordpress\/wps\/volumen-16-numero-1\/capitalismo-fomenta-el-bullying-el-comunismo-fomenta-relaciones-igualitarias-mutuas\/\" class=\"more-link\">Sigue leyendo <span class=\"screen-reader-text\">Capitalismo Fomenta El Bullying; El Comunismo Fomenta Relaciones Igualitarias Mutuas<\/span><\/a><\/p>\n","protected":false},"author":6,"featured_media":5655,"parent":12569,"menu_order":0,"comment_status":"closed","ping_status":"closed","template":"","meta":{"footnotes":""},"class_list":["post-12600","page","type-page","status-publish","has-post-thumbnail","hentry"],"_links":{"self":[{"href":"https:\/\/icwpredflag.org\/wp\/wordpress\/wps\/wp-json\/wp\/v2\/pages\/12600","targetHints":{"allow":["GET"]}}],"collection":[{"href":"https:\/\/icwpredflag.org\/wp\/wordpress\/wps\/wp-json\/wp\/v2\/pages"}],"about":[{"href":"https:\/\/icwpredflag.org\/wp\/wordpress\/wps\/wp-json\/wp\/v2\/types\/page"}],"author":[{"embeddable":true,"href":"https:\/\/icwpredflag.org\/wp\/wordpress\/wps\/wp-json\/wp\/v2\/users\/6"}],"replies":[{"embeddable":true,"href":"https:\/\/icwpredflag.org\/wp\/wordpress\/wps\/wp-json\/wp\/v2\/comments?post=12600"}],"version-history":[{"count":2,"href":"https:\/\/icwpredflag.org\/wp\/wordpress\/wps\/wp-json\/wp\/v2\/pages\/12600\/revisions"}],"predecessor-version":[{"id":12602,"href":"https:\/\/icwpredflag.org\/wp\/wordpress\/wps\/wp-json\/wp\/v2\/pages\/12600\/revisions\/12602"}],"up":[{"embeddable":true,"href":"https:\/\/icwpredflag.org\/wp\/wordpress\/wps\/wp-json\/wp\/v2\/pages\/12569"}],"wp:featuredmedia":[{"embeddable":true,"href":"https:\/\/icwpredflag.org\/wp\/wordpress\/wps\/wp-json\/wp\/v2\/media\/5655"}],"wp:attachment":[{"href":"https:\/\/icwpredflag.org\/wp\/wordpress\/wps\/wp-json\/wp\/v2\/media?parent=12600"}],"curies":[{"name":"wp","href":"https:\/\/api.w.org\/{rel}","templated":true}]}}