{"id":12642,"date":"2025-02-02T23:29:35","date_gmt":"2025-02-02T23:29:35","guid":{"rendered":"https:\/\/icwpredflag.org\/wp\/wordpress\/wps\/?page_id=12642"},"modified":"2025-02-10T18:09:11","modified_gmt":"2025-02-10T18:09:11","slug":"volumen-16-numero-2","status":"publish","type":"page","link":"https:\/\/icwpredflag.org\/wp\/wordpress\/wps\/volumen-16-numero-2\/","title":{"rendered":"Volumen 16, N\u00famero 2"},"content":{"rendered":"<p style=\"text-align: center;\"><strong>Del 29 de enero al 19 de febrero de 2025<\/strong><\/p>\n<h4 style=\"text-align: center;\"><span style=\"color: #ff0000;\"><span class=\"s5\">Crece <\/span><span class=\"s5\">La Ira Contra El Capitalismo Fascista: Las Masas Necesitan <\/span><span class=\"s5\">El <\/span><span class=\"s5\">Comunismo, No <\/span><span class=\"s5\">Las <\/span><span class=\"s5\">Reformas<\/span><\/span><\/h4>\n<h4 style=\"text-align: center;\"><img loading=\"lazy\" decoding=\"async\" class=\"alignnone wp-image-12639\" src=\"https:\/\/icwpredflag.org\/wp\/wordpress\/wps\/wp-content\/uploads\/sites\/2\/2025\/01\/sysccri-300x120.jpg\" alt=\"\" width=\"650\" height=\"260\" srcset=\"https:\/\/icwpredflag.org\/wp\/wordpress\/wps\/wp-content\/uploads\/sites\/2\/2025\/01\/sysccri-300x120.jpg 300w, https:\/\/icwpredflag.org\/wp\/wordpress\/wps\/wp-content\/uploads\/sites\/2\/2025\/01\/sysccri.jpg 431w\" sizes=\"auto, (max-width: 650px) 100vw, 650px\" \/><\/h4>\n<p style=\"text-align: center;\"><strong>\u00abEl sistema est\u00e1 en crisis. Inquilinos contra el capitalismo del desastre\u00bb<\/strong><\/p>\n<p style=\"text-align: center;\"><strong>FOLLETO: <em>El Genocidio en Palestina Exige una Revoluci\u00f3n Comunista<\/em> <a class=\"icwp-emph\" href=\"https:\/\/icwpredflag.org\/wp\/wordpress\/wps\/wp-content\/uploads\/sites\/2\/2024\/03\/sgaza2.pdf\">aqu\u00ed<\/a><\/strong>, <strong><span style=\"color: #008000;\">En \u00e1rabe<\/span>:<\/strong> <a class=\"icwp-emph\" href=\"https:\/\/icwpredflag.org\/wp\/wordpress\/materials-in-other-languages\/in-arabic-%d8%a7%d9%84%d8%a5%d8%a8%d8%a7%d8%af%d8%a9-%d8%a7%d9%84%d8%ac%d9%85%d8%a7%d8%b9%d9%8a%d8%a9-%d9%81%d9%8a-%d8%ba%d8%b2%d8%a9-%d8%aa%d8%aa%d8%b7%d9%84%d8%a8-%d8%ab%d9%88%d8%b1%d8%a9-%d8%b4\/\">aqu\u00ed<\/a><\/p>\n<p style=\"text-align: center;\">\n<!-- Page-list plugin v.5.22 wordpress.org\/plugins\/page-list\/ -->\n<div class=\"page-list page-list-ext \">\n<div class=\"page-list-ext-item\"><div class=\"page-list-ext-image\"><a href=\"https:\/\/icwpredflag.org\/wp\/wordpress\/wps\/volumen-16-numero-2\/india-el-colectivo-comunista-de-obreros-automotrices-crece-en-medio-de-la-crisis-capitalista\/\" title=\"India: El colectivo Comunista de Obreros Automotrices Crece en Medio de La Crisis Capitalista\"><img decoding=\"async\" src=\"https:\/\/icwpredflag.org\/wp\/wordpress\/wps\/wp-content\/uploads\/sites\/2\/2025\/01\/hund.jpg\" width=\"150\" alt=\"India: El colectivo Comunista de Obreros Automotrices Crece en Medio de La Crisis Capitalista\" \/><\/a><\/div> <strong class=\"page-list-ext-title\"><a class=\"icwp-emph\" href=\"https:\/\/icwpredflag.org\/wp\/wordpress\/wps\/volumen-16-numero-2\/india-el-colectivo-comunista-de-obreros-automotrices-crece-en-medio-de-la-crisis-capitalista\/\" title=\"India: El colectivo Comunista de Obreros Automotrices Crece en Medio de La Crisis Capitalista\">India: El colectivo Comunista de Obreros Automotrices Crece en Medio de La Crisis Capitalista<\/a><\/strong><div class=\"page-list-ext-item-content\">El colectivo Comunista de Obreros Automotrices Crece \u2666  la Industria Automotriz Mundial Est\u00e1 en Crisis \u2666   \r\n\r\nIndia: El colectivo Comunista de Obreros Automotrices Crece   \r\nCHENNAI (India), 27 de ...<\/div><\/div>\n<div class=\"page-list-ext-item\"><div class=\"page-list-ext-image\"><a href=\"https:\/\/icwpredflag.org\/wp\/wordpress\/wps\/volumen-16-numero-2\/la-revolucion-comunista-no-el-nacionalismo-liberara-a-las-masas-palestinas\/\" title=\"La Revoluci\u00f3n Comunista, No El Nacionalismo, Liberar\u00e1 a Las Masas Palestinas\"><img decoding=\"async\" src=\"https:\/\/icwpredflag.org\/wp\/wordpress\/wps\/wp-content\/uploads\/sites\/2\/2025\/01\/cease.jpg\" width=\"150\" alt=\"La Revoluci\u00f3n Comunista, No El Nacionalismo, Liberar\u00e1 a Las Masas Palestinas\" \/><\/a><\/div> <strong class=\"page-list-ext-title\"><a class=\"icwp-emph\" href=\"https:\/\/icwpredflag.org\/wp\/wordpress\/wps\/volumen-16-numero-2\/la-revolucion-comunista-no-el-nacionalismo-liberara-a-las-masas-palestinas\/\" title=\"La Revoluci\u00f3n Comunista, No El Nacionalismo, Liberar\u00e1 a Las Masas Palestinas\">La Revoluci\u00f3n Comunista, No El Nacionalismo, Liberar\u00e1 a Las Masas Palestinas<\/a><\/strong><div class=\"page-list-ext-item-content\">El \u201cAlto al Fuego\u201d en Gaza no Acabar\u00e1 con el Genocidio \u2666  Gaza: Percepci\u00f3n, Pol\u00edtica y Genocidio Continuo \u2666  Soldados Israel\u00edes Se Nieguen a Servir en un Genocidio \u2666   \r\n\r\nEl \u201cAlto al Fuego\u201d ...<\/div><\/div>\n<div class=\"page-list-ext-item\"><div class=\"page-list-ext-image\"><a href=\"https:\/\/icwpredflag.org\/wp\/wordpress\/wps\/volumen-16-numero-2\/el-comunismo-acabara-con-las-deportaciones-fascistas-y-con-todas-las-fronteras\/\" title=\"El Comunismo Acabar\u00e1 Con Las Deportaciones Fascistas y Con Todas Las Fronteras\"><img decoding=\"async\" src=\"https:\/\/icwpredflag.org\/wp\/wordpress\/wp-content\/uploads\/2025\/02\/sanjose.jpg\" width=\"150\" alt=\"El Comunismo Acabar\u00e1 Con Las Deportaciones Fascistas y Con Todas Las Fronteras\" \/><\/a><\/div> <strong class=\"page-list-ext-title\"><a class=\"icwp-emph\" href=\"https:\/\/icwpredflag.org\/wp\/wordpress\/wps\/volumen-16-numero-2\/el-comunismo-acabara-con-las-deportaciones-fascistas-y-con-todas-las-fronteras\/\" title=\"El Comunismo Acabar\u00e1 Con Las Deportaciones Fascistas y Con Todas Las Fronteras\">El Comunismo Acabar\u00e1 Con Las Deportaciones Fascistas y Con Todas Las Fronteras<\/a><\/strong><div class=\"page-list-ext-item-content\">Protestan Contra Las Deportaciones Racistas \u2666  S\u00f3lo La Revoluci\u00f3n Comunista Acabar\u00e1 Con Las Deportaciones y Todas Las Fronteras \u2666  Los Capitalistas Nos Necesitan, Pero No Necesitamos a Los Ca...<\/div><\/div>\n<div class=\"page-list-ext-item\"><div class=\"page-list-ext-image\"><a href=\"https:\/\/icwpredflag.org\/wp\/wordpress\/wps\/volumen-16-numero-2\/tormentas-de-fuego-en-los-angeles-solo-lxs-trabajadorxs-pueden-salvar-a-lxs-trabajadorxs-del-capitalismo\/\" title=\"Tormentas de Fuego en Los \u00c1ngeles: Solo Lxs Trabajadorxs Pueden Salvar a Lxs Trabajadorxs del Capitalismo\"><img decoding=\"async\" src=\"https:\/\/icwpredflag.org\/wp\/wordpress\/wps\/wp-content\/uploads\/sites\/2\/2025\/01\/pasajob.jpg\" width=\"150\" alt=\"Tormentas de Fuego en Los \u00c1ngeles: Solo Lxs Trabajadorxs Pueden Salvar a Lxs Trabajadorxs del Capitalismo\" \/><\/a><\/div> <strong class=\"page-list-ext-title\"><a class=\"icwp-emph\" href=\"https:\/\/icwpredflag.org\/wp\/wordpress\/wps\/volumen-16-numero-2\/tormentas-de-fuego-en-los-angeles-solo-lxs-trabajadorxs-pueden-salvar-a-lxs-trabajadorxs-del-capitalismo\/\" title=\"Tormentas de Fuego en Los \u00c1ngeles: Solo Lxs Trabajadorxs Pueden Salvar a Lxs Trabajadorxs del Capitalismo\">Tormentas de Fuego en Los \u00c1ngeles: Solo Lxs Trabajadorxs Pueden Salvar a Lxs Trabajadorxs del Capitalismo<\/a><\/strong><div class=\"page-list-ext-item-content\">Solo Lxs Trabajadorxs Pueden Salvar a Lxs Trabajadorxs \u2666  El Comunismo En Acci\u00f3n \u2666   \r\n\r\nLos \u00c1ngeles en Llamas: Solo Lxs Trabajadorxs Pueden Salvar a Lxs Trabajadorxs   \r\nLOS \u00c1NGELES (EE. UU....<\/div><\/div>\n<div class=\"page-list-ext-item\"><div class=\"page-list-ext-image\"><a href=\"https:\/\/icwpredflag.org\/wp\/wordpress\/wps\/volumen-16-numero-2\/organizando-a-lxs-soldadxs-para-la-revolucion-comunista-en-el-salvador-ee-uu\/\" title=\"Organizando a Lxs Soldadxs Para La Revoluci\u00f3n Comunista En El Salvador, EE.UU.\"><img decoding=\"async\" src=\"https:\/\/icwpredflag.org\/wp\/wordpress\/wps\/wp-content\/uploads\/sites\/2\/2025\/01\/elsalgue.jpg\" width=\"150\" alt=\"Organizando a Lxs Soldadxs Para La Revoluci\u00f3n Comunista En El Salvador, EE.UU.\" \/><\/a><\/div> <strong class=\"page-list-ext-title\"><a class=\"icwp-emph\" href=\"https:\/\/icwpredflag.org\/wp\/wordpress\/wps\/volumen-16-numero-2\/organizando-a-lxs-soldadxs-para-la-revolucion-comunista-en-el-salvador-ee-uu\/\" title=\"Organizando a Lxs Soldadxs Para La Revoluci\u00f3n Comunista En El Salvador, EE.UU.\">Organizando a Lxs Soldadxs Para La Revoluci\u00f3n Comunista En El Salvador, EE.UU.<\/a><\/strong><div class=\"page-list-ext-item-content\">Trabajo Comunista En El Ej\u00e9rcito: Controversial Pero Esencial \u2666  Apoyando a Gaza desde otros lugares \u2666   \r\n\r\nEL SALVADOR\u2014 Mujeres guerrilleras durante la Guerra Civil 1980. Clase trabajadora base del...<\/div><\/div>\n<div class=\"page-list-ext-item\"><div class=\"page-list-ext-image\"><a href=\"https:\/\/icwpredflag.org\/wp\/wordpress\/wps\/volumen-16-numero-2\/la-crisis-climatica-capitalista-detras-de-las-tormentas-de-fuego-en-los-angeles-la-necesidad-candente-de-la-revolucion-comunista\/\" title=\"La Crisis Clim\u00e1tica Capitalista Detr\u00e1s de las Tormentas de Fuego en Los \u00c1ngeles: La Necesidad Candente de la Revoluci\u00f3n Comunista\"><img decoding=\"async\" src=\"https:\/\/icwpredflag.org\/wp\/wordpress\/wps\/wp-content\/uploads\/sites\/2\/2025\/01\/gazalta.jpg\" width=\"150\" alt=\"La Crisis Clim\u00e1tica Capitalista Detr\u00e1s de las Tormentas de Fuego en Los \u00c1ngeles: La Necesidad Candente de la Revoluci\u00f3n Comunista\" \/><\/a><\/div> <strong class=\"page-list-ext-title\"><a class=\"icwp-emph\" href=\"https:\/\/icwpredflag.org\/wp\/wordpress\/wps\/volumen-16-numero-2\/la-crisis-climatica-capitalista-detras-de-las-tormentas-de-fuego-en-los-angeles-la-necesidad-candente-de-la-revolucion-comunista\/\" title=\"La Crisis Clim\u00e1tica Capitalista Detr\u00e1s de las Tormentas de Fuego en Los \u00c1ngeles: La Necesidad Candente de la Revoluci\u00f3n Comunista\">La Crisis Clim\u00e1tica Capitalista Detr\u00e1s de las Tormentas de Fuego en Los \u00c1ngeles: La Necesidad Candente de la Revoluci\u00f3n Comunista<\/a><\/strong><div class=\"page-list-ext-item-content\">\r\nEE. UU, 25 de enero\u2014 El lunes pasado, los residentes de Los \u00c1ngeles, agotados por el cansancio, intentaban desesperadamente averiguar d\u00f3nde vivir, c\u00f3mo comer, d\u00f3nde encontrar trabajo, mientras lucha...<\/div><\/div>\n<div class=\"page-list-ext-item\"><div class=\"page-list-ext-image\"><a href=\"https:\/\/icwpredflag.org\/wp\/wordpress\/wps\/volumen-16-numero-2\/bomberos-presos-en-primera-linea-la-superexplotacion-racista-del-capitalismo\/\" title=\"Bomberos Presos En Primera L\u00ednea: La Superexplotaci\u00f3n Racista Del Capitalismo\"><img decoding=\"async\" src=\"https:\/\/icwpredflag.org\/wp\/wordpress\/wps\/wp-content\/uploads\/sites\/2\/2025\/01\/firefgt.jpg\" width=\"150\" alt=\"Bomberos Presos En Primera L\u00ednea: La Superexplotaci\u00f3n Racista Del Capitalismo\" \/><\/a><\/div> <strong class=\"page-list-ext-title\"><a class=\"icwp-emph\" href=\"https:\/\/icwpredflag.org\/wp\/wordpress\/wps\/volumen-16-numero-2\/bomberos-presos-en-primera-linea-la-superexplotacion-racista-del-capitalismo\/\" title=\"Bomberos Presos En Primera L\u00ednea: La Superexplotaci\u00f3n Racista Del Capitalismo\">Bomberos Presos En Primera L\u00ednea: La Superexplotaci\u00f3n Racista Del Capitalismo<\/a><\/strong><div class=\"page-list-ext-item-content\">Los Presos en el Frente de la Tormenta de Fuego de California \u2666  Encarcelamiento Masivo Racista \u2666  Ucrania a Los \u00c1ngeles: Los Capitalistas Utilizan a Los Presos para Luchar por los Ricos \u2666...<\/div><\/div>\n<div class=\"page-list-ext-item\"><div class=\"page-list-ext-image\"><a href=\"https:\/\/icwpredflag.org\/wp\/wordpress\/wps\/volumen-16-numero-2\/tiktok-prohibido-y-disponible-en-los-ee-uu-en-12-horas-que-pasa\/\" title=\"TikTok Prohibido y Disponible en los EE. UU. en 12 Horas. \u00bfQu\u00e9 Pasa?\"><img decoding=\"async\" src=\"https:\/\/icwpredflag.org\/wp\/wordpress\/wp-content\/uploads\/2025\/02\/tiktok.jpg\" width=\"150\" alt=\"TikTok Prohibido y Disponible en los EE. UU. en 12 Horas. \u00bfQu\u00e9 Pasa?\" \/><\/a><\/div> <strong class=\"page-list-ext-title\"><a class=\"icwp-emph\" href=\"https:\/\/icwpredflag.org\/wp\/wordpress\/wps\/volumen-16-numero-2\/tiktok-prohibido-y-disponible-en-los-ee-uu-en-12-horas-que-pasa\/\" title=\"TikTok Prohibido y Disponible en los EE. UU. en 12 Horas. \u00bfQu\u00e9 Pasa?\">TikTok Prohibido y Disponible en los EE. UU. en 12 Horas. \u00bfQu\u00e9 Pasa?<\/a><\/strong><div class=\"page-list-ext-item-content\">\r\n\"Quieren quitarnos nuestro Tik Tok\", dijeron los estudiantes. Unos d\u00edas despu\u00e9s dijeron: \"S\u00ed, recuperamos nuestro Tik Tok\" \"S\u00ed, pero no es tan simple. Sigue siendo parte de un intento general de con...<\/div><\/div>\n<div class=\"page-list-ext-item\"><div class=\"page-list-ext-image\"><a href=\"https:\/\/icwpredflag.org\/wp\/wordpress\/wps\/volumen-16-numero-2\/los-gobernantes-fascistas-chinos-silencian-a-los-antifascistas-en-preparacion-para-la-tercera-guerra-mundial\/\" title=\"Los Gobernantes Fascistas Chinos Silencian a Los Antifascistas En Preparaci\u00f3n Para La Tercera Guerra Mundial\"><img decoding=\"async\" src=\"https:\/\/icwpredflag.org\/wp\/wordpress\/wps\/wp-content\/uploads\/sites\/2\/2025\/02\/destrcap.jpeg\" width=\"150\" alt=\"Los Gobernantes Fascistas Chinos Silencian a Los Antifascistas En Preparaci\u00f3n Para La Tercera Guerra Mundial\" \/><\/a><\/div> <strong class=\"page-list-ext-title\"><a class=\"icwp-emph\" href=\"https:\/\/icwpredflag.org\/wp\/wordpress\/wps\/volumen-16-numero-2\/los-gobernantes-fascistas-chinos-silencian-a-los-antifascistas-en-preparacion-para-la-tercera-guerra-mundial\/\" title=\"Los Gobernantes Fascistas Chinos Silencian a Los Antifascistas En Preparaci\u00f3n Para La Tercera Guerra Mundial\">Los Gobernantes Fascistas Chinos Silencian a Los Antifascistas En Preparaci\u00f3n Para La Tercera Guerra Mundial<\/a><\/strong><div class=\"page-list-ext-item-content\">\r\nEn los \u00faltimos a\u00f1os, bajo la dictadura fascista de Xi Jinping, la xenofobia racista contra los trabajadores del mundo se ha intensificado. Cada vez se est\u00e1 normalizando. \r\nMuchos nacionalistas en l\u00ed...<\/div><\/div>\n<div class=\"page-list-ext-item\"><div class=\"page-list-ext-image\"><a href=\"https:\/\/icwpredflag.org\/wp\/wordpress\/wps\/volumen-16-numero-2\/cartas-construyendo-el-pcoi-frente-al-fascismo\/\" title=\"Cartas: Construyendo El PCOI Frente al Fascismo\"><img decoding=\"async\" src=\"https:\/\/icwpredflag.org\/wp\/wordpress\/wps\/wp-content\/uploads\/sites\/2\/2025\/01\/seatmlk.jpg\" width=\"150\" alt=\"Cartas: Construyendo El PCOI Frente al Fascismo\" \/><\/a><\/div> <strong class=\"page-list-ext-title\"><a class=\"icwp-emph\" href=\"https:\/\/icwpredflag.org\/wp\/wordpress\/wps\/volumen-16-numero-2\/cartas-construyendo-el-pcoi-frente-al-fascismo\/\" title=\"Cartas: Construyendo El PCOI Frente al Fascismo\">Cartas: Construyendo El PCOI Frente al Fascismo<\/a><\/strong><div class=\"page-list-ext-item-content\">La L\u00ednea Partidaria Debe Evolucionar para Responder al Fascismo \u2666  Aprendamos M\u00e1s de la Historia del Partido en Boeing \u2666   \r\n\r\nSEATTLE (EE. UU.), 20 de enero\u20145,000 personas se manifestaron y se cong...<\/div><\/div>\n<div class=\"page-list-ext-item\"><div class=\"page-list-ext-image\"><a href=\"https:\/\/icwpredflag.org\/wp\/wordpress\/wps\/volumen-16-numero-2\/cartas-inspiradora-conferencia-comunista-internacional-el-sistema-de-salud-medico-de-ee-uu\/\" title=\"Cartas: Inspiradora Conferencia Comunista Internacional; El Sistema de Salud M\u00e9dico de EE. UU.\"><img decoding=\"async\" src=\"https:\/\/icwpredflag.org\/wp\/wordpress\/wp-content\/uploads\/2025\/02\/centralAmericaConference.jpg\" width=\"150\" alt=\"Cartas: Inspiradora Conferencia Comunista Internacional; El Sistema de Salud M\u00e9dico de EE. UU.\" \/><\/a><\/div> <strong class=\"page-list-ext-title\"><a class=\"icwp-emph\" href=\"https:\/\/icwpredflag.org\/wp\/wordpress\/wps\/volumen-16-numero-2\/cartas-inspiradora-conferencia-comunista-internacional-el-sistema-de-salud-medico-de-ee-uu\/\" title=\"Cartas: Inspiradora Conferencia Comunista Internacional; El Sistema de Salud M\u00e9dico de EE. UU.\">Cartas: Inspiradora Conferencia Comunista Internacional; El Sistema de Salud M\u00e9dico de EE. UU.<\/a><\/strong><div class=\"page-list-ext-item-content\">Saludos desde M\u00e9xico \u2666  Creciendo Pol\u00edticamente en El Salvador \u2666  El Sistema de \u201cSalud M\u00e9dico\u201d Nos Est\u00e1 Matando \u2666   \r\n\r\nUn C\u00e1lido Saludo Desde M\u00e9xico   \r\nMe gustar\u00eda compartir mi agrade...<\/div><\/div>\n\n<\/div><\/p>\n<ul>\n<li><a class=\"icwp-emph\" href=\"https:\/\/icwpredflag.org\/wp\/wordpress\/wps\/wp-content\/uploads\/sites\/2\/2025\/01\/BR021925.pdf\">Esta edici\u00f3n en PDF<\/a><\/li>\n<li><a class=\"icwp-emph\" href=\"https:\/\/icwpredflag.org\/wp\/wordpress\/wps\/volumen-16-numero-1\/\">La edici\u00f3n anterior<\/a><\/li>\n<li><a class=\"icwp-emph\" href=\"https:\/\/icwpredflag.org\/wp\/wordpress\/wps\/wp-content\/uploads\/sites\/2\/2023\/06\/nahels.pdf\">Francia: Masas se Rebelan Contra Terror Racista Policiaco<\/a><\/li>\n<li><a class=\"icwp-emph\" href=\"https:\/\/icwpredflag.org\/wp\/wordpress\/wps\/otros-folletos-y-series-de-articulos\/crisis-de-ucrania\/\">Crisis de Ucrania aqui<\/a><\/li>\n<li><a class=\"icwp-emph\" href=\"https:\/\/icwpredflag.org\/wp\/wordpress\/wps\/wp-content\/uploads\/sites\/2\/2021\/09\/SUPmassProtests.pdf\">India: Granjeros Luchan Masivamente Contra el Terror Fascista Capitalista<\/a><\/li>\n<li><a class=\"icwp-emph\" href=\"https:\/\/www.youtube.com\/watch?v=1bCY0PFqIqY\">El video posterior al Primero de Mayo destaca el potencial de crecimiento del PCOI en todo el mundo<\/a><\/li>\n<li><a class=\"icwp-emph\" href=\"http:\/\/icwpredflag.org\/wp\/wordpress\/wps\">P\u00e1gina principal<\/a><\/li>\n<\/ul>\n<p class=\"p1\" style=\"text-align: center;\"><strong>\u00danete al Partido Comunista Obrero Internacional (PCOI)<br \/>\n<\/strong><\/p>\n<p><a class=\"icwp-menu\" href=\"mailto:icwp@nym.hush.com\">Contactar al PCOI (NUEVO EMAIL: icwp@nym.hush.com)<\/a><br \/>\nTwitter @RedFlagBandera Instagram: @icwprf<br \/>\nEscribir a: PMB 362 3006 S. Vermont Ave., Los Angeles, CA 90007, USA<\/p>\n","protected":false},"excerpt":{"rendered":"<p>Del 29 de enero al 19 de febrero de 2025 Crece La Ira Contra El Capitalismo Fascista: Las Masas Necesitan El Comunismo, No Las Reformas \u00abEl sistema est\u00e1 en crisis. Inquilinos contra el capitalismo del desastre\u00bb FOLLETO: El Genocidio en Palestina Exige una Revoluci\u00f3n Comunista aqu\u00ed, En \u00e1rabe: aqu\u00ed Esta edici\u00f3n en PDF La edici\u00f3n &hellip; <a href=\"https:\/\/icwpredflag.org\/wp\/wordpress\/wps\/volumen-16-numero-2\/\" class=\"more-link\">Sigue leyendo <span class=\"screen-reader-text\">Volumen 16, N\u00famero 2<\/span><\/a><\/p>\n","protected":false},"author":1,"featured_media":5655,"parent":0,"menu_order":0,"comment_status":"closed","ping_status":"closed","template":"","meta":{"footnotes":""},"class_list":["post-12642","page","type-page","status-publish","has-post-thumbnail","hentry"],"_links":{"self":[{"href":"https:\/\/icwpredflag.org\/wp\/wordpress\/wps\/wp-json\/wp\/v2\/pages\/12642","targetHints":{"allow":["GET"]}}],"collection":[{"href":"https:\/\/icwpredflag.org\/wp\/wordpress\/wps\/wp-json\/wp\/v2\/pages"}],"about":[{"href":"https:\/\/icwpredflag.org\/wp\/wordpress\/wps\/wp-json\/wp\/v2\/types\/page"}],"author":[{"embeddable":true,"href":"https:\/\/icwpredflag.org\/wp\/wordpress\/wps\/wp-json\/wp\/v2\/users\/1"}],"replies":[{"embeddable":true,"href":"https:\/\/icwpredflag.org\/wp\/wordpress\/wps\/wp-json\/wp\/v2\/comments?post=12642"}],"version-history":[{"count":7,"href":"https:\/\/icwpredflag.org\/wp\/wordpress\/wps\/wp-json\/wp\/v2\/pages\/12642\/revisions"}],"predecessor-version":[{"id":12684,"href":"https:\/\/icwpredflag.org\/wp\/wordpress\/wps\/wp-json\/wp\/v2\/pages\/12642\/revisions\/12684"}],"wp:featuredmedia":[{"embeddable":true,"href":"https:\/\/icwpredflag.org\/wp\/wordpress\/wps\/wp-json\/wp\/v2\/media\/5655"}],"wp:attachment":[{"href":"https:\/\/icwpredflag.org\/wp\/wordpress\/wps\/wp-json\/wp\/v2\/media?parent=12642"}],"curies":[{"name":"wp","href":"https:\/\/api.w.org\/{rel}","templated":true}]}}