{"id":1271,"date":"2017-08-20T00:39:21","date_gmt":"2017-08-20T00:39:21","guid":{"rendered":"http:\/\/icwpredflag.org\/wp\/wordpress\/wps\/?page_id=1271"},"modified":"2017-08-20T06:02:44","modified_gmt":"2017-08-20T06:02:44","slug":"capitalistas-en-india-asesinan-a-70-ninos","status":"publish","type":"page","link":"https:\/\/icwpredflag.org\/wp\/wordpress\/wps\/volumen-8-numero-10\/capitalistas-en-india-asesinan-a-70-ninos\/","title":{"rendered":"Capitalistas en India Asesinan a 70 Ni\u00f1os"},"content":{"rendered":"<h4 style=\"text-align: center;\"><span style=\"color: #ff0000;\"><strong>Luchemos por el Comunismo Nuestras Vidas Dependen de Ello<\/strong><\/span><\/h4>\n<p style=\"text-align: justify;\">Un hospital administrado por el gobierno en el Estado indio Uttar Pradesh estaba atrasado en los pagos a sus proveedores. El hospital atiende principalmente a dalits, musulmanes y otros trabajadores pobres. M\u00e1s de 70 ni\u00f1os gravemente enfermos murieron cuando el ox\u00edgeno fue cortado por falta de paga.<\/p>\n<p style=\"text-align: justify;\">El gobierno del estado est\u00e1 dirigido por Adityanath, un partidario fascista del BJP despu\u00e9s de que este partido llegara al poder en marzo de 2017. El es conocido por sus discursos de odio contra los musulmanes y form\u00f3 una milicia armada. La milicia ha aterrorizado a la poblaci\u00f3n musulmana del estado quemando sus casas, autobuses, trenes y tiendas.<\/p>\n<p style=\"text-align: justify;\">Despu\u00e9s del asesinato de los 70 ni\u00f1os, Adityanath dijo a los reporteros que m\u00e1s de 500 ni\u00f1os mueren de encefalitis anualmente en el mismo hospital, por lo que los ni\u00f1os que murieron debido a la falta de ox\u00edgeno era una cantidad insignificante.<\/p>\n<p style=\"text-align: justify;\">Estos 70 ni\u00f1os est\u00e1n entre las decenas de miles de ni\u00f1os en todo el mundo que mueren porque no es rentable salvar sus vidas. Muchos m\u00e1s mueren en las guerras por ganancias. En el capitalismo, el ox\u00edgeno, las medicinas y los hospitales funcionan para producir ganancias. La comida se produce principalmente para sacar ganancias lo cual hambre y hambrunas en ciertas \u00e1reas de la tierra y en otras \u00e1reas, hace a las personas obesas y propensas a c\u00e1nceres, enfermedades del coraz\u00f3n y diabetes. El estr\u00e9s y el acoso en el trabajo son las causas principales de la depresi\u00f3n, el alcoholismo y abuso de drogas.<\/p>\n<p style=\"text-align: justify;\">El PCOI est\u00e1 organizando a los obreros, soldados y estudiantes de todo el mundo para ponerle fin al capitalismo basado en las ganancias. Queremos construir una sociedad comunista basada en satisfacer las necesidades humanas y no en ganancias. S\u00f3lo el comunismo puede curar y erradicar las enfermedades, porque que el cuidado de la salud ya no ser\u00e1 controlado por las empresas farmac\u00e9uticas y de seguros m\u00e9dicos sedientas de ganancias. Crearemos ambiente laboral saludable juntamente con la ense\u00f1ar y entrenar a las masas en la ciencia de la salud, la dieta y el ejercicio. Por encima de todo, toda la sociedad basada en colectivos asegurar\u00e1 la salud de todos y cada uno.<\/p>\n<p style=\"text-align: justify;\">Pero para luchar por la revoluci\u00f3n comunista tenemos que pacientemente superar los obst\u00e1culos que encontramos en la construcci\u00f3n de nuestro Partido. Tenemos m\u00e1s de 500 lectores de <strong><em>Bandera Roja<\/em><\/strong> en la India. Algunos, en diferentes ciudades, han ingresado al PCOI. Sin embargo, podemos hacer mucho mejor. En la India, al igual que en todas partes del mundo, los capitalistas usan el fascismo para mantener a los obreros temerosos pero, al mismo tiempo mantienen viva la oposici\u00f3n liberal para propagar la ilusi\u00f3n de que el capitalismo puede ser reformado.<\/p>\n<p style=\"text-align: justify;\">Hemos sido capaces de enfrentarnos temerariamente a los fascistas, difundiendo nuestra literatura. Tenemos que asumir, con la misma determinaci\u00f3n y valent\u00eda, la batalla ideol\u00f3gica contra los liberales y su visi\u00f3n reformista. La clase obrera est\u00e1 buscando un cambio y s\u00f3lo nosotros podemos ofrecerle un futuro comunista. Queremos aumentar nuestros lectores a miles y reclutar a decenas de obreros y estudiantes para el pr\u00f3ximo Primero de Mayo.<\/p>\n<h4 style=\"text-align: justify;\"><a class=\"icwp-emph\" href=\"http:\/\/icwpredflag.org\/wp\/wordpress\/wps\/volumen-8-numero-10\/\">Primera p\u00e1gina de esta edici\u00f3n<\/a><\/h4>\n","protected":false},"excerpt":{"rendered":"<p>Luchemos por el Comunismo Nuestras Vidas Dependen de Ello Un hospital administrado por el gobierno en el Estado indio Uttar Pradesh estaba atrasado en los pagos a sus proveedores. El hospital atiende principalmente a dalits, musulmanes y otros trabajadores pobres. M\u00e1s de 70 ni\u00f1os gravemente enfermos murieron cuando el ox\u00edgeno fue cortado por falta de &hellip; <a href=\"https:\/\/icwpredflag.org\/wp\/wordpress\/wps\/volumen-8-numero-10\/capitalistas-en-india-asesinan-a-70-ninos\/\" class=\"more-link\">Sigue leyendo <span class=\"screen-reader-text\">Capitalistas en India Asesinan a 70 Ni\u00f1os<\/span><\/a><\/p>\n","protected":false},"author":1,"featured_media":282,"parent":1248,"menu_order":0,"comment_status":"closed","ping_status":"closed","template":"","meta":{"footnotes":""},"class_list":["post-1271","page","type-page","status-publish","has-post-thumbnail","hentry"],"_links":{"self":[{"href":"https:\/\/icwpredflag.org\/wp\/wordpress\/wps\/wp-json\/wp\/v2\/pages\/1271","targetHints":{"allow":["GET"]}}],"collection":[{"href":"https:\/\/icwpredflag.org\/wp\/wordpress\/wps\/wp-json\/wp\/v2\/pages"}],"about":[{"href":"https:\/\/icwpredflag.org\/wp\/wordpress\/wps\/wp-json\/wp\/v2\/types\/page"}],"author":[{"embeddable":true,"href":"https:\/\/icwpredflag.org\/wp\/wordpress\/wps\/wp-json\/wp\/v2\/users\/1"}],"replies":[{"embeddable":true,"href":"https:\/\/icwpredflag.org\/wp\/wordpress\/wps\/wp-json\/wp\/v2\/comments?post=1271"}],"version-history":[{"count":4,"href":"https:\/\/icwpredflag.org\/wp\/wordpress\/wps\/wp-json\/wp\/v2\/pages\/1271\/revisions"}],"predecessor-version":[{"id":1325,"href":"https:\/\/icwpredflag.org\/wp\/wordpress\/wps\/wp-json\/wp\/v2\/pages\/1271\/revisions\/1325"}],"up":[{"embeddable":true,"href":"https:\/\/icwpredflag.org\/wp\/wordpress\/wps\/wp-json\/wp\/v2\/pages\/1248"}],"wp:featuredmedia":[{"embeddable":true,"href":"https:\/\/icwpredflag.org\/wp\/wordpress\/wps\/wp-json\/wp\/v2\/media\/282"}],"wp:attachment":[{"href":"https:\/\/icwpredflag.org\/wp\/wordpress\/wps\/wp-json\/wp\/v2\/media?parent=1271"}],"curies":[{"name":"wp","href":"https:\/\/api.w.org\/{rel}","templated":true}]}}