{"id":12715,"date":"2025-02-23T20:45:22","date_gmt":"2025-02-23T20:45:22","guid":{"rendered":"https:\/\/icwpredflag.org\/wp\/wordpress\/wps\/?page_id=12715"},"modified":"2025-02-23T20:45:22","modified_gmt":"2025-02-23T20:45:22","slug":"guerra-en-africa-central-no-hay-mas-lado-que-el-de-los-trabajadores","status":"publish","type":"page","link":"https:\/\/icwpredflag.org\/wp\/wordpress\/wps\/volumen-16-numero-3\/guerra-en-africa-central-no-hay-mas-lado-que-el-de-los-trabajadores\/","title":{"rendered":"Guerra en \u00c1frica Central: No Hay M\u00e1s Lado Que El de Los Trabajadores"},"content":{"rendered":"<p style=\"text-align: center;\"><strong>En Guerras Imperialistas No Tenemos Lado <a class=\"icwp-emph\" href=\"#1\">aqu\u00ed \u2666<\/a> Imperialistas Se Pelean Para Explotar a Los Mineros <a class=\"icwp-emph\" href=\"#2\">aqu\u00ed \u2666<\/a><\/strong><\/p>\n<p><img loading=\"lazy\" decoding=\"async\" class=\"aligncenter  wp-image-12689\" src=\"https:\/\/icwpredflag.org\/wp\/wordpress\/wps\/wp-content\/uploads\/sites\/2\/2025\/02\/drcmap.jpg\" alt=\"\" width=\"511\" height=\"351\" \/><\/p>\n<h4 id=\"1\" style=\"text-align: center;\"><span style=\"color: #ff0000;\"><strong>En Guerras Imperialistas No Tenemos Lado, S\u00f3lo El Lado De La Clase Obrera<\/strong><\/span><\/h4>\n<p style=\"text-align: justify;\">SUD\u00c1FRICA, 11 de febrero\u2014 Trece soldados sudafricanos fueron asesinados en las \u00faltimas semanas en la Rep\u00fablica Democr\u00e1tica del Congo (RDC), en una ciudad llamada Goma. Asesinados por rebeldes del M23 respaldados por Ruanda, que cuenta con el apoyo de Israel mediante el suministro de armas.<\/p>\n<p style=\"text-align: justify;\">\u201cNo sabemos por qu\u00e9 nos est\u00e1n sacrificando tan lejos de casa\u201d, coment\u00f3 un amigo del PCOI que estuvo desplegado en el Congo hace unos meses. \u201cNi siquiera estamos debidamente equipados\u201d.<\/p>\n<p style=\"text-align: justify;\">Un camarada amigo le dijo a este soldado: \u201cNo debes sacrificar tu vida por Ramaphosa y De Beers. Deber\u00edamos luchar por gente como nosotros, los que dejas en casa, nuestra clase. Por eso te insto a que siempre leas nuestro peri\u00f3dico y hables de ello con otros soldados\u201d.<\/p>\n<p style=\"text-align: justify;\">Soldados sudafricanos est\u00e1n desplegados en el Congo por la Comunidad de Desarrollo de \u00c1frica Austral bajo el pretexto de mantener la paz. Pero, no est\u00e1n all\u00ed necesariamente por eso. Est\u00e1n all\u00ed para proteger los intereses comerciales de la clase dominante contra otros rivales imperialistas. Soldados sudafricanos han entrado y salido del Congo durante las \u00faltimas dos d\u00e9cadas. En ese tiempo, las empresas sudafricanas, en particular las mineras, han importado una gran cantidad de minerales de la RDC y han recibido licitaciones de las \u00e9lites gobernantes del Congo.<\/p>\n<p style=\"text-align: justify;\">Los soldados sudafricanos han estado muriendo en el Congo desde entonces a instancias de la \u00e9lite gobernante. Es s\u00f3lo ahora que ha muerto un n\u00famero significativo que los vemos en los titulares, junto con el hecho de que los rebeldes del M23 han ganado terreno significativo en una regi\u00f3n rica en tierras raras.<\/p>\n<p style=\"text-align: justify;\">Distintos imperialistas compiten por esas tierras raras. Est\u00e1n dispuestos a sacrificar las vidas de nuestros hermanos y hermanas para poseerlas. El r\u00e9gimen de Kagame en Ruanda, la RDC, Angola y Tanzania, junto con Sud\u00e1frica, no est\u00e1n dispuestos a renunciar a sus ganancias. Esto ha dado lugar a una disputa p\u00fablica entre Ruanda y Sud\u00e1frica, en particular entre Ramaphosa y Kagame, en la que ambos amenazan guerra. A medida que esta rivalidad crece, hay llamamientos a que Sud\u00e1frica se vengue, mientras que las \u00e9lites gobernantes llaman a los sudafricanos a ser patri\u00f3ticos.<\/p>\n<p style=\"text-align: justify;\">Nosotros llamamos a nuestros hermanos y hermanas militares a que sean leales a la clase obrera, volteando sus armas contra la clase dominante y luchando por el comunismo en lugar de las ganancias econ\u00f3micas de los ricos capitalistas.<\/p>\n<p style=\"text-align: justify;\">El amigo soldado citado anteriormente es uno de los miles que tenemos que reclutar para nuestro partido. Los soldados no deben ponerse del lado de los imperialistas, sino al lado de nuestra clase obrera internacional.<\/p>\n<p style=\"text-align: justify;\">Acordamos que continuaremos esta conversaci\u00f3n. \u00c9l puede ver por lo que luchamos. \u201cEsto de luchar por la bandera es una tonter\u00eda\u201d, dijo. \u201cSimplemente estamos muriendo por nada\u201d.<\/p>\n<p style=\"text-align: justify;\">Instamos a todos los soldados en todas partes a que rechacen \u201cmorir por nada\u201d y, en cambio, luchen contra el sistema que quiere sacrificarlos por ganancias. Queremos que luchen por la revoluci\u00f3n comunista.<\/p>\n<p><img loading=\"lazy\" decoding=\"async\" class=\"alignnone \" src=\"https:\/\/icwpredflag.org\/wp\/wordpress\/wp-content\/uploads\/2025\/02\/sasoldier.jpg\" width=\"1005\" height=\"449\" \/><\/p>\n<h4 id=\"2\" style=\"text-align: center;\"><span style=\"color: #ff0000;\"><strong>Imperialistas Se Pelean Para Explotar Mineros Por Minerales Escasos<\/strong><\/span><\/h4>\n<p style=\"text-align: justify;\">Biden visit\u00f3 Angola justo antes de que Trump se convirtiera en presidente. Quer\u00eda reforzar el apoyo a un proyecto de infraestructura de 56,000 millones de d\u00f3lares entre EE. UU. y Europa, el \u201cCorredor Lobito\u201d, que conectar\u00eda Zambia, la Rep\u00fablica Democr\u00e1tica del Congo (RDC) y Angola. Angola apoy\u00f3 durante mucho tiempo a Rusia y China, pero ahora sus gobernantes codician este lucrativo corredor de Lobito financiado por EE. UU.<\/p>\n<p style=\"text-align: justify;\">La ciudad portuaria angole\u00f1a de Lobito transferir\u00eda miles de millones de d\u00f3lares en minerales como cobalto y cobre. Minerales que se usan en veh\u00edculos el\u00e9ctricos, tel\u00e9fonos m\u00f3viles, paneles solares y productos electr\u00f3nicos. Tambi\u00e9n en aleaciones para la industria aeroespacial y de defensa.<\/p>\n<p style=\"text-align: justify;\">El gran obst\u00e1culo es que Ruanda se reh\u00fasa a participar. Ruanda y la RDC tienen minas de cobalto. La Iniciativa del Cintur\u00f3n y la Ruta de China est\u00e1 contrarrestando el corredor de Lobito. El presidente de Ruanda ha cambiado de bando: de aliado de EE. UU. a partidario de China. El a\u00f1o pasado, encabez\u00f3 la delegaci\u00f3n m\u00e1s grande que se reuni\u00f3 con Xi de China.<\/p>\n<p style=\"text-align: justify;\">El reciente estallido de guerras imperialistas entre la Rep\u00fablica Democr\u00e1tica del Congo y el M23 (apoyado por Ruanda) se debe al control de minerales cruciales. Miles de personas han muerto y millones han sido desplazadas. En estas minas se explota a ni\u00f1os de tan solo doce a\u00f1os. Trabajan m\u00e1s de diecis\u00e9is horas al d\u00eda para que algunos capitalistas (chinos, estadounidenses o europeos) saquen ganancias.<\/p>\n<p style=\"text-align: justify;\">Los capitalistas chinos obtienen el 70% del cobalto producido en la Rep\u00fablica Democr\u00e1tica del Congo. El resto va a Tesla, Google y Microsoft.<\/p>\n<p style=\"text-align: justify;\">Los imperialistas solo est\u00e1n interesados \u200b\u200ben obtener ganancias m\u00e1ximas no tienen fronteras ni lealtad. Cambiar\u00e1n de bando y se sabotear\u00e1n entre s\u00ed, creando corrupci\u00f3n, guerras y genocidios sin fin.<\/p>\n<p style=\"text-align: justify;\">\u00c1frica tiene una rica historia de lucha anticolonial y antiimperialista, luchando contra los opresores coloniales y los imperialistas. Sin embargo, la lucha debe ser para terminar con el capitalismo, no para reformarlo para el capitalismo de Estado o el nacionalismo. El PCOI est\u00e1 organizando soldados para luchar por la clase obrera y la revoluci\u00f3n comunista.<\/p>\n<h4><a href=\"https:\/\/icwpredflag.org\/wp\/wordpress\/wps\/volumen-16-numero-3\/\">Primera p\u00e1gina de esta edici\u00f3n<\/a><\/h4>\n","protected":false},"excerpt":{"rendered":"<p>En Guerras Imperialistas No Tenemos Lado aqu\u00ed \u2666 Imperialistas Se Pelean Para Explotar a Los Mineros aqu\u00ed \u2666 En Guerras Imperialistas No Tenemos Lado, S\u00f3lo El Lado De La Clase Obrera SUD\u00c1FRICA, 11 de febrero\u2014 Trece soldados sudafricanos fueron asesinados en las \u00faltimas semanas en la Rep\u00fablica Democr\u00e1tica del Congo (RDC), en una ciudad llamada &hellip; <a href=\"https:\/\/icwpredflag.org\/wp\/wordpress\/wps\/volumen-16-numero-3\/guerra-en-africa-central-no-hay-mas-lado-que-el-de-los-trabajadores\/\" class=\"more-link\">Sigue leyendo <span class=\"screen-reader-text\">Guerra en \u00c1frica Central: No Hay M\u00e1s Lado Que El de Los Trabajadores<\/span><\/a><\/p>\n","protected":false},"author":6,"featured_media":5655,"parent":12702,"menu_order":0,"comment_status":"closed","ping_status":"closed","template":"","meta":{"footnotes":""},"class_list":["post-12715","page","type-page","status-publish","has-post-thumbnail","hentry"],"_links":{"self":[{"href":"https:\/\/icwpredflag.org\/wp\/wordpress\/wps\/wp-json\/wp\/v2\/pages\/12715","targetHints":{"allow":["GET"]}}],"collection":[{"href":"https:\/\/icwpredflag.org\/wp\/wordpress\/wps\/wp-json\/wp\/v2\/pages"}],"about":[{"href":"https:\/\/icwpredflag.org\/wp\/wordpress\/wps\/wp-json\/wp\/v2\/types\/page"}],"author":[{"embeddable":true,"href":"https:\/\/icwpredflag.org\/wp\/wordpress\/wps\/wp-json\/wp\/v2\/users\/6"}],"replies":[{"embeddable":true,"href":"https:\/\/icwpredflag.org\/wp\/wordpress\/wps\/wp-json\/wp\/v2\/comments?post=12715"}],"version-history":[{"count":1,"href":"https:\/\/icwpredflag.org\/wp\/wordpress\/wps\/wp-json\/wp\/v2\/pages\/12715\/revisions"}],"predecessor-version":[{"id":12716,"href":"https:\/\/icwpredflag.org\/wp\/wordpress\/wps\/wp-json\/wp\/v2\/pages\/12715\/revisions\/12716"}],"up":[{"embeddable":true,"href":"https:\/\/icwpredflag.org\/wp\/wordpress\/wps\/wp-json\/wp\/v2\/pages\/12702"}],"wp:featuredmedia":[{"embeddable":true,"href":"https:\/\/icwpredflag.org\/wp\/wordpress\/wps\/wp-json\/wp\/v2\/media\/5655"}],"wp:attachment":[{"href":"https:\/\/icwpredflag.org\/wp\/wordpress\/wps\/wp-json\/wp\/v2\/media?parent=12715"}],"curies":[{"name":"wp","href":"https:\/\/api.w.org\/{rel}","templated":true}]}}