{"id":12742,"date":"2025-02-23T21:47:53","date_gmt":"2025-02-23T21:47:53","guid":{"rendered":"https:\/\/icwpredflag.org\/wp\/wordpress\/wps\/?page_id=12742"},"modified":"2025-02-23T21:47:53","modified_gmt":"2025-02-23T21:47:53","slug":"cartas-lucha-contra-el-fascismo-y-la-censura-capitalista","status":"publish","type":"page","link":"https:\/\/icwpredflag.org\/wp\/wordpress\/wps\/volumen-16-numero-3\/cartas-lucha-contra-el-fascismo-y-la-censura-capitalista\/","title":{"rendered":"Cartas: Lucha Contra El Fascismo y La Censura Capitalista"},"content":{"rendered":"<p style=\"text-align: center;\"><strong>\u00a1Acabemos con La Escoria! <a class=\"icwp-emph\" href=\"#1\">aqu\u00ed \u2666<\/a> TikTok Es Prohibido en EE.UU. <a class=\"icwp-emph\" href=\"#2\">aqu\u00ed \u2666<\/a> Los Gobernantes Fascistas Chinos Silencian a los Antifascistas <a class=\"icwp-emph\" href=\"#3\">aqu\u00ed \u2666<\/a><\/strong><\/p>\n<p><img loading=\"lazy\" decoding=\"async\" class=\"aligncenter size-full\" src=\"https:\/\/icwpredflag.org\/wp\/wordpress\/wp-content\/uploads\/2025\/02\/letters-fascist.jpeg\" width=\"566\" height=\"720\" \/><\/p>\n<h4 id=\"1\" style=\"text-align: center;\"><span style=\"color: #ff0000;\"><strong>\u00a1Acabemos con La Escoria!<\/strong><\/span><\/h4>\n<p style=\"text-align: justify;\">Los nazis pensaron que pod\u00edan manifestarse en un barrio predominantemente blanco y acomodado de un suburbio de Cincinnati, Ohio (EE. UU.).<\/p>\n<p style=\"text-align: justify;\">La gente de clase trabajadora de un suburbio vecino no estaba dispuesta a dejarles.<\/p>\n<p style=\"text-align: justify;\">Los miembros de una comunidad negra local expulsaron a esta escoria de un paso elevado a lo largo de una transitada autopista interestatal.<\/p>\n<p style=\"text-align: justify;\">Quemaron las banderas de los nazis mientras estos hu\u00edan en retirada al ser confrontados.<\/p>\n<p style=\"text-align: justify;\">Por supuesto, la polic\u00eda racista no detuvo a ninguna de estas escorias usando el pretexto de la \u00ablibertad de expresi\u00f3n\u00bb.<\/p>\n<p>\u2014Luchador antirracista en Cincinnati<\/p>\n<h4 id=\"2\" style=\"text-align: center;\"><span style=\"color: #ff0000;\"><strong>TikTok Es Prohibido en EE.UU. y En 12 Horas Vuelve a Estar Disponible \u00bfQu\u00e9 estar\u00e1 pasando?<\/strong><\/span><\/h4>\n<p style=\"text-align: justify;\">El 18 de enero de 2025, TikTok dej\u00f3 de estar disponible temporalmente para los usuarios de EE. UU. Si lo dicen los pol\u00edtiqueros y los medios estadounidenses, insistir\u00e1n que fue porque representa un \u201criesgo a la seguridad nacional\u201d.<\/p>\n<p style=\"text-align: justify;\">En 2023, la Comisi\u00f3n Federal de Comunicaciones advirti\u00f3 que ByteDance, el propietario de TikTok, podr\u00eda estar compartiendo datos de los usuarios con el gobierno chino. No mencion\u00f3 que Meta, Twitter, Google y muchas otras empresas tecnol\u00f3gicas de EE. UU. venden datos de sus usuarios a empresas chinas.<\/p>\n<p style=\"text-align: justify;\">En marzo de 2023, legisladores estadounidenses interrogaron al director ejecutivo de TikTok, pero no tomaron medidas directas contra TikTok. Por meses, hubo poca menci\u00f3n de TikTok en los medios.<\/p>\n<p style=\"text-align: justify;\">En verdad, la muy popular TikTok fue cerrada porque los gobernantes de EE. UU. no quieren que las masas, especialmente los j\u00f3venes, tengan acceso a im\u00e1genes como el genocidio en Gaza. El director ejecutivo de la ADL (un lobby proisrael\u00ed) calific\u00f3 a TikTok como \u201cAl Jazeera con esteroides\u201d.<\/p>\n<p style=\"text-align: justify;\">En octubre de 2023, la gente de EE. UU., en concreto los j\u00f3venes, empez\u00f3 a conocer la verdadera naturaleza de la \u201cguerra\u201d, que no se publicitaba en los principales medios estadounidenses. En Tik Tok, estos j\u00f3venes se enteraron de la ocupaci\u00f3n ilegal de Palestina. Utilizaron este conocimiento para hablar en contra de los gobiernos israel\u00ed y estadounidense. Esto desencaden\u00f3 protestas generalizadas en EE. UU., desde las universidades \u00e9lites hasta las escuelas y comunidades de clase trabajadora.<\/p>\n<p style=\"text-align: justify;\">Fue entonces cuando los gobernantes de EE. UU., junto con AIPAC (lobby sionista), presionaron a los pol\u00edtiqueros para que cerraran TikTok y las protestas. Los pol\u00edtiqueros liberales que clamaban \u201csalvar la democracia\u201d durante sus campa\u00f1as electorales, presionaron a rectores universitarios para que \u201ctomaran control\u201d de sus campus. Las fuerzas policiales militarizadas golpearon salvajemente a estudiantes y profesores.<\/p>\n<p style=\"text-align: justify;\">En marzo de 2024, los legisladores aprobaron un paquete de ayuda para Israel y Ucrania sujeto a la aprobaci\u00f3n de una ley que obligara a ByteDance a vender TikTok o se prohibir\u00eda en EE. UU. Esto fue aprobado r\u00e1pidamente por ambas c\u00e1maras del Congreso con apoyo bipartidista. Biden lo convirti\u00f3 en ley en abril. ByteDance recibi\u00f3 360 d\u00edas para vender TikTok a una entidad estadounidense &#8211; aunque ya era mayormente propiedad de EE. UU. y todos sus datos dse almacenan aqu\u00ed.<\/p>\n<p style=\"text-align: justify;\">Cuando TikTok dej\u00f3 de funcionar antes de la prohibici\u00f3n, los usuarios en EE. UU. recibieron un mensaje de \u201cFuera de servicio\u201d. Una hora despu\u00e9s, otro mensaje apareci\u00f3 diciendo que con \u201cla ayuda del presidente Trump\u201d, esperaban que la aplicaci\u00f3n estuviera disponible pronto. Cuando estuvo disponible para los usuarios estadounidenses menos de doce horas despu\u00e9s, la aplicaci\u00f3n se arrodill\u00f3 ante Trump y lo alab\u00f3 por haber hecho esto posible.<\/p>\n<p style=\"text-align: justify;\">D\u00edas despu\u00e9s de la breve prohibici\u00f3n, Trump exigi\u00f3 un \u201ccontrol el 50%\u201d, pero ya EE. UU. controlaba el 60% de Tik Tok propiedad. \u00bfQu\u00e9 ocurre aqu\u00ed? Los gobernantes quieren que TikTok sea controlado, no por cualquier inversor capitalista estadounidense, sino por multimillonarios completamente leales a sus planes imperialistas.<\/p>\n<p style=\"text-align: justify;\">La apropiaci\u00f3n de TikTok nada tiene que ver con la seguridad nacional manteniendo seguros los datos de los usuarios en EE, UU. Es porque los gobernantes de EE. UU. quieren garantizar sus intereses imperialistas poniendo todos los medios controlados por el Estado \u2013 juntamente con TikTok, Twitter, The Washington Post y Meta \u2013 en manos de multimillonarios leales. Tik Tok ser\u00e1 cambiado como Musk cambio Twitter (X) pero menos descaradamente.<\/p>\n<p style=\"text-align: justify;\">Los gobernantes tienen miedo de las masas. Quieren mantenernos a todos en la oscuridad sobre el genocidio en curso en Gaza y todos sus otros cr\u00edmenes. Decirles la verdad a las masas es m\u00e1s importante que nunca.<\/p>\n<p>\u2014Una amiga<\/p>\n<h4 id=\"3\" style=\"text-align: center;\"><span style=\"color: #ff0000;\"><strong>Los Gobernantes Fascistas Chinos Silencian a los Antifascistas en Preparaci\u00f3n para la Tercera Guerra Mundial<\/strong><\/span><\/h4>\n<p style=\"text-align: justify;\">En los \u00faltimos a\u00f1os, bajo la dictadura fascista del presidente Xi Jinping, la xenofobia racista contra los trabajadores del mundo se ha intensificado. Se est\u00e1 convirtiendo en lo normal.<\/p>\n<p style=\"text-align: justify;\">Muchos nacionalistas en l\u00ednea aplauden eventos tr\u00e1gicos como los terremotos japoneses, los ataques terroristas del 11 de septiembre de 2001 y el Holocausto nazi. Incluso algunos nacionalistas se creen las teor\u00edas conspirativas antisemitas. Le lavan las manos al r\u00e9gimen nazi alem\u00e1n describiendo a los jud\u00edos como una \u201cfuerza par\u00e1sita maligna\u201d en lugar de un grupo de trabajadores usados como chivos expiatorios.<\/p>\n<p style=\"text-align: justify;\">En 2022, un estudiante antifascista reconoci\u00f3 la tendencia fascista y public\u00f3 un volante en un campus universitario en Beij\u00edn. El volante les advert\u00eda a las masas sobre esta tendencia que hab\u00eda estado carcomiendo los valores morales de libertad, igualdad y justicia y volviendo s\u00e1dica a la gente. \u201cExtrayendo de ello un falso sentido de superioridad\u201d.<\/p>\n<p style=\"text-align: justify;\">El volante alentaba a otros a derribar los muros fascistas del odio declar\u00e1ndole \u201cla guerra a nuestros egos, rechazando la propaganda, conociendo a personas espec\u00edficas, siendo abiertos a todos los grupos y, de ese modo, d\u00e1ndonos cuenta de que tenemos muchas m\u00e1s cosas en com\u00fan entre nosotros que diferencias superficiales\u201d.<\/p>\n<p style=\"text-align: justify;\">Dec\u00eda que \u201caunque el fascismo abierto ha sido eliminado oficialmente durante casi 80 a\u00f1os, el fascismo ha vuelto a resurgir en China\u201d.<\/p>\n<p style=\"text-align: justify;\">Los gobernantes capitalistas reaccionaron con horror. Tem\u00edan que el volante alentara la unidad de las masas y amenazara sus intereses. Las autoridades universitarias investigaron la fuente del volante. Prohibieron toda la informaci\u00f3n relacionada. Tambi\u00e9n interrogaron a un estudiante que subi\u00f3 al internet una captura de pantalla del volante.<\/p>\n<p style=\"text-align: justify;\">Este estudiante luego arremeti\u00f3 contra las autoridades universitarias. \u201cEste es un llamado al antifascismo; \u00bfde qu\u00e9 tienen miedo ustedes (patrones escolares)?\u201d cuestion\u00f3 \u00e9l.<\/p>\n<p style=\"text-align: justify;\">Soy un camarada antifascista comunista. Una vez fui atacado en l\u00ednea por un ultranacionalista fascista chino que glorific\u00f3 el Holocausto nazi. Estoy profundamente horrorizado y furioso por la censura. Y por la persecuci\u00f3n de los antifascistas por parte de un gobierno que se autonombra \u201ccomunista\u201d.<\/p>\n<p style=\"text-align: justify;\">El fascismo definitivamente est\u00e1 en aumento en China, EE.UU. y el mundo. Los gobernantes capitalistas-imperialistas fascistas en todas partes est\u00e1n intensificando el racismo, nacionalismo, patriotismo y la xenofobia en preparaci\u00f3n para la 3\u00aa Guerra Mundial.<\/p>\n<p style=\"text-align: justify;\">Estoy de acuerdo con el llamamiento del volante antifascista a la unidad de las personas de diferentes \u201crazas\u201d y \u201cor\u00edgenes\u201d, pero el volante es reformista. Carece de una perspectiva de clase. No llama al comunismo. La fuente del fascismo no es el yo, sino la clase capitalista. Los gobernantes recurren al fascismo cuando se ven amenazados por la crisis econ\u00f3mica y las rebeliones, y deben prepararse para una guerra mundial.<\/p>\n<p style=\"text-align: justify;\">\u00a1Quienes se hacen de la vista gorda ante esta tendencia fascista y denigran a los antifascistas como \u201cantichinos\u201d est\u00e1n permitiendo que la historia se repita!<\/p>\n<p style=\"text-align: justify;\">Ning\u00fan capitalista proteger\u00e1 a los trabajadores del fascismo. La clase obrera no tiene naciones. Todos los pa\u00edses pertenecen a los explotadores capitalistas.<\/p>\n<p style=\"text-align: justify;\">M\u00e1s que nunca, debemos confiar en la colectividad de la clase obrera. Necesitamos movilizar a millones de trabajadores, soldados, marineros y estudiantes para que se unan al PCOI. Juntos, enterraremos el sistema de ganancias capitalista-imperialista con una revoluci\u00f3n comunista. Construiremos el comunismo de inmediato.<\/p>\n<p style=\"text-align: justify;\">El comunismo verdadero, a diferencia de la China \u201ccomunista\u201d, no tendr\u00e1 naciones, fronteras, dinero, guerras imperialistas ni genocidios. Todos los trabajadores nos veremos como camaradas. Todos contribuiremos a la humanidad. Y todos tendremos satisfechas nuestras necesidades.<\/p>\n<p style=\"text-align: justify;\">En el comunismo, las masas obreras globales, libres del dominio capitalista, luchar\u00e1n colectiva y masivamente contra los reaccionarios que intenten revivir el fascismo y otros horrores capitalistas.<\/p>\n<p style=\"text-align: justify;\">\u00a1El comunismo \u2014y s\u00f3lo el comunismo\u2014 acabar\u00e1 con el fascismo mortal para siempre!<\/p>\n<p>\u2014Camarada Bambi<\/p>\n<h4><a href=\"https:\/\/icwpredflag.org\/wp\/wordpress\/wps\/volumen-16-numero-3\/\">Primera p\u00e1gina de esta edici\u00f3n<\/a><\/h4>\n","protected":false},"excerpt":{"rendered":"<p>\u00a1Acabemos con La Escoria! aqu\u00ed \u2666 TikTok Es Prohibido en EE.UU. aqu\u00ed \u2666 Los Gobernantes Fascistas Chinos Silencian a los Antifascistas aqu\u00ed \u2666 \u00a1Acabemos con La Escoria! Los nazis pensaron que pod\u00edan manifestarse en un barrio predominantemente blanco y acomodado de un suburbio de Cincinnati, Ohio (EE. UU.). La gente de clase trabajadora de un &hellip; <a href=\"https:\/\/icwpredflag.org\/wp\/wordpress\/wps\/volumen-16-numero-3\/cartas-lucha-contra-el-fascismo-y-la-censura-capitalista\/\" class=\"more-link\">Sigue leyendo <span class=\"screen-reader-text\">Cartas: Lucha Contra El Fascismo y La Censura Capitalista<\/span><\/a><\/p>\n","protected":false},"author":6,"featured_media":5655,"parent":12702,"menu_order":0,"comment_status":"closed","ping_status":"closed","template":"","meta":{"footnotes":""},"class_list":["post-12742","page","type-page","status-publish","has-post-thumbnail","hentry"],"_links":{"self":[{"href":"https:\/\/icwpredflag.org\/wp\/wordpress\/wps\/wp-json\/wp\/v2\/pages\/12742","targetHints":{"allow":["GET"]}}],"collection":[{"href":"https:\/\/icwpredflag.org\/wp\/wordpress\/wps\/wp-json\/wp\/v2\/pages"}],"about":[{"href":"https:\/\/icwpredflag.org\/wp\/wordpress\/wps\/wp-json\/wp\/v2\/types\/page"}],"author":[{"embeddable":true,"href":"https:\/\/icwpredflag.org\/wp\/wordpress\/wps\/wp-json\/wp\/v2\/users\/6"}],"replies":[{"embeddable":true,"href":"https:\/\/icwpredflag.org\/wp\/wordpress\/wps\/wp-json\/wp\/v2\/comments?post=12742"}],"version-history":[{"count":2,"href":"https:\/\/icwpredflag.org\/wp\/wordpress\/wps\/wp-json\/wp\/v2\/pages\/12742\/revisions"}],"predecessor-version":[{"id":12744,"href":"https:\/\/icwpredflag.org\/wp\/wordpress\/wps\/wp-json\/wp\/v2\/pages\/12742\/revisions\/12744"}],"up":[{"embeddable":true,"href":"https:\/\/icwpredflag.org\/wp\/wordpress\/wps\/wp-json\/wp\/v2\/pages\/12702"}],"wp:featuredmedia":[{"embeddable":true,"href":"https:\/\/icwpredflag.org\/wp\/wordpress\/wps\/wp-json\/wp\/v2\/media\/5655"}],"wp:attachment":[{"href":"https:\/\/icwpredflag.org\/wp\/wordpress\/wps\/wp-json\/wp\/v2\/media?parent=12742"}],"curies":[{"name":"wp","href":"https:\/\/api.w.org\/{rel}","templated":true}]}}