{"id":12804,"date":"2025-03-18T13:38:57","date_gmt":"2025-03-18T13:38:57","guid":{"rendered":"https:\/\/icwpredflag.org\/wp\/wordpress\/wps\/?page_id=12804"},"modified":"2025-03-18T13:38:57","modified_gmt":"2025-03-18T13:38:57","slug":"deepseek-malas-noticias-para-la-industria-de-ee-uu-de-la-ia","status":"publish","type":"page","link":"https:\/\/icwpredflag.org\/wp\/wordpress\/wps\/volumen-16-numero-4\/deepseek-malas-noticias-para-la-industria-de-ee-uu-de-la-ia\/","title":{"rendered":"DeepSeek: Malas Noticias Para la Industria DE EE.UU de la IA"},"content":{"rendered":"<p style=\"text-align: justify;\"><img loading=\"lazy\" decoding=\"async\" class=\"aligncenter size-full wp-image-12806\" src=\"https:\/\/icwpredflag.org\/wp\/wordpress\/wps\/wp-content\/uploads\/sites\/2\/2025\/03\/IMG_3695-min.jpg\" alt=\"\" width=\"1125\" height=\"649\" srcset=\"https:\/\/icwpredflag.org\/wp\/wordpress\/wps\/wp-content\/uploads\/sites\/2\/2025\/03\/IMG_3695-min.jpg 1125w, https:\/\/icwpredflag.org\/wp\/wordpress\/wps\/wp-content\/uploads\/sites\/2\/2025\/03\/IMG_3695-min-300x173.jpg 300w, https:\/\/icwpredflag.org\/wp\/wordpress\/wps\/wp-content\/uploads\/sites\/2\/2025\/03\/IMG_3695-min-1024x591.jpg 1024w, https:\/\/icwpredflag.org\/wp\/wordpress\/wps\/wp-content\/uploads\/sites\/2\/2025\/03\/IMG_3695-min-768x443.jpg 768w\" sizes=\"auto, (max-width: 1125px) 100vw, 1125px\" \/><br \/>\nEn enero, un programa inform\u00e1tico chino sacudi\u00f3 los cimientos del capitalismo estadounidense. La bolsa se desplom\u00f3. Tan solo el fabricante de chips Nvidia perdi\u00f3 m\u00e1s de medio bill\u00f3n de d\u00f3lares.<\/p>\n<p style=\"text-align: justify;\">El programa DeepSeek R1. Rivaliza con las mejores aplicaciones ChatGPT. Lo que sacudi\u00f3 los cimientos fue su coste. Su desarrollo y capacitaci\u00f3n costaron 6 millones de d\u00f3lares, mientras que sus rivales requer\u00edan cada uno unos 100 millones de d\u00f3lares, adem\u00e1s de una gran cantidad de costosos chips Nvidia. Los rivales de DeepSeek ahora no pueden competir, y se podr\u00eda decir que China lleva la delantera en la carrera imperialista de la inteligencia artificial (IA).<\/p>\n<p style=\"text-align: justify;\">La IA es ahora una tecnolog\u00eda importante. Sol\u00eda ser el hazmerre\u00edr de la inform\u00e1tica. Sus traducciones eran brutales. Apenas super\u00f3 al ajedrez. Era in\u00fatil en el antiguo juego de mesa chino Go.<\/p>\n<p style=\"text-align: justify;\">Lo que se conoce como GOFAI (la IA tradicional) era in\u00fatil porque se basaba en la l\u00f3gica formal, operando con hechos y reglas: conjuntos relativamente peque\u00f1os (cientos). Esta tecnolog\u00eda data de la d\u00e9cada de 1960.<\/p>\n<p style=\"text-align: justify;\">Todo esto cambi\u00f3 con la transici\u00f3n a las \u00abredes neuronales\u00bb hace unos diez a\u00f1os. Las traducciones son excepcionales, una computadora es la campeona mundial de Go y redacta art\u00edculos asombrosos.<\/p>\n<p style=\"text-align: justify;\">Muchos menosprecian la IA, pero realmente funciona. Cuando se le pidi\u00f3 a ChatGPT, por ejemplo, que escribiera un esquema para un curso introductorio de l\u00f3gica, el resultado fue impecable.<\/p>\n<p style=\"text-align: justify;\">La herramienta de IA Stable Diffusion, con las indicaciones adecuadas, puede producir im\u00e1genes hermosas. Si se desea, parecer\u00e1n fotograf\u00edas. Pero tambi\u00e9n se pueden solicitar como pinturas al estilo de un pintor espec\u00edfico, por ejemplo, Klimt. As\u00ed se pueden obtener grandes cantidades de \u00abKlimts\u00bb de aspecto genuino.<\/p>\n<p style=\"text-align: justify;\">Para quienes estamos acostumbrados a las limitaciones de GOFAI, la nueva IA es realmente alucinante.<\/p>\n<p style=\"text-align: justify;\">Las redes neuronales existen desde la d\u00e9cada de 1960, pero no fue hasta que se aplic\u00f3 una potencia inform\u00e1tica masiva, utilizando una gran cantidad de chips Nvidia, que los resultados se volvieron impresionantes. Un ejemplo perfecto de un cambio cuantitativo que conduce a un cambio cualitativo.<\/p>\n<p><strong>\u00bfFacilitar\u00e1 la Nueva IA la Vida de los Trabajadores?<\/strong><\/p>\n<p style=\"text-align: justify;\">\u00a1No bajo el capitalismo! Hay progreso tecnol\u00f3gico, pero no progreso social. Las tecnolog\u00edas innovadoras permiten a los capitalistas producir m\u00e1s con menos trabajadores y vender productos a precios m\u00e1s bajos. La nueva tecnolog\u00eda se convierte en la norma.<\/p>\n<p style=\"text-align: justify;\">Los trabajadores se ven obligados a competir entre s\u00ed por menos empleos con salarios m\u00e1s bajos. Ir\u00f3nicamente, la tasa de ganancia de los capitalistas tambi\u00e9n disminuye, ya que solo el trabajo de los trabajadores produce la plusval\u00eda que se materializa en ganancias. Bajo el capitalismo, el progreso tecnol\u00f3gico no beneficia a nadie a largo plazo, ni siquiera a los empresarios. Contribuye a la sobreproducci\u00f3n y a las consiguientes guerras comerciales e incluso a enfrentamientos armados.<\/p>\n<p style=\"text-align: justify;\">La IA, junto con el acelerado desarrollo de la rob\u00f3tica, amenaza los empleos de los trabajadores en la manufactura, el transporte e incluso la agricultura. Los tractores y las cosechadoras se han guiado por GPS desde hace mucho tiempo. Los monopolios agr\u00edcolas industriales recurrir\u00e1n cada vez m\u00e1s a la rob\u00f3tica para resolver la escasez de mano de obra creada por las pol\u00edticas antiinmigraci\u00f3n y antiobreras.<\/p>\n<p style=\"text-align: justify;\">Los trabajadores administrativos sol\u00edan creerse inmunes a la automatizaci\u00f3n. Pero dise\u00f1adores gr\u00e1ficos, redactores, ingenieros de sonido y muchos otros ya est\u00e1n perdiendo empleos debido a la IA. Y m\u00e1s personas lo har\u00e1n, a medida que se abarate. Es m\u00e1s dif\u00edcil para la IA reemplazar a un carpintero o a un fontanero.<\/p>\n<p style=\"text-align: justify;\">A falta de una revoluci\u00f3n, el capitalismo es hoy, ma\u00f1ana y pasado ma\u00f1ana. Para mejorar la vida de los trabajadores, no necesitamos nuevas tecnolog\u00edas, sino una nueva sociedad: el comunismo.<\/p>\n<p style=\"text-align: justify;\">El comunismo se basa en la cooperaci\u00f3n, no en la competencia. Los trabajadores desarrollar\u00e1n tecnolog\u00edas innovadoras, motivados no por el lucro, sino por el objetivo de mejorar la vida de sus camaradas obreros.<\/p>\n<p style=\"text-align: justify;\">El partido comunista, el PCOI, es la \u00abtecnolog\u00eda\u00bb que hace posible la revoluci\u00f3n comunista y el comunismo.<strong> \u00a1\u00danete a nosotros!<\/strong><\/p>\n<h4><a href=\"https:\/\/icwpredflag.org\/wp\/wordpress\/wps\/volumen-16-numero-4\/\">Primera p\u00e1gina de esta edici\u00f3n<\/a><\/h4>\n","protected":false},"excerpt":{"rendered":"<p>En enero, un programa inform\u00e1tico chino sacudi\u00f3 los cimientos del capitalismo estadounidense. La bolsa se desplom\u00f3. Tan solo el fabricante de chips Nvidia perdi\u00f3 m\u00e1s de medio bill\u00f3n de d\u00f3lares. El programa DeepSeek R1. Rivaliza con las mejores aplicaciones ChatGPT. Lo que sacudi\u00f3 los cimientos fue su coste. Su desarrollo y capacitaci\u00f3n costaron 6 millones &hellip; <a href=\"https:\/\/icwpredflag.org\/wp\/wordpress\/wps\/volumen-16-numero-4\/deepseek-malas-noticias-para-la-industria-de-ee-uu-de-la-ia\/\" class=\"more-link\">Sigue leyendo <span class=\"screen-reader-text\">DeepSeek: Malas Noticias Para la Industria DE EE.UU de la IA<\/span><\/a><\/p>\n","protected":false},"author":6,"featured_media":5655,"parent":12781,"menu_order":0,"comment_status":"closed","ping_status":"closed","template":"","meta":{"footnotes":""},"class_list":["post-12804","page","type-page","status-publish","has-post-thumbnail","hentry"],"_links":{"self":[{"href":"https:\/\/icwpredflag.org\/wp\/wordpress\/wps\/wp-json\/wp\/v2\/pages\/12804","targetHints":{"allow":["GET"]}}],"collection":[{"href":"https:\/\/icwpredflag.org\/wp\/wordpress\/wps\/wp-json\/wp\/v2\/pages"}],"about":[{"href":"https:\/\/icwpredflag.org\/wp\/wordpress\/wps\/wp-json\/wp\/v2\/types\/page"}],"author":[{"embeddable":true,"href":"https:\/\/icwpredflag.org\/wp\/wordpress\/wps\/wp-json\/wp\/v2\/users\/6"}],"replies":[{"embeddable":true,"href":"https:\/\/icwpredflag.org\/wp\/wordpress\/wps\/wp-json\/wp\/v2\/comments?post=12804"}],"version-history":[{"count":2,"href":"https:\/\/icwpredflag.org\/wp\/wordpress\/wps\/wp-json\/wp\/v2\/pages\/12804\/revisions"}],"predecessor-version":[{"id":12808,"href":"https:\/\/icwpredflag.org\/wp\/wordpress\/wps\/wp-json\/wp\/v2\/pages\/12804\/revisions\/12808"}],"up":[{"embeddable":true,"href":"https:\/\/icwpredflag.org\/wp\/wordpress\/wps\/wp-json\/wp\/v2\/pages\/12781"}],"wp:featuredmedia":[{"embeddable":true,"href":"https:\/\/icwpredflag.org\/wp\/wordpress\/wps\/wp-json\/wp\/v2\/media\/5655"}],"wp:attachment":[{"href":"https:\/\/icwpredflag.org\/wp\/wordpress\/wps\/wp-json\/wp\/v2\/media?parent=12804"}],"curies":[{"name":"wp","href":"https:\/\/api.w.org\/{rel}","templated":true}]}}