{"id":12822,"date":"2025-03-18T14:42:55","date_gmt":"2025-03-18T14:42:55","guid":{"rendered":"https:\/\/icwpredflag.org\/wp\/wordpress\/wps\/?page_id=12822"},"modified":"2025-03-18T14:47:59","modified_gmt":"2025-03-18T14:47:59","slug":"cartas-los-camaradas-ofrecen-criticas-y-sugerencias","status":"publish","type":"page","link":"https:\/\/icwpredflag.org\/wp\/wordpress\/wps\/volumen-16-numero-4\/cartas-los-camaradas-ofrecen-criticas-y-sugerencias\/","title":{"rendered":"Cartas: Los Camaradas Ofrecen Cr\u00edticas y Sugerencias"},"content":{"rendered":"<p style=\"text-align: center;\"><strong>Los J\u00f3venes Responden a La Reuni\u00f3n Internacional <a class=\"icwp-emph\" href=\"#1\">aqu\u00ed \u2666<\/a> La Criminalizaci\u00f3n de La Pobreza <a class=\"icwp-emph\" href=\"#2\">aqu\u00ed \u2666<\/a><\/strong><\/p>\n<p><img loading=\"lazy\" decoding=\"async\" class=\"aligncenter wp-image-12784\" src=\"https:\/\/icwpredflag.org\/wp\/wordpress\/wps\/wp-content\/uploads\/sites\/2\/2025\/03\/race.jpg\" alt=\"\" width=\"373\" height=\"352\" \/><\/p>\n<h4 id=\"1\" style=\"text-align: center;\"><span style=\"color: #ff0000;\"><strong>Carta: Es Necesario Reclutar M\u00e1s J\u00f3venes y Mantener Una Presencia Rigurosa en L\u00ednea<\/strong><\/span><\/h4>\n<p style=\"text-align: justify;\">Fue inspirador ver a un grupo tan diverso de camaradas reunidos de Costa Rica, El Salvador, Sud\u00e1frica y m\u00e1s all\u00e1 en Zoom. El crecimiento global de nuestro movimiento es algo para celebrar. El comunismo solo puede darse a trav\u00e9s de una revoluci\u00f3n mundial, y un movimiento global es clave para abolir la esclavitud asalariada, el clasismo, sexismo, racismo y el sistema capitalista.<\/p>\n<p style=\"text-align: justify;\">Hay \u00e1reas donde podemos mejorar y fortalecer nuestros esfuerzos. Los problemas de conectividad, especialmente para una participante de Sud\u00e1frica, dificultaron la participaci\u00f3n. Para abordar esto, deber\u00edamos considerar el uso de mensajes de video pregrabados para garantizar que se escuche la voz de todos, incluso si no pueden unirse a las discusiones en vivo.<\/p>\n<p style=\"text-align: justify;\">Asegurar de que se incluyan las voces de los j\u00f3venes tambi\u00e9n es crucial. Deber\u00edamos considerar que un joven hable de cada pa\u00eds. Esto le dar\u00eda a la pr\u00f3xima generaci\u00f3n una plataforma y nos permitir\u00eda escuchar nuevas perspectivas de quienes llevar\u00e1n adelante el movimiento. La participaci\u00f3n de los j\u00f3venes es clave para sostener y hacer crecer nuestro movimiento.<\/p>\n<p style=\"text-align: justify;\">La reuni\u00f3n estuvo encabezada en gran medida por miembros de mayor edad, lo que, si bien es valioso, a veces limit\u00f3 el alcance de la conversaci\u00f3n. Si bien la experiencia y la sabidur\u00eda son importantes, la integraci\u00f3n de voces m\u00e1s j\u00f3venes aportar\u00eda ideas nuevas, ayudando al movimiento a evolucionar de maneras que resonaran entre las generaciones m\u00e1s j\u00f3venes.<\/p>\n<p style=\"text-align: justify;\">Por ejemplo, se mencion\u00f3 a las redes sociales como una herramienta para ampliar nuestro alcance, pero no estuvo en la agenda cuando deber\u00eda haber estado. Nuestra presencia en l\u00ednea es casi inexistente: la \u00faltima publicaci\u00f3n de la cuenta del Partido X fue en 2013. Esta desconexi\u00f3n muestra que, si bien interactuamos con herramientas modernas, no las estamos utilizando plenamente para difundir nuestro mensaje.<\/p>\n<p style=\"text-align: justify;\">Adem\u00e1s, el sitio web del partido parece obsoleto, lo que lo hace menos efectivo en el panorama digital actual. A medida que el mundo se vuelve m\u00e1s conectado digitalmente, debemos adaptar nuestras estrategias de divulgaci\u00f3n sin dejar de respetar los m\u00e9todos tradicionales.<\/p>\n<p style=\"text-align: justify;\">La reuni\u00f3n tuvo lugar el d\u00eda despu\u00e9s del colapso de Trump con Zelensky. Si bien se discuti\u00f3 esto, se destacaron las limitaciones de confiar \u00fanicamente en un peri\u00f3dico para obtener actualizaciones. Para cuando se publica, Trump ya ha pasado a otra m****. Por eso necesitamos una presencia activa en l\u00ednea para responder en tiempo real. Una publicaci\u00f3n breve que vincule art\u00edculos pasados y futuros nos permitir\u00eda reaccionar r\u00e1pidamente. He hablado con varios amigos sobre el colapso y hubiera sido bueno poder decir: \u201cOye, esto es lo que piensa el partido\u201d, en lugar de esperar tres semanas a que salga el peri\u00f3dico.<\/p>\n<p style=\"text-align: justify;\">En general, estoy incre\u00edblemente orgulloso de nuestro trabajo y soy optimista sobre nuestra direcci\u00f3n. La pasi\u00f3n y el compromiso de todos los involucrados son inspiradores y espero contribuir con ideas y colaborar en los pr\u00f3ximos pasos para nuestro \u00e9xito colectivo.<\/p>\n<p>\u2014Camarada de Los \u00c1ngeles<\/p>\n<h4 id=\"2\" style=\"text-align: center;\"><span style=\"color: #ff0000;\"><strong>Carta: La Criminalizaci\u00f3n de La Pobreza<\/strong><\/span><\/h4>\n<p style=\"text-align: justify;\">Creo que cometimos un error al titular un art\u00edculo \u201cEncarcelamiento Masivo Racista: Una Caracter\u00edstica del Imperialismo Estadounidense en Decadencia\u201d. Un mejor titular ser\u00eda \u201cCriminalizaci\u00f3n de la Pobreza: Una Caracter\u00edstica del Imperialismo Estadounidense en Decadencia\u201d. El racismo est\u00e1 presente en todos los aspectos \u2013culturales, sociales y econ\u00f3micos\u2013 de la vida en los EE.UU., pero la opresi\u00f3n y explotaci\u00f3n de la clase obrera es la divisi\u00f3n dominante.<\/p>\n<p style=\"text-align: justify;\">Las estad\u00edsticas del segundo p\u00e1rrafo ilustran la naturaleza multirracial del encarcelamiento. Afirman que el 25% de los presos son latinos, alrededor del 30% son blancos y alrededor del 30% son negros.<\/p>\n<p style=\"text-align: justify;\">Luego, como en un juego callejero fraudulento, consistente en adivinar en qu\u00e9 lugar de tres posibles se encuentra una bolita, las estad\u00edsticas que siguen ocultan esta realidad. Los latinos son el 19% de la poblaci\u00f3n, los negros el 14% y los blancos el 51%. Los trabajadores negros y latinos son encarcelados desproporcionadamente m\u00e1s que los blancos. Por lo tanto, argumentan los liberales, el encarcelamiento masivo es racista.<\/p>\n<p style=\"text-align: justify;\">Estas estad\u00edsticas son v\u00e1lidas para la poblaci\u00f3n en su conjunto, pero el truco, el grano en el juego, es que la poblaci\u00f3n en su conjunto no se ve amenazada por el encarcelamiento. Desde la d\u00e9cada de 1980, el capitalismo estadounidense ha intensificado la criminalizaci\u00f3n de la pobreza. La vigilancia intensiva del ej\u00e9rcito de reserva de mano de obra (desempleados de larga duraci\u00f3n o trabajadores eventuales) se ha convertido en el m\u00e9todo m\u00e1s barato o preferido de control social.<\/p>\n<p style=\"text-align: justify;\">Unos 41 millones de personas viven por debajo de la l\u00ednea federal de pobreza. Este sector es el m\u00e1s amenazado por el encarcelamiento o la prisi\u00f3n. Un 42% (17 millones) son blancos, un 27% (11 millones) son latinos y un 22% (9 millones) son negros. Si hablamos de la poblaci\u00f3n carcelaria estas estad\u00edsticas son m\u00e1s precisas. El car\u00e1cter racista del Estado sigue siendo claro en estas cifras, pero la pobreza es la caracter\u00edstica dominante. La clase importa.<\/p>\n<p style=\"text-align: justify;\">El triunfo del racismo y el debilitamiento de la conciencia de clase se basa en gran medida en la ignorancia que cada sector tiene de la experiencia vivida por el otro. Los argumentos procapitalistas liberales buscan continuamente estad\u00edsticas que ocultan o distorsionan la naturaleza de clase de la opresi\u00f3n y la explotaci\u00f3n. Hablando del papel del racismo, Frederick Douglas se\u00f1al\u00f3: \u201cDividieron a ambos para conquistar a cada uno\u201d.<\/p>\n<p>\u2014Camarada en California<\/p>\n<p style=\"text-align: center;\"><strong>Lee Nuestros Folletos: <\/strong><\/p>\n<p style=\"text-align: center;\"><strong>\u201cPara Ponerle Fin Al Racismo: Movilicemos a Las Masas Para El Comunismo\u201d <a href=\"https:\/\/icwpredflag.org\/RP\/SupS.html\"><span style=\"color: #ff0000;\">A<\/span><\/a><\/strong><span style=\"color: #ff0000;\"><strong>qu\u00ed<\/strong><\/span><\/p>\n<h4><a href=\"https:\/\/icwpredflag.org\/wp\/wordpress\/wps\/volumen-16-numero-4\/\">Primera p\u00e1gina de esta edici\u00f3n<\/a><\/h4>\n","protected":false},"excerpt":{"rendered":"<p>Los J\u00f3venes Responden a La Reuni\u00f3n Internacional aqu\u00ed \u2666 La Criminalizaci\u00f3n de La Pobreza aqu\u00ed \u2666 Carta: Es Necesario Reclutar M\u00e1s J\u00f3venes y Mantener Una Presencia Rigurosa en L\u00ednea Fue inspirador ver a un grupo tan diverso de camaradas reunidos de Costa Rica, El Salvador, Sud\u00e1frica y m\u00e1s all\u00e1 en Zoom. El crecimiento global de &hellip; <a href=\"https:\/\/icwpredflag.org\/wp\/wordpress\/wps\/volumen-16-numero-4\/cartas-los-camaradas-ofrecen-criticas-y-sugerencias\/\" class=\"more-link\">Sigue leyendo <span class=\"screen-reader-text\">Cartas: Los Camaradas Ofrecen Cr\u00edticas y Sugerencias<\/span><\/a><\/p>\n","protected":false},"author":6,"featured_media":5655,"parent":12781,"menu_order":0,"comment_status":"closed","ping_status":"closed","template":"","meta":{"footnotes":""},"class_list":["post-12822","page","type-page","status-publish","has-post-thumbnail","hentry"],"_links":{"self":[{"href":"https:\/\/icwpredflag.org\/wp\/wordpress\/wps\/wp-json\/wp\/v2\/pages\/12822","targetHints":{"allow":["GET"]}}],"collection":[{"href":"https:\/\/icwpredflag.org\/wp\/wordpress\/wps\/wp-json\/wp\/v2\/pages"}],"about":[{"href":"https:\/\/icwpredflag.org\/wp\/wordpress\/wps\/wp-json\/wp\/v2\/types\/page"}],"author":[{"embeddable":true,"href":"https:\/\/icwpredflag.org\/wp\/wordpress\/wps\/wp-json\/wp\/v2\/users\/6"}],"replies":[{"embeddable":true,"href":"https:\/\/icwpredflag.org\/wp\/wordpress\/wps\/wp-json\/wp\/v2\/comments?post=12822"}],"version-history":[{"count":4,"href":"https:\/\/icwpredflag.org\/wp\/wordpress\/wps\/wp-json\/wp\/v2\/pages\/12822\/revisions"}],"predecessor-version":[{"id":12824,"href":"https:\/\/icwpredflag.org\/wp\/wordpress\/wps\/wp-json\/wp\/v2\/pages\/12822\/revisions\/12824"}],"up":[{"embeddable":true,"href":"https:\/\/icwpredflag.org\/wp\/wordpress\/wps\/wp-json\/wp\/v2\/pages\/12781"}],"wp:featuredmedia":[{"embeddable":true,"href":"https:\/\/icwpredflag.org\/wp\/wordpress\/wps\/wp-json\/wp\/v2\/media\/5655"}],"wp:attachment":[{"href":"https:\/\/icwpredflag.org\/wp\/wordpress\/wps\/wp-json\/wp\/v2\/media?parent=12822"}],"curies":[{"name":"wp","href":"https:\/\/api.w.org\/{rel}","templated":true}]}}