{"id":12892,"date":"2025-04-06T20:34:51","date_gmt":"2025-04-06T20:34:51","guid":{"rendered":"https:\/\/icwpredflag.org\/wp\/wordpress\/wps\/?page_id=12892"},"modified":"2025-04-06T20:34:51","modified_gmt":"2025-04-06T20:34:51","slug":"ee-uu-tiene-un-largo-historial-de-traicionar-a-los-veteranos","status":"publish","type":"page","link":"https:\/\/icwpredflag.org\/wp\/wordpress\/wps\/volumen-16-numero-5\/ee-uu-tiene-un-largo-historial-de-traicionar-a-los-veteranos\/","title":{"rendered":"EE. UU. Tiene un Largo Historial de Traicionar a Los Veteranos"},"content":{"rendered":"<h4 style=\"text-align: center;\"><span style=\"color: #ff0000;\">EE. UU. Tiene un Largo Historial de Traicionar a Los Veteranos: Soldadxs, Tropas de la Guardia Nacional, Marinerxs, Infantes de Marina: \u00dananse al PCOI para Luchar por el Comunismo<\/span><br \/>\n<img loading=\"lazy\" decoding=\"async\" class=\"aligncenter size-full wp-image-12865\" src=\"https:\/\/icwpredflag.org\/wp\/wordpress\/wps\/wp-content\/uploads\/sites\/2\/2025\/04\/Detroit-demo-VA-Feb-2025-edit.jpg\" alt=\"\" width=\"2048\" height=\"1366\" srcset=\"https:\/\/icwpredflag.org\/wp\/wordpress\/wps\/wp-content\/uploads\/sites\/2\/2025\/04\/Detroit-demo-VA-Feb-2025-edit.jpg 2048w, https:\/\/icwpredflag.org\/wp\/wordpress\/wps\/wp-content\/uploads\/sites\/2\/2025\/04\/Detroit-demo-VA-Feb-2025-edit-300x200.jpg 300w, https:\/\/icwpredflag.org\/wp\/wordpress\/wps\/wp-content\/uploads\/sites\/2\/2025\/04\/Detroit-demo-VA-Feb-2025-edit-1024x683.jpg 1024w, https:\/\/icwpredflag.org\/wp\/wordpress\/wps\/wp-content\/uploads\/sites\/2\/2025\/04\/Detroit-demo-VA-Feb-2025-edit-768x512.jpg 768w, https:\/\/icwpredflag.org\/wp\/wordpress\/wps\/wp-content\/uploads\/sites\/2\/2025\/04\/Detroit-demo-VA-Feb-2025-edit-1536x1025.jpg 1536w\" sizes=\"auto, (max-width: 2048px) 100vw, 2048px\" \/><\/h4>\n<p style=\"text-align: center;\"><span style=\"color: #000000;\"><strong>Detroit (EE. UU.), febrero de 2025: Trabajadores de la Administraci\u00f3n de Veteranos protestan contra los recortes de empleo.<\/strong><\/span><\/p>\n<p style=\"text-align: justify;\">SEATTLE (EE. UU.), 25 de marzo\u2014 \u201cEsto es justo lo que necesito para demostrar c\u00f3mo el capitalismo es enemigo de los trabajadores y los soldados\u201d, dijo una amiga sobre el art\u00edculo en Bandera Roja sobre los ataques a la Administraci\u00f3n de Veteranos (AV). Trabaja con estudiantes de secundaria y usar\u00e1 el art\u00edculo en su pr\u00f3xima reuni\u00f3n.<\/p>\n<p style=\"text-align: justify;\">Los recientes recortes en la AV han devastado a\u00fan m\u00e1s un sistema ya de por s\u00ed deficiente. El gobierno actual amenaza con despedir para junio a otros 80,000 trabajadores y personal m\u00e9dico de la AV.<\/p>\n<p style=\"text-align: justify;\">La clase dominante estadounidense necesita reclutar j\u00f3venes al ej\u00e9rcito. Utilizar\u00e1n su poder\u00edo militar contra las naciones que est\u00e1n aumentando su dominio mundial mientras Estados Unidos pierde el suyo.<\/p>\n<p style=\"text-align: justify;\">Millones de trabajadores y soldados han muerto o han sido heridos combatiendo en las sangrientas guerras patronales. Cuando regresan a casa, se les niega la atenci\u00f3n m\u00e9dica que necesitan, adem\u00e1s de perder sus empleos y viviendas.<\/p>\n<p style=\"text-align: justify;\">El PCOI afirma que la clase obrera internacional puede derrotar al sistema capitalista, pero solo si luchamos por el comunismo. No podemos ganar una reoluci\u00f3n sin los soldados. Debemos comprender su importante papel y ganar a nuestros amigos y familiares en el ej\u00e9rcito a que ellos se conviertan en luchadores comunistas.<\/p>\n<h4 style=\"text-align: center;\"><strong>Los Veteranos Contraatacan<\/strong><\/h4>\n<p style=\"text-align: justify;\">La Marcha por la Bonificaci\u00f3n y los campamentos de veteranos despu\u00e9s de la Primera Guerra Mundial muestran c\u00f3mo el sistema capitalista descarta a los veteranos. Trump y Musk son fascistas, pero la responsabilidad \u00faltima recae en el capitalismo.<\/p>\n<p style=\"text-align: justify;\">Despu\u00e9s de la Primera Guerra Mundial, a los soldados que regresaban se les ofreci\u00f3 una bonificaci\u00f3n de 60 d\u00f3lares, pero exigieron m\u00e1s. En 1924, el presidente Calvin Coolidge firm\u00f3 una ley que otorgar\u00eda a cada soldado que sirviera en el extranjero un certificado que no se pagar\u00eda hasta 1945.<\/p>\n<p style=\"text-align: justify;\">Para 1932, cientos de miles estaban desempleados. La tasa de desempleo rondaba el 30%.<\/p>\n<p style=\"text-align: justify;\">Los veteranos de la Primera Guerra Mundial se organizaron en la Fuerza Expedicionaria de Bonificaci\u00f3n (FEB o Ej\u00e9rcito de Bonificaci\u00f3n) para exigir el pago anticipado de las bonificaciones para poder alimentar a sus familias. En la primavera, 17,000 veteranos, sus familias y simpatizantes viajaron a Washington, D. C. y acamparon cerca del Capitolio.<\/p>\n<p style=\"text-align: justify;\">Los veteranos se organizaron en un barrio marginal a orillas del r\u00edo Anacostia. No se ir\u00edan hasta que les pagaran esas bonificaciones. Construyeron estructuras con desechos de un basurero cercano. Dise\u00f1aron calles, construyeron instalaciones sanitarias, una biblioteca, una carpa religiosa y una oficina de correos para enviar cartas a casa. Diariamente organizaban una marcha.<\/p>\n<p style=\"text-align: justify;\">La C\u00e1mara de Representantes aprob\u00f3 un proyecto de ley para otorgarles a los soldados sus bonificaciones, pero el Senado lo rechaz\u00f3.<\/p>\n<p style=\"text-align: justify;\">Cuando Ben Shepherd, l\u00edder del Ej\u00e9rcito de Bonificaci\u00f3n, march\u00f3 a la guerra en 1917, un veterano mayor le advirti\u00f3: \u201cAhora son todos h\u00e9roes. Pero alg\u00fan d\u00eda los tratar\u00e1n como perros\u201d.<\/p>\n<p style=\"text-align: justify;\">El peri\u00f3dico comunista Diario Obrero ten\u00eda una perspectiva m\u00e1s optimista. \u201cCuando venga la revoluci\u00f3n, los manifestantes ser\u00e1n las &#8216;tropas de choque&#8217; de las desempleadas masas estadounidenses\u201d.<\/p>\n<p style=\"text-align: justify;\">La internacional comunista insisti\u00f3 en que el partido comunista estadounidense enviara m\u00e1s veteranos a los campamentos. La izquierda consigui\u00f3 cientos de votos en las convenciones de Fort Hunt, pero nunca pudieron decir que encabezaron la marcha de bonificaci\u00f3n.<\/p>\n<p style=\"text-align: justify;\">A los generales les preocupaba que los marines que viv\u00edan cerca del campamento se unieran a los veteranos en su lucha. Veteranos negros y blancos se unieron para luchar contra las tropas armadas. La inteligencia del Ej\u00e9rcito y la Marina segu\u00eda informando fren\u00e9ticamente que la protesta era un complot comunista.<\/p>\n<p style=\"text-align: justify;\">El 28 de julio de 1932, el presidente Herbert Hoover presion\u00f3 al jefe de polic\u00eda local para que atacara el campamento. Los veteranos se defendieron. Dos murieron a manos de la polic\u00eda.<\/p>\n<p style=\"text-align: justify;\">Al d\u00eda siguiente, el general Douglas MacArthur, un anticomunista ac\u00e9rrimo que se har\u00eda famoso por su brutalidad en el Pac\u00edfico durante la Segunda Guerra Mundial, orden\u00f3 al ej\u00e9rcito regular que aplastara los campamentos.<\/p>\n<p style=\"text-align: justify;\">George Patton, quien posteriormente tambi\u00e9n ser\u00eda general en la Segunda Guerra Mundial, lider\u00f3 el ataque contra los veteranos y sus familias. Atacaron con caballer\u00eda e infanter\u00eda, liderados por seis tanques y utilizando bayonetas caladas, gases lacrim\u00f3genos y otras armas qu\u00edmicas. Un ni\u00f1o de doce a\u00f1os muri\u00f3. Los soldados del ej\u00e9rcito regular incendiaron el campamento, obligando a todos a huir.<\/p>\n<p style=\"text-align: justify;\">El capitalismo ha sido el enemigo durante siglos. Las fuerzas armadas imperialistas contin\u00faan sacrificando soldados y veteranos en un altar de ganancias patronales envuelto en la bandera estadounidense.<\/p>\n<p style=\"text-align: justify;\">Solo la revoluci\u00f3n comunista puede ponerle fin a esta carnicer\u00eda. Preparar a los j\u00f3venes camaradas para construir colectivos comunistas en las fuerzas armadas es vital. \u00a1Volteemos las armas contra los capitalistas!<\/p>\n<p><img loading=\"lazy\" decoding=\"async\" class=\"aligncenter wp-image-12864\" src=\"https:\/\/icwpredflag.org\/wp\/wordpress\/wps\/wp-content\/uploads\/sites\/2\/2025\/04\/Bonus-marchers-fight-cops-2.gif\" alt=\"\" width=\"701\" height=\"528\" \/><\/p>\n<p style=\"text-align: justify;\"><strong>Veteranos blancos y negros combatieron los ataques de polic\u00edas y soldados en los campamentos de la Marcha por los Bonos.<\/strong><\/p>\n<p style=\"text-align: center;\"><strong>Lee Nuestro Nuevo Folleto:\u00a0<\/strong><\/p>\n<p style=\"text-align: center;\"><strong>\u201cSoldados, Marineros, Marines: Cruciales para la Revoluci\u00f3n Comunista\u201d<\/strong><\/p>\n<p style=\"text-align: center;\"><a href=\"https:\/\/icwpredflag.org\/MIL\/mps.pdf\"><span style=\"color: #ff0000;\"><strong>Aqu\u00ed<\/strong><\/span><\/a><\/p>\n<h4><a href=\"https:\/\/icwpredflag.org\/wp\/wordpress\/wps\/volumen-16-numero-5\/\">Primera p\u00e1gina de esta edici\u00f3n<\/a><\/h4>\n","protected":false},"excerpt":{"rendered":"<p>EE. UU. Tiene un Largo Historial de Traicionar a Los Veteranos: Soldadxs, Tropas de la Guardia Nacional, Marinerxs, Infantes de Marina: \u00dananse al PCOI para Luchar por el Comunismo Detroit (EE. UU.), febrero de 2025: Trabajadores de la Administraci\u00f3n de Veteranos protestan contra los recortes de empleo. SEATTLE (EE. UU.), 25 de marzo\u2014 \u201cEsto es &hellip; <a href=\"https:\/\/icwpredflag.org\/wp\/wordpress\/wps\/volumen-16-numero-5\/ee-uu-tiene-un-largo-historial-de-traicionar-a-los-veteranos\/\" class=\"more-link\">Sigue leyendo <span class=\"screen-reader-text\">EE. UU. Tiene un Largo Historial de Traicionar a Los Veteranos<\/span><\/a><\/p>\n","protected":false},"author":6,"featured_media":5655,"parent":12852,"menu_order":0,"comment_status":"closed","ping_status":"closed","template":"","meta":{"footnotes":""},"class_list":["post-12892","page","type-page","status-publish","has-post-thumbnail","hentry"],"_links":{"self":[{"href":"https:\/\/icwpredflag.org\/wp\/wordpress\/wps\/wp-json\/wp\/v2\/pages\/12892","targetHints":{"allow":["GET"]}}],"collection":[{"href":"https:\/\/icwpredflag.org\/wp\/wordpress\/wps\/wp-json\/wp\/v2\/pages"}],"about":[{"href":"https:\/\/icwpredflag.org\/wp\/wordpress\/wps\/wp-json\/wp\/v2\/types\/page"}],"author":[{"embeddable":true,"href":"https:\/\/icwpredflag.org\/wp\/wordpress\/wps\/wp-json\/wp\/v2\/users\/6"}],"replies":[{"embeddable":true,"href":"https:\/\/icwpredflag.org\/wp\/wordpress\/wps\/wp-json\/wp\/v2\/comments?post=12892"}],"version-history":[{"count":2,"href":"https:\/\/icwpredflag.org\/wp\/wordpress\/wps\/wp-json\/wp\/v2\/pages\/12892\/revisions"}],"predecessor-version":[{"id":12894,"href":"https:\/\/icwpredflag.org\/wp\/wordpress\/wps\/wp-json\/wp\/v2\/pages\/12892\/revisions\/12894"}],"up":[{"embeddable":true,"href":"https:\/\/icwpredflag.org\/wp\/wordpress\/wps\/wp-json\/wp\/v2\/pages\/12852"}],"wp:featuredmedia":[{"embeddable":true,"href":"https:\/\/icwpredflag.org\/wp\/wordpress\/wps\/wp-json\/wp\/v2\/media\/5655"}],"wp:attachment":[{"href":"https:\/\/icwpredflag.org\/wp\/wordpress\/wps\/wp-json\/wp\/v2\/media?parent=12892"}],"curies":[{"name":"wp","href":"https:\/\/api.w.org\/{rel}","templated":true}]}}