{"id":13332,"date":"2025-08-11T21:31:52","date_gmt":"2025-08-11T21:31:52","guid":{"rendered":"https:\/\/icwpredflag.org\/wp\/wordpress\/wps\/?page_id=13332"},"modified":"2025-08-11T21:33:32","modified_gmt":"2025-08-11T21:33:32","slug":"los-angeles-ee-uu-los-comunistas-en-la-lucha-contra-los-ataques-anti-inmigrantes","status":"publish","type":"page","link":"https:\/\/icwpredflag.org\/wp\/wordpress\/wps\/volumen-16-numero-11\/los-angeles-ee-uu-los-comunistas-en-la-lucha-contra-los-ataques-anti-inmigrantes\/","title":{"rendered":"Los \u00c1ngeles (EE.UU.): Los Comunistas En La Lucha Contra Los Ataques Anti-inmigrantes"},"content":{"rendered":"<p style=\"text-align: center;\"><strong>Mi Resistencia Comunista Durante las Redadas de La Migra <a class=\"icwp-emph\" href=\"#1\">aqu\u00ed \u2666<\/a> \u00bfUn Mundo Comunista Sin Fronteras? Una Charla Entre Compa\u00f1eros de Trabajo <a class=\"icwp-emph\" href=\"#2\">aqu\u00ed \u2666<\/a><\/strong><\/p>\n<p style=\"text-align: center;\"><img loading=\"lazy\" decoding=\"async\" class=\"aligncenter wp-image-13333\" src=\"https:\/\/icwpredflag.org\/wp\/wordpress\/wps\/wp-content\/uploads\/sites\/2\/2025\/08\/09.jpg\" alt=\"\" width=\"360\" height=\"645\" srcset=\"https:\/\/icwpredflag.org\/wp\/wordpress\/wps\/wp-content\/uploads\/sites\/2\/2025\/08\/09.jpg 217w, https:\/\/icwpredflag.org\/wp\/wordpress\/wps\/wp-content\/uploads\/sites\/2\/2025\/08\/09-167x300.jpg 167w\" sizes=\"auto, (max-width: 360px) 100vw, 360px\" \/><br \/>\n<strong>\u00a1No Deportaciones! \u00a1No Naciones! \u00a1Necesitamos un Mundo Comunista Sin Fronteras!<\/strong><\/p>\n<h4 id=\"1\" style=\"text-align: center;\"><span style=\"color: #ff0000;\"><strong>Carta: Mi Resistencia Comunista Durante las Redadas de La Migra<\/strong><\/span><\/h4>\n<p style=\"text-align: justify;\">En medio de las redadas fascistas de La Migra que aterrorizan a las comunidades inmigrantes en Los \u00c1ngeles, he estado en el frente: organizando, resistiendo y neg\u00e1ndome a callar. Estas redadas no son solo decisiones pol\u00edticas. Son ataques deliberados destinados a dividir, aislar y desaparecer gente de la clase trabajadora. En este momento de miedo e ira, he hablado con miembros de la Guardia Nacional, cuestionando su papel en esta represi\u00f3n y distribuyendo Bandera Roja como acto de desaf\u00edo, solidaridad y s\u00edmbolo del futuro por el que luchamos.<\/p>\n<p style=\"text-align: justify;\">He estado en diferentes niveles de acci\u00f3n\u2014distribuyendo literatura en una manifestaci\u00f3n de \u201cSin Reyes\u201d. Al llegar con camaradas para distribuir literatura a las masas, recib\u00ed un mensaje de una amiga: \u201c\u00bfD\u00f3nde est\u00e1s?\u201d. Respond\u00ed: \u201cEn el centro\u201d, donde tambi\u00e9n estaba mi amiga.<\/p>\n<p style=\"text-align: justify;\">\u201cEsta es mi primera protesta\u201d, exclam\u00f3 mi amiga con entusiasmo, ya que se hab\u00edan movilizado pol\u00edticamente debido a las recientes redadas de La Migra aqu\u00ed. Hemos hablado en el pasado sobre acontecimientos en las noticias, pero en ese momento ten\u00eda Bandera Roja en la mano y compart\u00ed mis opiniones comunistas pol\u00edticas m\u00e1s abiertamente. Present\u00e9 a mi amiga en mi vida personal a mis camaradas. Al final de la protesta, una camarada mayor dijo: \u201cMe alegra conocer a tu familia elegida. Espero que nos volvamos a ver pronto.\u201d<\/p>\n<p style=\"text-align: justify;\">Un par de semanas despu\u00e9s, convers\u00e9 con estudiantes y la multitud en las calles de Santa M\u00f3nica sobre el comunismo, la abolici\u00f3n y un mundo sin fronteras. Los estudiantes no se convencieron de nuestras ideas. Algunos, incluyendo unos estudiantes israel\u00edes, dudaron o se pusieron a la defensiva. Pero no lo vi como una p\u00e9rdida. Lo vi como una pr\u00e1ctica. Pr\u00e1ctica para abrir conversaciones, para mantener los pies en la tierra mientras presentaba visiones radicales de lo que podr\u00eda ser el mundo.<\/p>\n<p style=\"text-align: justify;\">Esos momentos construyeron puentes, no solo con estudiantes, sino tambi\u00e9n con otros organizadores comunitarios que se pararon a mi lado, intercambiando experiencias y construyendo una unidad m\u00e1s profunda. En una ciudad dividida por las clases sociales y la violencia estatal, cualquier espacio donde podamos organizarnos y so\u00f1ar juntos es sagrado.<\/p>\n<p style=\"text-align: justify;\">Mientras organizo, tambi\u00e9n lucho contra mis propias contradicciones: intento integrar mi vida personal con mi pol\u00edtica comunista sin desmoronarme. No hay un plan claro para vivir la pol\u00edtica que predicamos, especialmente en un mundo construido para desgastarnos. Estoy aprendiendo a ser honesto con mis camaradas, a pedir ayuda y a rendir cuentas.<\/p>\n<p style=\"text-align: justify;\">La lucha interna por mantenerme arraigado mientras lidio con el agotamiento, la familia y el caos cotidiano del capitalismo es real. Pero s\u00e9 que este trabajo se trata de transformaci\u00f3n, tanto colectiva como personal.<\/p>\n<p>\u2014Camarada en Los \u00c1ngeles (EE. UU.)<\/p>\n<h4 id=\"2\" style=\"text-align: center;\"><span style=\"color: #ff0000;\"><strong>Carta: \u00bfUn Mundo Comunista Sin Fronteras? Una Charla Entre Compa\u00f1eros de Trabajo<\/strong><\/span><\/h4>\n<p style=\"text-align: justify;\">Recientemente cuando las redadas en Los \u00c1ngeles estaban muy activas, surgi\u00f3 una conversaci\u00f3n con algunos compa\u00f1eros de trabajo. Todo comenz\u00f3 cuando L coment\u00f3 el caos y miedo que provocaba ser detenido por no tener documentos, y yo aprovech\u00e9 para poner en la conversaci\u00f3n un poco de la l\u00ednea de nuestro partido \u201c\u00bfY si vivi\u00e9ramos en un mundo comunista sin fronteras?\u201d<\/p>\n<p style=\"text-align: justify;\">De inmediato, C solt\u00f3 una carcajada y dijo: \u201c\u00a1Eso no es posible! \u00bfQui\u00e9n controlar\u00eda un mundo as\u00ed?\u201d Yo le respond\u00ed: \u201cLa idea no es que un gobierno control\u00e9 todo, sino que compartamos los recursos y las decisiones de forma colectiva. Sin naciones que dividan, sin muros que separen a los seres humanos\u201d<\/p>\n<p style=\"text-align: justify;\">J, pregunt\u00f3: \u201c\u00bfY el incentivo? \u00bfQui\u00e9n va a querer trabajar si todo es de todos?\u201d Le expliqu\u00e9 que el trabajo dejar\u00eda de ser una obligaci\u00f3n para sobrevivir y se volver\u00eda una forma de contribuir. \u201cImagina un mundo donde nadie muera de hambre porque el planeta entero cuida de todos\u201d<\/p>\n<p style=\"text-align: justify;\">M, que hab\u00eda estado en silencio, dijo algo que me motivo: \u201cNo s\u00e9 si sea posible ahora, pero la idea de un mundo sin desigualdad ni fronteras me parece algo muy bueno.\u201d<\/p>\n<p style=\"text-align: justify;\">Y me qued\u00e9 pensando que mientras tenemos estas conversaciones a muchos les suena lejano, pero si m\u00e1s personas se atreven a imaginarlo como en alg\u00fan momento lo dijo un camarada de<\/p>\n<p style=\"text-align: justify;\">M\u00e9xico, se van abriendo m\u00e1s posibilidades de reclutar nuevos camaradas al partido.<\/p>\n<p style=\"text-align: justify;\">A pesar del miedo que me ha provocado personalmente esta situaci\u00f3n, muchas veces hablar no solo con personas que queremos reclutar sino tambi\u00e9n con camaradas del partido ayuda a sentir la solidaridad comunista y afrontar esos miedos con coraje y lucha.<\/p>\n<p>\u2014Camarada Comunista<\/p>\n<p style=\"text-align: center;\"><strong>Lee Nuestro Folleto: <\/strong><\/p>\n<p style=\"text-align: center;\"><strong>\u201cLuchemos Por El D\u00eda En Que Ning\u00fan Trabajador Sea Llamado Extranjero\u201d<\/strong><\/p>\n<p style=\"text-align: center;\"><a href=\"https:\/\/icwpredflag.org\/wp\/wordpress\/wps\/wp-content\/uploads\/sites\/2\/2019\/03\/MIgracio%CC%81nESP.pdf\"><span style=\"color: #ff0000;\"><strong>Aqu\u00ed<\/strong><\/span><\/a><\/p>\n<h4><a href=\"https:\/\/icwpredflag.org\/wp\/wordpress\/wps\/volumen-16-numero-11\/\">Primera p\u00e1gina de esta edici\u00f3n<\/a><\/h4>\n","protected":false},"excerpt":{"rendered":"<p>Mi Resistencia Comunista Durante las Redadas de La Migra aqu\u00ed \u2666 \u00bfUn Mundo Comunista Sin Fronteras? Una Charla Entre Compa\u00f1eros de Trabajo aqu\u00ed \u2666 \u00a1No Deportaciones! \u00a1No Naciones! \u00a1Necesitamos un Mundo Comunista Sin Fronteras! Carta: Mi Resistencia Comunista Durante las Redadas de La Migra En medio de las redadas fascistas de La Migra que aterrorizan &hellip; <a href=\"https:\/\/icwpredflag.org\/wp\/wordpress\/wps\/volumen-16-numero-11\/los-angeles-ee-uu-los-comunistas-en-la-lucha-contra-los-ataques-anti-inmigrantes\/\" class=\"more-link\">Sigue leyendo <span class=\"screen-reader-text\">Los \u00c1ngeles (EE.UU.): Los Comunistas En La Lucha Contra Los Ataques Anti-inmigrantes<\/span><\/a><\/p>\n","protected":false},"author":6,"featured_media":5655,"parent":13294,"menu_order":0,"comment_status":"closed","ping_status":"closed","template":"","meta":{"footnotes":""},"class_list":["post-13332","page","type-page","status-publish","has-post-thumbnail","hentry"],"_links":{"self":[{"href":"https:\/\/icwpredflag.org\/wp\/wordpress\/wps\/wp-json\/wp\/v2\/pages\/13332","targetHints":{"allow":["GET"]}}],"collection":[{"href":"https:\/\/icwpredflag.org\/wp\/wordpress\/wps\/wp-json\/wp\/v2\/pages"}],"about":[{"href":"https:\/\/icwpredflag.org\/wp\/wordpress\/wps\/wp-json\/wp\/v2\/types\/page"}],"author":[{"embeddable":true,"href":"https:\/\/icwpredflag.org\/wp\/wordpress\/wps\/wp-json\/wp\/v2\/users\/6"}],"replies":[{"embeddable":true,"href":"https:\/\/icwpredflag.org\/wp\/wordpress\/wps\/wp-json\/wp\/v2\/comments?post=13332"}],"version-history":[{"count":3,"href":"https:\/\/icwpredflag.org\/wp\/wordpress\/wps\/wp-json\/wp\/v2\/pages\/13332\/revisions"}],"predecessor-version":[{"id":13336,"href":"https:\/\/icwpredflag.org\/wp\/wordpress\/wps\/wp-json\/wp\/v2\/pages\/13332\/revisions\/13336"}],"up":[{"embeddable":true,"href":"https:\/\/icwpredflag.org\/wp\/wordpress\/wps\/wp-json\/wp\/v2\/pages\/13294"}],"wp:featuredmedia":[{"embeddable":true,"href":"https:\/\/icwpredflag.org\/wp\/wordpress\/wps\/wp-json\/wp\/v2\/media\/5655"}],"wp:attachment":[{"href":"https:\/\/icwpredflag.org\/wp\/wordpress\/wps\/wp-json\/wp\/v2\/media?parent=13332"}],"curies":[{"name":"wp","href":"https:\/\/api.w.org\/{rel}","templated":true}]}}