{"id":13562,"date":"2025-10-14T19:29:06","date_gmt":"2025-10-14T19:29:06","guid":{"rendered":"https:\/\/icwpredflag.org\/wp\/wordpress\/wps\/?page_id=13562"},"modified":"2025-10-14T19:29:06","modified_gmt":"2025-10-14T19:29:06","slug":"cartas-economia-politica-e-imperialismo","status":"publish","type":"page","link":"https:\/\/icwpredflag.org\/wp\/wordpress\/wps\/volumen-16-numero-14\/cartas-economia-politica-e-imperialismo\/","title":{"rendered":"Cartas: Econom\u00eda Pol\u00edtica e Imperialismo"},"content":{"rendered":"<p style=\"text-align: center;\"><strong>Rivalidad Interimperialista entre EE. UU. y China en Medio de la Crisis Econ\u00f3mica <a class=\"icwp-emph\" href=\"#1\">aqu\u00ed \u2666<\/a> Preguntas sobre Econom\u00eda Pol\u00edtica <a class=\"icwp-emph\" href=\"#2\">aqu\u00ed \u2666<\/a><\/strong><\/p>\n<p><img loading=\"lazy\" decoding=\"async\" class=\"aligncenter size-full wp-image-13563\" src=\"https:\/\/icwpredflag.org\/wp\/wordpress\/wps\/wp-content\/uploads\/sites\/2\/2025\/10\/15-e1760469873476.jpg\" alt=\"\" width=\"600\" height=\"364\" \/><\/p>\n<h4 id=\"1\" style=\"text-align: center;\"><span style=\"color: #ff0000;\"><strong>Carta: Rivalidad Interimperialista entre EE. UU. y China en Medio de la Crisis Econ\u00f3mica<\/strong><\/span><\/h4>\n<p style=\"text-align: justify;\">El capitalismo depende de las ganancias. Las ganancias son la plusval\u00eda del trabajo de lxs trabajadorxs que no se les paga. El imperialismo es el capitalismo extendido para explotar a la clase trabajadora y los recursos materiales de otro pa\u00eds. Las ganancias en EE.UU. han disminuido desde la d\u00e9cada de 1970 debido al aumento de la automatizaci\u00f3n. Esto significa menos trabajadores que explotar para obtener ganancias y una creciente competencia global.<\/p>\n<p style=\"text-align: justify;\">La industria manufacturera estadounidense representa el 10,2 % de la econom\u00eda y el 8 % del empleo. Se ha contra\u00eddo en los \u00faltimos seis meses. En 1960, la industria manufacturera estadounidense representaba aproximadamente el 25 % del PIB nominal y aproximadamente el 28 % del empleo en EE. UU.<\/p>\n<p style=\"text-align: justify;\">Las siete industrias que se est\u00e1n desacelerando significativamente son productos de papel, maquinaria, equipos el\u00e9ctricos, electrodom\u00e9sticos, computadoras y electr\u00f3nica. La construcci\u00f3n ha disminuido un 6,7 %. Se ha registrado una p\u00e9rdida neta de un mill\u00f3n de empleos en lo que va de 2025. Un mill\u00f3n m\u00e1s de trabajadores desempleados. Solo se crearon 22,000 nuevos empleos en agosto, mientras que m\u00e1s de 150,000 trabajadores entran al mercado laboral cada mes.<\/p>\n<p style=\"text-align: justify;\">La tasa efectiva de desempleo en EE.UU. supera el 22% de la fuerza laboral. M\u00e1s del 60% de la fuerza laboral estadounidense vive al d\u00eda. El 25% vive en pobreza extrema.<\/p>\n<p style=\"text-align: justify;\">El gobierno estadounidense est\u00e1 aumentando su deuda mediante la impresi\u00f3n de dinero y el endeudamiento. Est\u00e1 vendiendo bonos del Tesoro con altos intereses para recaudar fondos. Muchos economistas afirman que EE.UU. se encuentra en recesi\u00f3n, enfrent\u00e1ndose a una posible depresi\u00f3n grave, peor que la de 1929.<\/p>\n<p style=\"text-align: justify;\">Las solicitudes de quiebra han aumentado un 12% desde 2024, continuando una tendencia de dos a\u00f1os. Se estima que quince mil tiendas minoristas cerrar\u00e1n en 2025, el doble que en 2024. Los concesionarios de autom\u00f3viles se niegan a entregar autom\u00f3viles nuevos con un inventario cada vez mayor que no se puede vender. Cientos de salas de exhibici\u00f3n han cerrado. La deuda p\u00fablica de tarjetas de cr\u00e9dito ha aumentado significativamente desde 2024, alcanzando los 1,21 billones de d\u00f3lares. Los bancos de alimentos est\u00e1n experimentando una escasez cr\u00edtica.<\/p>\n<p>Algunos predicen una gran recesi\u00f3n antes de finales de 2025.<\/p>\n<p><strong>Geopol\u00edtica de Rivalidades Imperialistas<\/strong><\/p>\n<p style=\"text-align: justify;\">Durante las d\u00e9cadas de 1980 y 1990, los capitalistas estadounidenses trasladaron muchas industrias a China, Vietnam, M\u00e9xico, Costa Rica y otros lugares para compensar la p\u00e9rdida de ganancias en EE. UU. Hoy, General Electric ha anunciado planes para cerrar f\u00e1bricas en Estados Unidos y trasladarlas al extranjero. Ahora China est\u00e1 haciendo lo mismo: est\u00e1 enviando la producci\u00f3n a otros pa\u00edses para obtener ganancias de la mano de obra barata y extraer recursos materiales como la agricultura y el petr\u00f3leo.<\/p>\n<p style=\"text-align: justify;\">La industria manufacturera de EE.UU. es un tercio de lo que era durante la d\u00e9cada de 1960. Es una econom\u00eda de servicios que paga mucho menos, es menos predecible y, por lo general, no est\u00e1 sindicalizada. La hegemon\u00eda econ\u00f3mica global mediante la explotaci\u00f3n y la guerra es la v\u00eda imperialista para aumentar las ganancias de la explotaci\u00f3n de trabajadores extranjeros con salarios m\u00e1s bajos. La raz\u00f3n por la que los trabajadores migran a Estados Unidos es porque Estados Unidos y China destruyeron la vitalidad econ\u00f3mica y pol\u00edtica de las naciones que abandonan.<\/p>\n<p style=\"text-align: justify;\"><strong>\u00a1El capitalismo est\u00e1 demostrando su incapacidad para satisfacer las necesidades de los trabajadores!<\/strong><\/p>\n<p style=\"text-align: justify;\">\u00a1Solo el comunismo abolir\u00e1 el desempleo y la esclavitud asalariada! En el comunismo, se necesitar\u00e1n trabajadores en todas partes. Habr\u00e1 trabajo para todos para satisfacer las necesidades de las masas. Sin jefes ni supervisores, el trabajo ser\u00e1 un placer, con los trabajadores planificando y produciendo todo colectivamente.<\/p>\n<p style=\"text-align: justify;\">\u00a1Sin fronteras! \u00a1Sin imperialismo! \u00a1Todos somos trabajadores de una misma clase! Luchemos juntos por el comunismo.<\/p>\n<p>\u2014Camarada<\/p>\n<h4 id=\"2\" style=\"text-align: center;\"><span style=\"color: #ff0000;\"><strong>Carta: Preguntas sobre Econom\u00eda Pol\u00edtica<\/strong><\/span><\/h4>\n<p style=\"text-align: justify;\">He estado reflexionando sobre mis preguntas sobre econom\u00eda pol\u00edtica. Aqu\u00ed hay algunas que creo que no entiendo lo suficiente como para explic\u00e1rselas a un amigo:<\/p>\n<ul>\n<li>\u00bfPor qu\u00e9 las m\u00e1quinas no pueden generar ganancias para los capitalistas?<\/li>\n<li>Si pudieran reemplazar a cada trabajador de f\u00e1brica con una m\u00e1quina para realizar el trabajo y vender esos art\u00edculos, \u00bfno obtendr\u00edan ganancias?<\/li>\n<li>\u00bfPor qu\u00e9 los capitalistas invierten en capital improductivo?<\/li>\n<li>\u00bfPor qu\u00e9 el capitalismo necesita crecer para seguir existiendo?<\/li>\n<\/ul>\n<p style=\"text-align: justify;\">Espero que otros camaradas puedan ayudar a proporcionar respuestas claras y compartir otras preguntas que han surgido en su trabajo.<\/p>\n<p>\u2014Camarada experimentada que a\u00fan est\u00e1 aprendiendo<\/p>\n<h4><a href=\"https:\/\/icwpredflag.org\/wp\/wordpress\/wps\/volumen-16-numero-14\/\">Primera p\u00e1gina de esta edici\u00f3n<\/a><\/h4>\n","protected":false},"excerpt":{"rendered":"<p>Rivalidad Interimperialista entre EE. UU. y China en Medio de la Crisis Econ\u00f3mica aqu\u00ed \u2666 Preguntas sobre Econom\u00eda Pol\u00edtica aqu\u00ed \u2666 Carta: Rivalidad Interimperialista entre EE. UU. y China en Medio de la Crisis Econ\u00f3mica El capitalismo depende de las ganancias. Las ganancias son la plusval\u00eda del trabajo de lxs trabajadorxs que no se les &hellip; <a href=\"https:\/\/icwpredflag.org\/wp\/wordpress\/wps\/volumen-16-numero-14\/cartas-economia-politica-e-imperialismo\/\" class=\"more-link\">Sigue leyendo <span class=\"screen-reader-text\">Cartas: Econom\u00eda Pol\u00edtica e Imperialismo<\/span><\/a><\/p>\n","protected":false},"author":6,"featured_media":5655,"parent":13504,"menu_order":0,"comment_status":"closed","ping_status":"closed","template":"","meta":{"footnotes":""},"class_list":["post-13562","page","type-page","status-publish","has-post-thumbnail","hentry"],"_links":{"self":[{"href":"https:\/\/icwpredflag.org\/wp\/wordpress\/wps\/wp-json\/wp\/v2\/pages\/13562","targetHints":{"allow":["GET"]}}],"collection":[{"href":"https:\/\/icwpredflag.org\/wp\/wordpress\/wps\/wp-json\/wp\/v2\/pages"}],"about":[{"href":"https:\/\/icwpredflag.org\/wp\/wordpress\/wps\/wp-json\/wp\/v2\/types\/page"}],"author":[{"embeddable":true,"href":"https:\/\/icwpredflag.org\/wp\/wordpress\/wps\/wp-json\/wp\/v2\/users\/6"}],"replies":[{"embeddable":true,"href":"https:\/\/icwpredflag.org\/wp\/wordpress\/wps\/wp-json\/wp\/v2\/comments?post=13562"}],"version-history":[{"count":2,"href":"https:\/\/icwpredflag.org\/wp\/wordpress\/wps\/wp-json\/wp\/v2\/pages\/13562\/revisions"}],"predecessor-version":[{"id":13565,"href":"https:\/\/icwpredflag.org\/wp\/wordpress\/wps\/wp-json\/wp\/v2\/pages\/13562\/revisions\/13565"}],"up":[{"embeddable":true,"href":"https:\/\/icwpredflag.org\/wp\/wordpress\/wps\/wp-json\/wp\/v2\/pages\/13504"}],"wp:featuredmedia":[{"embeddable":true,"href":"https:\/\/icwpredflag.org\/wp\/wordpress\/wps\/wp-json\/wp\/v2\/media\/5655"}],"wp:attachment":[{"href":"https:\/\/icwpredflag.org\/wp\/wordpress\/wps\/wp-json\/wp\/v2\/media?parent=13562"}],"curies":[{"name":"wp","href":"https:\/\/api.w.org\/{rel}","templated":true}]}}