{"id":13668,"date":"2025-11-26T21:19:42","date_gmt":"2025-11-26T21:19:42","guid":{"rendered":"https:\/\/icwpredflag.org\/wp\/wordpress\/wps\/?page_id=13668"},"modified":"2025-11-26T21:19:42","modified_gmt":"2025-11-26T21:19:42","slug":"trabajadores-en-huelga-oportunidades-para-construir-el-pcoi","status":"publish","type":"page","link":"https:\/\/icwpredflag.org\/wp\/wordpress\/wps\/volumen-16-numero-16\/trabajadores-en-huelga-oportunidades-para-construir-el-pcoi\/","title":{"rendered":"Trabajadores En Huelga: Oportunidades Para Construir El PCOI"},"content":{"rendered":"<p lang=\"en-US\" align=\"center\"><img loading=\"lazy\" decoding=\"async\" class=\"aligncenter wp-image-13669\" src=\"https:\/\/icwpredflag.org\/wp\/wordpress\/wps\/wp-content\/uploads\/sites\/2\/2025\/11\/05-1-e1764191851519.jpg\" alt=\"\" width=\"716\" height=\"402\" \/><\/p>\n<p class=\"western\" lang=\"en-US\" align=\"justify\"><span style=\"font-family: Aptos, serif;\"><span style=\"font-size: small;\"><strong><span style=\"font-family: Liberation Serif, serif;\"><span style=\"font-size: medium;\"><span lang=\"es-ES\">M\u00c9XICO, 13 de noviembre\u2014El descontento magisterial en M\u00e9xico debe llevar a terminar con el capitalismo y luchar por construir una sociedad comunista y para eso deben unirse al PCOI. En la ciudad de M\u00e9xico los invitamos en su campamento con 350 <\/span><\/span><\/span><\/strong><strong><span style=\"font-family: Liberation Serif, serif;\"><span style=\"font-size: medium;\"><span lang=\"es-ES\"><i>Bandera Roja.<\/i><\/span><\/span><\/span><\/strong><\/span><\/span><\/p>\n<p lang=\"en-US\" align=\"center\"><span style=\"font-family: Times New Roman, serif;\"><span style=\"color: #ff0000;\"><span style=\"font-family: Liberation Serif, serif;\"><span lang=\"es-SV\"><b>Solidaridad con los Huelguistas de Boeing: Construyendo la Revoluci\u00f3n Comunista<\/b><\/span><\/span><\/span><\/span><\/p>\n<p class=\"western\" lang=\"en-US\" align=\"justify\"><span style=\"font-family: Aptos, serif;\"><span style=\"font-size: small;\"><span style=\"font-family: Liberation Serif, serif;\"><span style=\"font-size: medium;\"><span lang=\"es-419\">SEATTLE (EE.UU.), 9 de noviembre \u2014 \u201cSe necesita m\u00e1s que dar un discurso desde el podio diciendo que has estado con los huelguistas estos \u00faltimos tres meses. Se necesita estar con ellos de manera real y concreta. Se necesita ver c\u00f3mo hacer una lucha m\u00e1s efectiva\u201d, escribi\u00f3 \u201cEl Charro Mortal\u201d despu\u00e9s de regresar a Seattle tras reunirse con trabajadores en huelga de Boeing en St. Louis. Los trabajadores de estas plantas fabrican aviones militares y sistemas de armas.<\/span><\/span><\/span><\/span><\/span><\/p>\n<p class=\"western\" lang=\"en-US\" align=\"justify\"><span style=\"font-family: Aptos, serif;\"><span style=\"font-size: small;\"><span style=\"font-family: Liberation Serif, serif;\"><span style=\"font-size: medium;\"><span lang=\"es-419\">Seg\u00fan sab\u00eda El Charro Mortal, \u00e9l y sus dos amigos de Chicago eran los \u00fanicos trabajadores de base de Boeing que viajaron para unirse a los piquetes de huelga. Alrededor de tres mil trabajadores industriales est\u00e1n en huelga.<\/span><\/span><\/span><\/span><\/span><\/p>\n<p class=\"western\" lang=\"en-US\" align=\"justify\"><span style=\"font-family: Aptos, serif;\"><span style=\"font-size: small;\"><span style=\"font-family: Liberation Serif, serif;\"><span style=\"font-size: medium;\"><span lang=\"es-419\">Present\u00f3 un informe m\u00e1s detallado en una reuni\u00f3n de activistas de Boeing en el Comit\u00e9 de Acci\u00f3n Industrial. Quiere realizar otro viaje a San Luis. Invit\u00f3 a un miembro del Comit\u00e9 y a un camarada del PCOI que lo acompa\u00f1en esta vez.<\/span><\/span><\/span><\/span><\/span><\/p>\n<p class=\"western\" lang=\"en-US\" align=\"center\"><span style=\"font-family: Aptos, serif;\"><span style=\"font-size: small;\"><span style=\"font-family: Liberation Serif, serif;\"><span style=\"font-size: medium;\"><span lang=\"es-419\"><b>Preparaci\u00f3n Pol\u00edtica para La Solidaridad Comunista<\/b><\/span><\/span><\/span><\/span><\/span><\/p>\n<p class=\"western\" lang=\"en-US\" align=\"justify\"><span style=\"font-family: Aptos, serif;\"><span style=\"font-size: small;\"><span style=\"font-family: Liberation Serif, serif;\"><span style=\"font-size: medium;\"><span lang=\"es-419\">La agenda de la reuni\u00f3n del comit\u00e9 incluy\u00f3 una rese\u00f1a hist\u00f3rica de los trabajadores industriales que lucharon por la revoluci\u00f3n comunista.<\/span><\/span><\/span><\/span><\/span><\/p>\n<p class=\"western\" lang=\"en-US\" align=\"justify\"><span style=\"font-family: Aptos, serif;\"><span style=\"font-size: small;\"><span style=\"font-family: Liberation Serif, serif;\"><span style=\"font-size: medium;\"><span lang=\"es-419\">El camarada del PCOI comenz\u00f3 recordando el genocidio en Gaza y Sud\u00e1n, y m\u00e1s. Manifestaciones masivas en toda Europa, huelgas de estibadores contra el genocidio en Gaza, asesinatos de trabajadores venezolanos como preludio a una guerra imperialista y amenazas de una incursi\u00f3n armada en Nigeria prepararon el escenario.<\/span><\/span><\/span><\/span><\/span><\/p>\n<p class=\"western\" lang=\"en-US\" align=\"justify\"><span style=\"font-family: Aptos, serif;\"><span style=\"font-size: small;\"><span style=\"font-family: Liberation Serif, serif;\"><span style=\"font-size: medium;\"><span lang=\"es-419\">Durante la huelga de Boeing en Seattle el a\u00f1o pasado, decenas de j\u00f3venes trabajadores se mostraron preocupados por la escalada b\u00e9lica, resultado del racismo y el fascismo. Estos trabajadores en huelga adoptaron con entusiasmo <\/span><\/span><\/span><span style=\"font-family: Liberation Serif, serif;\"><span style=\"font-size: medium;\"><span lang=\"es-419\"><i>Bandera Roja.<\/i><\/span><\/span><\/span><span style=\"font-family: Liberation Serif, serif;\"><span style=\"font-size: medium;\"><span lang=\"es-419\"> Muchos a\u00fan la leen.<\/span><\/span><\/span><\/span><\/span><\/p>\n<p class=\"western\" lang=\"en-US\" align=\"justify\"><span style=\"font-family: Aptos, serif;\"><span style=\"font-size: small;\"><span style=\"font-family: Liberation Serif, serif;\"><span style=\"font-size: medium;\"><span lang=\"es-419\">Los trabajadores de Boeing y otros que trabajan para subcontratistas de la IAM se han movilizado para luchar por los miles de personas que sufren la deportaci\u00f3n. <\/span><\/span><\/span><\/span><\/span><\/p>\n<p class=\"western\" lang=\"en-US\" align=\"justify\"><span style=\"font-family: Aptos, serif;\"><span style=\"font-size: small;\"><span style=\"font-family: Liberation Serif, serif;\"><span style=\"font-size: medium;\"><span lang=\"es-419\">Pero lo que m\u00e1s entusiasm\u00f3 a los miembros del comit\u00e9 industrial de Boeing fue la historia de los trabajadores de Putilov en la Rusia prerrevolucionaria.<\/span><\/span><\/span><\/span><\/span><\/p>\n<p class=\"western\" lang=\"en-US\" align=\"justify\"><span style=\"font-family: Aptos, serif;\"><span style=\"font-size: small;\"><span style=\"font-family: Liberation Serif, serif;\"><span style=\"font-size: medium;\"><span lang=\"es-419\">En 1917, la mayor parte del armamento militar ruso se fabricaba en las f\u00e1bricas de Putilov. M\u00e1s de 100,000 trabajadores industriales no solo produc\u00edan estas armas, sino que tambi\u00e9n las llevaban al frente, donde los comunistas luchaban por una nueva sociedad. Los trabajadores ense\u00f1aron a los soldados a usar estas municiones y lucharon a su lado.<\/span><\/span><\/span><\/span><\/span><\/p>\n<p class=\"western\" lang=\"en-US\" align=\"justify\"><span style=\"font-family: Aptos, serif;\"><span style=\"font-size: small;\"><span style=\"font-family: Liberation Serif, serif;\"><span style=\"font-size: medium;\"><span lang=\"es-419\">Los miembros del comit\u00e9, especialmente los que acababan de regresar de San Luis, tomaban apuntes.<\/span><\/span><\/span><\/span><\/span><\/p>\n<p class=\"western\" lang=\"en-US\" align=\"justify\"><span style=\"font-family: Aptos, serif;\"><span style=\"font-size: small;\"><span style=\"font-family: Liberation Serif, serif;\"><span style=\"font-size: medium;\"><span lang=\"es-419\">El comit\u00e9 tuvo la oportunidad de debatir las revueltas hist\u00f3ricas que condujeron a la revoluci\u00f3n comunista. Para algunos miembros del comit\u00e9, la necesidad de acabar con Boeing y otras empresas de producci\u00f3n b\u00e9lica imperialista se convirti\u00f3 en una prioridad.<\/span><\/span><\/span><\/span><\/span><\/p>\n<p class=\"western\" lang=\"en-US\" align=\"justify\"><span style=\"font-family: Aptos, serif;\"><span style=\"font-size: small;\"><span style=\"font-family: Liberation Serif, serif;\"><span style=\"font-size: medium;\"><span lang=\"es-419\">Otros a\u00fan ten\u00edan la esperanza de que el socialismo fuera la soluci\u00f3n. Pero una sociedad basada en la explotaci\u00f3n laboral y las ganancias jam\u00e1s podr\u00e1 satisfacer las necesidades de la clase trabajadora.<\/span><\/span><\/span><\/span><\/span><\/p>\n<p class=\"western\" lang=\"en-US\" align=\"justify\"><span style=\"font-family: Aptos, serif;\"><span style=\"font-size: small;\"><span style=\"font-family: Liberation Serif, serif;\"><span style=\"font-size: medium;\"><span lang=\"es-419\">Todos fueron invitados a la comida compartida del PCOI el 22 de noviembre. Es una buena oportunidad para fortalecer relaciones. Y una oportunidad a\u00fan mejor para poner de manifiesto las contradicciones entre el comunismo y el socialismo.<\/span><\/span><\/span><\/span><\/span><\/p>\n<p class=\"western\" lang=\"en-US\" align=\"justify\"><span style=\"font-family: Aptos, serif;\"><span style=\"font-size: small;\"><span style=\"font-family: Liberation Serif, serif;\"><span style=\"font-size: medium;\"><span lang=\"es-419\">La visita a San Luis abri\u00f3 la puerta. Nuestro amigo viajero aprendi\u00f3 algo. Se necesita m\u00e1s que dar un discurso desde el podio. Se necesita estar con los trabajadores industriales de una manera real y concreta que conduzca a una lucha m\u00e1s efectiva.<\/span><\/span><\/span><\/span><\/span><\/p>\n<p class=\"western\" lang=\"en-US\" align=\"justify\"><span style=\"font-family: Aptos, serif;\"><span style=\"font-size: small;\"><span style=\"font-family: Liberation Serif, serif;\"><span style=\"font-size: medium;\"><span lang=\"es-419\">La pregunta de nuestro partido es: \u00bfC\u00f3mo expandimos la lucha comunista?<\/span><\/span><\/span><\/span><\/span><\/p>\n<p class=\"western\" lang=\"en-US\" align=\"justify\"><span style=\"font-family: Aptos, serif;\"><span style=\"font-size: small;\"><span style=\"font-family: Liberation Serif, serif;\"><span style=\"font-size: medium;\"><span lang=\"es-419\">El di\u00e1logo constante con los trabajadores industriales es fundamental, ya sea en las puertas de las f\u00e1bricas, en eventos sociales o en reuniones de comit\u00e9. Igual de importante es la distribuci\u00f3n de <\/span><\/span><\/span><span style=\"font-family: Liberation Serif, serif;\"><span style=\"font-size: medium;\"><span lang=\"es-419\"><i>Bandera Roja<\/i><\/span><\/span><\/span><span style=\"font-family: Liberation Serif, serif;\"><span style=\"font-size: medium;\"><span lang=\"es-419\"> en las entradas de las plantas. Los colectivos dentro de las f\u00e1bricas impulsar\u00e1n luchas concretas para reclutar y consolidar nuevos miembros. Durante el primer mandato de Trump, muchos trabajadores del edificio donde el PCOI ten\u00eda su base dejaron de trabajar para buscar la manera de luchar contra la separaci\u00f3n de familias en la frontera entre EE.UU. y M\u00e9xico.<\/span><\/span><\/span><\/span><\/span><\/p>\n<p class=\"western\" lang=\"en-US\" align=\"justify\"><span style=\"font-family: Aptos, serif;\"><span style=\"font-size: small;\"><span style=\"font-family: Liberation Serif, serif;\"><span style=\"font-size: medium;\"><span lang=\"es-419\">Los camaradas de Seattle esperan que nuevos comunistas y amigos puedan compartir sus experiencias aqu\u00ed esta primavera.<\/span><\/span><\/span><\/span><\/span><\/p>\n<p class=\"western\" lang=\"en-US\" align=\"justify\"><span style=\"font-family: Aptos, serif;\"><span style=\"font-size: small;\"><span style=\"font-family: Liberation Serif, serif;\"><span style=\"font-size: medium;\"><span lang=\"es-419\">La guerra y el fascismo est\u00e1n aqu\u00ed. Nuestro partido debe llevar las ideas comunistas a las f\u00e1bricas de todo el mundo. Las relaciones pol\u00edticas y sociales que construimos hoy no solo intensifican la lucha en la f\u00e1brica, sino que pueden difundir la solidaridad comunista por todo el mundo.<\/span><\/span><\/span><\/span><\/span><\/p>\n<p class=\"western\" lang=\"es-ES\" align=\"center\"><strong>Lee M\u00e1s Sobre: <\/strong><\/p>\n<p class=\"western\" lang=\"es-ES\" align=\"center\"><strong>\u201cEl comunismo, no los sindicatos, nos liberar\u00e1 de la esclavitud salarial\u201d<\/strong><\/p>\n<p lang=\"es-ES\" align=\"center\"><a href=\"https:\/\/icwpweb.com\/2025\/03\/12\/unions\/\"><span style=\"color: #ff0000;\"><strong>Aqu\u00ed<\/strong><\/span><\/a><\/p>\n<h4><a href=\"https:\/\/icwpredflag.org\/wp\/wordpress\/wps\/volumen-16-numero-16\/\">Primera p\u00e1gina de esta edici\u00f3n<\/a><\/h4>\n","protected":false},"excerpt":{"rendered":"<p>M\u00c9XICO, 13 de noviembre\u2014El descontento magisterial en M\u00e9xico debe llevar a terminar con el capitalismo y luchar por construir una sociedad comunista y para eso deben unirse al PCOI. En la ciudad de M\u00e9xico los invitamos en su campamento con 350 Bandera Roja. Solidaridad con los Huelguistas de Boeing: Construyendo la Revoluci\u00f3n Comunista SEATTLE (EE.UU.), &hellip; <a href=\"https:\/\/icwpredflag.org\/wp\/wordpress\/wps\/volumen-16-numero-16\/trabajadores-en-huelga-oportunidades-para-construir-el-pcoi\/\" class=\"more-link\">Sigue leyendo <span class=\"screen-reader-text\">Trabajadores En Huelga: Oportunidades Para Construir El PCOI<\/span><\/a><\/p>\n","protected":false},"author":6,"featured_media":5655,"parent":13652,"menu_order":0,"comment_status":"closed","ping_status":"closed","template":"","meta":{"footnotes":""},"class_list":["post-13668","page","type-page","status-publish","has-post-thumbnail","hentry"],"_links":{"self":[{"href":"https:\/\/icwpredflag.org\/wp\/wordpress\/wps\/wp-json\/wp\/v2\/pages\/13668","targetHints":{"allow":["GET"]}}],"collection":[{"href":"https:\/\/icwpredflag.org\/wp\/wordpress\/wps\/wp-json\/wp\/v2\/pages"}],"about":[{"href":"https:\/\/icwpredflag.org\/wp\/wordpress\/wps\/wp-json\/wp\/v2\/types\/page"}],"author":[{"embeddable":true,"href":"https:\/\/icwpredflag.org\/wp\/wordpress\/wps\/wp-json\/wp\/v2\/users\/6"}],"replies":[{"embeddable":true,"href":"https:\/\/icwpredflag.org\/wp\/wordpress\/wps\/wp-json\/wp\/v2\/comments?post=13668"}],"version-history":[{"count":2,"href":"https:\/\/icwpredflag.org\/wp\/wordpress\/wps\/wp-json\/wp\/v2\/pages\/13668\/revisions"}],"predecessor-version":[{"id":13671,"href":"https:\/\/icwpredflag.org\/wp\/wordpress\/wps\/wp-json\/wp\/v2\/pages\/13668\/revisions\/13671"}],"up":[{"embeddable":true,"href":"https:\/\/icwpredflag.org\/wp\/wordpress\/wps\/wp-json\/wp\/v2\/pages\/13652"}],"wp:featuredmedia":[{"embeddable":true,"href":"https:\/\/icwpredflag.org\/wp\/wordpress\/wps\/wp-json\/wp\/v2\/media\/5655"}],"wp:attachment":[{"href":"https:\/\/icwpredflag.org\/wp\/wordpress\/wps\/wp-json\/wp\/v2\/media?parent=13668"}],"curies":[{"name":"wp","href":"https:\/\/api.w.org\/{rel}","templated":true}]}}