{"id":13739,"date":"2025-12-21T13:33:40","date_gmt":"2025-12-21T13:33:40","guid":{"rendered":"https:\/\/icwpredflag.org\/wp\/wordpress\/wps\/?page_id=13739"},"modified":"2025-12-21T13:33:40","modified_gmt":"2025-12-21T13:33:40","slug":"la-revolucion-comunista-acabara-con-todos-los-imperialistas-y-limpiara-el-aire","status":"publish","type":"page","link":"https:\/\/icwpredflag.org\/wp\/wordpress\/wps\/volumen-16-numero-17\/la-revolucion-comunista-acabara-con-todos-los-imperialistas-y-limpiara-el-aire\/","title":{"rendered":"La Revoluci\u00f3n Comunista Acabar\u00e1 con Todos los Imperialistas y Limpiar\u00e1 el Aire"},"content":{"rendered":"<p><img loading=\"lazy\" decoding=\"async\" class=\"aligncenter wp-image-13740\" src=\"https:\/\/icwpredflag.org\/wp\/wordpress\/wps\/wp-content\/uploads\/sites\/2\/2025\/12\/05.jpg\" alt=\"\" width=\"543\" height=\"638\" srcset=\"https:\/\/icwpredflag.org\/wp\/wordpress\/wps\/wp-content\/uploads\/sites\/2\/2025\/12\/05.jpg 453w, https:\/\/icwpredflag.org\/wp\/wordpress\/wps\/wp-content\/uploads\/sites\/2\/2025\/12\/05-255x300.jpg 255w\" sizes=\"auto, (max-width: 543px) 100vw, 543px\" \/><\/p>\n<p class=\"western\" lang=\"en-US\" align=\"justify\"><span style=\"font-family: Aptos, serif;\"><span style=\"font-size: small;\"><strong><span style=\"font-family: Liberation Serif, serif;\"><span style=\"font-size: medium;\"><span lang=\"es-ES\">NUEVA DHELI (INDIA), 2023\u2014 El primer ministro fascista Modi mand\u00f3 erigir barreras de tela verde para ocultar extensas zonas de viviendas obreras. As\u00ed, los l\u00edderes imperialistas que asist\u00edan a la Cumbre del G20 no tuvieron que enfrentarse a la pobreza extrema que genera su sistema.<\/span><\/span><\/span><\/strong><\/span><\/span><\/p>\n<p class=\"western\" lang=\"en-US\" align=\"justify\"><span style=\"font-family: Aptos, serif;\"><span style=\"font-size: small;\"><span style=\"font-family: Liberation Serif, serif;\"><span style=\"font-size: medium;\"><span lang=\"es-419\">NUEVA DELHI (India), 5 de diciembre\u2014 \u201cCuando Putin llegue ma\u00f1ana a la India, no habr\u00e1 telas verdes en las carreteras\u201d, dijo un conductor de autob\u00fas mientras tomaba el \u00faltimo n\u00famero de <\/span><\/span><\/span><span style=\"font-family: Liberation Serif, serif;\"><span style=\"font-size: medium;\"><span lang=\"es-419\"><i>Bandera Roja<\/i><\/span><\/span><\/span><span style=\"font-family: Liberation Serif, serif;\"><span style=\"font-size: medium;\"><span lang=\"es-419\">. \u201cLo hicieron hace dos a\u00f1os durante la cumbre del G20 para ocultar a los millones de personas que viven en la miseria. Hoy, el smog es tan intenso que la nube t\u00f3xica marr\u00f3n envolver\u00e1 las calles\u201d.<\/span><\/span><\/span><\/span><\/span><\/p>\n<p class=\"western\" lang=\"en-US\" align=\"justify\"><span style=\"font-family: Aptos, serif;\"><span style=\"font-size: small;\"><span style=\"font-family: Liberation Serif, serif;\"><span style=\"font-size: medium;\"><span lang=\"es-419\">Este trabajador ha le\u00eddo <\/span><\/span><\/span><span style=\"font-family: Liberation Serif, serif;\"><span style=\"font-size: medium;\"><span lang=\"es-419\"><i>Bandera Roja<\/i><\/span><\/span><\/span><span style=\"font-family: Liberation Serif, serif;\"><span style=\"font-size: medium;\"><span lang=\"es-419\"> desde 2023. La calidad del aire es tan mala que cuando conduce su autob\u00fas, incluso de d\u00eda, las calles desaparecen de su vista y se pierde desv\u00edos.<\/span><\/span><\/span><\/span><\/span><\/p>\n<p class=\"western\" lang=\"en-US\" align=\"justify\"><span style=\"font-family: Aptos, serif;\"><span style=\"font-size: small;\"><span style=\"font-family: Liberation Serif, serif;\"><span style=\"font-size: medium;\"><span lang=\"es-419\">Esta es la misma zona donde nuestro colectivo del PCOI lleva cuatro a\u00f1os distribuyendo <\/span><\/span><\/span><span style=\"font-family: Liberation Serif, serif;\"><span style=\"font-size: medium;\"><span lang=\"es-419\"><i>Bandera Roja.<\/i><\/span><\/span><\/span><span style=\"font-family: Liberation Serif, serif;\"><span style=\"font-size: medium;\"><span lang=\"es-419\"> Est\u00e1 cerca del mayor punto de encuentro de trabajadores de la f\u00e1brica de autom\u00f3viles Maruti\/Suzuki.<\/span><\/span><\/span><\/span><\/span><\/p>\n<p class=\"western\" lang=\"en-US\" align=\"justify\"><span style=\"font-family: Aptos, serif;\"><span style=\"font-size: small;\"><span style=\"font-family: Liberation Serif, serif;\"><span style=\"font-size: medium;\"><span lang=\"es-419\">Nos estamos concentrando en esta zona porque all\u00ed trabajan m\u00e1s de 35,000 trabajadores. El a\u00f1o que viene, a\u00f1adir\u00e1n 15,000 trabajadores m\u00e1s de la industria automotriz. Este barrio tiene miles de otros trabajadores. La mayor\u00eda vive en barrios marginales.<\/span><\/span><\/span><\/span><\/span><\/p>\n<p class=\"western\" lang=\"en-US\" align=\"justify\"><span style=\"font-family: Aptos, serif;\"><span style=\"font-size: small;\"><span style=\"font-family: Liberation Serif, serif;\"><span style=\"font-size: medium;\"><span lang=\"es-419\">Cada persona que conocemos al distribuir <\/span><\/span><\/span><span style=\"font-family: Liberation Serif, serif;\"><span style=\"font-size: medium;\"><span lang=\"es-419\"><i>Bandera Roja<\/i><\/span><\/span><\/span><span style=\"font-family: Liberation Serif, serif;\"><span style=\"font-size: medium;\"><span lang=\"es-419\"> ha experimentado los efectos devastadores de la contaminaci\u00f3n atmosf\u00e9rica. Tos constante, dificultad para respirar y asma est\u00e1n presentes en todas las familias. Manju dijo, \u201c<\/span><\/span><\/span><span style=\"font-family: Liberation Serif, serif;\"><span style=\"font-size: medium;\"><span lang=\"es-419\"><i>Bandera Roja<\/i><\/span><\/span><\/span><span style=\"font-family: Liberation Serif, serif;\"><span style=\"font-size: medium;\"><span lang=\"es-419\"> es el \u00fanico peri\u00f3dico que habla de c\u00f3mo el comunismo acabar\u00e1 con la contaminaci\u00f3n atmosf\u00e9rica mortal, el cambio clim\u00e1tico y otros desastres provocados por el capitalismo\u201d.<\/span><\/span><\/span><\/span><\/span><\/p>\n<p class=\"western\" lang=\"en-US\" align=\"justify\"><span style=\"font-family: Aptos, serif;\"><span style=\"font-size: small;\"><span style=\"font-family: Liberation Serif, serif;\"><span style=\"font-size: medium;\"><span lang=\"es-419\">Manju a\u00f1adi\u00f3, \u201cIndia recib\u00eda petr\u00f3leo con descuento de Rusia, pero hoy, los precios de la gasolina casi se han duplicado. Los precios de los alimentos se est\u00e1n disparando. La rupia disminuye\u201d.<\/span><\/span><\/span><\/span><\/span><\/p>\n<p class=\"western\" lang=\"en-US\" align=\"justify\"><span style=\"font-family: Aptos, serif;\"><span style=\"font-size: small;\"><span style=\"font-family: Liberation Serif, serif;\"><span style=\"font-size: medium;\"><span lang=\"es-419\">Otro lector de mucho tiempo coincidi\u00f3, \u201cPutin les dio petr\u00f3leo barato a Adani y Ambani. La gente com\u00fan en India trabaja m\u00e1s duro que nunca y le resulta m\u00e1s dif\u00edcil sobrevivir. Putin y Modi est\u00e1n conspirando para expandir su explotaci\u00f3n de gente como nosotros\u201d.<\/span><\/span><\/span><\/span><\/span><\/p>\n<p class=\"western\" lang=\"en-US\" align=\"justify\"><span style=\"font-family: Aptos, serif;\"><span style=\"font-size: small;\"><span style=\"font-family: Liberation Serif, serif;\"><span style=\"font-size: medium;\"><span lang=\"es-419\">Comentarios como estos nos dan la oportunidad de explicar la geopol\u00edtica de la visita de Putin. Como hemos dicho a menudo, todo el sistema capitalista est\u00e1 en crisis como nunca. Los patrones capitalistas sobreviven solo ganando m\u00e1s dinero. Pero hay demasiados capitalistas intentando ganar m\u00e1s dinero.<\/span><\/span><\/span><\/span><\/span><\/p>\n<p class=\"western\" lang=\"en-US\" align=\"center\"><span style=\"font-family: Aptos, serif;\"><span style=\"font-size: small;\"><span style=\"font-family: Liberation Serif, serif;\"><span style=\"font-size: medium;\"><span lang=\"es-419\"><b>Tomemos el Ejemplo de La Industria Automotriz<\/b><\/span><\/span><\/span><\/span><\/span><\/p>\n<p class=\"western\" lang=\"en-US\" align=\"justify\"><span style=\"font-family: Aptos, serif;\"><span style=\"font-size: small;\"><span style=\"font-family: Liberation Serif, serif;\"><span style=\"font-size: medium;\"><span lang=\"es-419\">India tiene la tercera industria automotriz m\u00e1s grande del mundo. Tras la guerra entre Ucrania y Rusia, la industria automotriz india creci\u00f3 r\u00e1pidamente. Se espera que sea la n\u00famero uno para 2030. Esto se debi\u00f3 principalmente al petr\u00f3leo ruso barato que anteriormente impulsaba la industria europea.<\/span><\/span><\/span><\/span><\/span><\/p>\n<p class=\"western\" lang=\"en-US\" align=\"justify\"><span style=\"font-family: Aptos, serif;\"><span style=\"font-size: small;\"><span style=\"font-family: Liberation Serif, serif;\"><span style=\"font-size: medium;\"><span lang=\"es-419\">Sin embargo, el 70% de los componentes automotrices de la India provienen de China. Las empresas automotrices indias utilizan la fabricaci\u00f3n china de veh\u00edculos el\u00e9ctricos, bater\u00edas de litio, chips de computadora y rob\u00f3tica. Los imperialistas indios necesitan a los imperialistas chinos, pero tambi\u00e9n compiten con ellos.<\/span><\/span><\/span><\/span><\/span><\/p>\n<p class=\"western\" lang=\"en-US\" align=\"justify\"><span style=\"font-family: Aptos, serif;\"><span style=\"font-size: small;\"><span style=\"font-family: Liberation Serif, serif;\"><span style=\"font-size: medium;\"><span lang=\"es-419\">En un reciente conflicto breve, entre India y Pakist\u00e1n, India fue humillada cuando los aviones de combate y misiles de fabricaci\u00f3n china destruyeron aviones de combate indios en tierra, incluso antes de que pudieran despegar. Los capitalistas indios aceptaron la derrota en silencio expandiendo la cadena de suministro de la industria automotriz a la India.<\/span><\/span><\/span><\/span><\/span><\/p>\n<p class=\"western\" lang=\"en-US\" align=\"justify\"><span style=\"font-family: Aptos, serif;\"><span style=\"font-size: small;\"><span style=\"font-family: Liberation Serif, serif;\"><span style=\"font-size: medium;\"><span lang=\"es-419\">Los imperialistas rusos comprenden que tanto los imperialistas indios como los chinos necesitan sus enormes recursos energ\u00e9ticos. Proponen fortalecer los lazos entre Rusia, India y China para impulsar la alianza BRICS (Brasil, Rusia, India, China y Sud\u00e1frica). Putin ha ofrecido un suministro energ\u00e9tico ilimitado. Abri\u00f3 las rutas \u00e1rticas de Rusia hacia la India y proporcion\u00f3 la tecnolog\u00eda de misiles m\u00e1s avanzada.<\/span><\/span><\/span><\/span><\/span><\/p>\n<p class=\"western\" lang=\"en-US\" align=\"justify\"><span style=\"font-family: Aptos, serif;\"><span style=\"font-size: small;\"><span style=\"font-family: Liberation Serif, serif;\"><span style=\"font-size: medium;\"><span lang=\"es-419\">Pero, los gobernantes indios tambi\u00e9n dependen de la exportaci\u00f3n de productos baratos a EE.UU. La administraci\u00f3n Trump quiere aumentar los aranceles para disuadir a Rusia de vender petr\u00f3leo a la India. Ofrecen aviones de combate F-35 a la India como contrapeso a la contradicci\u00f3n entre India y China. Todo esto son se\u00f1ales de una Guerra Mundial.<\/span><\/span><\/span><\/span><\/span><\/p>\n<p class=\"western\" lang=\"en-US\" align=\"justify\"><span style=\"font-family: Aptos, serif;\"><span style=\"font-size: small;\"><span style=\"font-family: Liberation Serif, serif;\"><span style=\"font-size: medium;\"><span lang=\"es-419\">Las densas y t\u00f3xicas nubes en la India no ser\u00e1n disipadas por Putin, Modi ni Trump. Solo la clase trabajadora, liderada por el PCOI, que lucha por el comunismo para acabar con el sistema salarial, allanar\u00e1 el camino hacia un aire m\u00e1s limpio. No necesitamos millones de coches baratos que obstruyan las autopistas y los pulmones. Construiremos un sistema de transporte eficiente basado en las necesidades de la clase trabajadora, y no en el lucro capitalista.<\/span><\/span><\/span><\/span><\/span><\/p>\n<p class=\"western\" lang=\"en-US\" align=\"justify\"><span style=\"font-family: Aptos, serif;\"><span style=\"font-size: small;\"><span style=\"font-family: Liberation Serif, serif;\"><span style=\"font-size: medium;\"><span lang=\"es-419\">Tomamos la decisi\u00f3n estrat\u00e9gica de concentrar nuestras fuerzas del Partido Comunista Obrero Internacional en zonas industriales. Con nuestros camaradas de Chennai, estamos consolidando nuestra presencia en la industria automotriz. Saludamos a nuestros camaradas sudafricanos de las plantas de Volkswagen. Ampliemos nuestra base prepar\u00e1ndonos para la revoluci\u00f3n comunista.<\/span><\/span><\/span><\/span><\/span><\/p>\n<h4><a href=\"https:\/\/icwpredflag.org\/wp\/wordpress\/wps\/volumen-16-numero-17\/\">Primera p\u00e1gina de esta edici\u00f3n<\/a><\/h4>\n","protected":false},"excerpt":{"rendered":"<p>NUEVA DHELI (INDIA), 2023\u2014 El primer ministro fascista Modi mand\u00f3 erigir barreras de tela verde para ocultar extensas zonas de viviendas obreras. As\u00ed, los l\u00edderes imperialistas que asist\u00edan a la Cumbre del G20 no tuvieron que enfrentarse a la pobreza extrema que genera su sistema. NUEVA DELHI (India), 5 de diciembre\u2014 \u201cCuando Putin llegue ma\u00f1ana &hellip; <a href=\"https:\/\/icwpredflag.org\/wp\/wordpress\/wps\/volumen-16-numero-17\/la-revolucion-comunista-acabara-con-todos-los-imperialistas-y-limpiara-el-aire\/\" class=\"more-link\">Sigue leyendo <span class=\"screen-reader-text\">La Revoluci\u00f3n Comunista Acabar\u00e1 con Todos los Imperialistas y Limpiar\u00e1 el Aire<\/span><\/a><\/p>\n","protected":false},"author":6,"featured_media":5655,"parent":13725,"menu_order":0,"comment_status":"closed","ping_status":"closed","template":"","meta":{"footnotes":""},"class_list":["post-13739","page","type-page","status-publish","has-post-thumbnail","hentry"],"_links":{"self":[{"href":"https:\/\/icwpredflag.org\/wp\/wordpress\/wps\/wp-json\/wp\/v2\/pages\/13739","targetHints":{"allow":["GET"]}}],"collection":[{"href":"https:\/\/icwpredflag.org\/wp\/wordpress\/wps\/wp-json\/wp\/v2\/pages"}],"about":[{"href":"https:\/\/icwpredflag.org\/wp\/wordpress\/wps\/wp-json\/wp\/v2\/types\/page"}],"author":[{"embeddable":true,"href":"https:\/\/icwpredflag.org\/wp\/wordpress\/wps\/wp-json\/wp\/v2\/users\/6"}],"replies":[{"embeddable":true,"href":"https:\/\/icwpredflag.org\/wp\/wordpress\/wps\/wp-json\/wp\/v2\/comments?post=13739"}],"version-history":[{"count":1,"href":"https:\/\/icwpredflag.org\/wp\/wordpress\/wps\/wp-json\/wp\/v2\/pages\/13739\/revisions"}],"predecessor-version":[{"id":13741,"href":"https:\/\/icwpredflag.org\/wp\/wordpress\/wps\/wp-json\/wp\/v2\/pages\/13739\/revisions\/13741"}],"up":[{"embeddable":true,"href":"https:\/\/icwpredflag.org\/wp\/wordpress\/wps\/wp-json\/wp\/v2\/pages\/13725"}],"wp:featuredmedia":[{"embeddable":true,"href":"https:\/\/icwpredflag.org\/wp\/wordpress\/wps\/wp-json\/wp\/v2\/media\/5655"}],"wp:attachment":[{"href":"https:\/\/icwpredflag.org\/wp\/wordpress\/wps\/wp-json\/wp\/v2\/media?parent=13739"}],"curies":[{"name":"wp","href":"https:\/\/api.w.org\/{rel}","templated":true}]}}