{"id":13742,"date":"2025-12-21T13:37:20","date_gmt":"2025-12-21T13:37:20","guid":{"rendered":"https:\/\/icwpredflag.org\/wp\/wordpress\/wps\/?page_id=13742"},"modified":"2025-12-21T13:37:20","modified_gmt":"2025-12-21T13:37:20","slug":"trabajadores-industriales-aprenden-mas-sobre-el-comunismo-en-la-discusion-y-la-lucha-de-clases","status":"publish","type":"page","link":"https:\/\/icwpredflag.org\/wp\/wordpress\/wps\/volumen-16-numero-17\/trabajadores-industriales-aprenden-mas-sobre-el-comunismo-en-la-discusion-y-la-lucha-de-clases\/","title":{"rendered":"Trabajadores Industriales Aprenden M\u00e1s Sobre El Comunismo en La Discusi\u00f3n y La Lucha De Clases"},"content":{"rendered":"<p><img loading=\"lazy\" decoding=\"async\" class=\"aligncenter wp-image-13743\" src=\"https:\/\/icwpredflag.org\/wp\/wordpress\/wps\/wp-content\/uploads\/sites\/2\/2025\/12\/06-e1766324193567.jpg\" alt=\"\" width=\"651\" height=\"432\" \/><\/p>\n<p class=\"western\" lang=\"en-US\" align=\"justify\"><strong> <span style=\"font-family: Aptos, serif;\"><span style=\"font-size: small;\"><span style=\"font-family: Liberation Serif, serif;\"><span style=\"font-size: medium;\"><span lang=\"es-ES\">SEATTLE (EE.UU.), 7 de diciembre\u2014 Personas negras y blancas protestaron en la Estaci\u00f3n Othello el 3 de diciembre, donde, el d\u00eda anterior, la polic\u00eda hab\u00eda disparado veinticuatro balazos, matando a un hombre negro. Camaradas del Partido Comunista Obrero Internacional participaron. <\/span><\/span><\/span><\/span><\/span><\/strong><\/p>\n<p class=\"western\" lang=\"en-US\" align=\"justify\"><span style=\"font-family: Aptos, serif;\"><span style=\"font-size: small;\"><strong><span style=\"font-family: Liberation Serif, serif;\"><span style=\"font-size: medium;\"><span lang=\"es-ES\">Dos d\u00edas despu\u00e9s, la Migra secuestr\u00f3 a un trabajador migrante en las cercan\u00edas. Para el domingo, la Migra hab\u00eda estacionado al menos cuatro veh\u00edculos con hombres enmascarados en el Parque Othello. Eventualmente, tuvieron que irse cuando miembros de la comunidad comenzaron a llegar con m\u00e1scaras de gas, cascos y un meg\u00e1fono. Amigos, camaradas y trabajadores de Boeing se unieron a dos redes de respuesta r\u00e1pida en este barrio obrero tan integrado \u00e9tnicamente. <\/span><\/span><\/span><\/strong><strong><span style=\"font-family: Liberation Serif, serif;\"><span style=\"font-size: medium;\"><span lang=\"es-ES\">\u00a1Alto Al Asesinato Policial! <\/span><\/span><\/span><\/strong><strong><span style=\"font-family: Liberation Serif, serif;\"><span style=\"font-size: medium;\"><span lang=\"es-ES\">\u00a1<\/span><\/span><\/span><\/strong><strong><span style=\"font-family: Liberation Serif, serif;\"><span style=\"font-size: medium;\"><span lang=\"es-ES\">Acabar Con La Brutalidad Policial<\/span><\/span><\/span><\/strong><strong><span style=\"font-family: Liberation Serif, serif;\"><span style=\"font-size: medium;\"><span lang=\"es-ES\">!.<\/span><\/span><\/span><\/strong><\/span><\/span><\/p>\n<p lang=\"en-US\" align=\"center\"><span style=\"font-family: Times New Roman, serif;\"><span style=\"color: #ff0000;\"><span style=\"font-family: Liberation Serif, serif;\"><span lang=\"es-SV\"><b>Buenas Conversaciones con Comunistas y Amigos<\/b><\/span><\/span><\/span><\/span><\/p>\n<p class=\"western\" lang=\"en-US\" align=\"justify\"><span style=\"font-family: Aptos, serif;\"><span style=\"font-size: small;\"><span style=\"font-family: Liberation Serif, serif;\"><span style=\"font-size: medium;\"><span lang=\"es-419\">Seattle (EE. UU.), 22 de noviembre\u2014 \u201c\u00bfQu\u00e9 te llev\u00f3 a hacerte comunista?\u201d, pregunt\u00f3 F., trabajador de Boeing, a un camarada en una comida compartida del PCOI. F. hab\u00eda regresado recientemente de apoyar a los trabajadores de Boeing en huelga en San Luis.<\/span><\/span><\/span><\/span><\/span><\/p>\n<p class=\"western\" lang=\"en-US\" align=\"justify\">\u201c<span style=\"font-family: Aptos, serif;\"><span style=\"font-size: small;\"><span style=\"font-family: Liberation Serif, serif;\"><span style=\"font-size: medium;\"><span lang=\"es-419\">No tengo miedo de considerar el comunismo, especialmente en estos tiempos de racismo y fascismo\u201d, continu\u00f3.<\/span><\/span><\/span><\/span><\/span><\/p>\n<p class=\"western\" lang=\"en-US\" align=\"justify\"><span style=\"font-family: Aptos, serif;\"><span style=\"font-size: small;\"><span style=\"font-family: Liberation Serif, serif;\"><span style=\"font-size: medium;\"><span lang=\"es-419\">El camarada respondi\u00f3, \u201cme hice comunista cuando me di cuenta de que la \u00fanica manera de acabar con el horror del capitalismo es seguir luchando por una sociedad colectiva comunista basada en las necesidades de la clase trabajadora internacional\u201d.<\/span><\/span><\/span><\/span><\/span><\/p>\n<p class=\"western\" lang=\"en-US\" align=\"justify\"><span style=\"font-family: Aptos, serif;\"><span style=\"font-size: small;\"><span style=\"font-family: Liberation Serif, serif;\"><span style=\"font-size: medium;\"><span lang=\"es-419\">Un trabajador tecnol\u00f3gico tambi\u00e9n quer\u00eda saber por qu\u00e9 nuestro camarada y otros miembros del partido decidieron abrazar el comunismo. Un camarada acompa\u00f1\u00f3 a este trabajador hasta el tren, donde continuaron discutiendo la necesidad de construir colectivos comunistas.<\/span><\/span><\/span><\/span><\/span><\/p>\n<p class=\"western\" lang=\"en-US\" align=\"center\"><span style=\"font-family: Aptos, serif;\"><span style=\"font-size: small;\"><span style=\"font-family: Liberation Serif, serif;\"><span style=\"font-size: medium;\"><span lang=\"es-419\"><b>Reuni\u00f3n de Trabajadores Industriales<\/b><\/span><\/span><\/span><\/span><\/span><\/p>\n<p class=\"western\" lang=\"en-US\" align=\"justify\"><span style=\"font-family: Aptos, serif;\"><span style=\"font-size: small;\"><span style=\"font-family: Liberation Serif, serif;\"><span style=\"font-size: medium;\"><span lang=\"es-419\">Al d\u00eda siguiente, un comit\u00e9 de trabajadores industriales, que se re\u00fane regularmente para hablar sobre la situaci\u00f3n laboral, tuvo su reuni\u00f3n habitual. Camaradas han forjado algunas relaciones en este grupo. Ahora nuestro partido debe subrayar las contradicciones entre el socialismo, que preserva el capitalismo, y el comunismo, que pone fin a los horrores capitalistas que nuestra clase se ve obligada a sufrir en todo el mundo.<\/span><\/span><\/span><\/span><\/span><\/p>\n<p class=\"western\" lang=\"en-US\" align=\"justify\">\u201c<span style=\"font-family: Aptos, serif;\"><span style=\"font-size: small;\"><span style=\"font-family: Liberation Serif, serif;\"><span style=\"font-size: medium;\"><span lang=\"es-419\">Es bueno que nuestros amigos empiecen a preguntar c\u00f3mo nuestros camaradas se volvieron comunistas\u201d, coment\u00f3 un trabajador de Boeing.<\/span><\/span><\/span><\/span><\/span><\/p>\n<p class=\"western\" lang=\"en-US\" align=\"justify\"><span style=\"font-family: Aptos, serif;\"><span style=\"font-size: small;\"><span style=\"font-family: Liberation Serif, serif;\"><span style=\"font-size: medium;\"><span lang=\"es-419\">Los trabajadores industriales no se limitan a la acci\u00f3n en la f\u00e1brica, sino que pueden empezar a liberar el poder de la clase trabajadora internacional. Algunos de estos trabajadores han invitado a miembros de nuestro partido a que les ayuden a combatir los ataques de la Migra. \u201cLa lucha contra las detenciones de la Migra ser\u00e1 parte de nuestra obligaci\u00f3n sindical\u201d, prometi\u00f3 otro trabajador de Boeing.<\/span><\/span><\/span><\/span><\/span><\/p>\n<p class=\"western\" lang=\"en-US\" align=\"justify\"><span style=\"font-family: Aptos, serif;\"><span style=\"font-size: small;\"><span style=\"font-family: Liberation Serif, serif;\"><span style=\"font-size: medium;\"><span lang=\"es-419\">Estas luchas son parte del trabajo de nuestro partido. Maestros y sus estudiantes, cuidadores y personal sanitario, amigos y camaradas que organizan redes de respuesta r\u00e1pida est\u00e1n asumiendo una mayor responsabilidad en esta lucha por nuestra clase.<\/span><\/span><\/span><\/span><\/span><\/p>\n<p class=\"western\" lang=\"en-US\" align=\"justify\"><span style=\"font-family: Aptos, serif;\"><span style=\"font-size: small;\"><span style=\"font-family: Liberation Serif, serif;\"><span style=\"font-size: medium;\"><span lang=\"es-419\">Nos inspiran estos amigos, ya sea que est\u00e9n discutiendo y debatiendo en la comida compartida o luchando en las calles. Su fuerza e integridad subrayan que la clase trabajadora internacional tiene el potencial de construir un nuevo futuro basado en el fin de la esclavitud asalariada, las ganancias y, en \u00faltima instancia, el fin del fascismo y la guerra.<\/span><\/span><\/span><\/span><\/span><\/p>\n<p class=\"western\" lang=\"en-US\" align=\"center\"><span style=\"font-family: Aptos, serif;\"><span style=\"font-size: small;\"><span style=\"font-family: Liberation Serif, serif;\"><span style=\"font-size: medium;\"><span lang=\"es-419\"><b>El Comunismo es La Respuesta<\/b><\/span><\/span><\/span><\/span><\/span><\/p>\n<p class=\"western\" lang=\"en-US\" align=\"justify\"><span style=\"font-family: Aptos, serif;\"><span style=\"font-size: small;\"><span style=\"font-family: Liberation Serif, serif;\"><span style=\"font-size: medium;\"><span lang=\"es-419\">El comunismo es un sistema en el que la clase trabajadora dirige colectivamente la sociedad y la producci\u00f3n para su propio beneficio. El debate sobre la necesidad de difundir las ideas comunistas internacionales y reclutar nuevos l\u00edderes j\u00f3venes continu\u00f3 en la comida compartida.<\/span><\/span><\/span><\/span><\/span><\/p>\n<p class=\"western\" lang=\"en-US\" align=\"justify\"><span style=\"font-family: Aptos, serif;\"><span style=\"font-size: small;\"><span style=\"font-family: Liberation Serif, serif;\"><span style=\"font-size: medium;\"><span lang=\"es-419\">F. se asegur\u00f3 de acoger con entusiasmo las ideas comunistas. Especialmente aquellas que se centran en la producci\u00f3n para satisfacer las necesidades de la clase trabajadora en una nueva sociedad comunista. Ahora y en el futuro, nos apoyaremos en el trabajo colectivo de las masas. En una sociedad comunista, los trabajadores industriales basar\u00e1n la producci\u00f3n en las necesidades de la clase trabajadora mundial.<\/span><\/span><\/span><\/span><\/span><\/p>\n<p class=\"western\" lang=\"en-US\" align=\"justify\"><span style=\"font-family: Aptos, serif;\"><span style=\"font-size: small;\"><span style=\"font-family: Liberation Serif, serif;\"><span style=\"font-size: medium;\"><span lang=\"es-419\">F. ya est\u00e1 trabajando colectivamente con nuestros camaradas y amigos en un art\u00edculo sobre sus experiencias en San Luis.<\/span><\/span><\/span><\/span><\/span><\/p>\n<p class=\"western\" lang=\"en-US\" align=\"justify\"><span style=\"font-family: Aptos, serif;\"><span style=\"font-size: small;\"><span style=\"font-family: Liberation Serif, serif;\"><span style=\"font-size: medium;\"><span lang=\"es-419\">Est\u00e1 ansioso por la pr\u00f3xima comida compartida. \u00abMe interesa aprender m\u00e1s sobre el comunismo\u00bb, le dijo a un camarada. \u00a1Nos aseguraremos de que as\u00ed sea!<\/span><\/span><\/span><\/span><\/span><\/p>\n<h4><a href=\"https:\/\/icwpredflag.org\/wp\/wordpress\/wps\/volumen-16-numero-17\/\">Primera p\u00e1gina de esta edici\u00f3n<\/a><\/h4>\n","protected":false},"excerpt":{"rendered":"<p>SEATTLE (EE.UU.), 7 de diciembre\u2014 Personas negras y blancas protestaron en la Estaci\u00f3n Othello el 3 de diciembre, donde, el d\u00eda anterior, la polic\u00eda hab\u00eda disparado veinticuatro balazos, matando a un hombre negro. Camaradas del Partido Comunista Obrero Internacional participaron. Dos d\u00edas despu\u00e9s, la Migra secuestr\u00f3 a un trabajador migrante en las cercan\u00edas. Para el &hellip; <a href=\"https:\/\/icwpredflag.org\/wp\/wordpress\/wps\/volumen-16-numero-17\/trabajadores-industriales-aprenden-mas-sobre-el-comunismo-en-la-discusion-y-la-lucha-de-clases\/\" class=\"more-link\">Sigue leyendo <span class=\"screen-reader-text\">Trabajadores Industriales Aprenden M\u00e1s Sobre El Comunismo en La Discusi\u00f3n y La Lucha De Clases<\/span><\/a><\/p>\n","protected":false},"author":6,"featured_media":5655,"parent":13725,"menu_order":0,"comment_status":"closed","ping_status":"closed","template":"","meta":{"footnotes":""},"class_list":["post-13742","page","type-page","status-publish","has-post-thumbnail","hentry"],"_links":{"self":[{"href":"https:\/\/icwpredflag.org\/wp\/wordpress\/wps\/wp-json\/wp\/v2\/pages\/13742","targetHints":{"allow":["GET"]}}],"collection":[{"href":"https:\/\/icwpredflag.org\/wp\/wordpress\/wps\/wp-json\/wp\/v2\/pages"}],"about":[{"href":"https:\/\/icwpredflag.org\/wp\/wordpress\/wps\/wp-json\/wp\/v2\/types\/page"}],"author":[{"embeddable":true,"href":"https:\/\/icwpredflag.org\/wp\/wordpress\/wps\/wp-json\/wp\/v2\/users\/6"}],"replies":[{"embeddable":true,"href":"https:\/\/icwpredflag.org\/wp\/wordpress\/wps\/wp-json\/wp\/v2\/comments?post=13742"}],"version-history":[{"count":1,"href":"https:\/\/icwpredflag.org\/wp\/wordpress\/wps\/wp-json\/wp\/v2\/pages\/13742\/revisions"}],"predecessor-version":[{"id":13744,"href":"https:\/\/icwpredflag.org\/wp\/wordpress\/wps\/wp-json\/wp\/v2\/pages\/13742\/revisions\/13744"}],"up":[{"embeddable":true,"href":"https:\/\/icwpredflag.org\/wp\/wordpress\/wps\/wp-json\/wp\/v2\/pages\/13725"}],"wp:featuredmedia":[{"embeddable":true,"href":"https:\/\/icwpredflag.org\/wp\/wordpress\/wps\/wp-json\/wp\/v2\/media\/5655"}],"wp:attachment":[{"href":"https:\/\/icwpredflag.org\/wp\/wordpress\/wps\/wp-json\/wp\/v2\/media?parent=13742"}],"curies":[{"name":"wp","href":"https:\/\/api.w.org\/{rel}","templated":true}]}}