{"id":13813,"date":"2026-01-18T22:57:29","date_gmt":"2026-01-18T22:57:29","guid":{"rendered":"https:\/\/icwpredflag.org\/wp\/wordpress\/wps\/?page_id=13813"},"modified":"2026-01-18T22:57:29","modified_gmt":"2026-01-18T22:57:29","slug":"iran-represion-imperialismo-y-guerra-de-clases","status":"publish","type":"page","link":"https:\/\/icwpredflag.org\/wp\/wordpress\/wps\/volumen-17-numero-1\/iran-represion-imperialismo-y-guerra-de-clases\/","title":{"rendered":"Ir\u00e1n: Represi\u00f3n, Imperialismo y Guerra de Clases"},"content":{"rendered":"<p lang=\"en-US\" align=\"center\"><img loading=\"lazy\" decoding=\"async\" class=\"aligncenter size-full wp-image-13814\" src=\"https:\/\/icwpredflag.org\/wp\/wordpress\/wps\/wp-content\/uploads\/sites\/2\/2026\/01\/07-e1768776986915.jpg\" alt=\"\" width=\"600\" height=\"335\" \/><\/p>\n<p class=\"western\" lang=\"en-US\" align=\"justify\"><span style=\"font-family: Aptos, serif;\"><span style=\"font-size: small;\"><strong><span style=\"font-family: Liberation Serif, serif;\"><span style=\"font-size: medium;\"><span lang=\"es-ES\">IR\u00c1N, 3 de enero\u2014 Manifestantes en el distrito de Malekshahi de la provincia de Ilam, donde las fuerzas gubernamentales abrieron fuego.<\/span><\/span><\/span><\/strong><\/span><\/span><\/p>\n<p class=\"western\" lang=\"en-US\" align=\"justify\"><span style=\"font-family: Aptos, serif;\"><span style=\"font-size: small;\"><span style=\"font-family: Liberation Serif, serif;\"><span style=\"font-size: medium;\"><span lang=\"es-419\">EL SALVADOR, 5 de enero \u2014 Las protestas masivas en Ir\u00e1n se est\u00e1n transformando en un verdadero campo de batalla. El brutal y opresivo sistema ha provocado la muerte de muchas personas. \u00abCuando cualquier Estado capitalista es cuestionado por la clase trabajadora, responde con represi\u00f3n y sangre\u00bb, dijo J, una trabajadora.<\/span><\/span><\/span><\/span><\/span><\/p>\n<p class=\"western\" lang=\"en-US\" align=\"justify\"><span style=\"font-family: Aptos, serif;\"><span style=\"font-size: small;\"><span style=\"font-family: Liberation Serif, serif;\"><span style=\"font-size: medium;\"><span lang=\"es-419\">\u00abLo que est\u00e1 sucediendo en Ir\u00e1n es la expresi\u00f3n abierta de una aguda lucha de clases. Un r\u00e9gimen reaccionario y capitalista recurre a la violencia para mantener su dominaci\u00f3n sobre los trabajadores\u00bb, a\u00f1adi\u00f3 D, otro trabajador.<\/span><\/span><\/span><\/span><\/span><\/p>\n<p class=\"western\" lang=\"en-US\" align=\"justify\"><span style=\"font-family: Aptos, serif;\"><span style=\"font-size: small;\"><span style=\"font-family: Liberation Serif, serif;\"><span style=\"font-size: medium;\"><span lang=\"es-419\">Camarada A del PCOI agreg\u00f3 que, \u00abel r\u00e9gimen iran\u00ed, a pesar de su ret\u00f3rica &#8216;antiimperialista&#8217; y religiosa, act\u00faa como cualquier otra burgues\u00eda nacional.\u00bb Agregando, \u00abdefiende los privilegios de una \u00e9lite econ\u00f3mica que explota a la clase trabajadora y sofoca cualquier intento de organizaci\u00f3n independiente. Aplasta las protestas y criminaliza a la clase trabajadora\u201d.<\/span><\/span><\/span><\/span><\/span><\/p>\n<p class=\"western\" lang=\"en-US\" align=\"justify\"><span style=\"font-family: Aptos, serif;\"><span style=\"font-size: small;\"><span style=\"font-family: Liberation Serif, serif;\"><span style=\"font-size: medium;\"><span lang=\"es-419\">Finaliz\u00f3 con \u00ablas dictaduras, los estados de excepci\u00f3n, las masacres y los asesinatos son el precio que impone el capital cuando los explotados se levantan\u00bb.<\/span><\/span><\/span><\/span><\/span><\/p>\n<p class=\"western\" lang=\"en-US\" align=\"justify\"><span style=\"font-family: Aptos, serif;\"><span style=\"font-size: small;\"><span style=\"font-family: Liberation Serif, serif;\"><span style=\"font-size: medium;\"><span lang=\"es-419\">El imperialismo utiliza hip\u00f3critamente estas muertes para sus maniobras geopol\u00edticas. Al igual que las mentiras de las burgues\u00edas soberanas que reprimen a los trabajadores en nombre del orden y la naci\u00f3n. A esta represi\u00f3n se suma la amenaza permanente de intervenci\u00f3n del imperialismo estadounidense, que cre\u00f3 intencionadamente la crisis econ\u00f3mica en Ir\u00e1n.<\/span><\/span><\/span><\/span><\/span><\/p>\n<p class=\"western\" lang=\"en-US\" align=\"justify\"><span style=\"font-family: Aptos, serif;\"><span style=\"font-size: small;\"><span style=\"font-family: Liberation Serif, serif;\"><span style=\"font-size: medium;\"><span lang=\"es-419\">Hoy el imperialismo estadounidense est\u00e1 nuevamente encabezado por Trump, actual portavoz del capital financiero estadounidense. \u00abSe alimenta de la sangre del pueblo y utiliza cada muerte, cada protesta y cada crisis para justificar la injerencia imperialista\u00bb, explic\u00f3 C.<\/span><\/span><\/span><\/span><\/span><\/p>\n<p class=\"western\" lang=\"en-US\" align=\"justify\"><span style=\"font-family: Aptos, serif;\"><span style=\"font-size: small;\"><span style=\"font-family: Liberation Serif, serif;\"><span style=\"font-size: medium;\"><span lang=\"es-419\">\u00abA Trump no le interesan las vidas de las personas en Ir\u00e1n ni en ninguna parte del mundo. Miente, provoca y amenaza para justificar invasiones, bloqueos y guerras, como acaba de hacer en Venezuela. Busca abrir puertas para sus intereses estrat\u00e9gicos, militares y econ\u00f3micos\u00bb. Ir\u00e1n es otro objetivo en esta ofensiva imperialista global.<\/span><\/span><\/span><\/span><\/span><\/p>\n<p class=\"western\" lang=\"en-US\" align=\"justify\"><span style=\"font-family: Aptos, serif;\"><span style=\"font-size: small;\"><span style=\"font-family: Liberation Serif, serif;\"><span style=\"font-size: medium;\"><span lang=\"es-419\"><b>No existe un capitalismo bueno ni un Estado burgu\u00e9s progresista.<\/b><\/span><\/span><\/span><span style=\"font-family: Liberation Serif, serif;\"><span style=\"font-size: medium;\"><span lang=\"es-419\"> La represi\u00f3n es global porque el capital est\u00e1 en crisis. Nuestra respuesta debe ser global y comunista.<\/span><\/span><\/span><\/span><\/span><\/p>\n<p class=\"western\" lang=\"en-US\" align=\"justify\"><span style=\"font-family: Aptos, serif;\"><span style=\"font-size: small;\"><span style=\"font-family: Liberation Serif, serif;\"><span style=\"font-size: medium;\"><span lang=\"es-419\">Muchos en todo el mundo odian, con raz\u00f3n, el imperialismo estadounidense. Es la \u00fanica clase dominante que ha utilizado bombas nucleares en la guerra. \u00a1Pero eso no convierte a los gobernantes iran\u00edes ni a ning\u00fan otro imperialista en buenos! Tambi\u00e9n son explotadores fascistas.<\/span><\/span><\/span><\/span><\/span><\/p>\n<p class=\"western\" lang=\"en-US\" align=\"justify\">\u201c<span style=\"font-family: Aptos, serif;\"><span style=\"font-size: small;\"><span style=\"font-family: Liberation Serif, serif;\"><span style=\"font-size: medium;\"><span lang=\"es-419\">Es esencial desenmascarar la falsedad de quienes presentan este conflicto como una disputa cultural, moral o religiosa\u201d, dijo A. \u201cLa ra\u00edz es material y social: salarios miserables, inflaci\u00f3n, privatizaci\u00f3n encubierta, represi\u00f3n y explotaci\u00f3n de la clase trabajadora. La violencia no nace de la protesta, sino de un Estado que protege la propiedad y el poder de unos pocos\u201d.<\/span><\/span><\/span><\/span><\/span><\/p>\n<p class=\"western\" lang=\"en-US\" align=\"justify\"><span style=\"font-family: Aptos, serif;\"><span style=\"font-size: small;\"><span style=\"font-family: Liberation Serif, serif;\"><span style=\"font-size: medium;\"><span lang=\"es-419\">Las muertes en Ir\u00e1n son un llamado urgente a fortalecer la revoluci\u00f3n comunista. La resistencia organizada por el comunismo puede convertirse en rebeli\u00f3n. Nuestra solidaridad internacionalista est\u00e1 con las masas, la clase trabajadora, la juventud que resiste y con quienes pagan con sus vidas por atreverse a luchar. No con ninguna \u201cnaci\u00f3n\u201d ni con ning\u00fan gobernante supuestamente \u201cmal menor\u201d.<\/span><\/span><\/span><\/span><\/span><\/p>\n<p class=\"western\" lang=\"en-US\" align=\"center\"><span style=\"font-family: Aptos, serif;\"><span style=\"font-size: small;\"><span style=\"font-family: Liberation Serif, serif;\"><span style=\"font-size: medium;\"><span lang=\"es-419\"><b>Combate Sin Concesiones Contra El Sistema Capitalista Imperialista<\/b><\/span><\/span><\/span><\/span><\/span><\/p>\n<p class=\"western\" lang=\"en-US\" align=\"justify\"><span style=\"font-family: Aptos, serif;\"><span style=\"font-size: small;\"><span style=\"font-family: Liberation Serif, serif;\"><span style=\"font-size: medium;\"><span lang=\"es-419\">Ninguna bala podr\u00e1 detener a la clase trabajadora para siempre. La tarea hist\u00f3rica sigue siendo la misma: organizaci\u00f3n, conciencia de clase y lucha revolucionaria para acabar con el sistema que engendra miseria, represi\u00f3n y muerte.<\/span><\/span><\/span><\/span><\/span><\/p>\n<p class=\"western\" lang=\"en-US\" align=\"justify\"><span style=\"font-family: Aptos, serif;\"><span style=\"font-size: small;\"><span style=\"font-family: Liberation Serif, serif;\"><span style=\"font-size: medium;\"><span lang=\"es-419\">El PCOI rechaza la injerencia imperialista que instrumentaliza el sufrimiento del pueblo iran\u00ed para sus propios intereses geopol\u00edticos. Y rechazamos la falsa alternativa que ofrecen las burgues\u00edas \u201cnacionales\u201d. No hay una salida real dentro del capitalismo. Ni con la tutela extranjera ni con reg\u00edmenes autoritarios locales que se proclaman antiimperialistas mientras reprimen a los trabajadores.<\/span><\/span><\/span><\/span><\/span><\/p>\n<p class=\"western\" lang=\"en-US\" align=\"justify\"><span style=\"font-family: Aptos, serif;\"><span style=\"font-size: small;\"><span style=\"font-family: Liberation Serif, serif;\"><span style=\"font-size: medium;\"><span lang=\"es-419\">La verdadera liberaci\u00f3n no puede provenir de una organizaci\u00f3n \u201cindependiente\u201d ni de una clase trabajadora dividida. Tampoco de creer en reformas o pol\u00edticos. La verdadera liberaci\u00f3n de clase proviene de la unidad internacionalista que moviliza a las masas para una revoluci\u00f3n comunista.<\/span><\/span><\/span><\/span><\/span><\/p>\n<p class=\"western\" lang=\"en-US\" align=\"justify\"><span style=\"font-family: Aptos, serif;\"><span style=\"font-size: small;\"><span style=\"font-family: Liberation Serif, serif;\"><span style=\"font-size: medium;\"><span lang=\"es-419\">Solo el Partido Comunista Obrero Internacional puede transformar la ira de las masas en la destrucci\u00f3n del capitalismo. \u00a1Toda la clase trabajadora, la juventud y soldados \u00fananse al PCOI para luchar directamente por una sociedad comunista! \u00a1Difundamos Bandera Roja! \u00a1Proletarios del mundo, un\u00edos!<\/span><\/span><\/span><\/span><\/span><\/p>\n<p class=\"western\" lang=\"es-ES\" align=\"center\"><strong>Lee Nuestro Folleto Del 2022: <\/strong><\/p>\n<p class=\"western\" lang=\"es-ES\" align=\"center\"><strong>\u201c<i>Ir\u00e1n: El Heroico Levantamiento de las Masas Nos Llama a Construir un Nuevo Tipo de un Partido Comunista Masivo\u201d<\/i><\/strong><\/p>\n<p class=\"western\" lang=\"es-ES\" align=\"center\"><span style=\"color: #0000ff;\"><a href=\"https:\/\/icwpredflag.org\/wp\/wordpress\/wps\/folletos-recientes\/iran-el-heroico-levantamiento-de-las-masas-nos-llama-a-construir-un-nuevo-tipo-de-un-partido-comunista-masivo\/\"><span style=\"color: #ee0000;\"><b>Aqu\u00ed \u2666<\/b><\/span><\/a><\/span><\/p>\n<h4><a href=\"https:\/\/icwpredflag.org\/wp\/wordpress\/wps\/volumen-17-numero-1\/\">Primera p\u00e1gina de esta edici\u00f3n<\/a><\/h4>\n","protected":false},"excerpt":{"rendered":"<p>IR\u00c1N, 3 de enero\u2014 Manifestantes en el distrito de Malekshahi de la provincia de Ilam, donde las fuerzas gubernamentales abrieron fuego. EL SALVADOR, 5 de enero \u2014 Las protestas masivas en Ir\u00e1n se est\u00e1n transformando en un verdadero campo de batalla. El brutal y opresivo sistema ha provocado la muerte de muchas personas. \u00abCuando cualquier &hellip; <a href=\"https:\/\/icwpredflag.org\/wp\/wordpress\/wps\/volumen-17-numero-1\/iran-represion-imperialismo-y-guerra-de-clases\/\" class=\"more-link\">Sigue leyendo <span class=\"screen-reader-text\">Ir\u00e1n: Represi\u00f3n, Imperialismo y Guerra de Clases<\/span><\/a><\/p>\n","protected":false},"author":6,"featured_media":5655,"parent":13792,"menu_order":0,"comment_status":"closed","ping_status":"closed","template":"","meta":{"footnotes":""},"class_list":["post-13813","page","type-page","status-publish","has-post-thumbnail","hentry"],"_links":{"self":[{"href":"https:\/\/icwpredflag.org\/wp\/wordpress\/wps\/wp-json\/wp\/v2\/pages\/13813","targetHints":{"allow":["GET"]}}],"collection":[{"href":"https:\/\/icwpredflag.org\/wp\/wordpress\/wps\/wp-json\/wp\/v2\/pages"}],"about":[{"href":"https:\/\/icwpredflag.org\/wp\/wordpress\/wps\/wp-json\/wp\/v2\/types\/page"}],"author":[{"embeddable":true,"href":"https:\/\/icwpredflag.org\/wp\/wordpress\/wps\/wp-json\/wp\/v2\/users\/6"}],"replies":[{"embeddable":true,"href":"https:\/\/icwpredflag.org\/wp\/wordpress\/wps\/wp-json\/wp\/v2\/comments?post=13813"}],"version-history":[{"count":1,"href":"https:\/\/icwpredflag.org\/wp\/wordpress\/wps\/wp-json\/wp\/v2\/pages\/13813\/revisions"}],"predecessor-version":[{"id":13815,"href":"https:\/\/icwpredflag.org\/wp\/wordpress\/wps\/wp-json\/wp\/v2\/pages\/13813\/revisions\/13815"}],"up":[{"embeddable":true,"href":"https:\/\/icwpredflag.org\/wp\/wordpress\/wps\/wp-json\/wp\/v2\/pages\/13792"}],"wp:featuredmedia":[{"embeddable":true,"href":"https:\/\/icwpredflag.org\/wp\/wordpress\/wps\/wp-json\/wp\/v2\/media\/5655"}],"wp:attachment":[{"href":"https:\/\/icwpredflag.org\/wp\/wordpress\/wps\/wp-json\/wp\/v2\/media?parent=13813"}],"curies":[{"name":"wp","href":"https:\/\/api.w.org\/{rel}","templated":true}]}}