{"id":13823,"date":"2026-01-19T20:04:44","date_gmt":"2026-01-19T20:04:44","guid":{"rendered":"https:\/\/icwpredflag.org\/wp\/wordpress\/wps\/?page_id=13823"},"modified":"2026-01-19T20:04:55","modified_gmt":"2026-01-19T20:04:55","slug":"el-alcalde-de-nueva-york-mamdani-y-la-ilusion-del-cambio","status":"publish","type":"page","link":"https:\/\/icwpredflag.org\/wp\/wordpress\/wps\/volumen-17-numero-1\/el-alcalde-de-nueva-york-mamdani-y-la-ilusion-del-cambio\/","title":{"rendered":"El Alcalde De Nueva York, Mamdani y La Ilusi\u00f3n Del Cambio"},"content":{"rendered":"<p style=\"text-align: center;\"><strong>La Esperanza no Es Poder <a class=\"icwp-emph\" href=\"#1\">aqu\u00ed \u2666<\/a> Carta: La Elecci\u00f3n de Mamdani: No Es una \u201cVictoria\u201d para La Clase Trabajadora <a class=\"icwp-emph\" href=\"#2\">aqu\u00ed \u2666<\/a><\/strong><\/p>\n<p><img loading=\"lazy\" decoding=\"async\" class=\"aligncenter  wp-image-13824\" src=\"https:\/\/icwpredflag.org\/wp\/wordpress\/wps\/wp-content\/uploads\/sites\/2\/2026\/01\/10.jpg\" alt=\"\" width=\"454\" height=\"542\" srcset=\"https:\/\/icwpredflag.org\/wp\/wordpress\/wps\/wp-content\/uploads\/sites\/2\/2026\/01\/10.jpg 274w, https:\/\/icwpredflag.org\/wp\/wordpress\/wps\/wp-content\/uploads\/sites\/2\/2026\/01\/10-251x300.jpg 251w\" sizes=\"auto, (max-width: 454px) 100vw, 454px\" \/><\/p>\n<p lang=\"en-US\" style=\"text-align: center;\"><span style=\"font-family: Times New Roman, serif;\"><span style=\"font-family: Liberation Serif, serif;\"><span lang=\"es-SV\"><b>Revoluci<\/b><\/span><\/span><span style=\"font-family: Liberation Serif, serif;\"><span lang=\"es-SV\"><b>\u00f3<\/b><\/span><\/span><span style=\"font-family: Liberation Serif, serif;\"><span lang=\"es-SV\"><b>n Comunista <\/b><\/span><\/span><span style=\"font-family: Liberation Serif, serif;\"><span lang=\"es-SV\"><b>\u00a1<\/b><\/span><\/span><span style=\"font-family: Liberation Serif, serif;\"><span lang=\"es-SV\"><b>No El Voto, Derrotar Al Fascismo!<\/b><\/span><\/span><\/span><\/p>\n<h4 id=\"1\" style=\"text-align: center;\"><span style=\"color: #ff0000;\"><strong>La Esperanza no Es Poder: El Alcalde de Nueva York, Mamdani, y la Ilusi\u00f3n del Cambio<\/strong><\/span><\/h4>\n<p class=\"western\" lang=\"en-US\" align=\"justify\"><span style=\"font-family: Aptos, serif;\"><span style=\"font-size: small;\"><span style=\"font-family: Liberation Serif, serif;\"><span style=\"font-size: medium;\"><span lang=\"es-419\">LOS \u00c1NGELES (EE.UU.), 2 de enero\u2014 \u201c\u00bfQu\u00e9 piensas de Mamdani?\u201d, le pregunt\u00f3 un camarada a su amiga Amy mientras esperaban el tren. \u201cIncluso en Los \u00c1ngeles, lo vemos por todas las redes sociales\u201d.<\/span><\/span><\/span><\/span><\/span><\/p>\n<p class=\"western\" lang=\"en-US\" align=\"justify\">\u201c<span style=\"font-family: Aptos, serif;\"><span style=\"font-size: small;\"><span style=\"font-family: Liberation Serif, serif;\"><span style=\"font-size: medium;\"><span lang=\"es-419\">Lo sigo desde antes de las elecciones\u201d, respondi\u00f3 ella. \u201cCreo que es una gran persona. Apuesto a que los republicanos no est\u00e1n muy contentos con su elecci\u00f3n\u201d.<\/span><\/span><\/span><\/span><\/span><\/p>\n<p class=\"western\" lang=\"en-US\" align=\"justify\"><span style=\"font-family: Aptos, serif;\"><span style=\"font-size: small;\"><span style=\"font-family: Liberation Serif, serif;\"><span style=\"font-size: medium;\"><span lang=\"es-419\">Esa sensaci\u00f3n de entusiasmo est\u00e1 muy extendida. La elecci\u00f3n de Mamdani como alcalde de la ciudad de Nueva York ha revitalizado a muchos trabajadores, especialmente a la Generaci\u00f3n Z y a los millennials, que est\u00e1n desesperados por el cambio. Pero su victoria no representa un triunfo para la clase trabajadora. En el mejor de los casos, ofrece esperanza. En el peor, crea ilusiones peligrosas.<\/span><\/span><\/span><\/span><\/span><\/p>\n<p class=\"western\" lang=\"en-US\" align=\"justify\">\u201c<span style=\"font-family: Aptos, serif;\"><span style=\"font-size: small;\"><span style=\"font-family: Liberation Serif, serif;\"><span style=\"font-size: medium;\"><span lang=\"es-419\">\u00bfQu\u00e9 crees que cambiar\u00e1 en Nueva York ahora?\u201d, le pregunta Amy al camarada.<\/span><\/span><\/span><\/span><\/span><\/p>\n<p class=\"western\" lang=\"en-US\" align=\"justify\">\u201c<span style=\"font-family: Aptos, serif;\"><span style=\"font-size: small;\"><span style=\"font-family: Liberation Serif, serif;\"><span style=\"font-size: medium;\"><span lang=\"es-419\">No mucho\u201d, respondi\u00f3.<\/span><\/span><\/span><\/span><\/span><\/p>\n<p class=\"western\" lang=\"en-US\" align=\"justify\"><span style=\"font-family: Aptos, serif;\"><span style=\"font-size: small;\"><span style=\"font-family: Liberation Serif, serif;\"><span style=\"font-size: medium;\"><span lang=\"es-419\">La elecci\u00f3n de Mamdani no rescatar\u00e1 a los trabajadores de la crisis capitalista. En cambio, beneficia a los imperialistas liberales que quieren capturar la energ\u00eda de la juventud frustrada y redirigirla hacia el voto y el Partido Dem\u00f3crata.<\/span><\/span><\/span><\/span><\/span><\/p>\n<p class=\"western\" lang=\"en-US\" align=\"justify\"><span style=\"font-family: Aptos, serif;\"><span style=\"font-size: small;\"><span style=\"font-family: Liberation Serif, serif;\"><span style=\"font-size: medium;\"><span lang=\"es-419\">Ya hemos visto suficiente de Mamdani para saberlo. Incluso antes de las elecciones, se comprometi\u00f3 a mantener a la comisionada de polic\u00eda racista y sionista, Jessica Tisch. Ya ha nombrado a un grupo de asesores demogr\u00e1ficamente diverso, pero la mayor\u00eda est\u00e1n firmemente ligados al mismo sistema que intentamos cambiar.<\/span><\/span><\/span><\/span><\/span><\/p>\n<p class=\"western\" lang=\"en-US\" align=\"justify\"><span style=\"font-family: Aptos, serif;\"><span style=\"font-size: small;\"><span style=\"font-family: Liberation Serif, serif;\"><span style=\"font-size: medium;\"><span lang=\"es-419\">Por ejemplo, Ramzi Kassem, su principal asesor legal, y Julie Su, vicealcaldesa, sirvieron en la administraci\u00f3n Biden. El primer vicealcalde, Dean Fuleihan, Julie Kerson y Jahmila Edwards formaron parte del equipo del exalcalde Bill De Blasio.<\/span><\/span><\/span><\/span><\/span><\/p>\n<p class=\"western\" lang=\"en-US\" align=\"justify\"><span style=\"font-family: Aptos, serif;\"><span style=\"font-size: small;\"><span style=\"font-family: Liberation Serif, serif;\"><span style=\"font-size: medium;\"><span lang=\"es-419\">Puede que Mamdani realmente quiera ayudar a la gente. Pero las buenas intenciones no anulan la funci\u00f3n pol\u00edtica. Opera dentro del Partido Dem\u00f3crata, un partido que apoya el imperio estadounidense, el militarismo y el capitalismo. Ese papel inevitablemente aleja a los movimientos del cambio revolucionario y los devuelve a las reformas. <\/span><\/span><\/span><\/span><\/span><\/p>\n<p class=\"western\" lang=\"en-US\" align=\"justify\"><span style=\"font-family: Aptos, serif;\"><span style=\"font-size: small;\"><span style=\"font-family: Liberation Serif, serif;\"><span style=\"font-size: medium;\"><span lang=\"es-419\">Aunque Mamdani conden\u00f3 la detenci\u00f3n del presidente venezolano Maduro por parte de Trump, ha dicho que no tiene problema en trabajar con el fascista Trump. Al final de su discurso inaugural, Mamdani declar\u00f3, \u201cMuchas de estas personas han sido traicionadas por el orden establecido. Pero en nuestra administraci\u00f3n, sus necesidades ser\u00e1n satisfechas. Sus esperanzas, sue\u00f1os e intereses se ver\u00e1n reflejados de forma transparente en el gobierno. Ellos dar\u00e1n forma a nuestro futuro\u201d.<\/span><\/span><\/span><\/span><\/span><\/p>\n<p class=\"western\" lang=\"en-US\" align=\"justify\"><span style=\"font-family: Aptos, serif;\"><span style=\"font-size: small;\"><span style=\"font-family: Liberation Serif, serif;\"><span style=\"font-size: medium;\"><span lang=\"es-419\">Es, sin duda, una hermosa declaraci\u00f3n. Pero se basa en una profunda falsedad. El capitalismo no puede ser reformado para servir a la clase trabajadora. Quienes intentan reformarlo desde adentro inevitablemente terminan gestionando la explotaci\u00f3n, no poni\u00e9ndole fin.<\/span><\/span><\/span><\/span><\/span><\/p>\n<p class=\"western\" lang=\"en-US\" align=\"justify\"><span style=\"font-family: Aptos, serif;\"><span style=\"font-size: small;\"><span style=\"font-family: Liberation Serif, serif;\"><span style=\"font-size: medium;\"><span lang=\"es-419\">Lo hemos visto antes. Obama, Sanders y Alexandria Ocasio-Cortez (AOC). Cada uno inspir\u00f3 a millones de personas que quer\u00edan un cambio real, y cada uno, en \u00faltima instancia, ayud\u00f3 a canalizar esa energ\u00eda de vuelta al Partido Dem\u00f3crata. Gritar \u00abimpuestos a los ricos\u00bb no cambia el hecho de que el capitalismo domina a las masas e impone la esclavitud salarial. Lo que lo cambiar\u00e1 es la revoluci\u00f3n comunista.<\/span><\/span><\/span><\/span><\/span><\/p>\n<p class=\"western\" lang=\"en-US\" align=\"justify\"><span style=\"font-family: Aptos, serif;\"><span style=\"font-size: small;\"><span style=\"font-family: Liberation Serif, serif;\"><span style=\"font-size: medium;\"><span lang=\"es-419\">Por supuesto, la mayor\u00eda de los partidarios de Mamdani no son nuestros enemigos. Amy y otros como ella desean dignidad, estabilidad y un futuro que no est\u00e9 definido por la deuda, la guerra, el racismo o el agotamiento. Su deseo de cambio es real y justificado. Pero su esperanza est\u00e1 mal encaminada.<\/span><\/span><\/span><\/span><\/span><\/p>\n<p class=\"western\" lang=\"en-US\" align=\"justify\"><span style=\"font-family: Aptos, serif;\"><span style=\"font-size: small;\"><span style=\"font-family: Liberation Serif, serif;\"><span style=\"font-size: medium;\"><span lang=\"es-419\">Nos da esperanza el hecho de que millones de personas quieran un cambio. Vemos a muchos arriesgando sus vidas para defender a sus vecinos inmigrantes. Cuando vamos a las manifestaciones para hablar con las masas que exigen un cambio en el sistema, muchos de ellos toman Bandera Roja y se interesan por nuestra pol\u00edtica comunista.<\/span><\/span><\/span><\/span><\/span><\/p>\n<p class=\"western\" lang=\"en-US\" align=\"justify\"><span style=\"font-family: Aptos, serif;\"><span style=\"font-size: small;\"><span style=\"font-family: Liberation Serif, serif;\"><span style=\"font-size: medium;\"><span lang=\"es-419\">En este momento de crisis, fascismo y guerra en expansi\u00f3n, las ilusiones son peligrosas. Por eso los gobernantes necesitan a socialistas dem\u00f3cratas como AOC y Mamdani: no para acabar con el sistema, sino para convencernos de que se puede arreglar. No se puede.<\/span><\/span><\/span><\/span><\/span><\/p>\n<p class=\"western\" lang=\"en-US\" align=\"justify\"><span style=\"font-family: Aptos, serif;\"><span style=\"font-size: small;\"><span style=\"font-family: Liberation Serif, serif;\"><span style=\"font-size: medium;\"><span lang=\"es-419\">Solo una ruptura total con el capitalismo <\/span><\/span><\/span><span style=\"font-family: Liberation Serif, serif;\"><span style=\"font-size: medium;\"><span lang=\"es-419\"><b>\u2014movilizando a las masas para una revoluci\u00f3n comunista\u2014<\/b><\/span><\/span><\/span><span style=\"font-family: Liberation Serif, serif;\"><span style=\"font-size: medium;\"><span lang=\"es-419\"> puede <\/span><\/span><\/span><\/span><\/span><\/p>\n<p class=\"western\" lang=\"en-US\" align=\"justify\"><span style=\"font-family: Aptos, serif;\"><span style=\"font-size: small;\"><span style=\"font-family: Liberation Serif, serif;\"><span style=\"font-size: medium;\"><span lang=\"es-419\">liberar a la clase trabajadora.<\/span><\/span><\/span><\/span><\/span><\/p>\n<p class=\"western\" lang=\"es-ES\" align=\"center\"><strong>Lee Nuestro Folleto: <\/strong><\/p>\n<p class=\"western\" lang=\"es-ES\" align=\"center\"><strong>\u201cMovilizar a las Masas para el Comunismo\u201d<\/strong><\/p>\n<p class=\"western\" lang=\"es-ES\" align=\"center\"><span style=\"color: #0000ff;\"><a href=\"https:\/\/icwpredflag.org\/MMC\/MMCSfin.pdf\"><span style=\"color: #ff0000;\"><b>Aqu\u00ed<\/b><\/span><\/a><\/span><\/p>\n<h4 id=\"2\" style=\"text-align: center;\"><span style=\"color: #ff0000;\"><strong>Carta: La Elecci\u00f3n de Mamdani: No Es una \u201cVictoria\u201d para La Clase Trabajadora<\/strong><\/span><\/h4>\n<p class=\"western\" lang=\"en-US\" align=\"justify\"><span style=\"font-family: Aptos, serif;\"><span style=\"font-size: small;\"><span style=\"font-family: Liberation Serif, serif;\"><span style=\"font-size: medium;\"><span lang=\"es-419\">Esta carta responde a la carta de Sunflower publicada en el \u00faltimo n\u00famero de Bandera Roja sobre la elecci\u00f3n de Mamdani como alcalde de la ciudad de Nueva York.<\/span><\/span><\/span><\/span><\/span><\/p>\n<p class=\"western\" lang=\"en-US\" align=\"justify\"><span style=\"font-family: Aptos, serif;\"><span style=\"font-size: small;\"><span style=\"font-family: Liberation Serif, serif;\"><span style=\"font-size: medium;\"><span lang=\"es-419\">Lamento que su carta no haya sido respondida en el mismo n\u00famero, ya que creo que lo merec\u00eda. No para desestimarla, sino para tomar su postura en serio y responderle.<\/span><\/span><\/span><\/span><\/span><\/p>\n<p class=\"western\" lang=\"en-US\" align=\"justify\"><span style=\"font-family: Aptos, serif;\"><span style=\"font-size: small;\"><span style=\"font-family: Liberation Serif, serif;\"><span style=\"font-size: medium;\"><span lang=\"es-419\">La elecci\u00f3n de Mamdani no fue una victoria para la clase trabajadora, como usted espera. Crea la ilusi\u00f3n de que votar puede mejorar las cosas dentro del capitalismo. Y crea ilusiones sobre el socialismo, que es una forma de capitalismo de Estado.<\/span><\/span><\/span><\/span><\/span><\/p>\n<p class=\"western\" lang=\"en-US\" align=\"justify\"><span style=\"font-family: Aptos, serif;\"><span style=\"font-size: small;\"><span style=\"font-family: Liberation Serif, serif;\"><span style=\"font-size: medium;\"><span lang=\"es-419\">El nombramiento de Jessica Tisch como comisionada de polic\u00eda de la ciudad de Nueva York por parte de Mamdani ayuda a aclarar las cosas. Su padre es un multimillonario sionista, donante y partidario de Israel. Ella tambi\u00e9n es sionista y ha dirigido al Departamento de Polic\u00eda de Nueva York para espiar, acosar y arrestar a muchos manifestantes contra el genocidio.<\/span><\/span><\/span><\/span><\/span><\/p>\n<p class=\"western\" lang=\"en-US\" align=\"justify\"><span style=\"font-family: Aptos, serif;\"><span style=\"font-size: small;\"><span style=\"font-family: Liberation Serif, serif;\"><span style=\"font-size: medium;\"><span lang=\"es-419\">Despu\u00e9s de la elecci\u00f3n de Mamdani (con el pleno apoyo del New York Times), hubo una manifestaci\u00f3n frente a una sinagoga ortodoxa de derecha en la ciudad de Nueva York que estaba vendiendo tierras (palestinas) en Cisjordania. Jessica Tisch habl\u00f3 dentro del evento, apoy\u00e1ndolo. Algunos manifestantes contra el genocidio fueron arrestados afuera. En lugar de condenar el evento y los arrestos, Mamdani pidi\u00f3 libre acceso a la entrada de las sinagogas, apoyando la \u201clibertad de religi\u00f3n\u201d.<\/span><\/span><\/span><\/span><\/span><\/p>\n<p class=\"western\" lang=\"en-US\" align=\"justify\"><span style=\"font-family: Aptos, serif;\"><span style=\"font-size: small;\"><span style=\"font-family: Liberation Serif, serif;\"><span style=\"font-size: medium;\"><span lang=\"es-419\">No tenemos que esperar a ver si Mamdani estar\u00e1 del lado de las masas en Palestina o en EE.UU. Nos lo est\u00e1 demostrando. No es nuestro amigo. Est\u00e1 ah\u00ed para enga\u00f1ar a la gente y que apoyen el capitalismo-imperialismo estadounidense asesino. Los gobernantes utilizan su origen inmigrante y musulm\u00e1n para intentar enga\u00f1arnos. Es un pol\u00edtico pro-imperialista del Partido Dem\u00f3crata.<\/span><\/span><\/span><\/span><\/span><\/p>\n<p class=\"western\" lang=\"en-US\" align=\"justify\"><span style=\"font-family: Aptos, serif;\"><span style=\"font-size: small;\"><span style=\"font-family: Liberation Serif, serif;\"><span style=\"font-size: medium;\"><span lang=\"es-419\">Mamdani promete peque\u00f1as reformas mientras el d\u00f3lar estadounidense pierde valor, mientras los gobernantes estadounidenses se preparan desesperadamente para una guerra m\u00e1s amplia, incluida una guerra mundial, y mientras aumentan los ataques contra la atenci\u00f3n m\u00e9dica. No puede lograr un cambio real. Pero puede desviar a la gente de la revoluci\u00f3n. El imperialismo estadounidense necesita ganarse a los j\u00f3venes y a los trabajadores de todos los or\u00edgenes, en contra de sus propios intereses, para que luchen por \u00e9l.<\/span><\/span><\/span><\/span><\/span><\/p>\n<p class=\"western\" lang=\"en-US\" align=\"justify\"><span style=\"font-family: Aptos, serif;\"><span style=\"font-size: small;\"><span style=\"font-family: Liberation Serif, serif;\"><span style=\"font-size: medium;\"><span lang=\"es-419\">Conf\u00edo en que, a medida que t\u00fa y tus amigos vean c\u00f3mo se desarrollan estos acontecimientos y los discutan, podr\u00e1n ver que no son solo AOC, Mamdani u Obama individualmente quienes enga\u00f1an a las masas. Es todo el sistema capitalista. Un sistema basado en la explotaci\u00f3n, la competencia por el lucro y las guerras por las ganancias y el control. Ning\u00fan pol\u00edtico o elecci\u00f3n puede solucionarlo.<\/span><\/span><\/span><\/span><\/span><\/p>\n<p class=\"western\" lang=\"en-US\" align=\"justify\"><span style=\"font-family: Aptos, serif;\"><span style=\"font-size: small;\"><span style=\"font-family: Liberation Serif, serif;\"><span style=\"font-size: medium;\"><span lang=\"es-419\">Las masas hartas de los ataques del capitalismo deben luchar por un mundo comunista. Solo el comunismo pondr\u00e1 fin al racismo, el sexismo, la esclavitud salarial, el genocidio y la guerra imperialista. Votar no nos acerca a eso. Nos aleja. Peor a\u00fan, nos lleva a la masacre.<\/span><\/span><\/span><\/span><\/span><\/p>\n<p class=\"western\" lang=\"en-US\" align=\"justify\"><span style=\"font-family: Aptos, serif;\"><span style=\"font-size: small;\"><span style=\"font-family: Liberation Serif, serif;\"><span style=\"font-size: medium;\"><span lang=\"es-419\">Necesitamos tener la confianza de que las masas de trabajadores, soldados y j\u00f3venes indignados est\u00e1n dispuestas a unirse a la lucha por la revoluci\u00f3n comunista.<\/span><\/span><\/span><\/span><\/span><\/p>\n<p class=\"western\" lang=\"en-US\" align=\"justify\">\u2014<span style=\"font-family: Aptos, serif;\"><span style=\"font-size: small;\"><span style=\"font-family: Liberation Serif, serif;\"><span style=\"font-size: medium;\"><span lang=\"es-419\">Una camarada<\/span><\/span><\/span><\/span><\/span><\/p>\n<p class=\"western\" lang=\"en-US\" align=\"justify\"><span style=\"font-family: Aptos, serif;\"><span style=\"font-size: small;\"><span style=\"font-family: Liberation Serif, serif;\"><span style=\"font-size: medium;\"><span lang=\"es-419\"><i><b>Sunflower responde:<\/b><\/i><\/span><\/span><\/span><span style=\"font-family: Liberation Serif, serif;\"><span style=\"font-size: medium;\"><span lang=\"es-419\"><i> Conozco a Tisch. Esta carta no dice nada con lo que discrepe. Me parece que no ha entendido el sentido de mi carta.<\/i><\/span><\/span><\/span><\/span><\/span><\/p>\n<h4><a href=\"https:\/\/icwpredflag.org\/wp\/wordpress\/wps\/volumen-17-numero-1\/\">Primera p\u00e1gina de esta edici\u00f3n<\/a><\/h4>\n","protected":false},"excerpt":{"rendered":"<p>La Esperanza no Es Poder aqu\u00ed \u2666 Carta: La Elecci\u00f3n de Mamdani: No Es una \u201cVictoria\u201d para La Clase Trabajadora aqu\u00ed \u2666 Revoluci\u00f3n Comunista \u00a1No El Voto, Derrotar Al Fascismo! La Esperanza no Es Poder: El Alcalde de Nueva York, Mamdani, y la Ilusi\u00f3n del Cambio LOS \u00c1NGELES (EE.UU.), 2 de enero\u2014 \u201c\u00bfQu\u00e9 piensas de &hellip; <a href=\"https:\/\/icwpredflag.org\/wp\/wordpress\/wps\/volumen-17-numero-1\/el-alcalde-de-nueva-york-mamdani-y-la-ilusion-del-cambio\/\" class=\"more-link\">Sigue leyendo <span class=\"screen-reader-text\">El Alcalde De Nueva York, Mamdani y La Ilusi\u00f3n Del Cambio<\/span><\/a><\/p>\n","protected":false},"author":6,"featured_media":5655,"parent":13792,"menu_order":0,"comment_status":"closed","ping_status":"closed","template":"","meta":{"footnotes":""},"class_list":["post-13823","page","type-page","status-publish","has-post-thumbnail","hentry"],"_links":{"self":[{"href":"https:\/\/icwpredflag.org\/wp\/wordpress\/wps\/wp-json\/wp\/v2\/pages\/13823","targetHints":{"allow":["GET"]}}],"collection":[{"href":"https:\/\/icwpredflag.org\/wp\/wordpress\/wps\/wp-json\/wp\/v2\/pages"}],"about":[{"href":"https:\/\/icwpredflag.org\/wp\/wordpress\/wps\/wp-json\/wp\/v2\/types\/page"}],"author":[{"embeddable":true,"href":"https:\/\/icwpredflag.org\/wp\/wordpress\/wps\/wp-json\/wp\/v2\/users\/6"}],"replies":[{"embeddable":true,"href":"https:\/\/icwpredflag.org\/wp\/wordpress\/wps\/wp-json\/wp\/v2\/comments?post=13823"}],"version-history":[{"count":2,"href":"https:\/\/icwpredflag.org\/wp\/wordpress\/wps\/wp-json\/wp\/v2\/pages\/13823\/revisions"}],"predecessor-version":[{"id":13826,"href":"https:\/\/icwpredflag.org\/wp\/wordpress\/wps\/wp-json\/wp\/v2\/pages\/13823\/revisions\/13826"}],"up":[{"embeddable":true,"href":"https:\/\/icwpredflag.org\/wp\/wordpress\/wps\/wp-json\/wp\/v2\/pages\/13792"}],"wp:featuredmedia":[{"embeddable":true,"href":"https:\/\/icwpredflag.org\/wp\/wordpress\/wps\/wp-json\/wp\/v2\/media\/5655"}],"wp:attachment":[{"href":"https:\/\/icwpredflag.org\/wp\/wordpress\/wps\/wp-json\/wp\/v2\/media?parent=13823"}],"curies":[{"name":"wp","href":"https:\/\/api.w.org\/{rel}","templated":true}]}}