{"id":13962,"date":"2026-02-26T18:00:41","date_gmt":"2026-02-26T18:00:41","guid":{"rendered":"https:\/\/icwpredflag.org\/wp\/wordpress\/wps\/?page_id=13962"},"modified":"2026-02-26T18:00:41","modified_gmt":"2026-02-26T18:00:41","slug":"el-comunismo-acabara-con-el-hambre-del-capitalismo-en-medio-de-abundancia","status":"publish","type":"page","link":"https:\/\/icwpredflag.org\/wp\/wordpress\/wps\/volumen-17-numero-3\/el-comunismo-acabara-con-el-hambre-del-capitalismo-en-medio-de-abundancia\/","title":{"rendered":"El Comunismo Acabar\u00e1 Con El Hambre Del Capitalismo En Medio De Abundancia"},"content":{"rendered":"<p lang=\"en-US\" align=\"center\"><img loading=\"lazy\" decoding=\"async\" class=\"aligncenter wp-image-13842\" src=\"https:\/\/icwpredflag.org\/wp\/wordpress\/wps\/wp-content\/uploads\/sites\/2\/2026\/01\/15.jpg\" alt=\"\" width=\"515\" height=\"386\" srcset=\"https:\/\/icwpredflag.org\/wp\/wordpress\/wps\/wp-content\/uploads\/sites\/2\/2026\/01\/15.jpg 332w, https:\/\/icwpredflag.org\/wp\/wordpress\/wps\/wp-content\/uploads\/sites\/2\/2026\/01\/15-300x225.jpg 300w\" sizes=\"auto, (max-width: 515px) 100vw, 515px\" \/><\/p>\n<p class=\"western\" lang=\"en-US\" align=\"justify\"><span style=\"font-family: Aptos, serif;\"><span style=\"font-size: small;\"><strong><span style=\"font-family: Liberation Serif, serif;\"><span style=\"font-size: medium;\"><span lang=\"es-ES\">M\u00e1s de la mitad de los alimentos producidos en Canad\u00e1 se desperdician o destruyen, principalmente porque en el capitalismo, los alimentos son solo otro bien m\u00e1s que se puede vender de forma rentable.<\/span><\/span><\/span><\/strong><\/span><\/span><\/p>\n<p class=\"western\" lang=\"en-US\" align=\"justify\"><span style=\"font-family: Aptos, serif;\"><span style=\"font-size: small;\"><span style=\"font-family: Liberation Serif, serif;\"><span style=\"font-size: medium;\"><span lang=\"es-419\">VANCOUVER (Canad\u00e1), 30 de diciembre\u2014 Canad\u00e1 es uno de los pa\u00edses m\u00e1s ricos en alimentos del planeta. Cada a\u00f1o, la agricultura canadiense produce enormes excedentes de necesidades: treinta millones de toneladas de trigo, veinte millones de toneladas de canola, millones de toneladas de legumbres (lentejas, guisantes), grandes cantidades de avena, cebada, patatas, frutas, verduras, carne, leche y huevos.<\/span><\/span><\/span><\/span><\/span><\/p>\n<p class=\"western\" lang=\"en-US\" align=\"justify\"><span style=\"font-family: Aptos, serif;\"><span style=\"font-size: small;\"><span style=\"font-family: Liberation Serif, serif;\"><span style=\"font-size: medium;\"><span lang=\"es-419\">Canad\u00e1 es uno de los principales exportadores mundiales de cereales y oleaginosas, enviando alimentos a todo el mundo desde su sistema agr\u00edcola altamente mecanizado y productivo en casa. El sector agroalimentario genera m\u00e1s de cien mil millones de d\u00f3lares anualmente. Produce mucha m\u00e1s comida de la que la propia poblaci\u00f3n canadiense podr\u00eda consumir jam\u00e1s. Canad\u00e1 ya produce m\u00e1s que suficientes calor\u00edas, prote\u00ednas y nutrientes para alimentar a todos los que viven aqu\u00ed.<\/span><\/span><\/span><\/span><\/span><\/p>\n<p class=\"western\" lang=\"en-US\" align=\"justify\"><span style=\"font-family: Aptos, serif;\"><span style=\"font-size: small;\"><span style=\"font-family: Liberation Serif, serif;\"><span style=\"font-size: medium;\"><span lang=\"es-419\">Sin embargo, la realidad para la clase trabajadora es brutal. A pesar de esta abundancia, alrededor de uno de cada cuatro canadienses vive en un hogar con inseguridad alimentaria. Millones de personas se saltan comidas, reducen raciones, dependen de bancos de alimentos o se preocupan constantemente por si habr\u00e1 suficiente para comer al final del mes. <\/span><\/span><\/span><\/span><\/span><\/p>\n<p class=\"western\" lang=\"en-US\" align=\"justify\"><span style=\"font-family: Aptos, serif;\"><span style=\"font-size: small;\"><span style=\"font-family: Liberation Serif, serif;\"><span style=\"font-size: medium;\"><span lang=\"es-419\">La inseguridad alimentaria no se distribuye de forma equitativa. Afecta especialmente a trabajadores de bajos salarios, comunidades ind\u00edgenas, hogares monoparentales, personas mayores con ingresos fijos, migrantes y personas que reciben asistencia social. Los ni\u00f1os crecen con hambre en un pa\u00eds que exporta grano por cargas. Esto no es un accidente ni un fallo temporal. Es el funcionamiento normal del capitalismo.<\/span><\/span><\/span><\/span><\/span><\/p>\n<p class=\"western\" lang=\"en-US\" align=\"justify\"><span style=\"font-family: Aptos, serif;\"><span style=\"font-size: small;\"><span style=\"font-family: Liberation Serif, serif;\"><span style=\"font-size: medium;\"><span lang=\"es-419\">La clase dominante quiere que creamos que el hambre se debe a fracasos personales, mala gesti\u00f3n presupuestaria o circunstancias desafortunadas. Pero el hambre en Canad\u00e1 existe junto a compartimentos aislados, residuos de supermercados y beneficios corporativos r\u00e9cord. La comida se trata como una mercanc\u00eda, no como una necesidad social. Se produce para venderse con beneficios, exportarse cuando los precios son m\u00e1s altos en el extranjero y destruir o desechar cuando los mercados est\u00e1n saturados. Bajo el capitalismo, la pregunta nunca es \u00ab\u00bfLa gente necesita comida?\u00bb sino \u00ab\u00bfPueden pagar?\u00bb Si no pueden, el sistema no tiene soluci\u00f3n salvo la caridad, los bancos de alimentos y las lecciones moralistas.<\/span><\/span><\/span><\/span><\/span><\/p>\n<p class=\"western\" lang=\"en-US\" align=\"justify\"><span style=\"font-family: Aptos, serif;\"><span style=\"font-size: small;\"><span style=\"font-family: Liberation Serif, serif;\"><span style=\"font-size: medium;\"><span lang=\"es-419\"><b>Esta contradicci\u00f3n expone la mentira en la esencia del capitalismo.<\/b><\/span><\/span><\/span><span style=\"font-family: Liberation Serif, serif;\"><span style=\"font-size: medium;\"><span lang=\"es-419\"> El hambre no existe porque carezcamos de recursos o capacidad productiva. Existe porque los medios de producci\u00f3n y distribuci\u00f3n son de propiedad privada y est\u00e1n organizados con fines de lucro. Los agricultores se ven oprimidos por los monopolios de la agroindustria. Las cadenas de supermercados obtienen m\u00e1rgenes exorbitantes. Y los trabajadores se enfrentan al aumento de precios mientras que los salarios son bajos. El resultado: abundancia en el papel y privaci\u00f3n en la realidad.<\/span><\/span><\/span><\/span><\/span><\/p>\n<p class=\"western\" lang=\"en-US\" align=\"justify\"><span style=\"font-family: Aptos, serif;\"><span style=\"font-size: small;\"><span style=\"font-family: Liberation Serif, serif;\"><span style=\"font-size: medium;\"><span lang=\"es-419\">El comunismo ofrece un principio fundamentalmente diferente: \u201cDe cada cual, seg\u00fan su capacidad y compromiso, a cada cual seg\u00fan sus necesidades\u201d. En una sociedad comunista, la producci\u00f3n de alimentos se planificar\u00e1 socialmente para satisfacer las necesidades humanas directamente, no filtrada por los mercados y el c\u00e1lculo de ganancias. La tierra, el equipo, las instalaciones de procesamiento y las redes de distribuci\u00f3n ser\u00e1n propiedad colectiva y estar\u00e1n bajo el control de las masas.<\/span><\/span><\/span><\/span><\/span><\/p>\n<p class=\"western\" lang=\"en-US\" align=\"justify\"><span style=\"font-family: Aptos, serif;\"><span style=\"font-size: small;\"><span style=\"font-family: Liberation Serif, serif;\"><span style=\"font-size: medium;\"><span lang=\"es-419\">Los excedentes de una regi\u00f3n se utilizar\u00e1n para garantizar la seguridad alimentaria de nuestra clase en todas partes, no para aumentar los ingresos por exportaciones ni los balances corporativos. Nadie tendr\u00e1 que demostrar su desesperaci\u00f3n a una organizaci\u00f3n ben\u00e9fica ni hacer cola en un banco de alimentos.<\/span><\/span><\/span><\/span><\/span><\/p>\n<p class=\"western\" lang=\"en-US\" align=\"justify\"><span style=\"font-family: Aptos, serif;\"><span style=\"font-size: small;\"><span style=\"font-family: Liberation Serif, serif;\"><span style=\"font-size: medium;\"><span lang=\"es-419\">En el comunismo, la cuesti\u00f3n del hambre desaparece. No porque la comida aumente m\u00e1gicamente, sino porque las prioridades sociales cambian. Cuando la sociedad ya produce m\u00e1s que suficiente, asegurar que todos coman se convierte en una tarea organizativa sencilla, no en un dilema moral. La capacidad agr\u00edcola actual de Canad\u00e1 lo deja especialmente claro. El hambre aqu\u00ed no es tr\u00e1gica; es obscena. Es el resultado de un sistema que subordina la vida humana al lucro.<\/span><\/span><\/span><\/span><\/span><\/p>\n<p class=\"western\" lang=\"en-US\" align=\"justify\"><span style=\"font-family: Aptos, serif;\"><span style=\"font-size: small;\"><span style=\"font-family: Liberation Serif, serif;\"><span style=\"font-size: medium;\"><span lang=\"es-419\">La lucha por el comunismo no es abstracta ni ut\u00f3pica. Se trata de acabar con la violencia cotidiana del hambre en un mundo de abundancia. Canad\u00e1 ya tiene los alimentos. Lo que le falta es un sistema social digno de esa abundancia.<\/span><\/span><\/span><\/span><\/span><\/p>\n<h4><a href=\"https:\/\/icwpredflag.org\/wp\/wordpress\/wps\/volumen-17-numero-3\/\">Primera p\u00e1gina de esta edici\u00f3n<\/a><\/h4>\n","protected":false},"excerpt":{"rendered":"<p>M\u00e1s de la mitad de los alimentos producidos en Canad\u00e1 se desperdician o destruyen, principalmente porque en el capitalismo, los alimentos son solo otro bien m\u00e1s que se puede vender de forma rentable. VANCOUVER (Canad\u00e1), 30 de diciembre\u2014 Canad\u00e1 es uno de los pa\u00edses m\u00e1s ricos en alimentos del planeta. Cada a\u00f1o, la agricultura canadiense &hellip; <a href=\"https:\/\/icwpredflag.org\/wp\/wordpress\/wps\/volumen-17-numero-3\/el-comunismo-acabara-con-el-hambre-del-capitalismo-en-medio-de-abundancia\/\" class=\"more-link\">Sigue leyendo <span class=\"screen-reader-text\">El Comunismo Acabar\u00e1 Con El Hambre Del Capitalismo En Medio De Abundancia<\/span><\/a><\/p>\n","protected":false},"author":6,"featured_media":5655,"parent":13922,"menu_order":0,"comment_status":"closed","ping_status":"closed","template":"","meta":{"footnotes":""},"class_list":["post-13962","page","type-page","status-publish","has-post-thumbnail","hentry"],"_links":{"self":[{"href":"https:\/\/icwpredflag.org\/wp\/wordpress\/wps\/wp-json\/wp\/v2\/pages\/13962","targetHints":{"allow":["GET"]}}],"collection":[{"href":"https:\/\/icwpredflag.org\/wp\/wordpress\/wps\/wp-json\/wp\/v2\/pages"}],"about":[{"href":"https:\/\/icwpredflag.org\/wp\/wordpress\/wps\/wp-json\/wp\/v2\/types\/page"}],"author":[{"embeddable":true,"href":"https:\/\/icwpredflag.org\/wp\/wordpress\/wps\/wp-json\/wp\/v2\/users\/6"}],"replies":[{"embeddable":true,"href":"https:\/\/icwpredflag.org\/wp\/wordpress\/wps\/wp-json\/wp\/v2\/comments?post=13962"}],"version-history":[{"count":1,"href":"https:\/\/icwpredflag.org\/wp\/wordpress\/wps\/wp-json\/wp\/v2\/pages\/13962\/revisions"}],"predecessor-version":[{"id":13963,"href":"https:\/\/icwpredflag.org\/wp\/wordpress\/wps\/wp-json\/wp\/v2\/pages\/13962\/revisions\/13963"}],"up":[{"embeddable":true,"href":"https:\/\/icwpredflag.org\/wp\/wordpress\/wps\/wp-json\/wp\/v2\/pages\/13922"}],"wp:featuredmedia":[{"embeddable":true,"href":"https:\/\/icwpredflag.org\/wp\/wordpress\/wps\/wp-json\/wp\/v2\/media\/5655"}],"wp:attachment":[{"href":"https:\/\/icwpredflag.org\/wp\/wordpress\/wps\/wp-json\/wp\/v2\/media?parent=13962"}],"curies":[{"name":"wp","href":"https:\/\/api.w.org\/{rel}","templated":true}]}}