{"id":13987,"date":"2026-03-21T06:10:10","date_gmt":"2026-03-21T06:10:10","guid":{"rendered":"https:\/\/icwpredflag.org\/wp\/wordpress\/wps\/?page_id=13987"},"modified":"2026-03-21T06:10:10","modified_gmt":"2026-03-21T06:10:10","slug":"volumen-17-numero-4","status":"publish","type":"page","link":"https:\/\/icwpredflag.org\/wp\/wordpress\/wps\/volumen-17-numero-4\/","title":{"rendered":"Volumen 17, N\u00famero 4"},"content":{"rendered":"<p style=\"text-align: center;\"><strong>Del 13 de Marzo al 2 de Abril del 2026<\/strong><\/p>\n<h4 style=\"text-align: center;\"><span style=\"color: #ff0000;\">\u00a1<\/span><span style=\"font-family: Times New Roman, serif;\"><span style=\"color: #ff0000;\"><span style=\"font-family: Liberation Serif, serif;\"><span lang=\"es-SV\"><b>La Revoluci\u00f3n Comunista Acabar\u00e1 Con Las Guerras Imperialistas!<\/b><\/span><\/span><\/span><\/span><span style=\"color: #ff0000;\">\u00a0<\/span><\/h4>\n<p style=\"text-align: center;\"><img loading=\"lazy\" decoding=\"async\" class=\"aligncenter wp-image-13986\" src=\"https:\/\/icwpredflag.org\/wp\/wordpress\/wps\/wp-content\/uploads\/sites\/2\/2026\/03\/01.jpg\" alt=\"\" width=\"341\" height=\"256\" \/><\/p>\n<p style=\"text-align: center;\"><strong>Tel Aviv, 5 de Marzo del 2026 \u2014 \u201cResistiendo a Los Imperialisas\u201d<\/strong><\/p>\n<p style=\"text-align: center;\"><strong><span style=\"color: #808000;\">FOLLETO (Nueva Versi\u00f3n)<\/span>: <em>El Genocidio en Palestina Exige una Revoluci\u00f3n Comunista<\/em> <a class=\"icwp-emph\" href=\"https:\/\/icwpredflag.org\/wp\/wordpress\/wps\/wp-content\/uploads\/sites\/2\/2024\/03\/sgaza2.pdf\">aqu\u00ed<\/a><\/strong>, <strong><span style=\"color: #008000;\">En \u00e1rabe<\/span>:<\/strong> <a class=\"icwp-emph\" href=\"https:\/\/icwpredflag.org\/wp\/wordpress\/materials-in-other-languages\/in-arabic-%d8%a7%d9%84%d8%a5%d8%a8%d8%a7%d8%af%d8%a9-%d8%a7%d9%84%d8%ac%d9%85%d8%a7%d8%b9%d9%8a%d8%a9-%d9%81%d9%8a-%d8%ba%d8%b2%d8%a9-%d8%aa%d8%aa%d8%b7%d9%84%d8%a8-%d8%ab%d9%88%d8%b1%d8%a9-%d8%b4\/\"><strong><span style=\"color: #ff0000;\">aqu\u00ed<\/span><\/strong><\/a><\/p>\n<p style=\"text-align: center;\"><strong>PCOIpedia: Mini enciclopedia comunista <a class=\"icwp-emph\" href=\"http:\/\/icwpedia.org\/\"><span style=\"color: #ff0000;\">aqu\u00ed<\/span><\/a><\/strong><\/p>\n<p style=\"text-align: center;\">\n<!-- Page-list plugin v.5.22 wordpress.org\/plugins\/page-list\/ -->\n<div class=\"page-list page-list-ext \">\n<div class=\"page-list-ext-item\"><div class=\"page-list-ext-image\"><a href=\"https:\/\/icwpredflag.org\/wp\/wordpress\/wps\/volumen-17-numero-4\/iran-la-destruccion-aumenta-la-resistencia-masiva-crece\/\" title=\"Ir\u00e1n: La Destrucci\u00f3n Aumenta, La Resistencia Masiva Crece\"><img decoding=\"async\" src=\"https:\/\/icwpredflag.org\/wp\/wordpress\/wps\/wp-content\/uploads\/sites\/2\/2026\/03\/02.jpg\" width=\"150\" alt=\"Ir\u00e1n: La Destrucci\u00f3n Aumenta, La Resistencia Masiva Crece\" \/><\/a><\/div> <strong class=\"page-list-ext-title\"><a class=\"icwp-emph\" href=\"https:\/\/icwpredflag.org\/wp\/wordpress\/wps\/volumen-17-numero-4\/iran-la-destruccion-aumenta-la-resistencia-masiva-crece\/\" title=\"Ir\u00e1n: La Destrucci\u00f3n Aumenta, La Resistencia Masiva Crece\">Ir\u00e1n: La Destrucci\u00f3n Aumenta, La Resistencia Masiva Crece<\/a><\/strong><div class=\"page-list-ext-item-content\"> \r\nJerusal\u00e9n, Marzo del 2026 \u2014 \u201c  Dejen de armar a Israel\u201d \u201cAlto al Imperialismo\u201d . \r\n\u00dananse Al PCOI Para Convertir La III Guerra Mundial Imperialista En Revoluc   i\u00f3n     Comunista    \r\n  10 de marzo...<\/div><\/div>\n<div class=\"page-list-ext-item\"><div class=\"page-list-ext-image\"><a href=\"https:\/\/icwpredflag.org\/wp\/wordpress\/wps\/volumen-17-numero-4\/india-movilizarse-por-el-comunismo-en-medio-de-ola-de-huelgas\/\" title=\"India: Movilizarse Por El Comunismo En Medio De Ola De Huelgas\"><img decoding=\"async\" src=\"https:\/\/icwpredflag.org\/wp\/wordpress\/wps\/wp-content\/uploads\/sites\/2\/2026\/03\/03.jpg\" width=\"150\" alt=\"India: Movilizarse Por El Comunismo En Medio De Ola De Huelgas\" \/><\/a><\/div> <strong class=\"page-list-ext-title\"><a class=\"icwp-emph\" href=\"https:\/\/icwpredflag.org\/wp\/wordpress\/wps\/volumen-17-numero-4\/india-movilizarse-por-el-comunismo-en-medio-de-ola-de-huelgas\/\" title=\"India: Movilizarse Por El Comunismo En Medio De Ola De Huelgas\">India: Movilizarse Por El Comunismo En Medio De Ola De Huelgas<\/a><\/strong><div class=\"page-list-ext-item-content\"> \r\nSurat (India): Tres mil trabajadores se declaran en huelga contra ArcelorMittal Nippon Steel, febrero de 2026.  \r\n\r\nTerminar La Esclavitud Asalariada y La Guerra Imperialista      \r\nCHENNAI (India),...<\/div><\/div>\n<div class=\"page-list-ext-item\"><div class=\"page-list-ext-image\"><a href=\"https:\/\/icwpredflag.org\/wp\/wordpress\/wps\/volumen-17-numero-4\/india-al-iniciar-la-guerra-mundial-los-estudiantes-se-inclinan-hacia-el-comunismo\/\" title=\"India: Al Iniciar La Guerra Mundial, Los Estudiantes Se Inclinan Hacia El Comunismo\"><img decoding=\"async\" src=\"https:\/\/icwpredflag.org\/wp\/wordpress\/wps\/wp-content\/uploads\/sites\/2\/2026\/03\/04.jpg\" width=\"150\" alt=\"India: Al Iniciar La Guerra Mundial, Los Estudiantes Se Inclinan Hacia El Comunismo\" \/><\/a><\/div> <strong class=\"page-list-ext-title\"><a class=\"icwp-emph\" href=\"https:\/\/icwpredflag.org\/wp\/wordpress\/wps\/volumen-17-numero-4\/india-al-iniciar-la-guerra-mundial-los-estudiantes-se-inclinan-hacia-el-comunismo\/\" title=\"India: Al Iniciar La Guerra Mundial, Los Estudiantes Se Inclinan Hacia El Comunismo\">India: Al Iniciar La Guerra Mundial, Los Estudiantes Se Inclinan Hacia El Comunismo<\/a><\/strong><div class=\"page-list-ext-item-content\"> \r\n\u201c Condenamos los brutales ataques fascistas contra JNU\u2014 2026 \u201d \u201c Condenamos la serie de actos terroristas fascistas contra los estudiantes \u201d  \r\n\r\nProtestas Masivas Universitarias Contra El Fascismo ...<\/div><\/div>\n<div class=\"page-list-ext-item\"><div class=\"page-list-ext-image\"><a href=\"https:\/\/icwpredflag.org\/wp\/wordpress\/wps\/volumen-17-numero-4\/14005-2\/\" title=\"Sud\u00e1frica: Se Intensifica la Rivalidad Inter-imperialista\"><img decoding=\"async\" src=\"https:\/\/icwpredflag.org\/wp\/wordpress\/wp-content\/uploads\/2026\/03\/05_SA-toyi-toyi-1-edit-768x381.jpg\" width=\"150\" alt=\"Sud\u00e1frica: Se Intensifica la Rivalidad Inter-imperialista\" \/><\/a><\/div> <strong class=\"page-list-ext-title\"><a class=\"icwp-emph\" href=\"https:\/\/icwpredflag.org\/wp\/wordpress\/wps\/volumen-17-numero-4\/14005-2\/\" title=\"Sud\u00e1frica: Se Intensifica la Rivalidad Inter-imperialista\">Sud\u00e1frica: Se Intensifica la Rivalidad Inter-imperialista<\/a><\/strong><div class=\"page-list-ext-item-content\"> \r\n \r\nEn el D\u00eda de los Derechos Humanos, el s\u00e1bado 21 de marzo, los camaradas del PCOI en Gqeberha (Puerto Elizabeth), Sud\u00e1frica\u2014 se manifestar\u00e1n a favor del comunismo y contra el genocidio en Palestina y el ...<\/div><\/div>\n<div class=\"page-list-ext-item\"><div class=\"page-list-ext-image\"><a href=\"https:\/\/icwpredflag.org\/wp\/wordpress\/wps\/volumen-17-numero-4\/condiciones-mortales-en-centros-de-detencion-migratoria\/\" title=\"Condiciones Mortales En Centros De Detenci\u00f3n Migratoria\"><img decoding=\"async\" src=\"https:\/\/icwpredflag.org\/wp\/wordpress\/wps\/wp-content\/uploads\/sites\/2\/2026\/03\/05.jpg\" width=\"150\" alt=\"Condiciones Mortales En Centros De Detenci\u00f3n Migratoria\" \/><\/a><\/div> <strong class=\"page-list-ext-title\"><a class=\"icwp-emph\" href=\"https:\/\/icwpredflag.org\/wp\/wordpress\/wps\/volumen-17-numero-4\/condiciones-mortales-en-centros-de-detencion-migratoria\/\" title=\"Condiciones Mortales En Centros De Detenci\u00f3n Migratoria\">Condiciones Mortales En Centros De Detenci\u00f3n Migratoria<\/a><\/strong><div class=\"page-list-ext-item-content\"> \r\nRoxbury, NJ (EE. UU.), Enero de 2026\u2014 \u00a1No a los campos de concentraci\u00f3n en EE.UU.! \u00a1 No a  la Migra!  \r\n\r\nEn El Comunismo, Todo Trabajador Recibir\u00e1 Atenci\u00f3n Sanitaria y Todo Lo Que Necesite   \r\nEE....<\/div><\/div>\n<div class=\"page-list-ext-item\"><div class=\"page-list-ext-image\"><a href=\"https:\/\/icwpredflag.org\/wp\/wordpress\/wps\/volumen-17-numero-4\/los-estudiantes-pueden-convertirse-en-soldados-revolucionarios-comunistas\/\" title=\"Los Estudiantes Pueden Convertirse En Soldados Revolucionarios Comunistas\"><img decoding=\"async\" src=\"https:\/\/icwpredflag.org\/wp\/wordpress\/wps\/wp-content\/uploads\/sites\/2\/2026\/03\/06.jpg\" width=\"150\" alt=\"Los Estudiantes Pueden Convertirse En Soldados Revolucionarios Comunistas\" \/><\/a><\/div> <strong class=\"page-list-ext-title\"><a class=\"icwp-emph\" href=\"https:\/\/icwpredflag.org\/wp\/wordpress\/wps\/volumen-17-numero-4\/los-estudiantes-pueden-convertirse-en-soldados-revolucionarios-comunistas\/\" title=\"Los Estudiantes Pueden Convertirse En Soldados Revolucionarios Comunistas\">Los Estudiantes Pueden Convertirse En Soldados Revolucionarios Comunistas<\/a><\/strong><div class=\"page-list-ext-item-content\">Los Capitalistas Inician Guerras, Los Trabajadores Pelean y Mueren En Ellas \u2666  Carta: Ense\u00f1ando Pensamiento Cr\u00edtico y Formando a J\u00f3venes L\u00edderes Comunistas \u2666   \r\n \r\nHuelga de estudiantes de secund...<\/div><\/div>\n<div class=\"page-list-ext-item\"><div class=\"page-list-ext-image\"><a href=\"https:\/\/icwpredflag.org\/wp\/wordpress\/wps\/volumen-17-numero-4\/trabajadores-de-boeing-se-oponen-a-la-guerra-de-iran\/\" title=\"Trabajadores de Boeing Se Oponen a La Guerra de Ir\u00e1n\"><img decoding=\"async\" src=\"https:\/\/icwpredflag.org\/wp\/wordpress\/wps\/wp-content\/uploads\/sites\/2\/2026\/03\/08.jpg\" width=\"150\" alt=\"Trabajadores de Boeing Se Oponen a La Guerra de Ir\u00e1n\" \/><\/a><\/div> <strong class=\"page-list-ext-title\"><a class=\"icwp-emph\" href=\"https:\/\/icwpredflag.org\/wp\/wordpress\/wps\/volumen-17-numero-4\/trabajadores-de-boeing-se-oponen-a-la-guerra-de-iran\/\" title=\"Trabajadores de Boeing Se Oponen a La Guerra de Ir\u00e1n\">Trabajadores de Boeing Se Oponen a La Guerra de Ir\u00e1n<\/a><\/strong><div class=\"page-list-ext-item-content\">Carta: Trabajadores de Boeing Se Oponen a La Guerra, Nacionalismo y Capitalismo En Ir\u00e1n \u2666  \u00bfQu\u00e9 Demonios Es El P-8? \u2666   \r\n \r\n\r\nCarta: Trabajadores de Boeing Se Oponen a La Guerra, Nacionalismo y Capita...<\/div><\/div>\n<div class=\"page-list-ext-item\"><div class=\"page-list-ext-image\"><a href=\"https:\/\/icwpredflag.org\/wp\/wordpress\/wps\/volumen-17-numero-4\/cartas-guerras-contra-el-narcotrafico-y-lucha-de-clases-en-mexico\/\" title=\"Cartas: Guerras Contra El Narcotr\u00e1fico y Lucha De Clases En M\u00e9xico\"><img decoding=\"async\" src=\"https:\/\/icwpredflag.org\/wp\/wordpress\/wps\/wp-content\/uploads\/sites\/2\/2026\/03\/09.jpg\" width=\"150\" alt=\"Cartas: Guerras Contra El Narcotr\u00e1fico y Lucha De Clases En M\u00e9xico\" \/><\/a><\/div> <strong class=\"page-list-ext-title\"><a class=\"icwp-emph\" href=\"https:\/\/icwpredflag.org\/wp\/wordpress\/wps\/volumen-17-numero-4\/cartas-guerras-contra-el-narcotrafico-y-lucha-de-clases-en-mexico\/\" title=\"Cartas: Guerras Contra El Narcotr\u00e1fico y Lucha De Clases En M\u00e9xico\">Cartas: Guerras Contra El Narcotr\u00e1fico y Lucha De Clases En M\u00e9xico<\/a><\/strong><div class=\"page-list-ext-item-content\">Carta: \u00bfQu\u00e9 Hay de Fondo con El \u201cAtaque\u201d a Los C\u00e1rteles de La Droga en M\u00e9xico? \u2666  Guerra Contra las Drogas en M\u00e9xico: Capitalistas Se Disputan la Riqueza Generada por los Trabajadores \u2666   \r\n...<\/div><\/div>\n<div class=\"page-list-ext-item\"><div class=\"page-list-ext-image\"><a href=\"https:\/\/icwpredflag.org\/wp\/wordpress\/wps\/volumen-17-numero-4\/construyendo-la-unidad-obrera-contra-los-ataques-fascistas\/\" title=\"Construyendo La Unidad Obrera Contra Los Ataques Fascistas\"><img decoding=\"async\" src=\"https:\/\/icwpredflag.org\/wp\/wordpress\/wps\/wp-content\/uploads\/sites\/2\/2026\/03\/10.jpg\" width=\"150\" alt=\"Construyendo La Unidad Obrera Contra Los Ataques Fascistas\" \/><\/a><\/div> <strong class=\"page-list-ext-title\"><a class=\"icwp-emph\" href=\"https:\/\/icwpredflag.org\/wp\/wordpress\/wps\/volumen-17-numero-4\/construyendo-la-unidad-obrera-contra-los-ataques-fascistas\/\" title=\"Construyendo La Unidad Obrera Contra Los Ataques Fascistas\">Construyendo La Unidad Obrera Contra Los Ataques Fascistas<\/a><\/strong><div class=\"page-list-ext-item-content\"> \r\nPASADENA, CALIFORNIA, 17 de febrero\u2014 Estudiantes abandonan la escuela y marchan hacia el ayuntamiento para protestar contra el terrorismo de La Migra\u2014 \u201cCulpan a los inmigrantes para que no culpen a los...<\/div><\/div>\n<div class=\"page-list-ext-item\"><div class=\"page-list-ext-image\"><a href=\"https:\/\/icwpredflag.org\/wp\/wordpress\/wps\/volumen-17-numero-4\/comunismo-o-anarquismo-parte-iv-de-una-serie\/\" title=\"\u00bfComunismo o Anarquismo? (Parte IV de una Serie)\"><img decoding=\"async\" src=\"https:\/\/icwpredflag.org\/wp\/wordpress\/wps\/wp-content\/uploads\/sites\/2\/2026\/02\/10-1.jpg\" width=\"150\" alt=\"\u00bfComunismo o Anarquismo? (Parte IV de una Serie)\" \/><\/a><\/div> <strong class=\"page-list-ext-title\"><a class=\"icwp-emph\" href=\"https:\/\/icwpredflag.org\/wp\/wordpress\/wps\/volumen-17-numero-4\/comunismo-o-anarquismo-parte-iv-de-una-serie\/\" title=\"\u00bfComunismo o Anarquismo? (Parte IV de una Serie)\">\u00bfComunismo o Anarquismo? (Parte IV de una Serie)<\/a><\/strong><div class=\"page-list-ext-item-content\"> \r\nPetrogrado, 18 de junio de 1917\u2014 Las pancartas con lemas bolcheviques dec\u00edan: \u201cPaz al mundo entero, todo el poder al pueblo, toda la tierra al pueblo\u201d y \u201cAbajo los ministros capitalistas\u201d  \r\n\r\nLucha...<\/div><\/div>\n<div class=\"page-list-ext-item\"><div class=\"page-list-ext-image\"><a href=\"https:\/\/icwpredflag.org\/wp\/wordpress\/wps\/volumen-17-numero-4\/necesitamos-una-lucha-colectiva-basada-en-la-teoria-y-la-practica\/\" title=\"Necesitamos Una Lucha Colectiva Basada En La Teor\u00eda y La Pr\u00e1ctica\"><img decoding=\"async\" src=\"https:\/\/icwpredflag.org\/wp\/wordpress\/wps\/wp-content\/uploads\/sites\/2\/2026\/03\/12.jpg\" width=\"150\" alt=\"Necesitamos Una Lucha Colectiva Basada En La Teor\u00eda y La Pr\u00e1ctica\" \/><\/a><\/div> <strong class=\"page-list-ext-title\"><a class=\"icwp-emph\" href=\"https:\/\/icwpredflag.org\/wp\/wordpress\/wps\/volumen-17-numero-4\/necesitamos-una-lucha-colectiva-basada-en-la-teoria-y-la-practica\/\" title=\"Necesitamos Una Lucha Colectiva Basada En La Teor\u00eda y La Pr\u00e1ctica\">Necesitamos Una Lucha Colectiva Basada En La Teor\u00eda y La Pr\u00e1ctica<\/a><\/strong><div class=\"page-list-ext-item-content\"> \r\n\r\n\u00a1Organic\u00e9monos Por La Necesidad Comunista De Los Trabajadores!      \r\nEl siguiente discurso inaugur\u00f3 una reciente Reuni\u00f3n Internacional del PCOI.   \r\n21 de febrero\u2014 Nos reunimos en un momento que e...<\/div><\/div>\n<div class=\"page-list-ext-item\"><div class=\"page-list-ext-image\"><a href=\"https:\/\/icwpredflag.org\/wp\/wordpress\/wps\/volumen-17-numero-4\/cartas-construyendo-pcoi-en-el-salvador\/\" title=\"Cartas: Construyendo PCOI en El Salvador\"><img decoding=\"async\" src=\"https:\/\/icwpredflag.org\/wp\/wordpress\/wps\/wp-content\/uploads\/sites\/2\/2026\/03\/13.jpg\" width=\"150\" alt=\"Cartas: Construyendo PCOI en El Salvador\" \/><\/a><\/div> <strong class=\"page-list-ext-title\"><a class=\"icwp-emph\" href=\"https:\/\/icwpredflag.org\/wp\/wordpress\/wps\/volumen-17-numero-4\/cartas-construyendo-pcoi-en-el-salvador\/\" title=\"Cartas: Construyendo PCOI en El Salvador\">Cartas: Construyendo PCOI en El Salvador<\/a><\/strong><div class=\"page-list-ext-item-content\">Carta: Difundamos Ideas Comunistas y Reclutemos En El Partido \u2666  Carta: Reflexiones Sobre el Papel de la Juventud Contra el Fascismo \u2666   \r\n \r\nProtesta en San Salvador Contra El \u201cEstado De Exce...<\/div><\/div>\n<div class=\"page-list-ext-item\"><div class=\"page-list-ext-image\"><a href=\"https:\/\/icwpredflag.org\/wp\/wordpress\/wps\/volumen-17-numero-4\/cartas-el-comunismo-y-nada-menos-obstaculos-y-contradicciones-la-lucha-armada-por-la-revolucion-comunista\/\" title=\"Cartas: El Comunismo y Nada Menos; Obst\u00e1culos y Contradicciones; La Lucha Armada Por La Revoluci\u00f3n Comunista\"><img decoding=\"async\" src=\"https:\/\/icwpredflag.org\/wp\/wordpress\/wps\/wp-content\/uploads\/sites\/2\/2026\/03\/14.jpg\" width=\"150\" alt=\"Cartas: El Comunismo y Nada Menos; Obst\u00e1culos y Contradicciones; La Lucha Armada Por La Revoluci\u00f3n Comunista\" \/><\/a><\/div> <strong class=\"page-list-ext-title\"><a class=\"icwp-emph\" href=\"https:\/\/icwpredflag.org\/wp\/wordpress\/wps\/volumen-17-numero-4\/cartas-el-comunismo-y-nada-menos-obstaculos-y-contradicciones-la-lucha-armada-por-la-revolucion-comunista\/\" title=\"Cartas: El Comunismo y Nada Menos; Obst\u00e1culos y Contradicciones; La Lucha Armada Por La Revoluci\u00f3n Comunista\">Cartas: El Comunismo y Nada Menos; Obst\u00e1culos y Contradicciones; La Lucha Armada Por La Revoluci\u00f3n Comunista<\/a><\/strong><div class=\"page-list-ext-item-content\">Carta: Nueva Miembra de PCOI Dice: \u201c\u00a1Comunismo y Nada Menos! \u2666  Carta: Obst\u00e1culos y Contradicciones \u2666  Carta: Necesitamos La Lucha Armada Por La Revoluci\u00f3n Comunista \u2666   \r\n \r\nEn el anive...<\/div><\/div>\n<div class=\"page-list-ext-item\"><div class=\"page-list-ext-image\"><a href=\"https:\/\/icwpredflag.org\/wp\/wordpress\/wps\/volumen-17-numero-4\/carta-8-de-marzo-de-2026-dia-internacional-de-la-mujer-trabajadora\/\" title=\"Carta: 8 de marzo de 2026: D\u00eda Internacional de la Mujer Trabajadora\"><img decoding=\"async\" src=\"https:\/\/icwpredflag.org\/wp\/wordpress\/wps\/wp-content\/uploads\/sites\/2\/2026\/03\/15.jpg\" width=\"150\" alt=\"Carta: 8 de marzo de 2026: D\u00eda Internacional de la Mujer Trabajadora\" \/><\/a><\/div> <strong class=\"page-list-ext-title\"><a class=\"icwp-emph\" href=\"https:\/\/icwpredflag.org\/wp\/wordpress\/wps\/volumen-17-numero-4\/carta-8-de-marzo-de-2026-dia-internacional-de-la-mujer-trabajadora\/\" title=\"Carta: 8 de marzo de 2026: D\u00eda Internacional de la Mujer Trabajadora\">Carta: 8 de marzo de 2026: D\u00eda Internacional de la Mujer Trabajadora<\/a><\/strong><div class=\"page-list-ext-item-content\"> \r\nManila, Filipinas, 8 de marzo de 2026: protesta antiimperialista en la Embajada de Estados Unidos.  \r\nDespu\u00e9s de m\u00e1s de dos siglos, la opresi\u00f3n, la explotaci\u00f3n y la discriminaci\u00f3n contra las mujeres pers...<\/div><\/div>\n<div class=\"page-list-ext-item\"><div class=\"page-list-ext-image\"><a href=\"https:\/\/icwpredflag.org\/wp\/wordpress\/wps\/volumen-17-numero-4\/articulo-que-no-aparecen-en-esta-edicion-impresa-de-bandera-roja\/\" title=\"Art\u00edculo Que No Aparecen En Esta Edici\u00f3n Impresa de Bandera Roja\"><img decoding=\"async\" src=\"https:\/\/icwpredflag.org\/wp\/wordpress\/wps\/wp-content\/uploads\/sites\/2\/2025\/12\/16.jpg\" width=\"150\" alt=\"Art\u00edculo Que No Aparecen En Esta Edici\u00f3n Impresa de Bandera Roja\" \/><\/a><\/div> <strong class=\"page-list-ext-title\"><a class=\"icwp-emph\" href=\"https:\/\/icwpredflag.org\/wp\/wordpress\/wps\/volumen-17-numero-4\/articulo-que-no-aparecen-en-esta-edicion-impresa-de-bandera-roja\/\" title=\"Art\u00edculo Que No Aparecen En Esta Edici\u00f3n Impresa de Bandera Roja\">Art\u00edculo Que No Aparecen En Esta Edici\u00f3n Impresa de Bandera Roja<\/a><\/strong><div class=\"page-list-ext-item-content\">\u00a1Organic\u00e9monos Por La Necesidad Comunista De Los Trabajadores! \u2666  Carta: D\u00eda Internacional de la Mujer Trabajadora \u2666  Guerra Contra las Drogas en M\u00e9xico \u2666  Carta: La Juventud Contra el Fa...<\/div><\/div>\n\n<\/div><\/p>\n<ul>\n<li><a class=\"icwp-emph\" href=\"https:\/\/icwpredflag.org\/wp\/wordpress\/wps\/wp-content\/uploads\/sites\/2\/2026\/03\/BRN17V4.pdf\">Esta edici\u00f3n en PDF<\/a><\/li>\n<li><a class=\"icwp-emph\" href=\"https:\/\/icwpredflag.org\/wp\/wordpress\/wps\/wp-content\/uploads\/sites\/2\/2026\/02\/RFVOL17N3.pdf\">La edici\u00f3n anterior<\/a><\/li>\n<li><a class=\"icwp-emph\" href=\"https:\/\/icwpredflag.org\/wp\/wordpress\/wps\/wp-content\/uploads\/sites\/2\/2023\/06\/nahels.pdf\">Francia: Masas se Rebelan Contra Terror Racista Policiaco<\/a><\/li>\n<li><a class=\"icwp-emph\" href=\"https:\/\/icwpredflag.org\/wp\/wordpress\/wps\/otros-folletos-y-series-de-articulos\/crisis-de-ucrania\/\">Crisis de Ucrania aqui<\/a><\/li>\n<li><a class=\"icwp-emph\" href=\"https:\/\/icwpredflag.org\/wp\/wordpress\/wps\/wp-content\/uploads\/sites\/2\/2021\/09\/SUPmassProtests.pdf\">India: Granjeros Luchan Masivamente Contra el Terror Fascista Capitalista<\/a><\/li>\n<li><a class=\"icwp-emph\" href=\"https:\/\/www.youtube.com\/watch?v=1bCY0PFqIqY\">El video posterior al Primero de Mayo destaca el potencial de crecimiento del PCOI en todo el mundo<\/a><\/li>\n<li><a class=\"icwp-emph\" href=\"http:\/\/icwpredflag.org\/wp\/wordpress\/wps\">P\u00e1gina principal<\/a><\/li>\n<\/ul>\n<p class=\"p1\" style=\"text-align: center;\"><strong>\u00danete al Partido Comunista Obrero Internacional (PCOI)<br \/>\n<\/strong><\/p>\n<p><a class=\"icwp-menu\" href=\"mailto:contact@icwpredflag.org\">Contactar al PCOI (NUEVO EMAIL: contact@icwpredflag.org)<\/a><br \/>\nTwitter @RedFlagBandera Instagram: @icwprf<br \/>\nEscribir a: PMB 362 3006 S. Vermont Ave., Los Angeles, CA 90007, USA<\/p>\n","protected":false},"excerpt":{"rendered":"<p>Del 13 de Marzo al 2 de Abril del 2026 \u00a1La Revoluci\u00f3n Comunista Acabar\u00e1 Con Las Guerras Imperialistas!\u00a0 Tel Aviv, 5 de Marzo del 2026 \u2014 \u201cResistiendo a Los Imperialisas\u201d FOLLETO (Nueva Versi\u00f3n): El Genocidio en Palestina Exige una Revoluci\u00f3n Comunista aqu\u00ed, En \u00e1rabe: aqu\u00ed PCOIpedia: Mini enciclopedia comunista aqu\u00ed Esta edici\u00f3n en PDF La &hellip; <a href=\"https:\/\/icwpredflag.org\/wp\/wordpress\/wps\/volumen-17-numero-4\/\" class=\"more-link\">Sigue leyendo <span class=\"screen-reader-text\">Volumen 17, N\u00famero 4<\/span><\/a><\/p>\n","protected":false},"author":6,"featured_media":5655,"parent":0,"menu_order":0,"comment_status":"closed","ping_status":"closed","template":"","meta":{"footnotes":""},"class_list":["post-13987","page","type-page","status-publish","has-post-thumbnail","hentry"],"_links":{"self":[{"href":"https:\/\/icwpredflag.org\/wp\/wordpress\/wps\/wp-json\/wp\/v2\/pages\/13987","targetHints":{"allow":["GET"]}}],"collection":[{"href":"https:\/\/icwpredflag.org\/wp\/wordpress\/wps\/wp-json\/wp\/v2\/pages"}],"about":[{"href":"https:\/\/icwpredflag.org\/wp\/wordpress\/wps\/wp-json\/wp\/v2\/types\/page"}],"author":[{"embeddable":true,"href":"https:\/\/icwpredflag.org\/wp\/wordpress\/wps\/wp-json\/wp\/v2\/users\/6"}],"replies":[{"embeddable":true,"href":"https:\/\/icwpredflag.org\/wp\/wordpress\/wps\/wp-json\/wp\/v2\/comments?post=13987"}],"version-history":[{"count":1,"href":"https:\/\/icwpredflag.org\/wp\/wordpress\/wps\/wp-json\/wp\/v2\/pages\/13987\/revisions"}],"predecessor-version":[{"id":13989,"href":"https:\/\/icwpredflag.org\/wp\/wordpress\/wps\/wp-json\/wp\/v2\/pages\/13987\/revisions\/13989"}],"wp:featuredmedia":[{"embeddable":true,"href":"https:\/\/icwpredflag.org\/wp\/wordpress\/wps\/wp-json\/wp\/v2\/media\/5655"}],"wp:attachment":[{"href":"https:\/\/icwpredflag.org\/wp\/wordpress\/wps\/wp-json\/wp\/v2\/media?parent=13987"}],"curies":[{"name":"wp","href":"https:\/\/api.w.org\/{rel}","templated":true}]}}