{"id":14019,"date":"2026-03-21T07:06:37","date_gmt":"2026-03-21T07:06:37","guid":{"rendered":"https:\/\/icwpredflag.org\/wp\/wordpress\/wps\/?page_id=14019"},"modified":"2026-03-21T07:06:37","modified_gmt":"2026-03-21T07:06:37","slug":"cartas-guerras-contra-el-narcotrafico-y-lucha-de-clases-en-mexico","status":"publish","type":"page","link":"https:\/\/icwpredflag.org\/wp\/wordpress\/wps\/volumen-17-numero-4\/cartas-guerras-contra-el-narcotrafico-y-lucha-de-clases-en-mexico\/","title":{"rendered":"Cartas: Guerras Contra El Narcotr\u00e1fico y Lucha De Clases En M\u00e9xico"},"content":{"rendered":"<p style=\"text-align: center;\"><strong>Carta: \u00bfQu\u00e9 Hay de Fondo con El \u201cAtaque\u201d a Los C\u00e1rteles de La Droga en M\u00e9xico? <a class=\"icwp-emph\" href=\"#1\">aqu\u00ed \u2666<\/a> Guerra Contra las Drogas en M\u00e9xico: Capitalistas Se Disputan la Riqueza Generada por los Trabajadores <a class=\"icwp-emph\" href=\"#2\">aqu\u00ed \u2666<\/a><\/strong><\/p>\n<p lang=\"en-US\" align=\"center\"><img loading=\"lazy\" decoding=\"async\" class=\"aligncenter wp-image-14020\" src=\"https:\/\/icwpredflag.org\/wp\/wordpress\/wps\/wp-content\/uploads\/sites\/2\/2026\/03\/09.jpg\" alt=\"\" width=\"451\" height=\"295\" \/><\/p>\n<p lang=\"en-US\" style=\"text-align: center;\"><span style=\"font-family: Times New Roman, serif;\"><strong><span style=\"font-family: Liberation Serif, serif;\"><span lang=\"es-ES\">Mural de Diego Rivera (1935) en el Palacio Nacional de M\u00e9xico<\/span><\/span><\/strong><\/span><\/p>\n<h4 id=\"1\" style=\"text-align: center;\"><span style=\"color: #ff0000;\"><strong>Carta: \u00bfQu\u00e9 Hay de Fondo con El \u201cAtaque\u201d a Los C\u00e1rteles de La Droga en M\u00e9xico?<\/strong><\/span><\/h4>\n<p class=\"western\" lang=\"es-ES\" align=\"justify\">En el capitalismo, las drogas son uno de los negocios \u201cilegales\u201d m\u00e1s pr\u00f3speros. Los c\u00e1rteles de la droga en M\u00e9xico y en el resto del mundo son una parte estructural del capitalismo. Son un brazo armado de un grupo patronal de EE.UU., que controla la producci\u00f3n, trasiego y consumo de drogas naturales y sint\u00e9ticas. Se ha apoderado de forma ilegal y armada de mineras, producci\u00f3n de alimentos, mercado, mano de obra, recursos naturales (agua, tierras, bosques, madera, suelo, etc.).<\/p>\n<p class=\"western\" lang=\"es-ES\" align=\"justify\">Han establecido un estado de terror en la clase trabajadora a trav\u00e9s de desapariciones, asesinatos, levantones y secuestros. Los c\u00e1rteles de la droga en M\u00e9xico representan un inter\u00e9s geopol\u00edtico y econ\u00f3mico que est\u00e1 en disputa con otros bandos patronales de EE.UU. y de la presencia patronal china. Trump y el grupo patronal al que representa necesitan controlar directamente el sistema de c\u00e1rteles de la droga en M\u00e9xico para enfrentar la guerra imperialista en la que se encuentran.<\/p>\n<p class=\"western\" lang=\"es-ES\" align=\"justify\"><strong>Pero, \u00bfcu\u00e1l es el papel de la clase trabajadora ante esta situaci\u00f3n? <\/strong><\/p>\n<p class=\"western\" lang=\"es-ES\" align=\"justify\">En el comunismo no habr\u00e1 producci\u00f3n y consumo de drogas, nuestro inter\u00e9s principal ser\u00e1 que todos tengamos satisfechas nuestras necesidades de alimentaci\u00f3n, vivienda, salud, seguridad, educaci\u00f3n y ocio. Cada persona dar\u00e1 de acuerdo con sus capacidades y recibir\u00e1 de acuerdo con sus necesidades.<\/p>\n<p class=\"western\" lang=\"es-ES\" align=\"justify\">Nosotros, los trabajadores del mundo, no debemos tomar partido de ning\u00fan lado patronal, en estos momentos de crisis promueven el nacionalismo e inducen a la clase trabajadora a que tomemos partido. Est\u00e1s con Claudia Sheinbaum o est\u00e1s con Donald Trump. Ninguno de los dos representa nuestros intereses de clase trabajadora, sino cada uno de ellos abogan por los intereses de bandos patronales capitalistas distintos.<\/p>\n<p class=\"western\" lang=\"es-ES\" align=\"justify\">Los patrones nos hacen creer que nuestra salvaci\u00f3n est\u00e1 en sus manos. S\u00f3lo ellos, sus leyes y sus instituciones nos pueden salvar del terror capitalista. Pero la clase trabajadora est\u00e1 despertando, y en estos momentos de crisis debemos mostrar a nuestros hermanos de clase la verdadera cara del capitalismo. Es imposible reformarlo a un capitalismo m\u00e1s humano. Las reformas no lo erradicar\u00e1n solo el comunismo lo har\u00e1.<\/p>\n<p class=\"western\" lang=\"es-ES\" align=\"justify\">La clase trabajadora s\u00f3lo a trav\u00e9s de una organizaci\u00f3n en todo el mundo, sin fronteras, sin naciones, sin razas, sin clases sociales, y a trav\u00e9s de una revoluci\u00f3n podr\u00e1 destruir desde ra\u00edz, y para siempre este mundo capitalista y todos sus males.<\/p>\n<p class=\"western\" lang=\"es-ES\" align=\"justify\">Por esa raz\u00f3n, urgimos a todos nuestros hermanos de clase a discutir estas ideas comunistas, a escribir y distribuir <i>Bandera Roja<\/i>, y organizarnos desde nuestros hogares, barrios, en escuelas, en las f\u00e1bricas, iglesias y en el ej\u00e9rcito. Organicemos c\u00e9lulas de estudios y acci\u00f3n alrededor del Partido Comunista Obrero Internacional. Somos un gigante que est\u00e1 despertando. Acabaremos para siempre con este terror del capitalismo.<\/p>\n<p class=\"western\" lang=\"es-ES\" align=\"justify\">\u2014Camarada de M\u00e9xico<\/p>\n<p class=\"western\" lang=\"es-ES\" align=\"center\"><strong>Lee Nuestro Folleto: <\/strong><\/p>\n<p class=\"western\" lang=\"es-ES\" align=\"center\"><strong>\u201cMovilizar a las Masas para el Comunismo\u201d<\/strong><\/p>\n<p class=\"western\" lang=\"es-ES\" align=\"center\"><span style=\"color: #0000ff;\"><u><a href=\"https:\/\/icwpredflag.org\/MMC\/MMCSfin.pdf\"><span style=\"color: #ff0000;\"><b>Aqu\u00ed<\/b><\/span><\/a><\/u><\/span><\/p>\n<h4 id=\"2\" style=\"text-align: center;\"><span style=\"color: #ff0000;\"><strong>Guerra Contra las Drogas en M\u00e9xico: Capitalistas Se Disputan la Riqueza Generada por los Trabajadores<\/strong><\/span><\/h4>\n<p class=\"western\" lang=\"es-ES\" align=\"justify\">CIUDAD DE M\u00c9XICO, 24 de febrero\u2014 La disputa por la riqueza generada por los trabajadores se presentad como una guerra contra las drogas. El gobierno de Trump declar\u00f3 a los c\u00e1rteles de la droga como organizaciones \u00abterroristas\u00bb. Presiona al gobierno de Sheinbaum para que arreste y extradite a sus l\u00edderes.<\/p>\n<p class=\"western\" lang=\"es-ES\" align=\"justify\">El l\u00edder del C\u00e1rtel Jalisco fue asesinado gracias a la intervenci\u00f3n estadounidense. Esto cre\u00f3 un clima de incertidumbre ante posibles ataques de sus seguidores, paralizando las actividades en varios estados.<\/p>\n<p class=\"western\" lang=\"es-ES\" align=\"justify\">Estos c\u00e1rteles tienen una relaci\u00f3n simbi\u00f3tica con el poder pol\u00edtico y econ\u00f3mico. Forman parte de la burgues\u00eda que obtiene grandes ganancias e influencias, y eso determina los gobiernos municipales, estatales y federales. Los bancos tambi\u00e9n est\u00e1n involucrados, lavando las ganancias il\u00edcitas hacia el sector formal.<\/p>\n<p class=\"western\" lang=\"es-ES\" align=\"justify\">Todo esto representa un acuerdo entre las \u00e9lites de cada pa\u00eds, quienes finalmente se benefician.<\/p>\n<p class=\"western\" lang=\"es-ES\" align=\"justify\">Los dos capos de la droga capturados recientemente comenzaron sus operaciones en EEUU. Posteriormente, establecieron su base en M\u00e9xico. Se persigue es el dinero que han acumulado. La \u00abpersecuci\u00f3n\u00bb es un pretexto para presionar al gobierno de Sheinbaum para que favorezca m\u00e1s a los capitalistas estadounidenses y se distancie de los tratos con los chinos y los europeos, quienes contin\u00faan impulsando sus inversiones.<\/p>\n<p class=\"western\" lang=\"es-ES\" align=\"justify\">La clase dominante mexicana tiene cierto grado de soberan\u00eda, aunque el imperialismo estadounidense persiste en su dominio. Pero, no puede prevalecer en ciertos sectores de la econom\u00eda. Los europeos dominan el sector bancario. Los fabricantes de autom\u00f3viles asi\u00e1ticos y europeos tienen mercado. Trump quer\u00eda que se fueran, pero Ford, GM y Stellantis no pueden abarcar todo el mercado. Tampoco pueden bajar sus precios. Por lo tanto, no pueden culpar al gobierno mexicano de facilitar las operaciones asi\u00e1ticas y europeas.<\/p>\n<p class=\"western\" lang=\"es-ES\" align=\"justify\">Analistas afirman que para que el gobierno ceda m\u00e1s a los intereses estadounidenses, tendr\u00eda que llegar a funcionarios de alto nivel vinculados a grupos criminales. Hasta ahora no lo han logrado.<\/p>\n<p class=\"western\" lang=\"es-ES\" align=\"justify\">La clase trabajadora sufre las consecuencias de este conflicto: miseria y muerte. Es intimidada en las calles y en los lugares de trabajo. Manipulada por los ingresos subsidiados de pensiones y becas provenientes de \u00abprestaciones sociales\u00bb y por un consumismo diferenciado entre los diversos estratos sociales.<\/p>\n<p class=\"western\" lang=\"es-ES\" align=\"justify\">La \u00fanica soluci\u00f3n es que los trabajadores desarrollen conciencia de clase uni\u00e9ndose al Partido Comunista Obrero Internacional y movilizando a las masas hacia el comunismo.<\/p>\n<p class=\"western\" lang=\"es-ES\" align=\"justify\">Los gobernantes promueven la falsa idea de que hay buenos y malos en la disputa. Sin embargo, es una lucha entre ellos por el capital. Son matones en busca de riqueza.<\/p>\n<p class=\"western\" lang=\"es-ES\" align=\"justify\">Existe una crisis capitalista\/imperialista con respecto a los recursos de M\u00e9xico, como materiales y mano de obra. Pero tambi\u00e9n hay una gran disputa interna entre los patrones. Los medios de comunicaci\u00f3n, incluidas las principales cadenas, informaron que los c\u00e1rteles de la droga se hab\u00edan apoderado del aeropuerto de Guadalajara. Pero el presidente y un general declararon que la noticia fue fabricada mediante inteligencia artificial, orquestada por TV Azteca. \u00a1Las masas no pueden confiar en ninguno de estos capitalistas!<\/p>\n<p class=\"western\" lang=\"es-ES\" align=\"center\"><strong>Por favor enviar sus cartas, sugerencias al contact@icwpredflag.org<\/strong><\/p>\n<h4><a href=\"https:\/\/icwpredflag.org\/wp\/wordpress\/wps\/volumen-17-numero-4\/\">Primera p\u00e1gina de esta edici\u00f3n<\/a><\/h4>\n","protected":false},"excerpt":{"rendered":"<p>Carta: \u00bfQu\u00e9 Hay de Fondo con El \u201cAtaque\u201d a Los C\u00e1rteles de La Droga en M\u00e9xico? aqu\u00ed \u2666 Guerra Contra las Drogas en M\u00e9xico: Capitalistas Se Disputan la Riqueza Generada por los Trabajadores aqu\u00ed \u2666 Mural de Diego Rivera (1935) en el Palacio Nacional de M\u00e9xico Carta: \u00bfQu\u00e9 Hay de Fondo con El \u201cAtaque\u201d a &hellip; <a href=\"https:\/\/icwpredflag.org\/wp\/wordpress\/wps\/volumen-17-numero-4\/cartas-guerras-contra-el-narcotrafico-y-lucha-de-clases-en-mexico\/\" class=\"more-link\">Sigue leyendo <span class=\"screen-reader-text\">Cartas: Guerras Contra El Narcotr\u00e1fico y Lucha De Clases En M\u00e9xico<\/span><\/a><\/p>\n","protected":false},"author":6,"featured_media":5655,"parent":13987,"menu_order":0,"comment_status":"closed","ping_status":"closed","template":"","meta":{"footnotes":""},"class_list":["post-14019","page","type-page","status-publish","has-post-thumbnail","hentry"],"_links":{"self":[{"href":"https:\/\/icwpredflag.org\/wp\/wordpress\/wps\/wp-json\/wp\/v2\/pages\/14019","targetHints":{"allow":["GET"]}}],"collection":[{"href":"https:\/\/icwpredflag.org\/wp\/wordpress\/wps\/wp-json\/wp\/v2\/pages"}],"about":[{"href":"https:\/\/icwpredflag.org\/wp\/wordpress\/wps\/wp-json\/wp\/v2\/types\/page"}],"author":[{"embeddable":true,"href":"https:\/\/icwpredflag.org\/wp\/wordpress\/wps\/wp-json\/wp\/v2\/users\/6"}],"replies":[{"embeddable":true,"href":"https:\/\/icwpredflag.org\/wp\/wordpress\/wps\/wp-json\/wp\/v2\/comments?post=14019"}],"version-history":[{"count":1,"href":"https:\/\/icwpredflag.org\/wp\/wordpress\/wps\/wp-json\/wp\/v2\/pages\/14019\/revisions"}],"predecessor-version":[{"id":14021,"href":"https:\/\/icwpredflag.org\/wp\/wordpress\/wps\/wp-json\/wp\/v2\/pages\/14019\/revisions\/14021"}],"up":[{"embeddable":true,"href":"https:\/\/icwpredflag.org\/wp\/wordpress\/wps\/wp-json\/wp\/v2\/pages\/13987"}],"wp:featuredmedia":[{"embeddable":true,"href":"https:\/\/icwpredflag.org\/wp\/wordpress\/wps\/wp-json\/wp\/v2\/media\/5655"}],"wp:attachment":[{"href":"https:\/\/icwpredflag.org\/wp\/wordpress\/wps\/wp-json\/wp\/v2\/media?parent=14019"}],"curies":[{"name":"wp","href":"https:\/\/api.w.org\/{rel}","templated":true}]}}